{"id":159,"date":"2025-06-19T06:45:31","date_gmt":"2025-06-19T06:45:31","guid":{"rendered":"https:\/\/www.metalgardenpot.com\/?page_id=159"},"modified":"2025-12-22T14:46:23","modified_gmt":"2025-12-22T06:46:23","slug":"blog","status":"publish","type":"page","link":"https:\/\/www.metalgardenpot.com\/da\/blog\/","title":{"rendered":"Blog"},"content":{"rendered":"<div data-elementor-type=\"wp-page\" data-elementor-id=\"159\" class=\"elementor elementor-159\" data-elementor-post-type=\"page\">\n\t\t\t\t<div class=\"elementor-element elementor-element-91e5180 e-flex e-con-boxed e-con e-parent\" data-id=\"91e5180\" data-element_type=\"container\" data-e-type=\"container\" data-settings=\"{&quot;background_background&quot;:&quot;classic&quot;,&quot;shape_divider_bottom&quot;:&quot;mountains&quot;}\">\n\t\t\t\t\t<div class=\"e-con-inner\">\n\t\t\t\t<div class=\"elementor-shape elementor-shape-bottom\" aria-hidden=\"true\" data-negative=\"false\">\n\t\t\t<svg xmlns=\"http:\/\/www.w3.org\/2000\/svg\" viewbox=\"0 0 1000 100\" preserveaspectratio=\"none\">\n\t<path class=\"elementor-shape-fill\" opacity=\"0.33\" d=\"M473,67.3c-203.9,88.3-263.1-34-320.3,0C66,119.1,0,59.7,0,59.7V0h1000v59.7 c0,0-62.1,26.1-94.9,29.3c-32.8,3.3-62.8-12.3-75.8-22.1C806,49.6,745.3,8.7,694.9,4.7S492.4,59,473,67.3z\"\/>\n\t<path class=\"elementor-shape-fill\" opacity=\"0.66\" d=\"M734,67.3c-45.5,0-77.2-23.2-129.1-39.1c-28.6-8.7-150.3-10.1-254,39.1 s-91.7-34.4-149.2,0C115.7,118.3,0,39.8,0,39.8V0h1000v36.5c0,0-28.2-18.5-92.1-18.5C810.2,18.1,775.7,67.3,734,67.3z\"\/>\n\t<path class=\"elementor-shape-fill\" d=\"M766.1,28.9c-200-57.5-266,65.5-395.1,19.5C242,1.8,242,5.4,184.8,20.6C128,35.8,132.3,44.9,89.9,52.5C28.6,63.7,0,0,0,0 h1000c0,0-9.9,40.9-83.6,48.1S829.6,47,766.1,28.9z\"\/>\n<\/svg>\t\t<\/div>\n\t\t\t\t<div class=\"elementor-element elementor-element-6721580 elementor-widget elementor-widget-heading\" data-id=\"6721580\" data-element_type=\"widget\" data-e-type=\"widget\" data-widget_type=\"heading.default\">\n\t\t\t\t<div class=\"elementor-widget-container\">\n\t\t\t\t\t<h1 class=\"elementor-heading-title elementor-size-default\">HNJBL haveplanter i metal blog<\/h1>\t\t\t\t<\/div>\n\t\t\t\t<\/div>\n\t\t\t\t<div class=\"elementor-element elementor-element-2b53ecd elementor-widget elementor-widget-text-editor\" data-id=\"2b53ecd\" data-element_type=\"widget\" data-e-type=\"widget\" data-widget_type=\"text-editor.default\">\n\t\t\t\t<div class=\"elementor-widget-container\">\n\t\t\t\t\t\t\t\t\t<p>Vores <strong>plantekasse<\/strong> designeksperter giver liv til dine udend\u00f8rsarealer - smukt og ubesv\u00e6ret!<\/p><p>Her finder du alt, hvad du har brug for at vide om <strong>HNJBL plantekasser i metal<\/strong>. Uanset om du s\u00f8ger inspiration til moderne havelayouts, tips til at v\u00e6lge den rigtige<strong> Corten-st\u00e5l<\/strong> eller <strong>Planter i rustfrit st\u00e5l<\/strong>, eller ekspertr\u00e5dgivning om tilpasning og installation - vi er her for at hj\u00e6lpe dig med at vokse med stil.<\/p>\t\t\t\t\t\t\t\t<\/div>\n\t\t\t\t<\/div>\n\t\t\t\t\t<\/div>\n\t\t\t\t<\/div>\n\t\t<div class=\"elementor-element elementor-element-1874a81 e-flex e-con-boxed e-con e-parent\" data-id=\"1874a81\" data-element_type=\"container\" data-e-type=\"container\">\n\t\t\t\t\t<div class=\"e-con-inner\">\n\t\t\t\t<div class=\"elementor-element elementor-element-08bd79e elementor-grid-3 elementor-grid-tablet-2 elementor-grid-mobile-1 elementor-posts--thumbnail-top elementor-posts--show-avatar elementor-card-shadow-yes elementor-posts__hover-gradient elementor-widget elementor-widget-posts\" data-id=\"08bd79e\" data-element_type=\"widget\" data-e-type=\"widget\" data-settings=\"{&quot;pagination_type&quot;:&quot;numbers_and_prev_next&quot;,&quot;cards_columns&quot;:&quot;3&quot;,&quot;cards_columns_tablet&quot;:&quot;2&quot;,&quot;cards_columns_mobile&quot;:&quot;1&quot;,&quot;cards_row_gap&quot;:{&quot;unit&quot;:&quot;px&quot;,&quot;size&quot;:35,&quot;sizes&quot;:[]},&quot;cards_row_gap_tablet&quot;:{&quot;unit&quot;:&quot;px&quot;,&quot;size&quot;:&quot;&quot;,&quot;sizes&quot;:[]},&quot;cards_row_gap_mobile&quot;:{&quot;unit&quot;:&quot;px&quot;,&quot;size&quot;:&quot;&quot;,&quot;sizes&quot;:[]}}\" data-widget_type=\"posts.cards\">\n\t\t\t\t<div class=\"elementor-widget-container\">\n\t\t\t\t\t\t\t<div class=\"elementor-posts-container elementor-posts elementor-posts--skin-cards elementor-grid\" role=\"list\">\n\t\t\t\t<article class=\"elementor-post elementor-grid-item post-1441 post type-post status-publish format-standard hentry category-uncategorized\" role=\"listitem\">\n\t\t\t<div class=\"elementor-post__card\">\n\t\t\t\t<div class=\"elementor-post__text\">\n\t\t\t\t<h3 class=\"elementor-post__title\">\n\t\t\t<a href=\"https:\/\/www.metalgardenpot.com\/da\/why-choose-stainless-steel-planters\/\" target=\"&quot;_blank&quot;\">\n\t\t\t\tHvorfor v\u00e6lge plantekasser i rustfrit st\u00e5l? Fordele og ulemper\t\t\t<\/a>\n\t\t<\/h3>\n\t\t\t\t<div class=\"elementor-post__excerpt\">\n\t\t\t<p>Blandt de forskellige metaller foretr\u00e6kkes plantekasser i rustfrit st\u00e5l p\u00e5 grund af deres unikke fordele: st\u00e6rk korrosionsbestandighed og langvarig rustbeskyttelse, hvilket g\u00f8r dem s\u00e6rligt velegnede til kystn\u00e6re milj\u00f8er og milj\u00f8er med h\u00f8j luftfugtighed; robust konstruktion og lang levetid (op til 10-20 \u00e5r), ideelt til anvendelser, der kr\u00e6ver hyppig vanding; og alsidighed i former og overfladebehandlinger (poleret, b\u00f8rstet, malet, belagt osv.) for at im\u00f8dekomme \u00e6stetiske krav i forskellige situationer.<\/p>\n\t\t<\/div>\n\t\t\t\t\t<div class=\"elementor-post__read-more-wrapper\">\n\t\t\n\t\t<a class=\"elementor-post__read-more\" href=\"https:\/\/www.metalgardenpot.com\/da\/why-choose-stainless-steel-planters\/\" aria-label=\"Read more about Why Choose Stainless Steel Planters? Pros and Cons\" tabindex=\"-1\" target=\"_blank\">\n\t\t\tL\u00e6s mere \u00bb\t\t<\/a>\n\n\t\t\t\t\t<\/div>\n\t\t\t\t<\/div>\n\t\t\t\t\t<\/div>\n\t\t<\/article>\n\t\t\t\t<article class=\"elementor-post elementor-grid-item post-1401 post type-post status-publish format-standard hentry category-uncategorized\" role=\"listitem\">\n\t\t\t<div class=\"elementor-post__card\">\n\t\t\t\t<div class=\"elementor-post__text\">\n\t\t\t\t<h3 class=\"elementor-post__title\">\n\t\t\t<a href=\"https:\/\/www.metalgardenpot.com\/da\/what-are-the-benefits-of-corten-steel-planters\/\" target=\"&quot;_blank&quot;\">\n\t\t\t\tHvad er fordelene ved plantekasser i cortenst\u00e5l?\t\t\t<\/a>\n\t\t<\/h3>\n\t\t\t\t<div class=\"elementor-post__excerpt\">\n\t\t\t<p>At finde holdbare, p\u00e5lidelige og \u00e6stetisk tiltalende materialer til store plantekasser er en almindelig udfordring for landskabsarkitekter og projektejere. Mange almindelige l\u00f8sninger k\u00e6mper<\/p>\n\t\t<\/div>\n\t\t\t\t\t<div class=\"elementor-post__read-more-wrapper\">\n\t\t\n\t\t<a class=\"elementor-post__read-more\" href=\"https:\/\/www.metalgardenpot.com\/da\/what-are-the-benefits-of-corten-steel-planters\/\" aria-label=\"Read more about What Are the Benefits of Corten Steel Planters?\" tabindex=\"-1\" target=\"_blank\">\n\t\t\tL\u00e6s mere \u00bb\t\t<\/a>\n\n\t\t\t\t\t<\/div>\n\t\t\t\t<\/div>\n\t\t\t\t\t<\/div>\n\t\t<\/article>\n\t\t\t\t<article class=\"elementor-post elementor-grid-item post-1313 post type-post status-publish format-standard hentry category-uncategorized\" role=\"listitem\">\n\t\t\t<div class=\"elementor-post__card\">\n\t\t\t\t<div class=\"elementor-post__text\">\n\t\t\t\t<h3 class=\"elementor-post__title\">\n\t\t\t<a href=\"https:\/\/www.metalgardenpot.com\/da\/corten-vs-aluminum-planters-which-is-better\/\" target=\"&quot;_blank&quot;\">\n\t\t\t\tCorten vs. aluminiumsplantekrukker: Hvilken er bedst til udend\u00f8rs brug?\t\t\t<\/a>\n\t\t<\/h3>\n\t\t\t\t<div class=\"elementor-post__excerpt\">\n\t\t\t<p>I design af planter og arkitektoniske projekter er det blevet afg\u00f8rende at v\u00e6lge materialer, der kombinerer \u00e6stetik, holdbarhed, omkostningseffektivitet og milj\u00f8p\u00e5virkning. Mange almindelige materialer til krukker<\/p>\n\t\t<\/div>\n\t\t\t\t\t<div class=\"elementor-post__read-more-wrapper\">\n\t\t\n\t\t<a class=\"elementor-post__read-more\" href=\"https:\/\/www.metalgardenpot.com\/da\/corten-vs-aluminum-planters-which-is-better\/\" aria-label=\"Read more about Corten vs Aluminum Planters: Which Is Better for Outdoor Use?\" tabindex=\"-1\" target=\"_blank\">\n\t\t\tL\u00e6s mere \u00bb\t\t<\/a>\n\n\t\t\t\t\t<\/div>\n\t\t\t\t<\/div>\n\t\t\t\t\t<\/div>\n\t\t<\/article>\n\t\t\t\t<article class=\"elementor-post elementor-grid-item post-1212 post type-post status-publish format-standard hentry category-uncategorized\" role=\"listitem\">\n\t\t\t<div class=\"elementor-post__card\">\n\t\t\t\t<div class=\"elementor-post__text\">\n\t\t\t\t<h3 class=\"elementor-post__title\">\n\t\t\t<a href=\"https:\/\/www.metalgardenpot.com\/da\/corten-steel-vs-common-steel-comparison-of-differences-in-garden-applications\/\" target=\"&quot;_blank&quot;\">\n\t\t\t\tCorten-st\u00e5l vs. almindeligt st\u00e5l: Sammenligning af forskelle i haveanvendelser\t\t\t<\/a>\n\t\t<\/h3>\n\t\t\t\t<div class=\"elementor-post__excerpt\">\n\t\t\t<p>I haveprojekter er cortenst\u00e5l blevet den nye favorit blandt moderne landskabsarkitekter og bygherrer p\u00e5 grund af dets unikke korrosionsbestandighed, manglende vedligeholdelseskrav og<\/p>\n\t\t<\/div>\n\t\t\t\t\t<div class=\"elementor-post__read-more-wrapper\">\n\t\t\n\t\t<a class=\"elementor-post__read-more\" href=\"https:\/\/www.metalgardenpot.com\/da\/corten-steel-vs-common-steel-comparison-of-differences-in-garden-applications\/\" aria-label=\"Read more about Corten Steel vs.Common Steel:Comparison of Differences in Garden Applications\" tabindex=\"-1\" target=\"_blank\">\n\t\t\tL\u00e6s mere \u00bb\t\t<\/a>\n\n\t\t\t\t\t<\/div>\n\t\t\t\t<\/div>\n\t\t\t\t\t<\/div>\n\t\t<\/article>\n\t\t\t\t<\/div>\n\t\t\n\t\t\t\t\t\t<\/div>\n\t\t\t\t<\/div>\n\t\t\t\t\t<\/div>\n\t\t\t\t<\/div>\n\t\t<div class=\"elementor-element elementor-element-8cbda61 e-flex e-con-boxed e-con e-parent\" data-id=\"8cbda61\" data-element_type=\"container\" data-e-type=\"container\">\n\t\t\t\t\t<div class=\"e-con-inner\">\n\t\t\t\t\t<\/div>\n\t\t\t\t<\/div>\n\t\t\t\t<\/div>","protected":false},"excerpt":{"rendered":"<p>HNJBL garden metal planter blog Our planter design experts bring life to your outdoor spaces\u2014beautifully and effortlessly! Here, you\u2019ll discover everything you need to know about HNJBL metal planters. Whether you&#8217;re seeking inspiration for modern garden layouts, tips on choosing the right Corten steel or stainless steel planter, or expert advice on customization and installation\u2014we\u2019re [&hellip;]<\/p>\n","protected":false},"author":1,"featured_media":0,"parent":0,"menu_order":0,"comment_status":"closed","ping_status":"closed","template":"","meta":{"footnotes":""},"class_list":["post-159","page","type-page","status-publish","hentry"],"_links":{"self":[{"href":"https:\/\/www.metalgardenpot.com\/da\/wp-json\/wp\/v2\/pages\/159","targetHints":{"allow":["GET"]}}],"collection":[{"href":"https:\/\/www.metalgardenpot.com\/da\/wp-json\/wp\/v2\/pages"}],"about":[{"href":"https:\/\/www.metalgardenpot.com\/da\/wp-json\/wp\/v2\/types\/page"}],"author":[{"embeddable":true,"href":"https:\/\/www.metalgardenpot.com\/da\/wp-json\/wp\/v2\/users\/1"}],"replies":[{"embeddable":true,"href":"https:\/\/www.metalgardenpot.com\/da\/wp-json\/wp\/v2\/comments?post=159"}],"version-history":[{"count":9,"href":"https:\/\/www.metalgardenpot.com\/da\/wp-json\/wp\/v2\/pages\/159\/revisions"}],"predecessor-version":[{"id":1327,"href":"https:\/\/www.metalgardenpot.com\/da\/wp-json\/wp\/v2\/pages\/159\/revisions\/1327"}],"wp:attachment":[{"href":"https:\/\/www.metalgardenpot.com\/da\/wp-json\/wp\/v2\/media?parent=159"}],"curies":[{"name":"wp","href":"https:\/\/api.w.org\/{rel}","templated":true}]}}