{"id":1236,"date":"2025-11-06T17:05:57","date_gmt":"2025-11-06T09:05:57","guid":{"rendered":"https:\/\/www.metalgardenpot.com\/?post_type=product&#038;p=1236"},"modified":"2025-11-06T17:05:57","modified_gmt":"2025-11-06T09:05:57","slug":"corten-steel-planter-bowl","status":"publish","type":"product","link":"https:\/\/www.metalgardenpot.com\/da\/corten-steel-planter-bowl\/","title":{"rendered":"Plantesk\u00e5l i cortenst\u00e5l"},"content":{"rendered":"<div data-elementor-type=\"product-post\" data-elementor-id=\"1236\" class=\"elementor elementor-1236\" data-elementor-post-type=\"product\">\n\t\t\t\t<div class=\"elementor-element elementor-element-63c253e e-flex e-con-boxed e-con e-parent\" data-id=\"63c253e\" data-element_type=\"container\" data-e-type=\"container\">\n\t\t\t\t\t<div class=\"e-con-inner\">\n\t\t\t\t<div class=\"elementor-element elementor-element-4814bcf elementor-widget elementor-widget-text-editor\" data-id=\"4814bcf\" data-element_type=\"widget\" data-e-type=\"widget\" data-widget_type=\"text-editor.default\">\n\t\t\t\t<div class=\"elementor-widget-container\">\n\t\t\t\t\t\t\t\t\t<p>Corten Steel Planter Bowl udvikler sig i din have og f\u00e5r en varm orangebrun patina, der kombinerer industriel styrke med naturlige kurver - det er ikke bare en plantekasse, men et landskabselement.<\/p><p>Cortenst\u00e5l har et karakteristisk rustent udseende, som naturligt danner et beskyttende lag, der ikke kr\u00e6ver yderligere vedligeholdelse. N\u00e5r det uds\u00e6ttes for luft, udvikler det gradvist en rustpatina, der fungerer som en beskyttende bel\u00e6gning og forl\u00e6nger levetiden.<\/p>\t\t\t\t\t\t\t\t<\/div>\n\t\t\t\t<\/div>\n\t\t\t\t\t<\/div>\n\t\t\t\t<\/div>\n\t\t<div class=\"elementor-element elementor-element-5b640aa e-flex e-con-boxed e-con e-parent\" data-id=\"5b640aa\" data-element_type=\"container\" data-e-type=\"container\">\n\t\t\t\t\t<div class=\"e-con-inner\">\n\t\t\t\t<div class=\"elementor-element elementor-element-dd7e749 elementor-widget elementor-widget-image\" data-id=\"dd7e749\" data-element_type=\"widget\" data-e-type=\"widget\" data-widget_type=\"image.default\">\n\t\t\t\t<div class=\"elementor-widget-container\">\n\t\t\t\t\t\t\t\t\t\t\t\t\t\t\t<img fetchpriority=\"high\" decoding=\"async\" width=\"700\" height=\"700\" src=\"https:\/\/www.metalgardenpot.com\/wp-content\/uploads\/2025\/11\/corten-steel-planter.jpg\" class=\"attachment-large size-large wp-image-1239\" alt=\"corten steel planter\" srcset=\"https:\/\/www.metalgardenpot.com\/wp-content\/uploads\/2025\/11\/corten-steel-planter.jpg 700w, https:\/\/www.metalgardenpot.com\/wp-content\/uploads\/2025\/11\/corten-steel-planter-300x300.jpg 300w, https:\/\/www.metalgardenpot.com\/wp-content\/uploads\/2025\/11\/corten-steel-planter-150x150.jpg 150w, https:\/\/www.metalgardenpot.com\/wp-content\/uploads\/2025\/11\/corten-steel-planter-12x12.jpg 12w, https:\/\/www.metalgardenpot.com\/wp-content\/uploads\/2025\/11\/corten-steel-planter-100x100.jpg 100w\" sizes=\"(max-width: 700px) 100vw, 700px\" \/>\t\t\t\t\t\t\t\t\t\t\t\t\t\t\t<\/div>\n\t\t\t\t<\/div>\n\t\t\t\t<div class=\"elementor-element elementor-element-d8a5c84 elementor-widget elementor-widget-image\" data-id=\"d8a5c84\" data-element_type=\"widget\" data-e-type=\"widget\" data-widget_type=\"image.default\">\n\t\t\t\t<div class=\"elementor-widget-container\">\n\t\t\t\t\t\t\t\t\t\t\t\t\t\t\t<img decoding=\"async\" width=\"700\" height=\"700\" src=\"https:\/\/www.metalgardenpot.com\/wp-content\/uploads\/2025\/11\/planter-bowl.jpg\" class=\"attachment-large size-large wp-image-1240\" alt=\"planter bowl\" srcset=\"https:\/\/www.metalgardenpot.com\/wp-content\/uploads\/2025\/11\/planter-bowl.jpg 700w, https:\/\/www.metalgardenpot.com\/wp-content\/uploads\/2025\/11\/planter-bowl-300x300.jpg 300w, https:\/\/www.metalgardenpot.com\/wp-content\/uploads\/2025\/11\/planter-bowl-150x150.jpg 150w, https:\/\/www.metalgardenpot.com\/wp-content\/uploads\/2025\/11\/planter-bowl-12x12.jpg 12w, https:\/\/www.metalgardenpot.com\/wp-content\/uploads\/2025\/11\/planter-bowl-100x100.jpg 100w\" sizes=\"(max-width: 700px) 100vw, 700px\" \/>\t\t\t\t\t\t\t\t\t\t\t\t\t\t\t<\/div>\n\t\t\t\t<\/div>\n\t\t\t\t<div class=\"elementor-element elementor-element-c91ea84 elementor-widget elementor-widget-image\" data-id=\"c91ea84\" data-element_type=\"widget\" data-e-type=\"widget\" data-widget_type=\"image.default\">\n\t\t\t\t<div class=\"elementor-widget-container\">\n\t\t\t\t\t\t\t\t\t\t\t\t\t\t\t<img decoding=\"async\" width=\"700\" height=\"700\" src=\"https:\/\/www.metalgardenpot.com\/wp-content\/uploads\/2025\/11\/planter.jpg\" class=\"attachment-large size-large wp-image-1241\" alt=\"corten steel planter\" srcset=\"https:\/\/www.metalgardenpot.com\/wp-content\/uploads\/2025\/11\/planter.jpg 700w, https:\/\/www.metalgardenpot.com\/wp-content\/uploads\/2025\/11\/planter-300x300.jpg 300w, https:\/\/www.metalgardenpot.com\/wp-content\/uploads\/2025\/11\/planter-150x150.jpg 150w, https:\/\/www.metalgardenpot.com\/wp-content\/uploads\/2025\/11\/planter-12x12.jpg 12w, https:\/\/www.metalgardenpot.com\/wp-content\/uploads\/2025\/11\/planter-100x100.jpg 100w\" sizes=\"(max-width: 700px) 100vw, 700px\" \/>\t\t\t\t\t\t\t\t\t\t\t\t\t\t\t<\/div>\n\t\t\t\t<\/div>\n\t\t\t\t\t<\/div>\n\t\t\t\t<\/div>\n\t\t<div class=\"elementor-element elementor-element-fb814ce e-flex e-con-boxed e-con e-parent\" data-id=\"fb814ce\" data-element_type=\"container\" data-e-type=\"container\">\n\t\t\t\t\t<div class=\"e-con-inner\">\n\t\t\t\t<div class=\"elementor-element elementor-element-b32861c elementor-widget elementor-widget-heading\" data-id=\"b32861c\" data-element_type=\"widget\" data-e-type=\"widget\" data-widget_type=\"heading.default\">\n\t\t\t\t<div class=\"elementor-widget-container\">\n\t\t\t\t\t<h2 class=\"elementor-heading-title elementor-size-default\">Corten st\u00e5l plantekumme Specifikation<\/h2>\t\t\t\t<\/div>\n\t\t\t\t<\/div>\n\t\t\t\t<div class=\"elementor-element elementor-element-e8178d4 elementor-widget elementor-widget-text-editor\" data-id=\"e8178d4\" data-element_type=\"widget\" data-e-type=\"widget\" data-widget_type=\"text-editor.default\">\n\t\t\t\t<div class=\"elementor-widget-container\">\n\t\t\t\t\t\t\t\t\t<table><tbody><tr><td>Produkttype<\/td><td>Sk\u00e5l,rund<\/td><\/tr><tr><td>Materiale<\/td><td>Corten-st\u00e5l<\/td><\/tr><tr><td>Dimension<\/td><td>\u03a6800mm, \u03a61000mm, \u03a61200mm; brugerdefineret<\/td><\/tr><tr><td>Tykkelse<\/td><td>3mm~5mm; brugerdefineret<\/td><\/tr><tr><td>Overfladebehandling<\/td><td>Pr\u00e6-rustet eller naturlig, tilpasset<\/td><\/tr><tr><td>Farve<\/td><td>Rustr\u00f8d<\/td><\/tr><tr><td>Leveringstilstand<\/td><td>Fuldt samlet<\/td><\/tr><tr><td>Proces<\/td><td>Lasersk\u00e6ring - presning - polering - overfladebehandling - samlede komponenter og pakning<\/td><\/tr><\/tbody><\/table>\t\t\t\t\t\t\t\t<\/div>\n\t\t\t\t<\/div>\n\t\t\t\t\t<\/div>\n\t\t\t\t<\/div>\n\t\t<div class=\"elementor-element elementor-element-e8fb47c e-flex e-con-boxed e-con e-parent\" data-id=\"e8fb47c\" data-element_type=\"container\" data-e-type=\"container\">\n\t\t\t\t\t<div class=\"e-con-inner\">\n\t\t\t\t<div class=\"elementor-element elementor-element-644fe45 elementor-widget elementor-widget-image\" data-id=\"644fe45\" data-element_type=\"widget\" data-e-type=\"widget\" data-widget_type=\"image.default\">\n\t\t\t\t<div class=\"elementor-widget-container\">\n\t\t\t\t\t\t\t\t\t\t\t\t\t\t\t<img loading=\"lazy\" decoding=\"async\" width=\"750\" height=\"340\" src=\"https:\/\/www.metalgardenpot.com\/wp-content\/uploads\/2025\/11\/corten-planter-pot.jpg\" class=\"attachment-medium_large size-medium_large wp-image-1245\" alt=\"corten planter pot\" srcset=\"https:\/\/www.metalgardenpot.com\/wp-content\/uploads\/2025\/11\/corten-planter-pot.jpg 750w, https:\/\/www.metalgardenpot.com\/wp-content\/uploads\/2025\/11\/corten-planter-pot-300x136.jpg 300w, https:\/\/www.metalgardenpot.com\/wp-content\/uploads\/2025\/11\/corten-planter-pot-18x8.jpg 18w, https:\/\/www.metalgardenpot.com\/wp-content\/uploads\/2025\/11\/corten-planter-pot-700x317.jpg 700w\" sizes=\"(max-width: 750px) 100vw, 750px\" \/>\t\t\t\t\t\t\t\t\t\t\t\t\t\t\t<\/div>\n\t\t\t\t<\/div>\n\t\t\t\t\t<\/div>\n\t\t\t\t<\/div>\n\t\t<div class=\"elementor-element elementor-element-0895ea1 e-flex e-con-boxed e-con e-parent\" data-id=\"0895ea1\" data-element_type=\"container\" data-e-type=\"container\">\n\t\t\t\t\t<div class=\"e-con-inner\">\n\t\t<div class=\"elementor-element elementor-element-3aaffbf e-con-full e-flex e-con e-child\" data-id=\"3aaffbf\" data-element_type=\"container\" data-e-type=\"container\">\n\t\t\t\t<div class=\"elementor-element elementor-element-90ac0cc elementor-widget elementor-widget-image\" data-id=\"90ac0cc\" data-element_type=\"widget\" data-e-type=\"widget\" data-widget_type=\"image.default\">\n\t\t\t\t<div class=\"elementor-widget-container\">\n\t\t\t\t\t\t\t\t\t\t\t\t\t\t\t<img loading=\"lazy\" decoding=\"async\" width=\"700\" height=\"700\" src=\"https:\/\/www.metalgardenpot.com\/wp-content\/uploads\/2025\/06\/BOWL-SHAPE-PLANTER.jpg\" class=\"attachment-large size-large wp-image-463\" alt=\"Corten Steel Series Round Bowl Planter\" srcset=\"https:\/\/www.metalgardenpot.com\/wp-content\/uploads\/2025\/06\/BOWL-SHAPE-PLANTER.jpg 700w, https:\/\/www.metalgardenpot.com\/wp-content\/uploads\/2025\/06\/BOWL-SHAPE-PLANTER-300x300.jpg 300w, https:\/\/www.metalgardenpot.com\/wp-content\/uploads\/2025\/06\/BOWL-SHAPE-PLANTER-150x150.jpg 150w, https:\/\/www.metalgardenpot.com\/wp-content\/uploads\/2025\/06\/BOWL-SHAPE-PLANTER-12x12.jpg 12w, https:\/\/www.metalgardenpot.com\/wp-content\/uploads\/2025\/06\/BOWL-SHAPE-PLANTER-100x100.jpg 100w\" sizes=\"(max-width: 700px) 100vw, 700px\" \/>\t\t\t\t\t\t\t\t\t\t\t\t\t\t\t<\/div>\n\t\t\t\t<\/div>\n\t\t\t\t<\/div>\n\t\t<div class=\"elementor-element elementor-element-fb4db39 e-con-full e-flex e-con e-child\" data-id=\"fb4db39\" data-element_type=\"container\" data-e-type=\"container\">\n\t\t\t\t<div class=\"elementor-element elementor-element-87e2594 elementor-widget elementor-widget-heading\" data-id=\"87e2594\" data-element_type=\"widget\" data-e-type=\"widget\" data-widget_type=\"heading.default\">\n\t\t\t\t<div class=\"elementor-widget-container\">\n\t\t\t\t\t<h3 class=\"elementor-heading-title elementor-size-default\">Fordele ved cortenst\u00e5l<\/h3>\t\t\t\t<\/div>\n\t\t\t\t<\/div>\n\t\t\t\t<div class=\"elementor-element elementor-element-af72319 elementor-widget elementor-widget-text-editor\" data-id=\"af72319\" data-element_type=\"widget\" data-e-type=\"widget\" data-widget_type=\"text-editor.default\">\n\t\t\t\t<div class=\"elementor-widget-container\">\n\t\t\t\t\t\t\t\t\t<p>Traditionelle plantekasser af tr\u00e6, plast eller standardst\u00e5l er tilb\u00f8jelige til at r\u00e5dne, falme eller ruste, kr\u00e6ver hyppig udskiftning eller vedligeholdelse og \u00f8ger de langsigtede projektomkostninger. I mods\u00e6tning hertil kr\u00e6ver cortenst\u00e5l ikke yderligere bel\u00e6gninger og kan danne et stabilt rustbeskyttende lag, hvilket reducerer vedligeholdelsesbehovet og -udgifterne betydeligt.<\/p><p><br \/>Corten-st\u00e5l har en enest\u00e5ende korrosionsbestandighed og lang levetid. De 2 mm tykke st\u00e5lplader kan holde i over 35 \u00e5r - langt over levetiden for konventionelle plantematerialer.<\/p>\t\t\t\t\t\t\t\t<\/div>\n\t\t\t\t<\/div>\n\t\t\t\t<\/div>\n\t\t\t\t\t<\/div>\n\t\t\t\t<\/div>\n\t\t<div class=\"elementor-element elementor-element-4f8da70 e-flex e-con-boxed e-con e-parent\" data-id=\"4f8da70\" data-element_type=\"container\" data-e-type=\"container\">\n\t\t\t\t\t<div class=\"e-con-inner\">\n\t\t\t\t<div class=\"elementor-element elementor-element-b1f9094 elementor-widget elementor-widget-text-editor\" data-id=\"b1f9094\" data-element_type=\"widget\" data-e-type=\"widget\" data-widget_type=\"text-editor.default\">\n\t\t\t\t<div class=\"elementor-widget-container\">\n\t\t\t\t\t\t\t\t\t<p>Plantekasser i cortenst\u00e5l kr\u00e6ver ingen ekstra rustbeskyttende bel\u00e6gninger eller regelm\u00e6ssig maling. Rustlaget p\u00e5 overfladen fungerer b\u00e5de som dekoration og beskyttelsesfilm og kr\u00e6ver stort set ingen vedligeholdelse. Sammenlignet med plantekasser af tr\u00e6 eller plast er cortenst\u00e5l mere holdbart og milj\u00f8venligt.<\/p><p>Der udvaskes ingen giftige stoffer, og det frigiver kun sporm\u00e6ngder af jern, der er gavnligt for plantev\u00e6ksten, hvilket eliminerer bekymringer om jord- eller substratforurening under brug.<\/p>\t\t\t\t\t\t\t\t<\/div>\n\t\t\t\t<\/div>\n\t\t\t\t\t<\/div>\n\t\t\t\t<\/div>\n\t\t<div class=\"elementor-element elementor-element-b98fdcc e-flex e-con-boxed e-con e-parent\" data-id=\"b98fdcc\" data-element_type=\"container\" data-e-type=\"container\">\n\t\t\t\t\t<div class=\"e-con-inner\">\n\t\t\t\t<div class=\"elementor-element elementor-element-93cb578 elementor-widget elementor-widget-heading\" data-id=\"93cb578\" data-element_type=\"widget\" data-e-type=\"widget\" data-widget_type=\"heading.default\">\n\t\t\t\t<div class=\"elementor-widget-container\">\n\t\t\t\t\t<h3 class=\"elementor-heading-title elementor-size-default\">Tilpasningsservice\n<\/h3>\t\t\t\t<\/div>\n\t\t\t\t<\/div>\n\t\t\t\t<div class=\"elementor-element elementor-element-8325d4e elementor-widget elementor-widget-text-editor\" data-id=\"8325d4e\" data-element_type=\"widget\" data-e-type=\"widget\" data-widget_type=\"text-editor.default\">\n\t\t\t\t<div class=\"elementor-widget-container\">\n\t\t\t\t\t\t\t\t\t<p>Vi kan levere plantekasser fra ti centimeter til flere meter i diameter baseret p\u00e5 projektets krav. Flere former - herunder sk\u00e5lformede, cylindriske og kvadratiske, rektangul\u00e6re - kan designes til at im\u00f8dekomme varierende pladsdimensioner og b\u00e6rende behov.<\/p>\t\t\t\t\t\t\t\t<\/div>\n\t\t\t\t<\/div>\n\t\t\t\t\t<\/div>\n\t\t\t\t<\/div>\n\t\t<div class=\"elementor-element elementor-element-2f9b4af e-flex e-con-boxed e-con e-parent\" data-id=\"2f9b4af\" data-element_type=\"container\" data-e-type=\"container\">\n\t\t\t\t\t<div class=\"e-con-inner\">\n\t\t\t\t<div class=\"elementor-element elementor-element-d3dedec elementor-widget elementor-widget-image\" data-id=\"d3dedec\" data-element_type=\"widget\" data-e-type=\"widget\" data-widget_type=\"image.default\">\n\t\t\t\t<div class=\"elementor-widget-container\">\n\t\t\t\t\t\t\t\t\t\t\t\t\t\t\t<img loading=\"lazy\" decoding=\"async\" width=\"700\" height=\"700\" src=\"https:\/\/www.metalgardenpot.com\/wp-content\/uploads\/2025\/06\/round-planters.jpg\" class=\"attachment-large size-large wp-image-458\" alt=\"round planters\" srcset=\"https:\/\/www.metalgardenpot.com\/wp-content\/uploads\/2025\/06\/round-planters.jpg 700w, https:\/\/www.metalgardenpot.com\/wp-content\/uploads\/2025\/06\/round-planters-300x300.jpg 300w, https:\/\/www.metalgardenpot.com\/wp-content\/uploads\/2025\/06\/round-planters-150x150.jpg 150w, https:\/\/www.metalgardenpot.com\/wp-content\/uploads\/2025\/06\/round-planters-12x12.jpg 12w, https:\/\/www.metalgardenpot.com\/wp-content\/uploads\/2025\/06\/round-planters-100x100.jpg 100w\" sizes=\"(max-width: 700px) 100vw, 700px\" \/>\t\t\t\t\t\t\t\t\t\t\t\t\t\t\t<\/div>\n\t\t\t\t<\/div>\n\t\t\t\t<div class=\"elementor-element elementor-element-1e3fb2a elementor-widget elementor-widget-image\" data-id=\"1e3fb2a\" data-element_type=\"widget\" data-e-type=\"widget\" data-widget_type=\"image.default\">\n\t\t\t\t<div class=\"elementor-widget-container\">\n\t\t\t\t\t\t\t\t\t\t\t\t\t\t\t<img loading=\"lazy\" decoding=\"async\" width=\"700\" height=\"700\" src=\"https:\/\/www.metalgardenpot.com\/wp-content\/uploads\/2025\/06\/Square-Planters-1.jpg\" class=\"attachment-large size-large wp-image-470\" alt=\"\" srcset=\"https:\/\/www.metalgardenpot.com\/wp-content\/uploads\/2025\/06\/Square-Planters-1.jpg 700w, https:\/\/www.metalgardenpot.com\/wp-content\/uploads\/2025\/06\/Square-Planters-1-300x300.jpg 300w, https:\/\/www.metalgardenpot.com\/wp-content\/uploads\/2025\/06\/Square-Planters-1-150x150.jpg 150w, https:\/\/www.metalgardenpot.com\/wp-content\/uploads\/2025\/06\/Square-Planters-1-12x12.jpg 12w, https:\/\/www.metalgardenpot.com\/wp-content\/uploads\/2025\/06\/Square-Planters-1-100x100.jpg 100w\" sizes=\"(max-width: 700px) 100vw, 700px\" \/>\t\t\t\t\t\t\t\t\t\t\t\t\t\t\t<\/div>\n\t\t\t\t<\/div>\n\t\t\t\t<div class=\"elementor-element elementor-element-8b190b4 elementor-widget elementor-widget-image\" data-id=\"8b190b4\" data-element_type=\"widget\" data-e-type=\"widget\" data-widget_type=\"image.default\">\n\t\t\t\t<div class=\"elementor-widget-container\">\n\t\t\t\t\t\t\t\t\t\t\t\t\t\t\t<img loading=\"lazy\" decoding=\"async\" width=\"700\" height=\"700\" src=\"https:\/\/www.metalgardenpot.com\/wp-content\/uploads\/2025\/06\/Tall-Tapered-Planters-2.jpg\" class=\"attachment-large size-large wp-image-475\" alt=\"corten steel planter\" srcset=\"https:\/\/www.metalgardenpot.com\/wp-content\/uploads\/2025\/06\/Tall-Tapered-Planters-2.jpg 700w, https:\/\/www.metalgardenpot.com\/wp-content\/uploads\/2025\/06\/Tall-Tapered-Planters-2-300x300.jpg 300w, https:\/\/www.metalgardenpot.com\/wp-content\/uploads\/2025\/06\/Tall-Tapered-Planters-2-150x150.jpg 150w, https:\/\/www.metalgardenpot.com\/wp-content\/uploads\/2025\/06\/Tall-Tapered-Planters-2-12x12.jpg 12w, https:\/\/www.metalgardenpot.com\/wp-content\/uploads\/2025\/06\/Tall-Tapered-Planters-2-100x100.jpg 100w\" sizes=\"(max-width: 700px) 100vw, 700px\" \/>\t\t\t\t\t\t\t\t\t\t\t\t\t\t\t<\/div>\n\t\t\t\t<\/div>\n\t\t\t\t<div class=\"elementor-element elementor-element-a027beb elementor-widget elementor-widget-image\" data-id=\"a027beb\" data-element_type=\"widget\" data-e-type=\"widget\" data-widget_type=\"image.default\">\n\t\t\t\t<div class=\"elementor-widget-container\">\n\t\t\t\t\t\t\t\t\t\t\t\t\t\t\t<img loading=\"lazy\" decoding=\"async\" width=\"750\" height=\"750\" src=\"https:\/\/www.metalgardenpot.com\/wp-content\/uploads\/2025\/06\/Rectangular-Planters.jpg\" class=\"attachment-large size-large wp-image-459\" alt=\"Corten Steel Rectangular Planter\" srcset=\"https:\/\/www.metalgardenpot.com\/wp-content\/uploads\/2025\/06\/Rectangular-Planters.jpg 750w, https:\/\/www.metalgardenpot.com\/wp-content\/uploads\/2025\/06\/Rectangular-Planters-300x300.jpg 300w, https:\/\/www.metalgardenpot.com\/wp-content\/uploads\/2025\/06\/Rectangular-Planters-150x150.jpg 150w, https:\/\/www.metalgardenpot.com\/wp-content\/uploads\/2025\/06\/Rectangular-Planters-12x12.jpg 12w, https:\/\/www.metalgardenpot.com\/wp-content\/uploads\/2025\/06\/Rectangular-Planters-700x700.jpg 700w, https:\/\/www.metalgardenpot.com\/wp-content\/uploads\/2025\/06\/Rectangular-Planters-100x100.jpg 100w\" sizes=\"(max-width: 750px) 100vw, 750px\" \/>\t\t\t\t\t\t\t\t\t\t\t\t\t\t\t<\/div>\n\t\t\t\t<\/div>\n\t\t\t\t\t<\/div>\n\t\t\t\t<\/div>\n\t\t<div class=\"elementor-element elementor-element-244c719 e-flex e-con-boxed e-con e-parent\" data-id=\"244c719\" data-element_type=\"container\" data-e-type=\"container\">\n\t\t\t\t\t<div class=\"e-con-inner\">\n\t\t\t\t<div class=\"elementor-element elementor-element-8bce7d9 elementor-widget elementor-widget-heading\" data-id=\"8bce7d9\" data-element_type=\"widget\" data-e-type=\"widget\" data-widget_type=\"heading.default\">\n\t\t\t\t<div class=\"elementor-widget-container\">\n\t\t\t\t\t<h3 class=\"elementor-heading-title elementor-size-default\">Anvendelse<\/h3>\t\t\t\t<\/div>\n\t\t\t\t<\/div>\n\t\t\t\t<div class=\"elementor-element elementor-element-27af851 elementor-widget elementor-widget-text-editor\" data-id=\"27af851\" data-element_type=\"widget\" data-e-type=\"widget\" data-widget_type=\"text-editor.default\">\n\t\t\t\t<div class=\"elementor-widget-container\">\n\t\t\t\t\t\t\t\t\t<p>Planter Bowl integreres problemfrit i forskellige rum, herunder kommercielle distrikter, offentlige gr\u00f8nne omr\u00e5der, landskaber og boligg\u00e5rde. Det vidt\u00e5bne design fremmer robust plantev\u00e6kst og kan ogs\u00e5 indeholde belysnings- eller vandgardinelementer.<\/p><p>Plantekasser i cortenst\u00e5l fungerer som gr\u00f8nne dekorationer til bypladser og parkhj\u00f8rner, samtidig med at de forbedrer haver, hotelg\u00e5rde eller villaindgange. Store plantekummer kan bruges til at plante prydtr\u00e6er og -buske eller som underlag for blomsterbede og vandkunst.<\/p>\t\t\t\t\t\t\t\t<\/div>\n\t\t\t\t<\/div>\n\t\t\t\t\t<\/div>\n\t\t\t\t<\/div>\n\t\t\t\t<\/div>","protected":false},"excerpt":{"rendered":"<p>Corten Steel Planter Bowl kombinerer enkle, flydende linjer med robust industriel \u00e6stetik og integrerer problemfrit moderne og naturlige stilarter.<\/p>\n<ul>\n<li style=\"list-style-type: none;\">\n<ul>\n<li>Holdbar og langtidsholdbar<\/li>\n<li>Flere st\u00f8rrelser<\/li>\n<li>Brugerdefineret tykkelse<\/li>\n<li>Overfladebehandlinger (pr\u00e6-rustet eller naturlig patina)<\/li>\n<li>Valgfrie dr\u00e6nhuller<\/li>\n<\/ul>\n<\/li>\n<\/ul>","protected":false},"featured_media":1238,"comment_status":"closed","ping_status":"closed","template":"","meta":[],"product_brand":[34],"product_cat":[21],"product_tag":[],"class_list":{"0":"post-1236","1":"product","2":"type-product","3":"status-publish","4":"has-post-thumbnail","6":"product_brand-hnjbl","7":"product_cat-corten-steel-planters","9":"first","10":"instock","11":"shipping-taxable","12":"product-type-simple"},"_links":{"self":[{"href":"https:\/\/www.metalgardenpot.com\/da\/wp-json\/wp\/v2\/product\/1236","targetHints":{"allow":["GET"]}}],"collection":[{"href":"https:\/\/www.metalgardenpot.com\/da\/wp-json\/wp\/v2\/product"}],"about":[{"href":"https:\/\/www.metalgardenpot.com\/da\/wp-json\/wp\/v2\/types\/product"}],"replies":[{"embeddable":true,"href":"https:\/\/www.metalgardenpot.com\/da\/wp-json\/wp\/v2\/comments?post=1236"}],"version-history":[{"count":4,"href":"https:\/\/www.metalgardenpot.com\/da\/wp-json\/wp\/v2\/product\/1236\/revisions"}],"predecessor-version":[{"id":1248,"href":"https:\/\/www.metalgardenpot.com\/da\/wp-json\/wp\/v2\/product\/1236\/revisions\/1248"}],"wp:featuredmedia":[{"embeddable":true,"href":"https:\/\/www.metalgardenpot.com\/da\/wp-json\/wp\/v2\/media\/1238"}],"wp:attachment":[{"href":"https:\/\/www.metalgardenpot.com\/da\/wp-json\/wp\/v2\/media?parent=1236"}],"wp:term":[{"taxonomy":"product_brand","embeddable":true,"href":"https:\/\/www.metalgardenpot.com\/da\/wp-json\/wp\/v2\/product_brand?post=1236"},{"taxonomy":"product_cat","embeddable":true,"href":"https:\/\/www.metalgardenpot.com\/da\/wp-json\/wp\/v2\/product_cat?post=1236"},{"taxonomy":"product_tag","embeddable":true,"href":"https:\/\/www.metalgardenpot.com\/da\/wp-json\/wp\/v2\/product_tag?post=1236"}],"curies":[{"name":"wp","href":"https:\/\/api.w.org\/{rel}","templated":true}]}}