{"id":1264,"date":"2025-12-05T15:55:07","date_gmt":"2025-12-05T07:55:07","guid":{"rendered":"https:\/\/www.metalgardenpot.com\/?post_type=product&#038;p=1264"},"modified":"2025-12-05T15:59:48","modified_gmt":"2025-12-05T07:59:48","slug":"aluminum-planter-pot","status":"publish","type":"product","link":"https:\/\/www.metalgardenpot.com\/da\/aluminum-planter-pot\/","title":{"rendered":"Aluminiumsplantekrukke"},"content":{"rendered":"<div data-elementor-type=\"product-post\" data-elementor-id=\"1264\" class=\"elementor elementor-1264\" data-elementor-post-type=\"product\">\n\t\t\t\t<div class=\"elementor-element elementor-element-b56c2dc e-flex e-con-boxed e-con e-parent\" data-id=\"b56c2dc\" data-element_type=\"container\" data-e-type=\"container\">\n\t\t\t\t\t<div class=\"e-con-inner\">\n\t\t\t\t<div class=\"elementor-element elementor-element-ccbc422 elementor-widget elementor-widget-text-editor\" data-id=\"ccbc422\" data-element_type=\"widget\" data-e-type=\"widget\" data-widget_type=\"text-editor.default\">\n\t\t\t\t<div class=\"elementor-widget-container\">\n\t\t\t\t\t\t\t\t\t<p>Aluminiumsplantekrukker har ultralette og milj\u00f8venlige egenskaber, et moderne og minimalistisk udseende og fremragende fysiske egenskaber, hvilket g\u00f8r dem til et vigtigt alternativ til traditionelle keramik-, plast- og tr\u00e6plantekrukker. Plantekrukker i aluminium bruges i vid udstr\u00e6kning til indretning, haver, terrasser og landskabspleje og opfylder forskellige krav med deres karakteristiske design og funktionalitet.<\/p><p>Alle aluminiumsplanterne har s\u00f8ml\u00f8s svejsning med glatte, polerede kanter; overfladebel\u00e6gningen er ensartet p\u00e5f\u00f8rt for at sikre holdbarhed og \u00e6stetik.<\/p>\t\t\t\t\t\t\t\t<\/div>\n\t\t\t\t<\/div>\n\t\t\t\t\t<\/div>\n\t\t\t\t<\/div>\n\t\t<div class=\"elementor-element elementor-element-8cc0a92 e-flex e-con-boxed e-con e-parent\" data-id=\"8cc0a92\" data-element_type=\"container\" data-e-type=\"container\">\n\t\t\t\t\t<div class=\"e-con-inner\">\n\t\t\t\t<div class=\"elementor-element elementor-element-dfc0bc4 elementor-widget elementor-widget-heading\" data-id=\"dfc0bc4\" data-element_type=\"widget\" data-e-type=\"widget\" data-widget_type=\"heading.default\">\n\t\t\t\t<div class=\"elementor-widget-container\">\n\t\t\t\t\t<h2 class=\"elementor-heading-title elementor-size-default\">Holdbare plantekasser i aluminium<\/h2>\t\t\t\t<\/div>\n\t\t\t\t<\/div>\n\t\t\t\t<div class=\"elementor-element elementor-element-a949942 elementor-widget elementor-widget-text-editor\" data-id=\"a949942\" data-element_type=\"widget\" data-e-type=\"widget\" data-widget_type=\"text-editor.default\">\n\t\t\t\t<div class=\"elementor-widget-container\">\n\t\t\t\t\t\t\t\t\t<p>Aluminiumsplanter er fremstillet af en h\u00f8jstyrkealuminiumlegering, der kombinerer letv\u00e6gtskonstruktion med enest\u00e5ende holdbarhed. Med anodiseret eller professionel udend\u00f8rs pulverlakering kan de modst\u00e5 regn, sne, havbriser og intens UV-eksponering. Selv efter mange \u00e5rs udend\u00f8rs brug kan de modst\u00e5 falmning, revner og rustpletter. Med overlegen korrosionsbestandighed og vejrbestandighed er krukker i aluminium det ideelle valg til udend\u00f8rs landskabspleje.<\/p><p>Aluminium er milj\u00f8venligt og ikke-forurenende; det kr\u00e6ver aldrig periodisk udskiftning eller maling under normal brug, med lav vedligeholdelse, der g\u00f8r det velegnet til indend\u00f8rs brug. Krukkerne er modstandsdygtige over for fugt og revner, hvilket sikrer nem reng\u00f8ring og vedligeholdelse.<\/p><p>N\u00e5r urtepotten placeres i vindueskarmen, filtrerer sollyset igennem og skaber en varm og indbydende stemning, n\u00e5r den blandes med gr\u00f8nne planter, og tilf\u00f8jer levende farver til din bolig.<\/p>\t\t\t\t\t\t\t\t<\/div>\n\t\t\t\t<\/div>\n\t\t\t\t\t<\/div>\n\t\t\t\t<\/div>\n\t\t<div class=\"elementor-element elementor-element-f6c185b e-flex e-con-boxed e-con e-parent\" data-id=\"f6c185b\" data-element_type=\"container\" data-e-type=\"container\">\n\t\t\t\t\t<div class=\"e-con-inner\">\n\t\t\t\t<div class=\"elementor-element elementor-element-5966070 elementor-widget elementor-widget-image\" data-id=\"5966070\" data-element_type=\"widget\" data-e-type=\"widget\" data-widget_type=\"image.default\">\n\t\t\t\t<div class=\"elementor-widget-container\">\n\t\t\t\t\t\t\t\t\t\t\t\t\t\t\t<img fetchpriority=\"high\" decoding=\"async\" width=\"800\" height=\"450\" src=\"https:\/\/www.metalgardenpot.com\/wp-content\/uploads\/2025\/12\/Aluminum-planter-pot.jpg\" class=\"attachment-large size-large wp-image-1262\" alt=\"Aluminum planter pot\" srcset=\"https:\/\/www.metalgardenpot.com\/wp-content\/uploads\/2025\/12\/Aluminum-planter-pot.jpg 900w, https:\/\/www.metalgardenpot.com\/wp-content\/uploads\/2025\/12\/Aluminum-planter-pot-300x169.jpg 300w, https:\/\/www.metalgardenpot.com\/wp-content\/uploads\/2025\/12\/Aluminum-planter-pot-768x432.jpg 768w, https:\/\/www.metalgardenpot.com\/wp-content\/uploads\/2025\/12\/Aluminum-planter-pot-18x10.jpg 18w, https:\/\/www.metalgardenpot.com\/wp-content\/uploads\/2025\/12\/Aluminum-planter-pot-700x394.jpg 700w\" sizes=\"(max-width: 800px) 100vw, 800px\" \/>\t\t\t\t\t\t\t\t\t\t\t\t\t\t\t<\/div>\n\t\t\t\t<\/div>\n\t\t\t\t<div class=\"elementor-element elementor-element-cafee06 elementor-widget elementor-widget-image\" data-id=\"cafee06\" data-element_type=\"widget\" data-e-type=\"widget\" data-widget_type=\"image.default\">\n\t\t\t\t<div class=\"elementor-widget-container\">\n\t\t\t\t\t\t\t\t\t\t\t\t\t\t\t<img decoding=\"async\" width=\"800\" height=\"450\" src=\"https:\/\/www.metalgardenpot.com\/wp-content\/uploads\/2025\/12\/Aluminum-planters.jpg\" class=\"attachment-large size-large wp-image-1261\" alt=\"Aluminum planters\" srcset=\"https:\/\/www.metalgardenpot.com\/wp-content\/uploads\/2025\/12\/Aluminum-planters.jpg 900w, https:\/\/www.metalgardenpot.com\/wp-content\/uploads\/2025\/12\/Aluminum-planters-300x169.jpg 300w, https:\/\/www.metalgardenpot.com\/wp-content\/uploads\/2025\/12\/Aluminum-planters-768x432.jpg 768w, https:\/\/www.metalgardenpot.com\/wp-content\/uploads\/2025\/12\/Aluminum-planters-18x10.jpg 18w, https:\/\/www.metalgardenpot.com\/wp-content\/uploads\/2025\/12\/Aluminum-planters-700x394.jpg 700w\" sizes=\"(max-width: 800px) 100vw, 800px\" \/>\t\t\t\t\t\t\t\t\t\t\t\t\t\t\t<\/div>\n\t\t\t\t<\/div>\n\t\t\t\t\t<\/div>\n\t\t\t\t<\/div>\n\t\t<div class=\"elementor-element elementor-element-f5887b3 e-flex e-con-boxed e-con e-parent\" data-id=\"f5887b3\" data-element_type=\"container\" data-e-type=\"container\">\n\t\t\t\t\t<div class=\"e-con-inner\">\n\t\t\t\t<div class=\"elementor-element elementor-element-7a10ab1 elementor-widget elementor-widget-heading\" data-id=\"7a10ab1\" data-element_type=\"widget\" data-e-type=\"widget\" data-widget_type=\"heading.default\">\n\t\t\t\t<div class=\"elementor-widget-container\">\n\t\t\t\t\t<h2 class=\"elementor-heading-title elementor-size-default\">Specialfremstillede krukker i aluminium<\/h2>\t\t\t\t<\/div>\n\t\t\t\t<\/div>\n\t\t\t\t<div class=\"elementor-element elementor-element-09b70a7 elementor-widget elementor-widget-text-editor\" data-id=\"09b70a7\" data-element_type=\"widget\" data-e-type=\"widget\" data-widget_type=\"text-editor.default\">\n\t\t\t\t<div class=\"elementor-widget-container\">\n\t\t\t\t\t\t\t\t\t<p>Underst\u00f8tter omfattende tilpasning fra dimensioner og former til farver, med produktion baseret p\u00e5 kundens tegninger; tilbyder design af dr\u00e6nhuller for at im\u00f8dekomme forskellige behov for plantedyrkning.<\/p><p>Flere st\u00f8rrelser og udf\u00f8relser: Plantekrukkernes h\u00f8jder kan justeres fra 30 cm til 100 cm med diametre, der kan tilpasses; overflader f\u00e5s med pulverlakering eller anodiseret finish i moderne farvepaletter, herunder sort, s\u00f8lv og mat hvid osv.<\/p>\t\t\t\t\t\t\t\t<\/div>\n\t\t\t\t<\/div>\n\t\t\t\t\t<\/div>\n\t\t\t\t<\/div>\n\t\t<div class=\"elementor-element elementor-element-98d2cc8 e-flex e-con-boxed e-con e-parent\" data-id=\"98d2cc8\" data-element_type=\"container\" data-e-type=\"container\">\n\t\t\t\t\t<div class=\"e-con-inner\">\n\t\t\t\t<div class=\"elementor-element elementor-element-04ad07e elementor-widget elementor-widget-image\" data-id=\"04ad07e\" data-element_type=\"widget\" data-e-type=\"widget\" data-widget_type=\"image.default\">\n\t\t\t\t<div class=\"elementor-widget-container\">\n\t\t\t\t\t\t\t\t\t\t\t\t\t\t\t<img decoding=\"async\" width=\"800\" height=\"450\" src=\"https:\/\/www.metalgardenpot.com\/wp-content\/uploads\/2025\/12\/Aluminum-planter-pots.jpg\" class=\"attachment-large size-large wp-image-1263\" alt=\"Aluminum planters\" srcset=\"https:\/\/www.metalgardenpot.com\/wp-content\/uploads\/2025\/12\/Aluminum-planter-pots.jpg 900w, https:\/\/www.metalgardenpot.com\/wp-content\/uploads\/2025\/12\/Aluminum-planter-pots-300x169.jpg 300w, https:\/\/www.metalgardenpot.com\/wp-content\/uploads\/2025\/12\/Aluminum-planter-pots-768x432.jpg 768w, https:\/\/www.metalgardenpot.com\/wp-content\/uploads\/2025\/12\/Aluminum-planter-pots-18x10.jpg 18w, https:\/\/www.metalgardenpot.com\/wp-content\/uploads\/2025\/12\/Aluminum-planter-pots-700x394.jpg 700w\" sizes=\"(max-width: 800px) 100vw, 800px\" \/>\t\t\t\t\t\t\t\t\t\t\t\t\t\t\t<\/div>\n\t\t\t\t<\/div>\n\t\t\t\t<div class=\"elementor-element elementor-element-8d76e46 elementor-widget elementor-widget-image\" data-id=\"8d76e46\" data-element_type=\"widget\" data-e-type=\"widget\" data-widget_type=\"image.default\">\n\t\t\t\t<div class=\"elementor-widget-container\">\n\t\t\t\t\t\t\t\t\t\t\t\t\t\t\t<img loading=\"lazy\" decoding=\"async\" width=\"800\" height=\"450\" src=\"https:\/\/www.metalgardenpot.com\/wp-content\/uploads\/2025\/12\/Aluminum-Planters-Pots.jpg\" class=\"attachment-large size-large wp-image-1268\" alt=\"Aluminum Planters Pots\" srcset=\"https:\/\/www.metalgardenpot.com\/wp-content\/uploads\/2025\/12\/Aluminum-Planters-Pots.jpg 900w, https:\/\/www.metalgardenpot.com\/wp-content\/uploads\/2025\/12\/Aluminum-Planters-Pots-300x169.jpg 300w, https:\/\/www.metalgardenpot.com\/wp-content\/uploads\/2025\/12\/Aluminum-Planters-Pots-768x432.jpg 768w, https:\/\/www.metalgardenpot.com\/wp-content\/uploads\/2025\/12\/Aluminum-Planters-Pots-18x10.jpg 18w, https:\/\/www.metalgardenpot.com\/wp-content\/uploads\/2025\/12\/Aluminum-Planters-Pots-700x394.jpg 700w\" sizes=\"(max-width: 800px) 100vw, 800px\" \/>\t\t\t\t\t\t\t\t\t\t\t\t\t\t\t<\/div>\n\t\t\t\t<\/div>\n\t\t\t\t<div class=\"elementor-element elementor-element-472bf98 elementor-widget elementor-widget-image\" data-id=\"472bf98\" data-element_type=\"widget\" data-e-type=\"widget\" data-widget_type=\"image.default\">\n\t\t\t\t<div class=\"elementor-widget-container\">\n\t\t\t\t\t\t\t\t\t\t\t\t\t\t\t<img loading=\"lazy\" decoding=\"async\" width=\"800\" height=\"450\" src=\"https:\/\/www.metalgardenpot.com\/wp-content\/uploads\/2025\/12\/Planters-Pots.jpg\" class=\"attachment-large size-large wp-image-1269\" alt=\"Planters Pots\" srcset=\"https:\/\/www.metalgardenpot.com\/wp-content\/uploads\/2025\/12\/Planters-Pots.jpg 900w, https:\/\/www.metalgardenpot.com\/wp-content\/uploads\/2025\/12\/Planters-Pots-300x169.jpg 300w, https:\/\/www.metalgardenpot.com\/wp-content\/uploads\/2025\/12\/Planters-Pots-768x432.jpg 768w, https:\/\/www.metalgardenpot.com\/wp-content\/uploads\/2025\/12\/Planters-Pots-18x10.jpg 18w, https:\/\/www.metalgardenpot.com\/wp-content\/uploads\/2025\/12\/Planters-Pots-700x394.jpg 700w\" sizes=\"(max-width: 800px) 100vw, 800px\" \/>\t\t\t\t\t\t\t\t\t\t\t\t\t\t\t<\/div>\n\t\t\t\t<\/div>\n\t\t\t\t\t<\/div>\n\t\t\t\t<\/div>\n\t\t<div class=\"elementor-element elementor-element-41968ad e-flex e-con-boxed e-con e-parent\" data-id=\"41968ad\" data-element_type=\"container\" data-e-type=\"container\">\n\t\t\t\t\t<div class=\"e-con-inner\">\n\t\t\t\t<div class=\"elementor-element elementor-element-be0effa elementor-widget elementor-widget-heading\" data-id=\"be0effa\" data-element_type=\"widget\" data-e-type=\"widget\" data-widget_type=\"heading.default\">\n\t\t\t\t<div class=\"elementor-widget-container\">\n\t\t\t\t\t<h2 class=\"elementor-heading-title elementor-size-default\">S\u00e5dan v\u00e6lger du urtepotte<\/h2>\t\t\t\t<\/div>\n\t\t\t\t<\/div>\n\t\t\t\t<div class=\"elementor-element elementor-element-625815a elementor-widget elementor-widget-text-editor\" data-id=\"625815a\" data-element_type=\"widget\" data-e-type=\"widget\" data-widget_type=\"text-editor.default\">\n\t\t\t\t<div class=\"elementor-widget-container\">\n\t\t\t\t\t\t\t\t\t<table class=\"table\" style=\"width: 100%;\" border=\"1\" cellspacing=\"1\" cellpadding=\"1\"><thead><tr><th>Funktion<\/th><th>Aluminium<\/th><th><a href=\"https:\/\/www.metalgardenpot.com\/da\/stainless-steel-planter-box\/\">Rustfrit st\u00e5l<\/a><\/th><th><a href=\"https:\/\/www.metalgardenpot.com\/da\/corten-steel-outdoor-planters\/\">Corten-st\u00e5l<\/a><\/th><\/tr><\/thead><tbody><tr><td>V\u00e6gt<\/td><td>Letv\u00e6gt<\/td><td>Tungt<\/td><td>Medium v\u00e6gt<\/td><\/tr><tr><td>Holdbarhed<\/td><td>25+ \u00e5r, anti-deformationsbel\u00e6gning<\/td><td>50+ \u00e5r, tilb\u00f8jelig til at blive ridset<\/td><td>30+ \u00e5r, rustfri overflade<\/td><\/tr><tr><td>Udseende<\/td><td>Mat\/blank finish, moderne design<\/td><td>Spejlfinish, men tilb\u00f8jelig til fingeraftryk<\/td><td>Ruststruktur, vintage-stil<\/td><\/tr><tr><td>Vedligeholdelsesomkostninger<\/td><td>Lav (rustfri, 50% \u00e5rlig besparelse)<\/td><td>Medium (kr\u00e6ver polering)<\/td><td>Lav (rustkontrol p\u00e5kr\u00e6vet)<\/td><\/tr><\/tbody><\/table>\t\t\t\t\t\t\t\t<\/div>\n\t\t\t\t<\/div>\n\t\t\t\t\t<\/div>\n\t\t\t\t<\/div>\n\t\t\t\t<\/div>","protected":false},"excerpt":{"rendered":"<p>Aluminiumsplantekrukker er holdbare og modstandsdygtige over for vejrforhold som regn, sne eller st\u00e6rkt sollys, og de er velegnede til b\u00e5de indend\u00f8rs og udend\u00f8rs brug.<\/p>\n<p>Form: Trug, rektangel, firkant, kuber, tilpasset<\/p>\n<p>St\u00f8rrelse: 100*30*55cm, 60*35*60cm, 100*30*60cm, tilpasset<\/p>\n<p>Funktion: Indend\u00f8rs, udend\u00f8rs, firkantet, have, g\u00e5rdhave, kommerciel osv.<\/p>","protected":false},"featured_media":1262,"comment_status":"closed","ping_status":"closed","template":"","meta":[],"product_brand":[34],"product_cat":[24],"product_tag":[],"class_list":{"0":"post-1264","1":"product","2":"type-product","3":"status-publish","4":"has-post-thumbnail","6":"product_brand-hnjbl","7":"product_cat-aluminum-planters","9":"first","10":"instock","11":"shipping-taxable","12":"product-type-simple"},"_links":{"self":[{"href":"https:\/\/www.metalgardenpot.com\/da\/wp-json\/wp\/v2\/product\/1264","targetHints":{"allow":["GET"]}}],"collection":[{"href":"https:\/\/www.metalgardenpot.com\/da\/wp-json\/wp\/v2\/product"}],"about":[{"href":"https:\/\/www.metalgardenpot.com\/da\/wp-json\/wp\/v2\/types\/product"}],"replies":[{"embeddable":true,"href":"https:\/\/www.metalgardenpot.com\/da\/wp-json\/wp\/v2\/comments?post=1264"}],"version-history":[{"count":8,"href":"https:\/\/www.metalgardenpot.com\/da\/wp-json\/wp\/v2\/product\/1264\/revisions"}],"predecessor-version":[{"id":1274,"href":"https:\/\/www.metalgardenpot.com\/da\/wp-json\/wp\/v2\/product\/1264\/revisions\/1274"}],"wp:featuredmedia":[{"embeddable":true,"href":"https:\/\/www.metalgardenpot.com\/da\/wp-json\/wp\/v2\/media\/1262"}],"wp:attachment":[{"href":"https:\/\/www.metalgardenpot.com\/da\/wp-json\/wp\/v2\/media?parent=1264"}],"wp:term":[{"taxonomy":"product_brand","embeddable":true,"href":"https:\/\/www.metalgardenpot.com\/da\/wp-json\/wp\/v2\/product_brand?post=1264"},{"taxonomy":"product_cat","embeddable":true,"href":"https:\/\/www.metalgardenpot.com\/da\/wp-json\/wp\/v2\/product_cat?post=1264"},{"taxonomy":"product_tag","embeddable":true,"href":"https:\/\/www.metalgardenpot.com\/da\/wp-json\/wp\/v2\/product_tag?post=1264"}],"curies":[{"name":"wp","href":"https:\/\/api.w.org\/{rel}","templated":true}]}}