{"id":1279,"date":"2025-12-10T16:29:11","date_gmt":"2025-12-10T08:29:11","guid":{"rendered":"https:\/\/www.metalgardenpot.com\/?post_type=product&#038;p=1279"},"modified":"2025-12-10T16:29:11","modified_gmt":"2025-12-10T08:29:11","slug":"aluminum-planters-outdoor","status":"publish","type":"product","link":"https:\/\/www.metalgardenpot.com\/da\/aluminum-planters-outdoor\/","title":{"rendered":"Aluminiumsplantekrukker til udend\u00f8rs brug"},"content":{"rendered":"<div data-elementor-type=\"product-post\" data-elementor-id=\"1279\" class=\"elementor elementor-1279\" data-elementor-post-type=\"product\">\n\t\t\t\t<div class=\"elementor-element elementor-element-c45b256 e-flex e-con-boxed e-con e-parent\" data-id=\"c45b256\" data-element_type=\"container\" data-e-type=\"container\">\n\t\t\t\t\t<div class=\"e-con-inner\">\n\t\t\t\t<div class=\"elementor-element elementor-element-8f7fb28 elementor-widget elementor-widget-text-editor\" data-id=\"8f7fb28\" data-element_type=\"widget\" data-e-type=\"widget\" data-widget_type=\"text-editor.default\">\n\t\t\t\t<div class=\"elementor-widget-container\">\n\t\t\t\t\t\t\t\t\t<p>Udend\u00f8rs plantekasser i aluminium er fremstillet af en aluminiumslegering med h\u00f8j renhed, der er formet til robuste kasser gennem b\u00f8jning og svejsning. Krukkernes overflader er anodiserede eller pulverlakerede for at skabe et t\u00e6t beskyttende lag, der fuldst\u00e6ndig blokerer for UV-str\u00e5ler og fugtkorrosion. Det er noget helt andet end rustpatinaen fra forvitrende st\u00e5l eller rustfrit st\u00e5l - udend\u00f8rs krukker i aluminium kan nemt holde i over 25 \u00e5r i udend\u00f8rs milj\u00f8er, mens v\u00e6gten er mindre end en tredjedel, hvilket g\u00f8r dem lettere at flytte.<\/p><p>Aluminiumsplanter modst\u00e5r rust, oxidering og UV-skader, hvilket g\u00f8r den ideel til langvarig udend\u00f8rs brug med en levetid p\u00e5 10-20 \u00e5r. Den har ogs\u00e5 en enest\u00e5ende styrke og h\u00e5rdhed med stor slagfasthed og b\u00e6reevne, s\u00e5 den nemt kan b\u00e6re store planter uden at blive deformeret.<\/p>\t\t\t\t\t\t\t\t<\/div>\n\t\t\t\t<\/div>\n\t\t\t\t\t<\/div>\n\t\t\t\t<\/div>\n\t\t<div class=\"elementor-element elementor-element-374bbdf e-flex e-con-boxed e-con e-parent\" data-id=\"374bbdf\" data-element_type=\"container\" data-e-type=\"container\">\n\t\t\t\t\t<div class=\"e-con-inner\">\n\t\t\t\t<div class=\"elementor-element elementor-element-5c2d201 elementor-widget elementor-widget-heading\" data-id=\"5c2d201\" data-element_type=\"widget\" data-e-type=\"widget\" data-widget_type=\"heading.default\">\n\t\t\t\t<div class=\"elementor-widget-container\">\n\t\t\t\t\t<h2 class=\"elementor-heading-title elementor-size-default\">Tilpassede udend\u00f8rs aluminiumsplanter, aluminiumsplanterpotte<\/h2>\t\t\t\t<\/div>\n\t\t\t\t<\/div>\n\t\t\t\t<div class=\"elementor-element elementor-element-0765ec8 elementor-widget elementor-widget-text-editor\" data-id=\"0765ec8\" data-element_type=\"widget\" data-e-type=\"widget\" data-widget_type=\"text-editor.default\">\n\t\t\t\t<div class=\"elementor-widget-container\">\n\t\t\t\t\t\t\t\t\t<p>Underst\u00f8tter tilpasning i forskellige former og st\u00f8rrelser og producerer aluminiumsplanter i rektangul\u00e6re, firkantede, cylindriske, koniske og andre former i henhold til designtegninger. H\u00f8jde og v\u00e6gtykkelse kan tilpasses for at opfylde forskellige krav til landskabspleje. F\u00e5s i sort, tin, ruskindsbronze, metallisk s\u00f8lv, blank hvid, metallisk gr\u00e5, hvid og falsk rust.<\/p><table><tbody><tr><td>H\u00f8jde<\/td><td>200 - 400 mm<\/td><td>500 - 700 mm<\/td><td>800 -2000 mm<\/td><\/tr><tr><td>St\u00f8rrelse, bredde<\/td><td>300 - 500 mm<\/td><td>600 - 900 mm<\/td><td>1000 - 1500 mm<\/td><\/tr><tr><td>Tykkelse<\/td><td>1 - 3 mm<\/td><td>1 - 3 mm<\/td><td>2 - 4 mm<\/td><\/tr><\/tbody><\/table><p>Plantekanterne kan b\u00f8jes for at forst\u00e6rke, og det s\u00f8ml\u00f8se design \u00f8ger stivheden. F\u00f8rsteklasses svejsning og t\u00e6tning sikrer vandt\u00e6t integritet, suppleret med valgfri dr\u00e6nhuller for at skabe et sundere v\u00e6kstmilj\u00f8 for planter og forhindre vandm\u00e6tning.<\/p>\t\t\t\t\t\t\t\t<\/div>\n\t\t\t\t<\/div>\n\t\t\t\t\t<\/div>\n\t\t\t\t<\/div>\n\t\t<div class=\"elementor-element elementor-element-2c44cbc e-flex e-con-boxed e-con e-parent\" data-id=\"2c44cbc\" data-element_type=\"container\" data-e-type=\"container\">\n\t\t\t\t\t<div class=\"e-con-inner\">\n\t\t\t\t<div class=\"elementor-element elementor-element-3b297c2 elementor-widget elementor-widget-image\" data-id=\"3b297c2\" data-element_type=\"widget\" data-e-type=\"widget\" data-widget_type=\"image.default\">\n\t\t\t\t<div class=\"elementor-widget-container\">\n\t\t\t\t\t\t\t\t\t\t\t\t\t\t\t<img fetchpriority=\"high\" decoding=\"async\" width=\"900\" height=\"506\" src=\"https:\/\/www.metalgardenpot.com\/wp-content\/uploads\/2025\/12\/Aluminum-Planters-Outdoor.jpg\" class=\"attachment-full size-full wp-image-1275\" alt=\"Aluminum Planters Outdoor\" srcset=\"https:\/\/www.metalgardenpot.com\/wp-content\/uploads\/2025\/12\/Aluminum-Planters-Outdoor.jpg 900w, https:\/\/www.metalgardenpot.com\/wp-content\/uploads\/2025\/12\/Aluminum-Planters-Outdoor-300x169.jpg 300w, https:\/\/www.metalgardenpot.com\/wp-content\/uploads\/2025\/12\/Aluminum-Planters-Outdoor-768x432.jpg 768w, https:\/\/www.metalgardenpot.com\/wp-content\/uploads\/2025\/12\/Aluminum-Planters-Outdoor-18x10.jpg 18w, https:\/\/www.metalgardenpot.com\/wp-content\/uploads\/2025\/12\/Aluminum-Planters-Outdoor-700x394.jpg 700w\" sizes=\"(max-width: 900px) 100vw, 900px\" \/>\t\t\t\t\t\t\t\t\t\t\t\t\t\t\t<\/div>\n\t\t\t\t<\/div>\n\t\t\t\t<div class=\"elementor-element elementor-element-30a6d41 elementor-widget elementor-widget-image\" data-id=\"30a6d41\" data-element_type=\"widget\" data-e-type=\"widget\" data-widget_type=\"image.default\">\n\t\t\t\t<div class=\"elementor-widget-container\">\n\t\t\t\t\t\t\t\t\t\t\t\t\t\t\t<img decoding=\"async\" width=\"900\" height=\"506\" src=\"https:\/\/www.metalgardenpot.com\/wp-content\/uploads\/2025\/12\/aluminum-planter.jpg\" class=\"attachment-full size-full wp-image-1276\" alt=\"aluminum planter\" srcset=\"https:\/\/www.metalgardenpot.com\/wp-content\/uploads\/2025\/12\/aluminum-planter.jpg 900w, https:\/\/www.metalgardenpot.com\/wp-content\/uploads\/2025\/12\/aluminum-planter-300x169.jpg 300w, https:\/\/www.metalgardenpot.com\/wp-content\/uploads\/2025\/12\/aluminum-planter-768x432.jpg 768w, https:\/\/www.metalgardenpot.com\/wp-content\/uploads\/2025\/12\/aluminum-planter-18x10.jpg 18w, https:\/\/www.metalgardenpot.com\/wp-content\/uploads\/2025\/12\/aluminum-planter-700x394.jpg 700w\" sizes=\"(max-width: 900px) 100vw, 900px\" \/>\t\t\t\t\t\t\t\t\t\t\t\t\t\t\t<\/div>\n\t\t\t\t<\/div>\n\t\t\t\t<div class=\"elementor-element elementor-element-4373d16 elementor-widget elementor-widget-image\" data-id=\"4373d16\" data-element_type=\"widget\" data-e-type=\"widget\" data-widget_type=\"image.default\">\n\t\t\t\t<div class=\"elementor-widget-container\">\n\t\t\t\t\t\t\t\t\t\t\t\t\t\t\t<img decoding=\"async\" width=\"900\" height=\"506\" src=\"https:\/\/www.metalgardenpot.com\/wp-content\/uploads\/2025\/12\/Planters-Pots.jpg\" class=\"attachment-full size-full wp-image-1269\" alt=\"Planters Pots\" srcset=\"https:\/\/www.metalgardenpot.com\/wp-content\/uploads\/2025\/12\/Planters-Pots.jpg 900w, https:\/\/www.metalgardenpot.com\/wp-content\/uploads\/2025\/12\/Planters-Pots-300x169.jpg 300w, https:\/\/www.metalgardenpot.com\/wp-content\/uploads\/2025\/12\/Planters-Pots-768x432.jpg 768w, https:\/\/www.metalgardenpot.com\/wp-content\/uploads\/2025\/12\/Planters-Pots-18x10.jpg 18w, https:\/\/www.metalgardenpot.com\/wp-content\/uploads\/2025\/12\/Planters-Pots-700x394.jpg 700w\" sizes=\"(max-width: 900px) 100vw, 900px\" \/>\t\t\t\t\t\t\t\t\t\t\t\t\t\t\t<\/div>\n\t\t\t\t<\/div>\n\t\t\t\t\t<\/div>\n\t\t\t\t<\/div>\n\t\t<div class=\"elementor-element elementor-element-44c5cab e-flex e-con-boxed e-con e-parent\" data-id=\"44c5cab\" data-element_type=\"container\" data-e-type=\"container\">\n\t\t\t\t\t<div class=\"e-con-inner\">\n\t\t\t\t<div class=\"elementor-element elementor-element-1bac7e9 elementor-widget elementor-widget-heading\" data-id=\"1bac7e9\" data-element_type=\"widget\" data-e-type=\"widget\" data-widget_type=\"heading.default\">\n\t\t\t\t<div class=\"elementor-widget-container\">\n\t\t\t\t\t<h2 class=\"elementor-heading-title elementor-size-default\">Lette plantekasser i aluminium. Let at b\u00e6re\n<\/h2>\t\t\t\t<\/div>\n\t\t\t\t<\/div>\n\t\t\t\t<div class=\"elementor-element elementor-element-6fd2f06 elementor-widget elementor-widget-text-editor\" data-id=\"6fd2f06\" data-element_type=\"widget\" data-e-type=\"widget\" data-widget_type=\"text-editor.default\">\n\t\t\t\t<div class=\"elementor-widget-container\">\n\t\t\t\t\t\t\t\t\t<p>Aluminiumsmateriale har et h\u00f8jt styrke\/v\u00e6gt-forhold med en massefylde p\u00e5 kun ca. 1\/3 af st\u00e5l. V\u00e6gten er langt lavere end traditionelle plantekasser af st\u00e5l eller tr\u00e6, idet der opn\u00e5s en v\u00e6gtreduktion p\u00e5 30% ved tilsvarende styrke. Den er nem at h\u00e5ndtere, s\u00e5 \u00e6ldre personer og kvinder nemt kan flytte den med \u00e9n h\u00e5nd.<\/p><p>Sammenlignet med st\u00e5l ruster aluminium aldrig og kr\u00e6ver ingen rustbeskyttelse;<br \/>Sammenlignet med beton og sten er aluminium let og vibrationsresistent, hvilket g\u00f8r installation og justeringer mere bekvemme;<br \/>Sammenlignet med plantekasser i glasfiber eller tr\u00e6 er plantekasser i aluminium mere robuste og slagfaste, lettere at vedligeholde og har en l\u00e6ngere strukturel levetid.<\/p>\t\t\t\t\t\t\t\t<\/div>\n\t\t\t\t<\/div>\n\t\t\t\t\t<\/div>\n\t\t\t\t<\/div>\n\t\t\t\t<\/div>","protected":false},"excerpt":{"rendered":"<p>Aluminiumsmaterialer er naturligt rust- og oxidationsresistente og bevarer deres udseende i \u00e5revis i barske milj\u00f8er. Med fremragende styrke og h\u00e5rdhed tilbyder aluminiumsplanter udend\u00f8rs enest\u00e5ende slagfasthed og b\u00e6reevne, der let b\u00e6rer v\u00e6gten af store planter uden deformation.<\/p>\n<p>&nbsp;<\/p>\n<p>&nbsp;<\/p>","protected":false},"featured_media":1275,"comment_status":"closed","ping_status":"closed","template":"","meta":[],"product_brand":[34],"product_cat":[24],"product_tag":[],"class_list":{"0":"post-1279","1":"product","2":"type-product","3":"status-publish","4":"has-post-thumbnail","6":"product_brand-hnjbl","7":"product_cat-aluminum-planters","9":"first","10":"instock","11":"shipping-taxable","12":"product-type-simple"},"_links":{"self":[{"href":"https:\/\/www.metalgardenpot.com\/da\/wp-json\/wp\/v2\/product\/1279","targetHints":{"allow":["GET"]}}],"collection":[{"href":"https:\/\/www.metalgardenpot.com\/da\/wp-json\/wp\/v2\/product"}],"about":[{"href":"https:\/\/www.metalgardenpot.com\/da\/wp-json\/wp\/v2\/types\/product"}],"replies":[{"embeddable":true,"href":"https:\/\/www.metalgardenpot.com\/da\/wp-json\/wp\/v2\/comments?post=1279"}],"version-history":[{"count":6,"href":"https:\/\/www.metalgardenpot.com\/da\/wp-json\/wp\/v2\/product\/1279\/revisions"}],"predecessor-version":[{"id":1286,"href":"https:\/\/www.metalgardenpot.com\/da\/wp-json\/wp\/v2\/product\/1279\/revisions\/1286"}],"wp:featuredmedia":[{"embeddable":true,"href":"https:\/\/www.metalgardenpot.com\/da\/wp-json\/wp\/v2\/media\/1275"}],"wp:attachment":[{"href":"https:\/\/www.metalgardenpot.com\/da\/wp-json\/wp\/v2\/media?parent=1279"}],"wp:term":[{"taxonomy":"product_brand","embeddable":true,"href":"https:\/\/www.metalgardenpot.com\/da\/wp-json\/wp\/v2\/product_brand?post=1279"},{"taxonomy":"product_cat","embeddable":true,"href":"https:\/\/www.metalgardenpot.com\/da\/wp-json\/wp\/v2\/product_cat?post=1279"},{"taxonomy":"product_tag","embeddable":true,"href":"https:\/\/www.metalgardenpot.com\/da\/wp-json\/wp\/v2\/product_tag?post=1279"}],"curies":[{"name":"wp","href":"https:\/\/api.w.org\/{rel}","templated":true}]}}