{"id":1293,"date":"2025-12-12T17:15:40","date_gmt":"2025-12-12T09:15:40","guid":{"rendered":"https:\/\/www.metalgardenpot.com\/?post_type=product&#038;p=1293"},"modified":"2025-12-12T17:15:40","modified_gmt":"2025-12-12T09:15:40","slug":"corten-steel-garden-edging","status":"publish","type":"product","link":"https:\/\/www.metalgardenpot.com\/da\/corten-steel-garden-edging\/","title":{"rendered":"Corten st\u00e5l havekantsten"},"content":{"rendered":"<div data-elementor-type=\"product-post\" data-elementor-id=\"1293\" class=\"elementor elementor-1293\" data-elementor-post-type=\"product\">\n\t\t\t\t<div class=\"elementor-element elementor-element-d8618b9 e-flex e-con-boxed e-con e-parent\" data-id=\"d8618b9\" data-element_type=\"container\" data-e-type=\"container\">\n\t\t\t\t\t<div class=\"e-con-inner\">\n\t\t\t\t<div class=\"elementor-element elementor-element-b641ae8 elementor-widget elementor-widget-text-editor\" data-id=\"b641ae8\" data-element_type=\"widget\" data-e-type=\"widget\" data-widget_type=\"text-editor.default\">\n\t\t\t\t<div class=\"elementor-widget-container\">\n\t\t\t\t\t\t\t\t\t<p>Havekanter i cortenst\u00e5l, som afgr\u00e6nser rum, afgr\u00e6nser planteomr\u00e5der, leder stier, forhindrer jorderosion og holder ukrudt nede, kombineres problemfrit med forskellige former for grus, gr\u00e6spl\u00e6ner og havefliser til have- og landskabsdesign.<\/p><p>Definition af rum: Tydelig afgr\u00e6nsning af funktionelle zoner som gr\u00e6spl\u00e6ner, blomsterbede, k\u00f8kkenhaver, grusomr\u00e5der eller gangstier.<br \/>Planteafgr\u00e6nsninger: Fungerer som barrierer i h\u00f8jbede eller som indd\u00e6mning af planternes r\u00f8dder.<br \/>Tilbageholdelse af jord: Forhindrer erosion for\u00e5rsaget af regnvandsafstr\u00f8mning eller kunstvanding.<br \/>Rodsp\u00e6rre: Blokerer fysisk invasion af r\u00f8dder fra gr\u00e6spl\u00e6ner eller andre omr\u00e5der ind i blomsterbede.<\/p>\t\t\t\t\t\t\t\t<\/div>\n\t\t\t\t<\/div>\n\t\t\t\t\t<\/div>\n\t\t\t\t<\/div>\n\t\t<div class=\"elementor-element elementor-element-2580bcb e-flex e-con-boxed e-con e-parent\" data-id=\"2580bcb\" data-element_type=\"container\" data-e-type=\"container\">\n\t\t\t\t\t<div class=\"e-con-inner\">\n\t\t\t\t<div class=\"elementor-element elementor-element-fcdb2cd elementor-widget elementor-widget-heading\" data-id=\"fcdb2cd\" data-element_type=\"widget\" data-e-type=\"widget\" data-widget_type=\"heading.default\">\n\t\t\t\t<div class=\"elementor-widget-container\">\n\t\t\t\t\t<h2 class=\"elementor-heading-title elementor-size-default\">Design af havekanter i cortenst\u00e5l\n<\/h2>\t\t\t\t<\/div>\n\t\t\t\t<\/div>\n\t\t\t\t<div class=\"elementor-element elementor-element-0daa0e3 elementor-widget elementor-widget-text-editor\" data-id=\"0daa0e3\" data-element_type=\"widget\" data-e-type=\"widget\" data-widget_type=\"text-editor.default\">\n\t\t\t\t<div class=\"elementor-widget-container\">\n\t\t\t\t\t\t\t\t\t<p>N\u00e5r kanter af cortenst\u00e5l uds\u00e6ttes for vind og vejr, udvikler de et stabilt rustlignende udseende. Dette beskyttende rustlag forhindrer yderligere korrosion, hvilket g\u00f8r det ideelt til udend\u00f8rs brug. I mods\u00e6tning til malede metaller heler det naturligt selv ridser.<\/p><div>Kanten af cortenst\u00e5l f\u00e5s i mange forskellige designs og st\u00f8rrelser, s\u00e5 der er en passende l\u00f8sning til ethvert projekt.<\/div>\t\t\t\t\t\t\t\t<\/div>\n\t\t\t\t<\/div>\n\t\t\t\t\t<\/div>\n\t\t\t\t<\/div>\n\t\t<div class=\"elementor-element elementor-element-b99ea99 e-flex e-con-boxed e-con e-parent\" data-id=\"b99ea99\" data-element_type=\"container\" data-e-type=\"container\">\n\t\t\t\t\t<div class=\"e-con-inner\">\n\t\t\t\t<div class=\"elementor-element elementor-element-24f0f00 elementor-widget elementor-widget-image\" data-id=\"24f0f00\" data-element_type=\"widget\" data-e-type=\"widget\" data-widget_type=\"image.default\">\n\t\t\t\t<div class=\"elementor-widget-container\">\n\t\t\t\t\t\t\t\t\t\t\t\t\t\t\t<img fetchpriority=\"high\" decoding=\"async\" width=\"750\" height=\"750\" src=\"https:\/\/www.metalgardenpot.com\/wp-content\/uploads\/2025\/12\/corten-steel-border-for-garden.jpg\" class=\"attachment-large size-large wp-image-1294\" alt=\"Corten Steel Garden Edging\" srcset=\"https:\/\/www.metalgardenpot.com\/wp-content\/uploads\/2025\/12\/corten-steel-border-for-garden.jpg 750w, https:\/\/www.metalgardenpot.com\/wp-content\/uploads\/2025\/12\/corten-steel-border-for-garden-300x300.jpg 300w, https:\/\/www.metalgardenpot.com\/wp-content\/uploads\/2025\/12\/corten-steel-border-for-garden-150x150.jpg 150w, https:\/\/www.metalgardenpot.com\/wp-content\/uploads\/2025\/12\/corten-steel-border-for-garden-12x12.jpg 12w, https:\/\/www.metalgardenpot.com\/wp-content\/uploads\/2025\/12\/corten-steel-border-for-garden-700x700.jpg 700w, https:\/\/www.metalgardenpot.com\/wp-content\/uploads\/2025\/12\/corten-steel-border-for-garden-100x100.jpg 100w\" sizes=\"(max-width: 750px) 100vw, 750px\" \/>\t\t\t\t\t\t\t\t\t\t\t\t\t\t\t<\/div>\n\t\t\t\t<\/div>\n\t\t\t\t<div class=\"elementor-element elementor-element-b79ce6e elementor-widget elementor-widget-image\" data-id=\"b79ce6e\" data-element_type=\"widget\" data-e-type=\"widget\" data-widget_type=\"image.default\">\n\t\t\t\t<div class=\"elementor-widget-container\">\n\t\t\t\t\t\t\t\t\t\t\t\t\t\t\t<img decoding=\"async\" width=\"750\" height=\"750\" src=\"https:\/\/www.metalgardenpot.com\/wp-content\/uploads\/2025\/12\/corten-steel-lawn-edge.jpg\" class=\"attachment-large size-large wp-image-1295\" alt=\"corten steel lawn edge\" srcset=\"https:\/\/www.metalgardenpot.com\/wp-content\/uploads\/2025\/12\/corten-steel-lawn-edge.jpg 750w, https:\/\/www.metalgardenpot.com\/wp-content\/uploads\/2025\/12\/corten-steel-lawn-edge-300x300.jpg 300w, https:\/\/www.metalgardenpot.com\/wp-content\/uploads\/2025\/12\/corten-steel-lawn-edge-150x150.jpg 150w, https:\/\/www.metalgardenpot.com\/wp-content\/uploads\/2025\/12\/corten-steel-lawn-edge-12x12.jpg 12w, https:\/\/www.metalgardenpot.com\/wp-content\/uploads\/2025\/12\/corten-steel-lawn-edge-700x700.jpg 700w, https:\/\/www.metalgardenpot.com\/wp-content\/uploads\/2025\/12\/corten-steel-lawn-edge-100x100.jpg 100w\" sizes=\"(max-width: 750px) 100vw, 750px\" \/>\t\t\t\t\t\t\t\t\t\t\t\t\t\t\t<\/div>\n\t\t\t\t<\/div>\n\t\t\t\t<div class=\"elementor-element elementor-element-6167c67 elementor-widget elementor-widget-image\" data-id=\"6167c67\" data-element_type=\"widget\" data-e-type=\"widget\" data-widget_type=\"image.default\">\n\t\t\t\t<div class=\"elementor-widget-container\">\n\t\t\t\t\t\t\t\t\t\t\t\t\t\t\t<img decoding=\"async\" width=\"750\" height=\"750\" src=\"https:\/\/www.metalgardenpot.com\/wp-content\/uploads\/2025\/12\/corten-steel-edge.jpg\" class=\"attachment-large size-large wp-image-1296\" alt=\"corten steel edge\" srcset=\"https:\/\/www.metalgardenpot.com\/wp-content\/uploads\/2025\/12\/corten-steel-edge.jpg 750w, https:\/\/www.metalgardenpot.com\/wp-content\/uploads\/2025\/12\/corten-steel-edge-300x300.jpg 300w, https:\/\/www.metalgardenpot.com\/wp-content\/uploads\/2025\/12\/corten-steel-edge-150x150.jpg 150w, https:\/\/www.metalgardenpot.com\/wp-content\/uploads\/2025\/12\/corten-steel-edge-12x12.jpg 12w, https:\/\/www.metalgardenpot.com\/wp-content\/uploads\/2025\/12\/corten-steel-edge-700x700.jpg 700w, https:\/\/www.metalgardenpot.com\/wp-content\/uploads\/2025\/12\/corten-steel-edge-100x100.jpg 100w\" sizes=\"(max-width: 750px) 100vw, 750px\" \/>\t\t\t\t\t\t\t\t\t\t\t\t\t\t\t<\/div>\n\t\t\t\t<\/div>\n\t\t\t\t\t<\/div>\n\t\t\t\t<\/div>\n\t\t<div class=\"elementor-element elementor-element-b38b06b e-flex e-con-boxed e-con e-parent\" data-id=\"b38b06b\" data-element_type=\"container\" data-e-type=\"container\">\n\t\t\t\t\t<div class=\"e-con-inner\">\n\t\t<div class=\"elementor-element elementor-element-ff7bbf2 e-con-full e-flex e-con e-child\" data-id=\"ff7bbf2\" data-element_type=\"container\" data-e-type=\"container\">\n\t\t\t\t<div class=\"elementor-element elementor-element-5fd9f9b elementor-widget elementor-widget-image\" data-id=\"5fd9f9b\" data-element_type=\"widget\" data-e-type=\"widget\" data-widget_type=\"image.default\">\n\t\t\t\t<div class=\"elementor-widget-container\">\n\t\t\t\t\t\t\t\t\t\t\t\t\t\t\t<img loading=\"lazy\" decoding=\"async\" width=\"750\" height=\"562\" src=\"https:\/\/www.metalgardenpot.com\/wp-content\/uploads\/2025\/12\/Garden-Edge.jpg\" class=\"attachment-large size-large wp-image-1297\" alt=\"Garden Edge\" srcset=\"https:\/\/www.metalgardenpot.com\/wp-content\/uploads\/2025\/12\/Garden-Edge.jpg 750w, https:\/\/www.metalgardenpot.com\/wp-content\/uploads\/2025\/12\/Garden-Edge-300x225.jpg 300w, https:\/\/www.metalgardenpot.com\/wp-content\/uploads\/2025\/12\/Garden-Edge-16x12.jpg 16w, https:\/\/www.metalgardenpot.com\/wp-content\/uploads\/2025\/12\/Garden-Edge-700x525.jpg 700w\" sizes=\"(max-width: 750px) 100vw, 750px\" \/>\t\t\t\t\t\t\t\t\t\t\t\t\t\t\t<\/div>\n\t\t\t\t<\/div>\n\t\t\t\t<\/div>\n\t\t<div class=\"elementor-element elementor-element-490bfa0 e-con-full e-flex e-con e-child\" data-id=\"490bfa0\" data-element_type=\"container\" data-e-type=\"container\">\n\t\t\t\t<div class=\"elementor-element elementor-element-bdf2687 elementor-widget elementor-widget-heading\" data-id=\"bdf2687\" data-element_type=\"widget\" data-e-type=\"widget\" data-widget_type=\"heading.default\">\n\t\t\t\t<div class=\"elementor-widget-container\">\n\t\t\t\t\t<h3 class=\"elementor-heading-title elementor-size-default\">Specifikation af kanter i cortenst\u00e5l<\/h3>\t\t\t\t<\/div>\n\t\t\t\t<\/div>\n\t\t\t\t<div class=\"elementor-element elementor-element-d342725 elementor-widget elementor-widget-text-editor\" data-id=\"d342725\" data-element_type=\"widget\" data-e-type=\"widget\" data-widget_type=\"text-editor.default\">\n\t\t\t\t<div class=\"elementor-widget-container\">\n\t\t\t\t\t\t\t\t\t<p>HNJBL tilbyder forskellige specifikationer, der passer til forskellige designkrav, jordbundsforhold og budgetter.<\/p><p>F\u00e5s i:<\/p><p>Tykkelse: 1,5 mm<\/p><p>St\u00f8rrelse:<\/p><p>1075 mm * 195 mm<\/p><p>1070 mm * 150 mm<\/p><p>Farve: Rust, pulverlakeret<\/p>\t\t\t\t\t\t\t\t<\/div>\n\t\t\t\t<\/div>\n\t\t\t\t<\/div>\n\t\t\t\t\t<\/div>\n\t\t\t\t<\/div>\n\t\t<div class=\"elementor-element elementor-element-e62cecf e-flex e-con-boxed e-con e-parent\" data-id=\"e62cecf\" data-element_type=\"container\" data-e-type=\"container\">\n\t\t\t\t\t<div class=\"e-con-inner\">\n\t\t\t\t<div class=\"elementor-element elementor-element-a6628bc elementor-widget elementor-widget-image\" data-id=\"a6628bc\" data-element_type=\"widget\" data-e-type=\"widget\" data-widget_type=\"image.default\">\n\t\t\t\t<div class=\"elementor-widget-container\">\n\t\t\t\t\t\t\t\t\t\t\t\t\t\t\t<img loading=\"lazy\" decoding=\"async\" width=\"750\" height=\"244\" src=\"https:\/\/www.metalgardenpot.com\/wp-content\/uploads\/2025\/12\/lawn-edge.webp\" class=\"attachment-large size-large wp-image-1298\" alt=\"lawn edge\" srcset=\"https:\/\/www.metalgardenpot.com\/wp-content\/uploads\/2025\/12\/lawn-edge.webp 750w, https:\/\/www.metalgardenpot.com\/wp-content\/uploads\/2025\/12\/lawn-edge-300x98.webp 300w, https:\/\/www.metalgardenpot.com\/wp-content\/uploads\/2025\/12\/lawn-edge-18x6.webp 18w, https:\/\/www.metalgardenpot.com\/wp-content\/uploads\/2025\/12\/lawn-edge-700x228.webp 700w\" sizes=\"(max-width: 750px) 100vw, 750px\" \/>\t\t\t\t\t\t\t\t\t\t\t\t\t\t\t<\/div>\n\t\t\t\t<\/div>\n\t\t\t\t<div class=\"elementor-element elementor-element-10ff25a elementor-widget elementor-widget-image\" data-id=\"10ff25a\" data-element_type=\"widget\" data-e-type=\"widget\" data-widget_type=\"image.default\">\n\t\t\t\t<div class=\"elementor-widget-container\">\n\t\t\t\t\t\t\t\t\t\t\t\t\t\t\t<img loading=\"lazy\" decoding=\"async\" width=\"750\" height=\"244\" src=\"https:\/\/www.metalgardenpot.com\/wp-content\/uploads\/2025\/12\/metal-edge.png\" class=\"attachment-large size-large wp-image-1299\" alt=\"metal edge\" srcset=\"https:\/\/www.metalgardenpot.com\/wp-content\/uploads\/2025\/12\/metal-edge.png 750w, https:\/\/www.metalgardenpot.com\/wp-content\/uploads\/2025\/12\/metal-edge-300x98.png 300w, https:\/\/www.metalgardenpot.com\/wp-content\/uploads\/2025\/12\/metal-edge-18x6.png 18w, https:\/\/www.metalgardenpot.com\/wp-content\/uploads\/2025\/12\/metal-edge-700x228.png 700w\" sizes=\"(max-width: 750px) 100vw, 750px\" \/>\t\t\t\t\t\t\t\t\t\t\t\t\t\t\t<\/div>\n\t\t\t\t<\/div>\n\t\t\t\t\t<\/div>\n\t\t\t\t<\/div>\n\t\t<div class=\"elementor-element elementor-element-22d96f7 e-flex e-con-boxed e-con e-parent\" data-id=\"22d96f7\" data-element_type=\"container\" data-e-type=\"container\">\n\t\t\t\t\t<div class=\"e-con-inner\">\n\t\t\t\t<div class=\"elementor-element elementor-element-359f20c elementor-widget elementor-widget-heading\" data-id=\"359f20c\" data-element_type=\"widget\" data-e-type=\"widget\" data-widget_type=\"heading.default\">\n\t\t\t\t<div class=\"elementor-widget-container\">\n\t\t\t\t\t<h2 class=\"elementor-heading-title elementor-size-default\">Enkel og hurtig installation<\/h2>\t\t\t\t<\/div>\n\t\t\t\t<\/div>\n\t\t\t\t<div class=\"elementor-element elementor-element-b871ad6 elementor-widget elementor-widget-text-editor\" data-id=\"b871ad6\" data-element_type=\"widget\" data-e-type=\"widget\" data-widget_type=\"text-editor.default\">\n\t\t\t\t<div class=\"elementor-widget-container\">\n\t\t\t\t\t\t\t\t\t<p>HNJBL-st\u00e5lkanter har et sammenl\u00e5sende samlingssystem med flige til at forbinde sektioner, hvilket betyder, at de er ekstremt hurtige at installere.<\/p><p>Hver kant kan monteres p\u00e5 under 1 minut og holder sig selv godt p\u00e5 plads. Den er utrolig nem at montere, og det eneste v\u00e6rkt\u00f8j, du skal bruge, er en tr\u00e6klods og en hammer.<\/p>\t\t\t\t\t\t\t\t<\/div>\n\t\t\t\t<\/div>\n\t\t\t\t\t<\/div>\n\t\t\t\t<\/div>\n\t\t<div class=\"elementor-element elementor-element-d7aa0a1 e-flex e-con-boxed e-con e-parent\" data-id=\"d7aa0a1\" data-element_type=\"container\" data-e-type=\"container\">\n\t\t\t\t\t<div class=\"e-con-inner\">\n\t\t\t\t<div class=\"elementor-element elementor-element-180165a elementor-widget elementor-widget-image\" data-id=\"180165a\" data-element_type=\"widget\" data-e-type=\"widget\" data-widget_type=\"image.default\">\n\t\t\t\t<div class=\"elementor-widget-container\">\n\t\t\t\t\t\t\t\t\t\t\t\t\t\t\t<img loading=\"lazy\" decoding=\"async\" width=\"750\" height=\"750\" src=\"https:\/\/www.metalgardenpot.com\/wp-content\/uploads\/2025\/12\/corten-edge-border.jpg\" class=\"attachment-large size-large wp-image-1303\" alt=\"corten edge border\" srcset=\"https:\/\/www.metalgardenpot.com\/wp-content\/uploads\/2025\/12\/corten-edge-border.jpg 750w, https:\/\/www.metalgardenpot.com\/wp-content\/uploads\/2025\/12\/corten-edge-border-300x300.jpg 300w, https:\/\/www.metalgardenpot.com\/wp-content\/uploads\/2025\/12\/corten-edge-border-150x150.jpg 150w, https:\/\/www.metalgardenpot.com\/wp-content\/uploads\/2025\/12\/corten-edge-border-12x12.jpg 12w, https:\/\/www.metalgardenpot.com\/wp-content\/uploads\/2025\/12\/corten-edge-border-700x700.jpg 700w, https:\/\/www.metalgardenpot.com\/wp-content\/uploads\/2025\/12\/corten-edge-border-100x100.jpg 100w\" sizes=\"(max-width: 750px) 100vw, 750px\" \/>\t\t\t\t\t\t\t\t\t\t\t\t\t\t\t<\/div>\n\t\t\t\t<\/div>\n\t\t\t\t<div class=\"elementor-element elementor-element-1fb3881 elementor-widget elementor-widget-image\" data-id=\"1fb3881\" data-element_type=\"widget\" data-e-type=\"widget\" data-widget_type=\"image.default\">\n\t\t\t\t<div class=\"elementor-widget-container\">\n\t\t\t\t\t\t\t\t\t\t\t\t\t\t\t<img loading=\"lazy\" decoding=\"async\" width=\"750\" height=\"750\" src=\"https:\/\/www.metalgardenpot.com\/wp-content\/uploads\/2025\/12\/edging-border.jpg\" class=\"attachment-large size-large wp-image-1304\" alt=\"corten steel edge\" srcset=\"https:\/\/www.metalgardenpot.com\/wp-content\/uploads\/2025\/12\/edging-border.jpg 750w, https:\/\/www.metalgardenpot.com\/wp-content\/uploads\/2025\/12\/edging-border-300x300.jpg 300w, https:\/\/www.metalgardenpot.com\/wp-content\/uploads\/2025\/12\/edging-border-150x150.jpg 150w, https:\/\/www.metalgardenpot.com\/wp-content\/uploads\/2025\/12\/edging-border-12x12.jpg 12w, https:\/\/www.metalgardenpot.com\/wp-content\/uploads\/2025\/12\/edging-border-700x700.jpg 700w, https:\/\/www.metalgardenpot.com\/wp-content\/uploads\/2025\/12\/edging-border-100x100.jpg 100w\" sizes=\"(max-width: 750px) 100vw, 750px\" \/>\t\t\t\t\t\t\t\t\t\t\t\t\t\t\t<\/div>\n\t\t\t\t<\/div>\n\t\t\t\t<div class=\"elementor-element elementor-element-03b55a1 elementor-widget elementor-widget-image\" data-id=\"03b55a1\" data-element_type=\"widget\" data-e-type=\"widget\" data-widget_type=\"image.default\">\n\t\t\t\t<div class=\"elementor-widget-container\">\n\t\t\t\t\t\t\t\t\t\t\t\t\t\t\t<img loading=\"lazy\" decoding=\"async\" width=\"750\" height=\"750\" src=\"https:\/\/www.metalgardenpot.com\/wp-content\/uploads\/2025\/12\/Retaining-Plates-1.jpg\" class=\"attachment-large size-large wp-image-1305\" alt=\"\" srcset=\"https:\/\/www.metalgardenpot.com\/wp-content\/uploads\/2025\/12\/Retaining-Plates-1.jpg 750w, https:\/\/www.metalgardenpot.com\/wp-content\/uploads\/2025\/12\/Retaining-Plates-1-300x300.jpg 300w, https:\/\/www.metalgardenpot.com\/wp-content\/uploads\/2025\/12\/Retaining-Plates-1-150x150.jpg 150w, https:\/\/www.metalgardenpot.com\/wp-content\/uploads\/2025\/12\/Retaining-Plates-1-12x12.jpg 12w, https:\/\/www.metalgardenpot.com\/wp-content\/uploads\/2025\/12\/Retaining-Plates-1-700x700.jpg 700w, https:\/\/www.metalgardenpot.com\/wp-content\/uploads\/2025\/12\/Retaining-Plates-1-100x100.jpg 100w\" sizes=\"(max-width: 750px) 100vw, 750px\" \/>\t\t\t\t\t\t\t\t\t\t\t\t\t\t\t<\/div>\n\t\t\t\t<\/div>\n\t\t\t\t<div class=\"elementor-element elementor-element-dd7925a elementor-widget elementor-widget-image\" data-id=\"dd7925a\" data-element_type=\"widget\" data-e-type=\"widget\" data-widget_type=\"image.default\">\n\t\t\t\t<div class=\"elementor-widget-container\">\n\t\t\t\t\t\t\t\t\t\t\t\t\t\t\t<img loading=\"lazy\" decoding=\"async\" width=\"750\" height=\"750\" src=\"https:\/\/www.metalgardenpot.com\/wp-content\/uploads\/2025\/12\/Steel-Lipped-Edging.jpg\" class=\"attachment-large size-large wp-image-1306\" alt=\"Retaining Plates\" srcset=\"https:\/\/www.metalgardenpot.com\/wp-content\/uploads\/2025\/12\/Steel-Lipped-Edging.jpg 750w, https:\/\/www.metalgardenpot.com\/wp-content\/uploads\/2025\/12\/Steel-Lipped-Edging-300x300.jpg 300w, https:\/\/www.metalgardenpot.com\/wp-content\/uploads\/2025\/12\/Steel-Lipped-Edging-150x150.jpg 150w, https:\/\/www.metalgardenpot.com\/wp-content\/uploads\/2025\/12\/Steel-Lipped-Edging-12x12.jpg 12w, https:\/\/www.metalgardenpot.com\/wp-content\/uploads\/2025\/12\/Steel-Lipped-Edging-700x700.jpg 700w, https:\/\/www.metalgardenpot.com\/wp-content\/uploads\/2025\/12\/Steel-Lipped-Edging-100x100.jpg 100w\" sizes=\"(max-width: 750px) 100vw, 750px\" \/>\t\t\t\t\t\t\t\t\t\t\t\t\t\t\t<\/div>\n\t\t\t\t<\/div>\n\t\t\t\t\t<\/div>\n\t\t\t\t<\/div>\n\t\t<div class=\"elementor-element elementor-element-706ca5f e-flex e-con-boxed e-con e-parent\" data-id=\"706ca5f\" data-element_type=\"container\" data-e-type=\"container\">\n\t\t\t\t\t<div class=\"e-con-inner\">\n\t\t\t\t<div class=\"elementor-element elementor-element-ca1b52a elementor-widget elementor-widget-heading\" data-id=\"ca1b52a\" data-element_type=\"widget\" data-e-type=\"widget\" data-widget_type=\"heading.default\">\n\t\t\t\t<div class=\"elementor-widget-container\">\n\t\t\t\t\t<h2 class=\"elementor-heading-title elementor-size-default\">Hvorfor v\u00e6lge HNJBL Corten-kanter?<\/h2>\t\t\t\t<\/div>\n\t\t\t\t<\/div>\n\t\t\t\t<div class=\"elementor-element elementor-element-69552cc elementor-widget elementor-widget-text-editor\" data-id=\"69552cc\" data-element_type=\"widget\" data-e-type=\"widget\" data-widget_type=\"text-editor.default\">\n\t\t\t\t<div class=\"elementor-widget-container\">\n\t\t\t\t\t\t\t\t\t<p>Enest\u00e5ende holdbarhed: Kan modst\u00e5 ekstremt vejr uden at revne eller falme - levetid op til 40-50 \u00e5r, hvilket reducerer udskiftningsomkostningerne med 80% sammenlignet med tr\u00e6.<\/p>\t\t\t\t\t\t\t\t<\/div>\n\t\t\t\t<\/div>\n\t\t\t\t<div class=\"elementor-element elementor-element-675d3d8 elementor-widget elementor-widget-text-editor\" data-id=\"675d3d8\" data-element_type=\"widget\" data-e-type=\"widget\" data-widget_type=\"text-editor.default\">\n\t\t\t\t<div class=\"elementor-widget-container\">\n\t\t\t\t\t\t\t\t\t<p>\u00c6stetik: Udvikler en rig r\u00f8dbrun patina i l\u00f8bet af 6-12 m\u00e5neder og passer perfekt ind i naturlige omgivelser for at skabe rustikke og moderne atmosf\u00e6rer. Kr\u00e6ver ikke yderligere maling!<\/p>\t\t\t\t\t\t\t\t<\/div>\n\t\t\t\t<\/div>\n\t\t\t\t<div class=\"elementor-element elementor-element-d6a1a02 elementor-widget elementor-widget-text-editor\" data-id=\"d6a1a02\" data-element_type=\"widget\" data-e-type=\"widget\" data-widget_type=\"text-editor.default\">\n\t\t\t\t<div class=\"elementor-widget-container\">\n\t\t\t\t\t\t\t\t\t<p>Nem installation: Interlocking-design kan g\u00f8re det muligt for designere at gennemf\u00f8re sm\u00e5 projekter inden for en time.\u00a0<\/p>\t\t\t\t\t\t\t\t<\/div>\n\t\t\t\t<\/div>\n\t\t\t\t<div class=\"elementor-element elementor-element-de45756 elementor-widget elementor-widget-text-editor\" data-id=\"de45756\" data-element_type=\"widget\" data-e-type=\"widget\" data-widget_type=\"text-editor.default\">\n\t\t\t\t<div class=\"elementor-widget-container\">\n\t\t\t\t\t\t\t\t\t<p>Nem installation: Interlocking-design kan g\u00f8re det muligt for designere at gennemf\u00f8re sm\u00e5 projekter inden for en time.\u00a0<\/p>\t\t\t\t\t\t\t\t<\/div>\n\t\t\t\t<\/div>\n\t\t\t\t\t<\/div>\n\t\t\t\t<\/div>\n\t\t\t\t<\/div>","protected":false},"excerpt":{"rendered":"<p>Havekanter i cortenst\u00e5l bruges ofte som afgr\u00e6nsninger i haver og landskaber, hvor de forhindrer jord og grus i at flyde over og g\u00f8r havedesignet smukkere.<\/p>\n<p>Form: lige, buet eller efter behov<\/p>\n<p>H\u00f8j kvalitet - 1,5 mm tykt st\u00e5l<\/p>\n<p>Lang levetid<\/p>\n<p>Let at installere<\/p>\n<p>Milj\u00f8venlig<\/p>","protected":false},"featured_media":1288,"comment_status":"closed","ping_status":"closed","template":"","meta":[],"product_brand":[34],"product_cat":[23],"product_tag":[],"class_list":{"0":"post-1293","1":"product","2":"type-product","3":"status-publish","4":"has-post-thumbnail","6":"product_brand-hnjbl","7":"product_cat-metal-edging","9":"first","10":"instock","11":"shipping-taxable","12":"product-type-simple"},"_links":{"self":[{"href":"https:\/\/www.metalgardenpot.com\/da\/wp-json\/wp\/v2\/product\/1293","targetHints":{"allow":["GET"]}}],"collection":[{"href":"https:\/\/www.metalgardenpot.com\/da\/wp-json\/wp\/v2\/product"}],"about":[{"href":"https:\/\/www.metalgardenpot.com\/da\/wp-json\/wp\/v2\/types\/product"}],"replies":[{"embeddable":true,"href":"https:\/\/www.metalgardenpot.com\/da\/wp-json\/wp\/v2\/comments?post=1293"}],"version-history":[{"count":4,"href":"https:\/\/www.metalgardenpot.com\/da\/wp-json\/wp\/v2\/product\/1293\/revisions"}],"predecessor-version":[{"id":1307,"href":"https:\/\/www.metalgardenpot.com\/da\/wp-json\/wp\/v2\/product\/1293\/revisions\/1307"}],"wp:featuredmedia":[{"embeddable":true,"href":"https:\/\/www.metalgardenpot.com\/da\/wp-json\/wp\/v2\/media\/1288"}],"wp:attachment":[{"href":"https:\/\/www.metalgardenpot.com\/da\/wp-json\/wp\/v2\/media?parent=1293"}],"wp:term":[{"taxonomy":"product_brand","embeddable":true,"href":"https:\/\/www.metalgardenpot.com\/da\/wp-json\/wp\/v2\/product_brand?post=1293"},{"taxonomy":"product_cat","embeddable":true,"href":"https:\/\/www.metalgardenpot.com\/da\/wp-json\/wp\/v2\/product_cat?post=1293"},{"taxonomy":"product_tag","embeddable":true,"href":"https:\/\/www.metalgardenpot.com\/da\/wp-json\/wp\/v2\/product_tag?post=1293"}],"curies":[{"name":"wp","href":"https:\/\/api.w.org\/{rel}","templated":true}]}}