{"id":1383,"date":"2026-01-27T17:17:08","date_gmt":"2026-01-27T09:17:08","guid":{"rendered":"https:\/\/www.metalgardenpot.com\/?post_type=product&#038;p=1383"},"modified":"2026-01-27T17:17:10","modified_gmt":"2026-01-27T09:17:10","slug":"corten-steel-round-planter-boxes","status":"publish","type":"product","link":"https:\/\/www.metalgardenpot.com\/da\/corten-steel-round-planter-boxes\/","title":{"rendered":"Runde plantekasser i cortenst\u00e5l"},"content":{"rendered":"<div data-elementor-type=\"product-post\" data-elementor-id=\"1383\" class=\"elementor elementor-1383\" data-elementor-post-type=\"product\">\n\t\t\t\t<div class=\"elementor-element elementor-element-f813f29 e-flex e-con-boxed e-con e-parent\" data-id=\"f813f29\" data-element_type=\"container\" data-e-type=\"container\">\n\t\t\t\t\t<div class=\"e-con-inner\">\n\t\t\t\t<div class=\"elementor-element elementor-element-d7ce52f elementor-widget elementor-widget-text-editor\" data-id=\"d7ce52f\" data-element_type=\"widget\" data-e-type=\"widget\" data-widget_type=\"text-editor.default\">\n\t\t\t\t<div class=\"elementor-widget-container\">\n\t\t\t\t\t\t\t\t\t<p>Runde plantekasser fremstillet af cortenst\u00e5l kan rumme en r\u00e6kke forskellige blomster og planter og er velegnede til forskellige indend\u00f8rs og udend\u00f8rs rum, herunder stue, g\u00e5rdhave, have, indgangsparti, altan, gade og poolomr\u00e5de. <\/p><p>Med \u00e5rtiers erfaring i gartneribranchen tilbyder HNJBL forskellige typer af runde plantekasser i cortenst\u00e5l. Ud over runde standardformer tilpasser vi runde koniske og elliptiske former eller skaber skulpturelle kunstv\u00e6rker ved at sk\u00e6re og samle cirkul\u00e6re baser med standardtykkelser p\u00e5 1,5-3 mm og h\u00f8jder fra 40-100 cm. M\u00e5lene kan tilpasses fuldt ud for at opfylde specifikke projektkrav.<\/p>\t\t\t\t\t\t\t\t<\/div>\n\t\t\t\t<\/div>\n\t\t\t\t\t<\/div>\n\t\t\t\t<\/div>\n\t\t<div class=\"elementor-element elementor-element-21edb8d e-flex e-con-boxed e-con e-parent\" data-id=\"21edb8d\" data-element_type=\"container\" data-e-type=\"container\">\n\t\t\t\t\t<div class=\"e-con-inner\">\n\t\t\t\t<div class=\"elementor-element elementor-element-991f60a elementor-widget elementor-widget-image\" data-id=\"991f60a\" data-element_type=\"widget\" data-e-type=\"widget\" data-widget_type=\"image.default\">\n\t\t\t\t<div class=\"elementor-widget-container\">\n\t\t\t\t\t\t\t\t\t\t\t\t\t\t\t<img fetchpriority=\"high\" decoding=\"async\" width=\"700\" height=\"700\" src=\"https:\/\/www.metalgardenpot.com\/wp-content\/uploads\/2026\/01\/round-planter-700x700.jpg\" class=\"attachment-woocommerce_single size-woocommerce_single wp-image-1381\" alt=\"Corten Steel Round Planter Boxes\" srcset=\"https:\/\/www.metalgardenpot.com\/wp-content\/uploads\/2026\/01\/round-planter-700x700.jpg 700w, https:\/\/www.metalgardenpot.com\/wp-content\/uploads\/2026\/01\/round-planter-300x300.jpg 300w, https:\/\/www.metalgardenpot.com\/wp-content\/uploads\/2026\/01\/round-planter-150x150.jpg 150w, https:\/\/www.metalgardenpot.com\/wp-content\/uploads\/2026\/01\/round-planter-12x12.jpg 12w, https:\/\/www.metalgardenpot.com\/wp-content\/uploads\/2026\/01\/round-planter-100x100.jpg 100w, https:\/\/www.metalgardenpot.com\/wp-content\/uploads\/2026\/01\/round-planter.jpg 750w\" sizes=\"(max-width: 700px) 100vw, 700px\" \/>\t\t\t\t\t\t\t\t\t\t\t\t\t\t\t<\/div>\n\t\t\t\t<\/div>\n\t\t\t\t<div class=\"elementor-element elementor-element-cd0ed31 elementor-widget elementor-widget-image\" data-id=\"cd0ed31\" data-element_type=\"widget\" data-e-type=\"widget\" data-widget_type=\"image.default\">\n\t\t\t\t<div class=\"elementor-widget-container\">\n\t\t\t\t\t\t\t\t\t\t\t\t\t\t\t<img decoding=\"async\" width=\"700\" height=\"700\" src=\"https:\/\/www.metalgardenpot.com\/wp-content\/uploads\/2026\/01\/round-tapered-planter-700x700.jpg\" class=\"attachment-woocommerce_single size-woocommerce_single wp-image-1382\" alt=\"round tapered planter\" srcset=\"https:\/\/www.metalgardenpot.com\/wp-content\/uploads\/2026\/01\/round-tapered-planter-700x700.jpg 700w, https:\/\/www.metalgardenpot.com\/wp-content\/uploads\/2026\/01\/round-tapered-planter-300x300.jpg 300w, https:\/\/www.metalgardenpot.com\/wp-content\/uploads\/2026\/01\/round-tapered-planter-150x150.jpg 150w, https:\/\/www.metalgardenpot.com\/wp-content\/uploads\/2026\/01\/round-tapered-planter-12x12.jpg 12w, https:\/\/www.metalgardenpot.com\/wp-content\/uploads\/2026\/01\/round-tapered-planter-100x100.jpg 100w, https:\/\/www.metalgardenpot.com\/wp-content\/uploads\/2026\/01\/round-tapered-planter.jpg 750w\" sizes=\"(max-width: 700px) 100vw, 700px\" \/>\t\t\t\t\t\t\t\t\t\t\t\t\t\t\t<\/div>\n\t\t\t\t<\/div>\n\t\t\t\t\t<\/div>\n\t\t\t\t<\/div>\n\t\t<div class=\"elementor-element elementor-element-bbc198a e-flex e-con-boxed e-con e-parent\" data-id=\"bbc198a\" data-element_type=\"container\" data-e-type=\"container\">\n\t\t\t\t\t<div class=\"e-con-inner\">\n\t\t\t\t<div class=\"elementor-element elementor-element-7b4a52a elementor-widget elementor-widget-heading\" data-id=\"7b4a52a\" data-element_type=\"widget\" data-e-type=\"widget\" data-widget_type=\"heading.default\">\n\t\t\t\t<div class=\"elementor-widget-container\">\n\t\t\t\t\t<h2 class=\"elementor-heading-title elementor-size-default\">Runde plantekasser i cortenst\u00e5l Funktioner<\/h2>\t\t\t\t<\/div>\n\t\t\t\t<\/div>\n\t\t\t\t<div class=\"elementor-element elementor-element-0c4ccc2 elementor-widget elementor-widget-text-editor\" data-id=\"0c4ccc2\" data-element_type=\"widget\" data-e-type=\"widget\" data-widget_type=\"text-editor.default\">\n\t\t\t\t<div class=\"elementor-widget-container\">\n\t\t\t\t\t\t\t\t\t<ul><li>Fuldt samlet og svejset<\/li><li>Tilg\u00e6ngelige dr\u00e6nhuller<\/li><li>Tykkelse: 1,5 - 3 mm<\/li><li>Diameter: 40 - 100 cm, eller tilpasset<\/li><li>H\u00f8jde: 40 -100 cm, eller tilpasset<\/li><li>Kan f\u00e5s med eller uden stigb\u00f8jle<\/li><li>Topkant\/l\u00e6befinish<\/li><li>Med tiden dannes der en stabil, ensartet og n\u00e6sten stabil m\u00f8rkebrun eller purpurbrun beskyttende patina p\u00e5 overfladen af forvitringsst\u00e5l.<\/li><\/ul>\t\t\t\t\t\t\t\t<\/div>\n\t\t\t\t<\/div>\n\t\t\t\t\t<\/div>\n\t\t\t\t<\/div>\n\t\t<div class=\"elementor-element elementor-element-d7d49bd e-flex e-con-boxed e-con e-parent\" data-id=\"d7d49bd\" data-element_type=\"container\" data-e-type=\"container\">\n\t\t\t\t\t<div class=\"e-con-inner\">\n\t\t\t\t<div class=\"elementor-element elementor-element-f6d1045 elementor-widget elementor-widget-heading\" data-id=\"f6d1045\" data-element_type=\"widget\" data-e-type=\"widget\" data-widget_type=\"heading.default\">\n\t\t\t\t<div class=\"elementor-widget-container\">\n\t\t\t\t\t<h2 class=\"elementor-heading-title elementor-size-default\">Muligheder for tilpasning af runde planter i cortenst\u00e5l\n<\/h2>\t\t\t\t<\/div>\n\t\t\t\t<\/div>\n\t\t\t\t<div class=\"elementor-element elementor-element-dde199f elementor-widget elementor-widget-text-editor\" data-id=\"dde199f\" data-element_type=\"widget\" data-e-type=\"widget\" data-widget_type=\"text-editor.default\">\n\t\t\t\t<div class=\"elementor-widget-container\">\n\t\t\t\t\t\t\t\t\t<p>Som en f\u00f8rende leverand\u00f8r af planter i cortenst\u00e5l har HNJBL et professionelt designteam; kunderne beh\u00f8ver kun at angive de n\u00f8dvendige parametre som diameter, h\u00f8jde og tykkelse. Vores ingeni\u00f8rteam sikrer fleksibilitet i dimensioner og overfladebehandlinger, samtidig med at vi udf\u00f8rer ordrer med hurtige produktionscyklusser.<\/p>\t\t\t\t\t\t\t\t<\/div>\n\t\t\t\t<\/div>\n\t\t\t\t<div class=\"elementor-element elementor-element-c5be2dc elementor-widget elementor-widget-text-editor\" data-id=\"c5be2dc\" data-element_type=\"widget\" data-e-type=\"widget\" data-widget_type=\"text-editor.default\">\n\t\t\t\t<div class=\"elementor-widget-container\">\n\t\t\t\t\t\t\t\t\t<p><strong>Dimensioner og tykkelse<\/strong><\/p><p>Kan tilpasses til enhver diameter og h\u00f8jde i henhold til projektets krav, med flere muligheder for st\u00e5lpladetykkelse for at im\u00f8dekomme forskellige landskabsrum og belastningskrav.<\/p>\t\t\t\t\t\t\t\t<\/div>\n\t\t\t\t<\/div>\n\t\t\t\t<div class=\"elementor-element elementor-element-2e1f09a elementor-widget elementor-widget-text-editor\" data-id=\"2e1f09a\" data-element_type=\"widget\" data-e-type=\"widget\" data-widget_type=\"text-editor.default\">\n\t\t\t\t<div class=\"elementor-widget-container\">\n\t\t\t\t\t\t\t\t\t<p><strong>Dr\u00e6ning og opgravede f\u00f8dder\/base<\/strong><\/p><p>Der kan reserveres dr\u00e6nhuller i bunden, og der medf\u00f8lger h\u00e6vede f\u00f8dder\/base for at sikre uhindret dr\u00e6ning og j\u00e6vn placering, hvilket fremmer sund plantev\u00e6kst.<\/p>\t\t\t\t\t\t\t\t<\/div>\n\t\t\t\t<\/div>\n\t\t\t\t<div class=\"elementor-element elementor-element-99f734e elementor-widget elementor-widget-text-editor\" data-id=\"99f734e\" data-element_type=\"widget\" data-e-type=\"widget\" data-widget_type=\"text-editor.default\">\n\t\t\t\t<div class=\"elementor-widget-container\">\n\t\t\t\t\t\t\t\t\t<p><strong>Funktionel integration<\/strong><\/p><p>Designet som plantehegn eller b\u00e6nke med forst\u00e6rkede kanter langs den ydre kant. Dette design med to form\u00e5l kombinerer plantefunktionalitet med siddepladser, hvilket giver ekstra anvendelighed i kommercielle komplekser og lignende omgivelser.<\/p>\t\t\t\t\t\t\t\t<\/div>\n\t\t\t\t<\/div>\n\t\t\t\t<div class=\"elementor-element elementor-element-fa581a8 elementor-widget elementor-widget-text-editor\" data-id=\"fa581a8\" data-element_type=\"widget\" data-e-type=\"widget\" data-widget_type=\"text-editor.default\">\n\t\t\t\t<div class=\"elementor-widget-container\">\n\t\t\t\t\t\t\t\t\t<p><strong>Overfladefinish<\/strong><\/p><p>Plantekasser i cortenst\u00e5l f\u00e5s med forvitret behandling og klar forseglingsbel\u00e6gning inden produktion. Forhindrer gennemslag af rust og beskytter tilst\u00f8dende h\u00e5rde overflader mod pletter.<\/p>\t\t\t\t\t\t\t\t<\/div>\n\t\t\t\t<\/div>\n\t\t\t\t\t<\/div>\n\t\t\t\t<\/div>\n\t\t<div class=\"elementor-element elementor-element-d53e7d4 e-flex e-con-boxed e-con e-parent\" data-id=\"d53e7d4\" data-element_type=\"container\" data-e-type=\"container\">\n\t\t\t\t\t<div class=\"e-con-inner\">\n\t\t\t\t<div class=\"elementor-element elementor-element-f919904 elementor-widget elementor-widget-image\" data-id=\"f919904\" data-element_type=\"widget\" data-e-type=\"widget\" data-widget_type=\"image.default\">\n\t\t\t\t<div class=\"elementor-widget-container\">\n\t\t\t\t\t\t\t\t\t\t\t\t\t\t\t<img decoding=\"async\" src=\"https:\/\/www.metalgardenpot.com\/wp-content\/uploads\/elementor\/thumbs\/modern-outdoor-corten-steel-planters-2-r8xh3gj7bytzg4z6eextvbjw9bhgah08tdq73v9e6g.jpg\" title=\"moderne udend\u00f8rs plantekasser i cortenst\u00e5l 2\" alt=\"corten steel planters round\" loading=\"lazy\" \/>\t\t\t\t\t\t\t\t\t\t\t\t\t\t\t<\/div>\n\t\t\t\t<\/div>\n\t\t\t\t<div class=\"elementor-element elementor-element-21839de elementor-widget elementor-widget-image\" data-id=\"21839de\" data-element_type=\"widget\" data-e-type=\"widget\" data-widget_type=\"image.default\">\n\t\t\t\t<div class=\"elementor-widget-container\">\n\t\t\t\t\t\t\t\t\t\t\t\t\t\t\t<img decoding=\"async\" width=\"564\" height=\"564\" src=\"https:\/\/www.metalgardenpot.com\/wp-content\/uploads\/2026\/01\/corten-steel-metal-planter.jpg\" class=\"attachment-full size-full wp-image-1384\" alt=\"corten steel planter\" srcset=\"https:\/\/www.metalgardenpot.com\/wp-content\/uploads\/2026\/01\/corten-steel-metal-planter.jpg 564w, https:\/\/www.metalgardenpot.com\/wp-content\/uploads\/2026\/01\/corten-steel-metal-planter-300x300.jpg 300w, https:\/\/www.metalgardenpot.com\/wp-content\/uploads\/2026\/01\/corten-steel-metal-planter-150x150.jpg 150w, https:\/\/www.metalgardenpot.com\/wp-content\/uploads\/2026\/01\/corten-steel-metal-planter-12x12.jpg 12w, https:\/\/www.metalgardenpot.com\/wp-content\/uploads\/2026\/01\/corten-steel-metal-planter-100x100.jpg 100w, https:\/\/www.metalgardenpot.com\/wp-content\/uploads\/2026\/01\/elementor\/thumbs\/corten-steel-metal-planter-150x150.jpg 700w\" sizes=\"(max-width: 564px) 100vw, 564px\" \/>\t\t\t\t\t\t\t\t\t\t\t\t\t\t\t<\/div>\n\t\t\t\t<\/div>\n\t\t\t\t\t<\/div>\n\t\t\t\t<\/div>\n\t\t<div class=\"elementor-element elementor-element-98d1015 e-flex e-con-boxed e-con e-parent\" data-id=\"98d1015\" data-element_type=\"container\" data-e-type=\"container\">\n\t\t\t\t\t<div class=\"e-con-inner\">\n\t\t\t\t<div class=\"elementor-element elementor-element-42ad7e1 elementor-widget elementor-widget-heading\" data-id=\"42ad7e1\" data-element_type=\"widget\" data-e-type=\"widget\" data-widget_type=\"heading.default\">\n\t\t\t\t<div class=\"elementor-widget-container\">\n\t\t\t\t\t<h3 class=\"elementor-heading-title elementor-size-default\">S\u00e5dan forhindrer du, at blomsterkrukker pletter jorden\uff1f\n<\/h3>\t\t\t\t<\/div>\n\t\t\t\t<\/div>\n\t\t\t\t<div class=\"elementor-element elementor-element-9ee871f elementor-widget elementor-widget-text-editor\" data-id=\"9ee871f\" data-element_type=\"widget\" data-e-type=\"widget\" data-widget_type=\"text-editor.default\">\n\t\t\t\t<div class=\"elementor-widget-container\">\n\t\t\t\t\t\t\t\t\t<ol><li>Fysisk isolering: Placer plantekasserne p\u00e5 materialer, der er modstandsdygtige over for pletter, f.eks. m\u00f8rkt grus, en grusstribe eller bakker.<\/li><li>H\u00e6vede f\u00f8dder\/base: S\u00f8rg for, at potterne har h\u00e6vede f\u00f8dder i bunden, s\u00e5 rustvand kan l\u00f8be v\u00e6k under potten i stedet for at samle sig, hvor pottens kant m\u00f8der jorden.<\/li><li>Forvitret: Plantekrukker, der har gennemg\u00e5et en forvitringsbehandling, kan reducere den f\u00f8rste afstr\u00f8mning af rustvand betydeligt.<\/li><\/ol>\t\t\t\t\t\t\t\t<\/div>\n\t\t\t\t<\/div>\n\t\t\t\t\t<\/div>\n\t\t\t\t<\/div>\n\t\t\t\t<\/div>","protected":false},"excerpt":{"rendered":"<p>Runde plantekasser i cortenst\u00e5l er velegnede til dyrkning af forskellige blomster og planter, ideelle til b\u00e5de privat og kommerciel brug og f\u00e5s i forskellige st\u00f8rrelser, s\u00e5 de passer til dine behov.<\/p>\n<p>Form: Rund, rund tilspidset, elliptisk<\/p>\n<p>Dr\u00e6ning: Valgfrit<\/p>\n<p>Tykkelse: 1,5 - 3 mm<\/p>\n<p>H\u00f8jde: 40 -100 cm<\/p>\n<p>St\u00f8rrelsen kan tilpasses<\/p>","protected":false},"featured_media":1380,"comment_status":"closed","ping_status":"closed","template":"","meta":[],"product_brand":[],"product_cat":[21],"product_tag":[],"class_list":{"0":"post-1383","1":"product","2":"type-product","3":"status-publish","4":"has-post-thumbnail","6":"product_cat-corten-steel-planters","8":"first","9":"instock","10":"shipping-taxable","11":"product-type-simple"},"_links":{"self":[{"href":"https:\/\/www.metalgardenpot.com\/da\/wp-json\/wp\/v2\/product\/1383","targetHints":{"allow":["GET"]}}],"collection":[{"href":"https:\/\/www.metalgardenpot.com\/da\/wp-json\/wp\/v2\/product"}],"about":[{"href":"https:\/\/www.metalgardenpot.com\/da\/wp-json\/wp\/v2\/types\/product"}],"replies":[{"embeddable":true,"href":"https:\/\/www.metalgardenpot.com\/da\/wp-json\/wp\/v2\/comments?post=1383"}],"version-history":[{"count":1,"href":"https:\/\/www.metalgardenpot.com\/da\/wp-json\/wp\/v2\/product\/1383\/revisions"}],"predecessor-version":[{"id":1385,"href":"https:\/\/www.metalgardenpot.com\/da\/wp-json\/wp\/v2\/product\/1383\/revisions\/1385"}],"wp:featuredmedia":[{"embeddable":true,"href":"https:\/\/www.metalgardenpot.com\/da\/wp-json\/wp\/v2\/media\/1380"}],"wp:attachment":[{"href":"https:\/\/www.metalgardenpot.com\/da\/wp-json\/wp\/v2\/media?parent=1383"}],"wp:term":[{"taxonomy":"product_brand","embeddable":true,"href":"https:\/\/www.metalgardenpot.com\/da\/wp-json\/wp\/v2\/product_brand?post=1383"},{"taxonomy":"product_cat","embeddable":true,"href":"https:\/\/www.metalgardenpot.com\/da\/wp-json\/wp\/v2\/product_cat?post=1383"},{"taxonomy":"product_tag","embeddable":true,"href":"https:\/\/www.metalgardenpot.com\/da\/wp-json\/wp\/v2\/product_tag?post=1383"}],"curies":[{"name":"wp","href":"https:\/\/api.w.org\/{rel}","templated":true}]}}