{"id":1454,"date":"2026-04-07T17:14:12","date_gmt":"2026-04-07T09:14:12","guid":{"rendered":"https:\/\/www.metalgardenpot.com\/?post_type=product&#038;p=1454"},"modified":"2026-04-07T17:14:13","modified_gmt":"2026-04-07T09:14:13","slug":"corten-steel-flower-pot","status":"publish","type":"product","link":"https:\/\/www.metalgardenpot.com\/da\/corten-steel-flower-pot\/","title":{"rendered":"Blomsterkrukke i cortenst\u00e5l"},"content":{"rendered":"<div data-elementor-type=\"product-post\" data-elementor-id=\"1454\" class=\"elementor elementor-1454\" data-elementor-post-type=\"product\">\n\t\t\t\t<div class=\"elementor-element elementor-element-6ba6f31 e-flex e-con-boxed e-con e-parent\" data-id=\"6ba6f31\" data-element_type=\"container\" data-e-type=\"container\">\n\t\t\t\t\t<div class=\"e-con-inner\">\n\t\t\t\t<div class=\"elementor-element elementor-element-09468d4 elementor-widget elementor-widget-text-editor\" data-id=\"09468d4\" data-element_type=\"widget\" data-e-type=\"widget\" data-widget_type=\"text-editor.default\">\n\t\t\t\t<div class=\"elementor-widget-container\">\n\t\t\t\t\t\t\t\t\t<p>De fleste udend\u00f8rs planter ser godt ud det f\u00f8rste \u00e5r. Men efter tre \u00e5r? -Kn\u00e6kket, falmet og p\u00e5 vej til skraldespanden.<\/p><p>Blomsterkrukker i cortenst\u00e5l \u00e6ldes ikke - de udvikler sig. Som \u00e5rstiderne skifter, udvikler hver potte sin egen varme, rustfarvede patina. Der er ikke to, der ser helt ens ud. Der kr\u00e6ves ingen vedligeholdelse. Bare varig sk\u00f8nhed, der vokser med din have.<\/p>\t\t\t\t\t\t\t\t<\/div>\n\t\t\t\t<\/div>\n\t\t\t\t\t<\/div>\n\t\t\t\t<\/div>\n\t\t<div class=\"elementor-element elementor-element-de11ce2 e-flex e-con-boxed e-con e-parent\" data-id=\"de11ce2\" data-element_type=\"container\" data-e-type=\"container\">\n\t\t\t\t\t<div class=\"e-con-inner\">\n\t\t\t\t<div class=\"elementor-element elementor-element-42e5902 elementor-widget elementor-widget-heading\" data-id=\"42e5902\" data-element_type=\"widget\" data-e-type=\"widget\" data-widget_type=\"heading.default\">\n\t\t\t\t<div class=\"elementor-widget-container\">\n\t\t\t\t\t<h2 class=\"elementor-heading-title elementor-size-default\">Hvad er cortenst\u00e5l - og hvorfor ruster det med vilje?\n<\/h2>\t\t\t\t<\/div>\n\t\t\t\t<\/div>\n\t\t\t\t<div class=\"elementor-element elementor-element-b54c299 elementor-widget elementor-widget-text-editor\" data-id=\"b54c299\" data-element_type=\"widget\" data-e-type=\"widget\" data-widget_type=\"text-editor.default\">\n\t\t\t\t<div class=\"elementor-widget-container\">\n\t\t\t\t\t\t\t\t\t<p>Cortenst\u00e5l (ogs\u00e5 kaldet vejrligsst\u00e5l) blev oprindeligt udviklet til broer og jernbanevogne, der skulle overleve \u00e5rtiers udend\u00f8rs eksponering - uden et eneste lag maling.<\/p><p>N\u00e5r Corten uds\u00e6ttes for regn og luft, danner det et t\u00e6tbundet oxidlag p\u00e5 overfladen. Dette lag skaller ikke af som almindelig rust - det bliver til et skjold, der stopper dybere korrosion.<\/p><p>Urtepotten bliver faktisk st\u00e6rkere med tiden, samtidig med at den udvikler de varme ravfarvede til dybbrune toner, der g\u00f8r den umiskendeligt smuk.<\/p><ul><li>10 gange l\u00e6ngere levetid end bl\u00f8dt st\u00e5l<\/li><li>3-4 gange l\u00e6ngere end f\u00e6rdigmalet st\u00e5l<\/li><li>Ingen maling, forsegling eller rustbehandling n\u00f8dvendig<\/li><\/ul>\t\t\t\t\t\t\t\t<\/div>\n\t\t\t\t<\/div>\n\t\t\t\t\t<\/div>\n\t\t\t\t<\/div>\n\t\t<div class=\"elementor-element elementor-element-153cec7 e-flex e-con-boxed e-con e-parent\" data-id=\"153cec7\" data-element_type=\"container\" data-e-type=\"container\">\n\t\t\t\t\t<div class=\"e-con-inner\">\n\t\t\t\t<div class=\"elementor-element elementor-element-ee757b1 elementor-widget elementor-widget-image\" data-id=\"ee757b1\" data-element_type=\"widget\" data-e-type=\"widget\" data-widget_type=\"image.default\">\n\t\t\t\t<div class=\"elementor-widget-container\">\n\t\t\t\t\t\t\t\t\t\t\t\t<figure class=\"wp-caption\">\n\t\t\t\t\t\t\t\t\t\t<img decoding=\"async\" width=\"220\" height=\"220\" src=\"https:\/\/www.metalgardenpot.com\/wp-content\/uploads\/2025\/09\/planter.jpg\" class=\"attachment-large size-large wp-image-1199\" alt=\"Corten Steel Flower Pot\" srcset=\"https:\/\/www.metalgardenpot.com\/wp-content\/uploads\/2025\/09\/planter.jpg 220w, https:\/\/www.metalgardenpot.com\/wp-content\/uploads\/2025\/09\/planter-150x150.jpg 150w, https:\/\/www.metalgardenpot.com\/wp-content\/uploads\/2025\/09\/planter-12x12.jpg 12w, https:\/\/www.metalgardenpot.com\/wp-content\/uploads\/2025\/09\/planter-100x100.jpg 100w\" sizes=\"(max-width: 220px) 100vw, 220px\" \/>\t\t\t\t\t\t\t\t\t\t\t<figcaption class=\"widget-image-caption wp-caption-text\">R\u00e5 farve<\/figcaption>\n\t\t\t\t\t\t\t\t\t\t<\/figure>\n\t\t\t\t\t\t\t\t\t<\/div>\n\t\t\t\t<\/div>\n\t\t\t\t<div class=\"elementor-element elementor-element-f29b428 elementor-widget elementor-widget-image\" data-id=\"f29b428\" data-element_type=\"widget\" data-e-type=\"widget\" data-widget_type=\"image.default\">\n\t\t\t\t<div class=\"elementor-widget-container\">\n\t\t\t\t\t\t\t\t\t\t\t\t<figure class=\"wp-caption\">\n\t\t\t\t\t\t\t\t\t\t<img decoding=\"async\" width=\"220\" height=\"220\" src=\"https:\/\/www.metalgardenpot.com\/wp-content\/uploads\/2025\/09\/Rectangular-Planter.jpg\" class=\"attachment-large size-large wp-image-1200\" alt=\"corten flower pot\" srcset=\"https:\/\/www.metalgardenpot.com\/wp-content\/uploads\/2025\/09\/Rectangular-Planter.jpg 220w, https:\/\/www.metalgardenpot.com\/wp-content\/uploads\/2025\/09\/Rectangular-Planter-150x150.jpg 150w, https:\/\/www.metalgardenpot.com\/wp-content\/uploads\/2025\/09\/Rectangular-Planter-12x12.jpg 12w, https:\/\/www.metalgardenpot.com\/wp-content\/uploads\/2025\/09\/Rectangular-Planter-100x100.jpg 100w\" sizes=\"(max-width: 220px) 100vw, 220px\" \/>\t\t\t\t\t\t\t\t\t\t\t<figcaption class=\"widget-image-caption wp-caption-text\">M\u00e5ned 1: Lys st\u00e5lgr\u00e5<\/figcaption>\n\t\t\t\t\t\t\t\t\t\t<\/figure>\n\t\t\t\t\t\t\t\t\t<\/div>\n\t\t\t\t<\/div>\n\t\t\t\t<div class=\"elementor-element elementor-element-2875581 elementor-widget elementor-widget-image\" data-id=\"2875581\" data-element_type=\"widget\" data-e-type=\"widget\" data-widget_type=\"image.default\">\n\t\t\t\t<div class=\"elementor-widget-container\">\n\t\t\t\t\t\t\t\t\t\t\t\t<figure class=\"wp-caption\">\n\t\t\t\t\t\t\t\t\t\t<img decoding=\"async\" width=\"220\" height=\"220\" src=\"https:\/\/www.metalgardenpot.com\/wp-content\/uploads\/2025\/09\/corten-planter-pot.jpg\" class=\"attachment-large size-large wp-image-1201\" alt=\"corten planter pot\" srcset=\"https:\/\/www.metalgardenpot.com\/wp-content\/uploads\/2025\/09\/corten-planter-pot.jpg 220w, https:\/\/www.metalgardenpot.com\/wp-content\/uploads\/2025\/09\/corten-planter-pot-150x150.jpg 150w, https:\/\/www.metalgardenpot.com\/wp-content\/uploads\/2025\/09\/corten-planter-pot-12x12.jpg 12w, https:\/\/www.metalgardenpot.com\/wp-content\/uploads\/2025\/09\/corten-planter-pot-100x100.jpg 100w\" sizes=\"(max-width: 220px) 100vw, 220px\" \/>\t\t\t\t\t\t\t\t\t\t\t<figcaption class=\"widget-image-caption wp-caption-text\">M\u00e5ned 3-6: Orangebrune toner dukker op  <\/figcaption>\n\t\t\t\t\t\t\t\t\t\t<\/figure>\n\t\t\t\t\t\t\t\t\t<\/div>\n\t\t\t\t<\/div>\n\t\t\t\t<div class=\"elementor-element elementor-element-48c9c0e elementor-widget elementor-widget-image\" data-id=\"48c9c0e\" data-element_type=\"widget\" data-e-type=\"widget\" data-widget_type=\"image.default\">\n\t\t\t\t<div class=\"elementor-widget-container\">\n\t\t\t\t\t\t\t\t\t\t\t\t<figure class=\"wp-caption\">\n\t\t\t\t\t\t\t\t\t\t<img loading=\"lazy\" decoding=\"async\" width=\"220\" height=\"220\" src=\"https:\/\/www.metalgardenpot.com\/wp-content\/uploads\/2025\/09\/planter-pot.jpg\" class=\"attachment-large size-large wp-image-1202\" alt=\"planter pot\" srcset=\"https:\/\/www.metalgardenpot.com\/wp-content\/uploads\/2025\/09\/planter-pot.jpg 220w, https:\/\/www.metalgardenpot.com\/wp-content\/uploads\/2025\/09\/planter-pot-150x150.jpg 150w, https:\/\/www.metalgardenpot.com\/wp-content\/uploads\/2025\/09\/planter-pot-12x12.jpg 12w, https:\/\/www.metalgardenpot.com\/wp-content\/uploads\/2025\/09\/planter-pot-100x100.jpg 100w\" sizes=\"(max-width: 220px) 100vw, 220px\" \/>\t\t\t\t\t\t\t\t\t\t\t<figcaption class=\"widget-image-caption wp-caption-text\">M\u00e5ned 6-12: Fyldig, dyb ravfarvet patina  <\/figcaption>\n\t\t\t\t\t\t\t\t\t\t<\/figure>\n\t\t\t\t\t\t\t\t\t<\/div>\n\t\t\t\t<\/div>\n\t\t\t\t\t<\/div>\n\t\t\t\t<\/div>\n\t\t<div class=\"elementor-element elementor-element-b4018d4 e-flex e-con-boxed e-con e-parent\" data-id=\"b4018d4\" data-element_type=\"container\" data-e-type=\"container\">\n\t\t\t\t\t<div class=\"e-con-inner\">\n\t\t\t\t<div class=\"elementor-element elementor-element-6018d1f elementor-widget elementor-widget-heading\" data-id=\"6018d1f\" data-element_type=\"widget\" data-e-type=\"widget\" data-widget_type=\"heading.default\">\n\t\t\t\t<div class=\"elementor-widget-container\">\n\t\t\t\t\t<h2 class=\"elementor-heading-title elementor-size-default\">Hvorfor v\u00e6lge HNJBL Corten Steel Flower Pot?\n<\/h2>\t\t\t\t<\/div>\n\t\t\t\t<\/div>\n\t\t\t\t<div class=\"elementor-element elementor-element-c1595d7 elementor-widget elementor-widget-text-editor\" data-id=\"c1595d7\" data-element_type=\"widget\" data-e-type=\"widget\" data-widget_type=\"text-editor.default\">\n\t\t\t\t<div class=\"elementor-widget-container\">\n\t\t\t\t\t\t\t\t\t<p><strong>Rustfri og r\u00e5dsikker, s\u00e5 holdbar som nogensinde efter ti \u00e5r<\/strong><\/p><p>Funktion: Forvitringsst\u00e5l med selvhelende oxidlag<\/p><p>Fordel: Ingen gennemrustning, ingen omlakering<\/p><p>Et k\u00f8b, der holder l\u00e6ngere end alle de plastik\/keramik\/ler-potter, du nogensinde har ejet<\/p>\t\t\t\t\t\t\t\t<\/div>\n\t\t\t\t<\/div>\n\t\t\t\t<div class=\"elementor-element elementor-element-7a7c939 elementor-widget elementor-widget-text-editor\" data-id=\"7a7c939\" data-element_type=\"widget\" data-e-type=\"widget\" data-widget_type=\"text-editor.default\">\n\t\t\t\t<div class=\"elementor-widget-container\">\n\t\t\t\t\t\t\t\t\t<p><strong>Alsidig stil i harmoni med naturen<\/strong><\/p><p>Funktion: Varm rustpatina i ravfarvede, orange og dybbrune toner<\/p><p>Fordel: Komplimenterer gr\u00f8nne omr\u00e5der, sten, tr\u00e6 og beton p\u00e5 samme m\u00e5de<\/p><p>L\u00f8fter ethvert havelandskabsprojekt fra \u201cp\u00e6nt\u201d til \u201cdesignet\u201d<\/p>\t\t\t\t\t\t\t\t<\/div>\n\t\t\t\t<\/div>\n\t\t\t\t<div class=\"elementor-element elementor-element-e00a4f8 elementor-widget elementor-widget-text-editor\" data-id=\"e00a4f8\" data-element_type=\"widget\" data-e-type=\"widget\" data-widget_type=\"text-editor.default\">\n\t\t\t\t<div class=\"elementor-widget-container\">\n\t\t\t\t\t\t\t\t\t<p><strong>Tilpassede dimensioner til at opfylde projektkrav<\/strong><\/p><p>Funktion: F\u00e5s i rektangul\u00e6re, runde, trug- og hj\u00f8rnestilarter; tilpasset st\u00f8rrelse tilg\u00e6ngelig for bulkordrer<\/p><p>Fordel: Passer n\u00f8jagtigt til den plads, du har, ingen l\u00f8sninger, ingen huller, ingen akavede st\u00f8rrelsesproblemer<\/p>\t\t\t\t\t\t\t\t<\/div>\n\t\t\t\t<\/div>\n\t\t\t\t<div class=\"elementor-element elementor-element-52ba320 elementor-widget elementor-widget-text-editor\" data-id=\"52ba320\" data-element_type=\"widget\" data-e-type=\"widget\" data-widget_type=\"text-editor.default\">\n\t\t\t\t<div class=\"elementor-widget-container\">\n\t\t\t\t\t\t\t\t\t<p><strong>Pre-rustet f\u00f8r levering, med et smukt udseende<\/strong><\/p><p>Funktion: Mulighed for forvitret overflade (accelereret patina)<\/p><p>Fordel: Spring den indledende 3-6 m\u00e5neders forvitringsfase over, ingen orange rustafl\u00f8b p\u00e5 din terrasse<\/p>\t\t\t\t\t\t\t\t<\/div>\n\t\t\t\t<\/div>\n\t\t\t\t<div class=\"elementor-element elementor-element-2201c30 elementor-widget elementor-widget-text-editor\" data-id=\"2201c30\" data-element_type=\"widget\" data-e-type=\"widget\" data-widget_type=\"text-editor.default\">\n\t\t\t\t<div class=\"elementor-widget-container\">\n\t\t\t\t\t\t\t\t\t<p><strong>Pre-rustet f\u00f8r levering, med et smukt udseende<\/strong><\/p><p>Funktion: Mulighed for forvitret overflade (accelereret patina)<\/p><p>Fordel: Spring den indledende 3-6 m\u00e5neders forvitringsfase over, ingen orange rustafl\u00f8b p\u00e5 din terrasse<\/p>\t\t\t\t\t\t\t\t<\/div>\n\t\t\t\t<\/div>\n\t\t\t\t<div class=\"elementor-element elementor-element-a5f9bc8 elementor-widget elementor-widget-text-editor\" data-id=\"a5f9bc8\" data-element_type=\"widget\" data-e-type=\"widget\" data-widget_type=\"text-editor.default\">\n\t\t\t\t<div class=\"elementor-widget-container\">\n\t\t\t\t\t\t\t\t\t<p><strong>Robust konstruktion, langvarig holdbarhed<\/strong><\/p><p>Funktion: 2-3 mm tykt st\u00e5l, med valgfri dr\u00e6nhuller<\/p><p>Fordel: Klarer frost, vind og fuld sol uden at vride sig<\/p><p>De 2 mm tykke forvitrede st\u00e5lplader forventes at have en levetid p\u00e5 op til 35 \u00e5r, hvilket langt overstiger levetiden for almindelige st\u00e5l- eller tr\u00e6planter, og der kr\u00e6ves n\u00e6sten ingen yderligere vedligeholdelse i l\u00f8bet af levetiden.<\/p>\t\t\t\t\t\t\t\t<\/div>\n\t\t\t\t<\/div>\n\t\t\t\t\t<\/div>\n\t\t\t\t<\/div>\n\t\t<div class=\"elementor-element elementor-element-2664d17 e-flex e-con-boxed e-con e-parent\" data-id=\"2664d17\" data-element_type=\"container\" data-e-type=\"container\">\n\t\t\t\t\t<div class=\"e-con-inner\">\n\t\t\t\t<div class=\"elementor-element elementor-element-fb0448f elementor-widget elementor-widget-heading\" data-id=\"fb0448f\" data-element_type=\"widget\" data-e-type=\"widget\" data-widget_type=\"heading.default\">\n\t\t\t\t<div class=\"elementor-widget-container\">\n\t\t\t\t\t<h3 class=\"elementor-heading-title elementor-size-default\">Planter i cortenst\u00e5l mod plast mod galvaniseret<\/h3>\t\t\t\t<\/div>\n\t\t\t\t<\/div>\n\t\t\t\t<div class=\"elementor-element elementor-element-5a1f662 elementor-widget elementor-widget-text-editor\" data-id=\"5a1f662\" data-element_type=\"widget\" data-e-type=\"widget\" data-widget_type=\"text-editor.default\">\n\t\t\t\t<div class=\"elementor-widget-container\">\n\t\t\t\t\t\t\t\t\t<table class=\"table\" border=\"1\"><tbody><tr><td>Funktion<\/td><td><b>Blomsterkrukke i corten<\/b><\/td><td>Plastik<\/td><td>Galvaniseret st\u00e5l<\/td><\/tr><tr><td>Levetid<\/td><td>20-50 \u00e5r<\/td><td>3-7 \u00e5r<\/td><td>10-15 \u00e5r<\/td><\/tr><tr><td>Vedligeholdelse<\/td><td>Lav (ingen)<\/td><td>Kun reng\u00f8ring<\/td><td>Maling hvert 3-5 \u00e5r<\/td><\/tr><tr><td>Modstandsdygtighed over for vejrlig<\/td><td>Fremragende<\/td><td>God (UV falmer)<\/td><td>God (maling)<\/td><\/tr><tr><td>\u00c6stetik over tid<\/td><td>Forbedrer<\/td><td>Nedbrydes<\/td><td>Stabil<\/td><\/tr><tr><td>\u00d8ko-fodaftryk<\/td><td>Lav (ingen bel\u00e6gninger)<\/td><td>H\u00f8j (plastik)<\/td><td>Medium<\/td><\/tr><\/tbody><\/table>\t\t\t\t\t\t\t\t<\/div>\n\t\t\t\t<\/div>\n\t\t\t\t<div class=\"elementor-element elementor-element-a3fc7e2 elementor-widget elementor-widget-text-editor\" data-id=\"a3fc7e2\" data-element_type=\"widget\" data-e-type=\"widget\" data-widget_type=\"text-editor.default\">\n\t\t\t\t<div class=\"elementor-widget-container\">\n\t\t\t\t\t\t\t\t\t<p>Uanset om du skal indrette en privat have, en hotelterrasse eller et kommercielt landskabsprojekt, s\u00e5 har vi den st\u00f8rrelse, stil og m\u00e6ngde, du skal bruge.<\/p><p>Pr\u00f8ve er tilg\u00e6ngelig for inspektion<\/p><p>Tilpassede st\u00f8rrelser og lasersk\u00e5rne m\u00f8nstre f\u00e5s (MOQ: 100 enheder)<\/p><p>Forsendelse over hele verden | Massepriser tilg\u00e6ngelige<\/p>\t\t\t\t\t\t\t\t<\/div>\n\t\t\t\t<\/div>\n\t\t\t\t\t<\/div>\n\t\t\t\t<\/div>\n\t\t\t\t<\/div>","protected":false},"excerpt":{"rendered":"<p>Vejrbestandig urtepotte i cortenst\u00e5l, der udvikler en flot rustpatina med tiden - ingen maling, ingen gennemrustning.<\/p>\n<p>Tilpassede st\u00f8rrelser til r\u00e5dighed<\/p>\n<p>F\u00e5s i rektangul\u00e6re, runde, kvadratiske og hj\u00f8rneformater<\/p>\n<p>Med dr\u00e6nhuller<\/p>","protected":false},"featured_media":1453,"comment_status":"closed","ping_status":"closed","template":"","meta":[],"product_brand":[],"product_cat":[21],"product_tag":[],"class_list":{"0":"post-1454","1":"product","2":"type-product","3":"status-publish","4":"has-post-thumbnail","6":"product_cat-corten-steel-planters","8":"first","9":"instock","10":"shipping-taxable","11":"product-type-simple"},"_links":{"self":[{"href":"https:\/\/www.metalgardenpot.com\/da\/wp-json\/wp\/v2\/product\/1454","targetHints":{"allow":["GET"]}}],"collection":[{"href":"https:\/\/www.metalgardenpot.com\/da\/wp-json\/wp\/v2\/product"}],"about":[{"href":"https:\/\/www.metalgardenpot.com\/da\/wp-json\/wp\/v2\/types\/product"}],"replies":[{"embeddable":true,"href":"https:\/\/www.metalgardenpot.com\/da\/wp-json\/wp\/v2\/comments?post=1454"}],"version-history":[{"count":2,"href":"https:\/\/www.metalgardenpot.com\/da\/wp-json\/wp\/v2\/product\/1454\/revisions"}],"predecessor-version":[{"id":1455,"href":"https:\/\/www.metalgardenpot.com\/da\/wp-json\/wp\/v2\/product\/1454\/revisions\/1455"}],"wp:featuredmedia":[{"embeddable":true,"href":"https:\/\/www.metalgardenpot.com\/da\/wp-json\/wp\/v2\/media\/1453"}],"wp:attachment":[{"href":"https:\/\/www.metalgardenpot.com\/da\/wp-json\/wp\/v2\/media?parent=1454"}],"wp:term":[{"taxonomy":"product_brand","embeddable":true,"href":"https:\/\/www.metalgardenpot.com\/da\/wp-json\/wp\/v2\/product_brand?post=1454"},{"taxonomy":"product_cat","embeddable":true,"href":"https:\/\/www.metalgardenpot.com\/da\/wp-json\/wp\/v2\/product_cat?post=1454"},{"taxonomy":"product_tag","embeddable":true,"href":"https:\/\/www.metalgardenpot.com\/da\/wp-json\/wp\/v2\/product_tag?post=1454"}],"curies":[{"name":"wp","href":"https:\/\/api.w.org\/{rel}","templated":true}]}}