{"id":1236,"date":"2025-11-06T17:05:57","date_gmt":"2025-11-06T09:05:57","guid":{"rendered":"https:\/\/www.metalgardenpot.com\/?post_type=product&#038;p=1236"},"modified":"2025-11-06T17:05:57","modified_gmt":"2025-11-06T09:05:57","slug":"corten-steel-planter-bowl","status":"publish","type":"product","link":"https:\/\/www.metalgardenpot.com\/de\/corten-steel-planter-bowl\/","title":{"rendered":"Pflanzschale aus Cortenstahl"},"content":{"rendered":"<div data-elementor-type=\"product-post\" data-elementor-id=\"1236\" class=\"elementor elementor-1236\" data-elementor-post-type=\"product\">\n\t\t\t\t<div class=\"elementor-element elementor-element-63c253e e-flex e-con-boxed e-con e-parent\" data-id=\"63c253e\" data-element_type=\"container\" data-e-type=\"container\">\n\t\t\t\t\t<div class=\"e-con-inner\">\n\t\t\t\t<div class=\"elementor-element elementor-element-4814bcf elementor-widget elementor-widget-text-editor\" data-id=\"4814bcf\" data-element_type=\"widget\" data-e-type=\"widget\" data-widget_type=\"text-editor.default\">\n\t\t\t\t<div class=\"elementor-widget-container\">\n\t\t\t\t\t\t\t\t\t<p>Die Corten Steel Planter Bowl entwickelt sich in Ihrem Garten und entwickelt eine warme orange-braune Patina, die industrielle St\u00e4rke mit nat\u00fcrlichen Kurven kombiniert - sie ist nicht nur ein Pflanzgef\u00e4\u00df, sondern ein Landschaftselement.<\/p><p>Cortenstahl hat ein unverwechselbares rostiges Aussehen, das auf nat\u00fcrliche Weise eine Schutzschicht bildet und keine zus\u00e4tzliche Wartung erfordert. Wenn er der Luft ausgesetzt wird, entwickelt er allm\u00e4hlich eine Rostpatina, die als Schutzschicht dient und seine Lebensdauer verl\u00e4ngert.<\/p>\t\t\t\t\t\t\t\t<\/div>\n\t\t\t\t<\/div>\n\t\t\t\t\t<\/div>\n\t\t\t\t<\/div>\n\t\t<div class=\"elementor-element elementor-element-5b640aa e-flex e-con-boxed e-con e-parent\" data-id=\"5b640aa\" data-element_type=\"container\" data-e-type=\"container\">\n\t\t\t\t\t<div class=\"e-con-inner\">\n\t\t\t\t<div class=\"elementor-element elementor-element-dd7e749 elementor-widget elementor-widget-image\" data-id=\"dd7e749\" data-element_type=\"widget\" data-e-type=\"widget\" data-widget_type=\"image.default\">\n\t\t\t\t<div class=\"elementor-widget-container\">\n\t\t\t\t\t\t\t\t\t\t\t\t\t\t\t<img fetchpriority=\"high\" decoding=\"async\" width=\"700\" height=\"700\" src=\"https:\/\/www.metalgardenpot.com\/wp-content\/uploads\/2025\/11\/corten-steel-planter.jpg\" class=\"attachment-large size-large wp-image-1239\" alt=\"corten steel planter\" srcset=\"https:\/\/www.metalgardenpot.com\/wp-content\/uploads\/2025\/11\/corten-steel-planter.jpg 700w, https:\/\/www.metalgardenpot.com\/wp-content\/uploads\/2025\/11\/corten-steel-planter-300x300.jpg 300w, https:\/\/www.metalgardenpot.com\/wp-content\/uploads\/2025\/11\/corten-steel-planter-150x150.jpg 150w, https:\/\/www.metalgardenpot.com\/wp-content\/uploads\/2025\/11\/corten-steel-planter-12x12.jpg 12w, https:\/\/www.metalgardenpot.com\/wp-content\/uploads\/2025\/11\/corten-steel-planter-100x100.jpg 100w\" sizes=\"(max-width: 700px) 100vw, 700px\" \/>\t\t\t\t\t\t\t\t\t\t\t\t\t\t\t<\/div>\n\t\t\t\t<\/div>\n\t\t\t\t<div class=\"elementor-element elementor-element-d8a5c84 elementor-widget elementor-widget-image\" data-id=\"d8a5c84\" data-element_type=\"widget\" data-e-type=\"widget\" data-widget_type=\"image.default\">\n\t\t\t\t<div class=\"elementor-widget-container\">\n\t\t\t\t\t\t\t\t\t\t\t\t\t\t\t<img decoding=\"async\" width=\"700\" height=\"700\" src=\"https:\/\/www.metalgardenpot.com\/wp-content\/uploads\/2025\/11\/planter-bowl.jpg\" class=\"attachment-large size-large wp-image-1240\" alt=\"planter bowl\" srcset=\"https:\/\/www.metalgardenpot.com\/wp-content\/uploads\/2025\/11\/planter-bowl.jpg 700w, https:\/\/www.metalgardenpot.com\/wp-content\/uploads\/2025\/11\/planter-bowl-300x300.jpg 300w, https:\/\/www.metalgardenpot.com\/wp-content\/uploads\/2025\/11\/planter-bowl-150x150.jpg 150w, https:\/\/www.metalgardenpot.com\/wp-content\/uploads\/2025\/11\/planter-bowl-12x12.jpg 12w, https:\/\/www.metalgardenpot.com\/wp-content\/uploads\/2025\/11\/planter-bowl-100x100.jpg 100w\" sizes=\"(max-width: 700px) 100vw, 700px\" \/>\t\t\t\t\t\t\t\t\t\t\t\t\t\t\t<\/div>\n\t\t\t\t<\/div>\n\t\t\t\t<div class=\"elementor-element elementor-element-c91ea84 elementor-widget elementor-widget-image\" data-id=\"c91ea84\" data-element_type=\"widget\" data-e-type=\"widget\" data-widget_type=\"image.default\">\n\t\t\t\t<div class=\"elementor-widget-container\">\n\t\t\t\t\t\t\t\t\t\t\t\t\t\t\t<img decoding=\"async\" width=\"700\" height=\"700\" src=\"https:\/\/www.metalgardenpot.com\/wp-content\/uploads\/2025\/11\/planter.jpg\" class=\"attachment-large size-large wp-image-1241\" alt=\"corten steel planter\" srcset=\"https:\/\/www.metalgardenpot.com\/wp-content\/uploads\/2025\/11\/planter.jpg 700w, https:\/\/www.metalgardenpot.com\/wp-content\/uploads\/2025\/11\/planter-300x300.jpg 300w, https:\/\/www.metalgardenpot.com\/wp-content\/uploads\/2025\/11\/planter-150x150.jpg 150w, https:\/\/www.metalgardenpot.com\/wp-content\/uploads\/2025\/11\/planter-12x12.jpg 12w, https:\/\/www.metalgardenpot.com\/wp-content\/uploads\/2025\/11\/planter-100x100.jpg 100w\" sizes=\"(max-width: 700px) 100vw, 700px\" \/>\t\t\t\t\t\t\t\t\t\t\t\t\t\t\t<\/div>\n\t\t\t\t<\/div>\n\t\t\t\t\t<\/div>\n\t\t\t\t<\/div>\n\t\t<div class=\"elementor-element elementor-element-fb814ce e-flex e-con-boxed e-con e-parent\" data-id=\"fb814ce\" data-element_type=\"container\" data-e-type=\"container\">\n\t\t\t\t\t<div class=\"e-con-inner\">\n\t\t\t\t<div class=\"elementor-element elementor-element-b32861c elementor-widget elementor-widget-heading\" data-id=\"b32861c\" data-element_type=\"widget\" data-e-type=\"widget\" data-widget_type=\"heading.default\">\n\t\t\t\t<div class=\"elementor-widget-container\">\n\t\t\t\t\t<h2 class=\"elementor-heading-title elementor-size-default\">Cortenstahl Pflanzschale Spezifikation<\/h2>\t\t\t\t<\/div>\n\t\t\t\t<\/div>\n\t\t\t\t<div class=\"elementor-element elementor-element-e8178d4 elementor-widget elementor-widget-text-editor\" data-id=\"e8178d4\" data-element_type=\"widget\" data-e-type=\"widget\" data-widget_type=\"text-editor.default\">\n\t\t\t\t<div class=\"elementor-widget-container\">\n\t\t\t\t\t\t\t\t\t<table><tbody><tr><td>Produkttyp<\/td><td>Schale,Rund<\/td><\/tr><tr><td>Material<\/td><td>Cortenstahl<\/td><\/tr><tr><td>Dimension<\/td><td>\u03a6800mm, \u03a61000mm, \u03a61200mm; kundenspezifisch<\/td><\/tr><tr><td>Dicke<\/td><td>3mm~5mm; kundenspezifisch<\/td><\/tr><tr><td>Oberfl\u00e4chenbehandlung<\/td><td>Vorgerostet oder naturbelassen, kundenspezifisch<\/td><\/tr><tr><td>Farbe<\/td><td>Rostig rot<\/td><\/tr><tr><td>Zustand der Lieferung<\/td><td>Vollst\u00e4ndig zusammengebaut<\/td><\/tr><tr><td>Prozess<\/td><td>Laserschneiden - Pressen - Polieren - Oberfl\u00e4chenbehandlung - montierte Komponenten und Verpackung<\/td><\/tr><\/tbody><\/table>\t\t\t\t\t\t\t\t<\/div>\n\t\t\t\t<\/div>\n\t\t\t\t\t<\/div>\n\t\t\t\t<\/div>\n\t\t<div class=\"elementor-element elementor-element-e8fb47c e-flex e-con-boxed e-con e-parent\" data-id=\"e8fb47c\" data-element_type=\"container\" data-e-type=\"container\">\n\t\t\t\t\t<div class=\"e-con-inner\">\n\t\t\t\t<div class=\"elementor-element elementor-element-644fe45 elementor-widget elementor-widget-image\" data-id=\"644fe45\" data-element_type=\"widget\" data-e-type=\"widget\" data-widget_type=\"image.default\">\n\t\t\t\t<div class=\"elementor-widget-container\">\n\t\t\t\t\t\t\t\t\t\t\t\t\t\t\t<img loading=\"lazy\" decoding=\"async\" width=\"750\" height=\"340\" src=\"https:\/\/www.metalgardenpot.com\/wp-content\/uploads\/2025\/11\/corten-planter-pot.jpg\" class=\"attachment-medium_large size-medium_large wp-image-1245\" alt=\"corten planter pot\" srcset=\"https:\/\/www.metalgardenpot.com\/wp-content\/uploads\/2025\/11\/corten-planter-pot.jpg 750w, https:\/\/www.metalgardenpot.com\/wp-content\/uploads\/2025\/11\/corten-planter-pot-300x136.jpg 300w, https:\/\/www.metalgardenpot.com\/wp-content\/uploads\/2025\/11\/corten-planter-pot-18x8.jpg 18w, https:\/\/www.metalgardenpot.com\/wp-content\/uploads\/2025\/11\/corten-planter-pot-700x317.jpg 700w\" sizes=\"(max-width: 750px) 100vw, 750px\" \/>\t\t\t\t\t\t\t\t\t\t\t\t\t\t\t<\/div>\n\t\t\t\t<\/div>\n\t\t\t\t\t<\/div>\n\t\t\t\t<\/div>\n\t\t<div class=\"elementor-element elementor-element-0895ea1 e-flex e-con-boxed e-con e-parent\" data-id=\"0895ea1\" data-element_type=\"container\" data-e-type=\"container\">\n\t\t\t\t\t<div class=\"e-con-inner\">\n\t\t<div class=\"elementor-element elementor-element-3aaffbf e-con-full e-flex e-con e-child\" data-id=\"3aaffbf\" data-element_type=\"container\" data-e-type=\"container\">\n\t\t\t\t<div class=\"elementor-element elementor-element-90ac0cc elementor-widget elementor-widget-image\" data-id=\"90ac0cc\" data-element_type=\"widget\" data-e-type=\"widget\" data-widget_type=\"image.default\">\n\t\t\t\t<div class=\"elementor-widget-container\">\n\t\t\t\t\t\t\t\t\t\t\t\t\t\t\t<img loading=\"lazy\" decoding=\"async\" width=\"700\" height=\"700\" src=\"https:\/\/www.metalgardenpot.com\/wp-content\/uploads\/2025\/06\/BOWL-SHAPE-PLANTER.jpg\" class=\"attachment-large size-large wp-image-463\" alt=\"Corten Steel Series Round Bowl Planter\" srcset=\"https:\/\/www.metalgardenpot.com\/wp-content\/uploads\/2025\/06\/BOWL-SHAPE-PLANTER.jpg 700w, https:\/\/www.metalgardenpot.com\/wp-content\/uploads\/2025\/06\/BOWL-SHAPE-PLANTER-300x300.jpg 300w, https:\/\/www.metalgardenpot.com\/wp-content\/uploads\/2025\/06\/BOWL-SHAPE-PLANTER-150x150.jpg 150w, https:\/\/www.metalgardenpot.com\/wp-content\/uploads\/2025\/06\/BOWL-SHAPE-PLANTER-12x12.jpg 12w, https:\/\/www.metalgardenpot.com\/wp-content\/uploads\/2025\/06\/BOWL-SHAPE-PLANTER-100x100.jpg 100w\" sizes=\"(max-width: 700px) 100vw, 700px\" \/>\t\t\t\t\t\t\t\t\t\t\t\t\t\t\t<\/div>\n\t\t\t\t<\/div>\n\t\t\t\t<\/div>\n\t\t<div class=\"elementor-element elementor-element-fb4db39 e-con-full e-flex e-con e-child\" data-id=\"fb4db39\" data-element_type=\"container\" data-e-type=\"container\">\n\t\t\t\t<div class=\"elementor-element elementor-element-87e2594 elementor-widget elementor-widget-heading\" data-id=\"87e2594\" data-element_type=\"widget\" data-e-type=\"widget\" data-widget_type=\"heading.default\">\n\t\t\t\t<div class=\"elementor-widget-container\">\n\t\t\t\t\t<h3 class=\"elementor-heading-title elementor-size-default\">Cortenstahl Vorteil<\/h3>\t\t\t\t<\/div>\n\t\t\t\t<\/div>\n\t\t\t\t<div class=\"elementor-element elementor-element-af72319 elementor-widget elementor-widget-text-editor\" data-id=\"af72319\" data-element_type=\"widget\" data-e-type=\"widget\" data-widget_type=\"text-editor.default\">\n\t\t\t\t<div class=\"elementor-widget-container\">\n\t\t\t\t\t\t\t\t\t<p>Herk\u00f6mmliche Pflanzgef\u00e4\u00dfe aus Holz, Kunststoff oder Standardstahl sind anf\u00e4llig f\u00fcr F\u00e4ulnis, Ausbleichen oder Rost, m\u00fcssen h\u00e4ufig ersetzt oder gewartet werden und erh\u00f6hen die langfristigen Projektkosten. Im Gegensatz dazu ben\u00f6tigt Cortenstahl keine zus\u00e4tzlichen Beschichtungen und kann eine stabile Rostschutzschicht bilden, was den Wartungsbedarf und die Kosten erheblich reduziert.<\/p><p><br \/>Cortenstahl hat eine au\u00dfergew\u00f6hnliche Korrosionsbest\u00e4ndigkeit und Langlebigkeit. Seine 2 mm dicken Stahlplatten k\u00f6nnen mehr als 35 Jahre halten - weit mehr als die Lebensdauer herk\u00f6mmlicher Pflanzgef\u00e4\u00dfe.<\/p>\t\t\t\t\t\t\t\t<\/div>\n\t\t\t\t<\/div>\n\t\t\t\t<\/div>\n\t\t\t\t\t<\/div>\n\t\t\t\t<\/div>\n\t\t<div class=\"elementor-element elementor-element-4f8da70 e-flex e-con-boxed e-con e-parent\" data-id=\"4f8da70\" data-element_type=\"container\" data-e-type=\"container\">\n\t\t\t\t\t<div class=\"e-con-inner\">\n\t\t\t\t<div class=\"elementor-element elementor-element-b1f9094 elementor-widget elementor-widget-text-editor\" data-id=\"b1f9094\" data-element_type=\"widget\" data-e-type=\"widget\" data-widget_type=\"text-editor.default\">\n\t\t\t\t<div class=\"elementor-widget-container\">\n\t\t\t\t\t\t\t\t\t<p>Pflanzgef\u00e4\u00dfe aus Cortenstahl ben\u00f6tigen keine zus\u00e4tzlichen Rostschutzbeschichtungen oder regelm\u00e4\u00dfige Anstriche. Die oberfl\u00e4chliche Rostschicht dient sowohl als Dekoration als auch als Schutzfilm und erfordert praktisch keine Wartung. Im Vergleich zu Pflanzgef\u00e4\u00dfen aus Holz oder Kunststoff ist Cortenstahl haltbarer und umweltfreundlicher.<\/p><p>Da keine toxischen Substanzen ausgewaschen werden, werden nur Spuren von Eisen freigesetzt, die f\u00fcr das Pflanzenwachstum von Vorteil sind, so dass eine Verunreinigung des Bodens oder des Substrats w\u00e4hrend der Anwendung nicht zu bef\u00fcrchten ist.<\/p>\t\t\t\t\t\t\t\t<\/div>\n\t\t\t\t<\/div>\n\t\t\t\t\t<\/div>\n\t\t\t\t<\/div>\n\t\t<div class=\"elementor-element elementor-element-b98fdcc e-flex e-con-boxed e-con e-parent\" data-id=\"b98fdcc\" data-element_type=\"container\" data-e-type=\"container\">\n\t\t\t\t\t<div class=\"e-con-inner\">\n\t\t\t\t<div class=\"elementor-element elementor-element-93cb578 elementor-widget elementor-widget-heading\" data-id=\"93cb578\" data-element_type=\"widget\" data-e-type=\"widget\" data-widget_type=\"heading.default\">\n\t\t\t\t<div class=\"elementor-widget-container\">\n\t\t\t\t\t<h3 class=\"elementor-heading-title elementor-size-default\">Anpassungsdienst\n<\/h3>\t\t\t\t<\/div>\n\t\t\t\t<\/div>\n\t\t\t\t<div class=\"elementor-element elementor-element-8325d4e elementor-widget elementor-widget-text-editor\" data-id=\"8325d4e\" data-element_type=\"widget\" data-e-type=\"widget\" data-widget_type=\"text-editor.default\">\n\t\t\t\t<div class=\"elementor-widget-container\">\n\t\t\t\t\t\t\t\t\t<p>Je nach Projektanforderungen k\u00f6nnen wir Pflanzgef\u00e4\u00dfe mit einem Durchmesser von einigen zehn Zentimetern bis zu mehreren Metern liefern. Verschiedene Formen, darunter schalenf\u00f6rmig, zylindrisch, quadratisch und rechteckig, k\u00f6nnen so gestaltet werden, dass sie den unterschiedlichen Platzverh\u00e4ltnissen und Tragf\u00e4higkeitsanforderungen gerecht werden.<\/p>\t\t\t\t\t\t\t\t<\/div>\n\t\t\t\t<\/div>\n\t\t\t\t\t<\/div>\n\t\t\t\t<\/div>\n\t\t<div class=\"elementor-element elementor-element-2f9b4af e-flex e-con-boxed e-con e-parent\" data-id=\"2f9b4af\" data-element_type=\"container\" data-e-type=\"container\">\n\t\t\t\t\t<div class=\"e-con-inner\">\n\t\t\t\t<div class=\"elementor-element elementor-element-d3dedec elementor-widget elementor-widget-image\" data-id=\"d3dedec\" data-element_type=\"widget\" data-e-type=\"widget\" data-widget_type=\"image.default\">\n\t\t\t\t<div class=\"elementor-widget-container\">\n\t\t\t\t\t\t\t\t\t\t\t\t\t\t\t<img loading=\"lazy\" decoding=\"async\" width=\"700\" height=\"700\" src=\"https:\/\/www.metalgardenpot.com\/wp-content\/uploads\/2025\/06\/round-planters.jpg\" class=\"attachment-large size-large wp-image-458\" alt=\"round planters\" srcset=\"https:\/\/www.metalgardenpot.com\/wp-content\/uploads\/2025\/06\/round-planters.jpg 700w, https:\/\/www.metalgardenpot.com\/wp-content\/uploads\/2025\/06\/round-planters-300x300.jpg 300w, https:\/\/www.metalgardenpot.com\/wp-content\/uploads\/2025\/06\/round-planters-150x150.jpg 150w, https:\/\/www.metalgardenpot.com\/wp-content\/uploads\/2025\/06\/round-planters-12x12.jpg 12w, https:\/\/www.metalgardenpot.com\/wp-content\/uploads\/2025\/06\/round-planters-100x100.jpg 100w\" sizes=\"(max-width: 700px) 100vw, 700px\" \/>\t\t\t\t\t\t\t\t\t\t\t\t\t\t\t<\/div>\n\t\t\t\t<\/div>\n\t\t\t\t<div class=\"elementor-element elementor-element-1e3fb2a elementor-widget elementor-widget-image\" data-id=\"1e3fb2a\" data-element_type=\"widget\" data-e-type=\"widget\" data-widget_type=\"image.default\">\n\t\t\t\t<div class=\"elementor-widget-container\">\n\t\t\t\t\t\t\t\t\t\t\t\t\t\t\t<img loading=\"lazy\" decoding=\"async\" width=\"700\" height=\"700\" src=\"https:\/\/www.metalgardenpot.com\/wp-content\/uploads\/2025\/06\/Square-Planters-1.jpg\" class=\"attachment-large size-large wp-image-470\" alt=\"\" srcset=\"https:\/\/www.metalgardenpot.com\/wp-content\/uploads\/2025\/06\/Square-Planters-1.jpg 700w, https:\/\/www.metalgardenpot.com\/wp-content\/uploads\/2025\/06\/Square-Planters-1-300x300.jpg 300w, https:\/\/www.metalgardenpot.com\/wp-content\/uploads\/2025\/06\/Square-Planters-1-150x150.jpg 150w, https:\/\/www.metalgardenpot.com\/wp-content\/uploads\/2025\/06\/Square-Planters-1-12x12.jpg 12w, https:\/\/www.metalgardenpot.com\/wp-content\/uploads\/2025\/06\/Square-Planters-1-100x100.jpg 100w\" sizes=\"(max-width: 700px) 100vw, 700px\" \/>\t\t\t\t\t\t\t\t\t\t\t\t\t\t\t<\/div>\n\t\t\t\t<\/div>\n\t\t\t\t<div class=\"elementor-element elementor-element-8b190b4 elementor-widget elementor-widget-image\" data-id=\"8b190b4\" data-element_type=\"widget\" data-e-type=\"widget\" data-widget_type=\"image.default\">\n\t\t\t\t<div class=\"elementor-widget-container\">\n\t\t\t\t\t\t\t\t\t\t\t\t\t\t\t<img loading=\"lazy\" decoding=\"async\" width=\"700\" height=\"700\" src=\"https:\/\/www.metalgardenpot.com\/wp-content\/uploads\/2025\/06\/Tall-Tapered-Planters-2.jpg\" class=\"attachment-large size-large wp-image-475\" alt=\"corten steel planter\" srcset=\"https:\/\/www.metalgardenpot.com\/wp-content\/uploads\/2025\/06\/Tall-Tapered-Planters-2.jpg 700w, https:\/\/www.metalgardenpot.com\/wp-content\/uploads\/2025\/06\/Tall-Tapered-Planters-2-300x300.jpg 300w, https:\/\/www.metalgardenpot.com\/wp-content\/uploads\/2025\/06\/Tall-Tapered-Planters-2-150x150.jpg 150w, https:\/\/www.metalgardenpot.com\/wp-content\/uploads\/2025\/06\/Tall-Tapered-Planters-2-12x12.jpg 12w, https:\/\/www.metalgardenpot.com\/wp-content\/uploads\/2025\/06\/Tall-Tapered-Planters-2-100x100.jpg 100w\" sizes=\"(max-width: 700px) 100vw, 700px\" \/>\t\t\t\t\t\t\t\t\t\t\t\t\t\t\t<\/div>\n\t\t\t\t<\/div>\n\t\t\t\t<div class=\"elementor-element elementor-element-a027beb elementor-widget elementor-widget-image\" data-id=\"a027beb\" data-element_type=\"widget\" data-e-type=\"widget\" data-widget_type=\"image.default\">\n\t\t\t\t<div class=\"elementor-widget-container\">\n\t\t\t\t\t\t\t\t\t\t\t\t\t\t\t<img loading=\"lazy\" decoding=\"async\" width=\"750\" height=\"750\" src=\"https:\/\/www.metalgardenpot.com\/wp-content\/uploads\/2025\/06\/Rectangular-Planters.jpg\" class=\"attachment-large size-large wp-image-459\" alt=\"Corten Steel Rectangular Planter\" srcset=\"https:\/\/www.metalgardenpot.com\/wp-content\/uploads\/2025\/06\/Rectangular-Planters.jpg 750w, https:\/\/www.metalgardenpot.com\/wp-content\/uploads\/2025\/06\/Rectangular-Planters-300x300.jpg 300w, https:\/\/www.metalgardenpot.com\/wp-content\/uploads\/2025\/06\/Rectangular-Planters-150x150.jpg 150w, https:\/\/www.metalgardenpot.com\/wp-content\/uploads\/2025\/06\/Rectangular-Planters-12x12.jpg 12w, https:\/\/www.metalgardenpot.com\/wp-content\/uploads\/2025\/06\/Rectangular-Planters-700x700.jpg 700w, https:\/\/www.metalgardenpot.com\/wp-content\/uploads\/2025\/06\/Rectangular-Planters-100x100.jpg 100w\" sizes=\"(max-width: 750px) 100vw, 750px\" \/>\t\t\t\t\t\t\t\t\t\t\t\t\t\t\t<\/div>\n\t\t\t\t<\/div>\n\t\t\t\t\t<\/div>\n\t\t\t\t<\/div>\n\t\t<div class=\"elementor-element elementor-element-244c719 e-flex e-con-boxed e-con e-parent\" data-id=\"244c719\" data-element_type=\"container\" data-e-type=\"container\">\n\t\t\t\t\t<div class=\"e-con-inner\">\n\t\t\t\t<div class=\"elementor-element elementor-element-8bce7d9 elementor-widget elementor-widget-heading\" data-id=\"8bce7d9\" data-element_type=\"widget\" data-e-type=\"widget\" data-widget_type=\"heading.default\">\n\t\t\t\t<div class=\"elementor-widget-container\">\n\t\t\t\t\t<h3 class=\"elementor-heading-title elementor-size-default\">Anmeldung<\/h3>\t\t\t\t<\/div>\n\t\t\t\t<\/div>\n\t\t\t\t<div class=\"elementor-element elementor-element-27af851 elementor-widget elementor-widget-text-editor\" data-id=\"27af851\" data-element_type=\"widget\" data-e-type=\"widget\" data-widget_type=\"text-editor.default\">\n\t\t\t\t<div class=\"elementor-widget-container\">\n\t\t\t\t\t\t\t\t\t<p>Planter Bowl f\u00fcgen sich nahtlos in unterschiedliche R\u00e4ume ein, darunter Gewerbegebiete, \u00f6ffentliche Gr\u00fcnfl\u00e4chen, Landschaften und Wohnh\u00f6fe. Das sich weit \u00f6ffnende Design f\u00f6rdert das Wachstum von Pflanzen und kann auch Beleuchtungs- oder Wasservorhangselemente enthalten.<\/p><p>Pflanzgef\u00e4\u00dfe aus Cortenstahl dienen als gr\u00fcne Dekoration f\u00fcr st\u00e4dtische Pl\u00e4tze und Parkecken, aber auch zur Versch\u00f6nerung von G\u00e4rten, Hotelh\u00f6fen oder Villeneing\u00e4ngen. In gro\u00dfen Pflanzschalen k\u00f6nnen Zierb\u00e4ume und Str\u00e4ucher gepflanzt werden, oder sie dienen als Basis f\u00fcr Blumenbeete und Wasserspiele.<\/p>\t\t\t\t\t\t\t\t<\/div>\n\t\t\t\t<\/div>\n\t\t\t\t\t<\/div>\n\t\t\t\t<\/div>\n\t\t\t\t<\/div>","protected":false},"excerpt":{"rendered":"<p>Die Corten Steel Planter Bowl kombiniert einfache, flie\u00dfende Linien mit robuster Industrie\u00e4sthetik und verbindet nahtlos moderne und nat\u00fcrliche Stile.<\/p>\n<ul>\n<li style=\"list-style-type: none;\">\n<ul>\n<li>Strapazierf\u00e4hig &amp; Langlebig<\/li>\n<li>Mehrere Gr\u00f6\u00dfen<\/li>\n<li>Benutzerdefinierte Dicke<\/li>\n<li>Oberfl\u00e4chenbehandlungen (vorgerostet oder nat\u00fcrliche Patina)<\/li>\n<li>Optionale Entw\u00e4sserungsl\u00f6cher<\/li>\n<\/ul>\n<\/li>\n<\/ul>","protected":false},"featured_media":1238,"comment_status":"closed","ping_status":"closed","template":"","meta":[],"product_brand":[34],"product_cat":[21],"product_tag":[],"class_list":{"0":"post-1236","1":"product","2":"type-product","3":"status-publish","4":"has-post-thumbnail","6":"product_brand-hnjbl","7":"product_cat-corten-steel-planters","9":"first","10":"instock","11":"shipping-taxable","12":"product-type-simple"},"_links":{"self":[{"href":"https:\/\/www.metalgardenpot.com\/de\/wp-json\/wp\/v2\/product\/1236","targetHints":{"allow":["GET"]}}],"collection":[{"href":"https:\/\/www.metalgardenpot.com\/de\/wp-json\/wp\/v2\/product"}],"about":[{"href":"https:\/\/www.metalgardenpot.com\/de\/wp-json\/wp\/v2\/types\/product"}],"replies":[{"embeddable":true,"href":"https:\/\/www.metalgardenpot.com\/de\/wp-json\/wp\/v2\/comments?post=1236"}],"version-history":[{"count":4,"href":"https:\/\/www.metalgardenpot.com\/de\/wp-json\/wp\/v2\/product\/1236\/revisions"}],"predecessor-version":[{"id":1248,"href":"https:\/\/www.metalgardenpot.com\/de\/wp-json\/wp\/v2\/product\/1236\/revisions\/1248"}],"wp:featuredmedia":[{"embeddable":true,"href":"https:\/\/www.metalgardenpot.com\/de\/wp-json\/wp\/v2\/media\/1238"}],"wp:attachment":[{"href":"https:\/\/www.metalgardenpot.com\/de\/wp-json\/wp\/v2\/media?parent=1236"}],"wp:term":[{"taxonomy":"product_brand","embeddable":true,"href":"https:\/\/www.metalgardenpot.com\/de\/wp-json\/wp\/v2\/product_brand?post=1236"},{"taxonomy":"product_cat","embeddable":true,"href":"https:\/\/www.metalgardenpot.com\/de\/wp-json\/wp\/v2\/product_cat?post=1236"},{"taxonomy":"product_tag","embeddable":true,"href":"https:\/\/www.metalgardenpot.com\/de\/wp-json\/wp\/v2\/product_tag?post=1236"}],"curies":[{"name":"wp","href":"https:\/\/api.w.org\/{rel}","templated":true}]}}