{"id":1264,"date":"2025-12-05T15:55:07","date_gmt":"2025-12-05T07:55:07","guid":{"rendered":"https:\/\/www.metalgardenpot.com\/?post_type=product&#038;p=1264"},"modified":"2025-12-05T15:59:48","modified_gmt":"2025-12-05T07:59:48","slug":"aluminum-planter-pot","status":"publish","type":"product","link":"https:\/\/www.metalgardenpot.com\/de\/aluminum-planter-pot\/","title":{"rendered":"Aluminium-Pflanzk\u00fcbel"},"content":{"rendered":"<div data-elementor-type=\"product-post\" data-elementor-id=\"1264\" class=\"elementor elementor-1264\" data-elementor-post-type=\"product\">\n\t\t\t\t<div class=\"elementor-element elementor-element-b56c2dc e-flex e-con-boxed e-con e-parent\" data-id=\"b56c2dc\" data-element_type=\"container\" data-e-type=\"container\">\n\t\t\t\t\t<div class=\"e-con-inner\">\n\t\t\t\t<div class=\"elementor-element elementor-element-ccbc422 elementor-widget elementor-widget-text-editor\" data-id=\"ccbc422\" data-element_type=\"widget\" data-e-type=\"widget\" data-widget_type=\"text-editor.default\">\n\t\t\t\t<div class=\"elementor-widget-container\">\n\t\t\t\t\t\t\t\t\t<p>Aluminium-Pflanzgef\u00e4\u00dfe sind ultraleicht und umweltfreundlich, haben ein modernes und minimalistisches Aussehen und hervorragende physikalische Eigenschaften, die sie zu einer bedeutenden Alternative zu traditionellen Keramik-, Kunststoff- und Holzgef\u00e4\u00dfen machen. Aluminium-Pflanzgef\u00e4\u00dfe werden in der Innenarchitektur, in G\u00e4rten, auf Terrassen und im Landschaftsbau eingesetzt und erf\u00fcllen mit ihrem unverwechselbaren Design und ihrer Funktionalit\u00e4t die unterschiedlichsten Anforderungen.<\/p><p>Alle Aluminium-Pflanzgef\u00e4\u00dfe sind nahtlos verschwei\u00dft und haben glatte, polierte Kanten; die Oberfl\u00e4chenbeschichtung ist gleichm\u00e4\u00dfig aufgetragen, um Haltbarkeit und \u00c4sthetik zu gew\u00e4hrleisten.<\/p>\t\t\t\t\t\t\t\t<\/div>\n\t\t\t\t<\/div>\n\t\t\t\t\t<\/div>\n\t\t\t\t<\/div>\n\t\t<div class=\"elementor-element elementor-element-8cc0a92 e-flex e-con-boxed e-con e-parent\" data-id=\"8cc0a92\" data-element_type=\"container\" data-e-type=\"container\">\n\t\t\t\t\t<div class=\"e-con-inner\">\n\t\t\t\t<div class=\"elementor-element elementor-element-dfc0bc4 elementor-widget elementor-widget-heading\" data-id=\"dfc0bc4\" data-element_type=\"widget\" data-e-type=\"widget\" data-widget_type=\"heading.default\">\n\t\t\t\t<div class=\"elementor-widget-container\">\n\t\t\t\t\t<h2 class=\"elementor-heading-title elementor-size-default\">Langlebige Aluminium-Pflanzgef\u00e4\u00dfe<\/h2>\t\t\t\t<\/div>\n\t\t\t\t<\/div>\n\t\t\t\t<div class=\"elementor-element elementor-element-a949942 elementor-widget elementor-widget-text-editor\" data-id=\"a949942\" data-element_type=\"widget\" data-e-type=\"widget\" data-widget_type=\"text-editor.default\">\n\t\t\t\t<div class=\"elementor-widget-container\">\n\t\t\t\t\t\t\t\t\t<p>Aluminium-Pflanzgef\u00e4\u00dfe werden aus einer hochfesten Aluminiumlegierung hergestellt, die eine leichte Konstruktion mit au\u00dfergew\u00f6hnlicher Haltbarkeit verbindet. Sie sind eloxiert oder mit einer professionellen Pulverbeschichtung f\u00fcr den Au\u00dfenbereich versehen und widerstehen Regen, Schnee, Meeresbrisen und intensiver UV-Bestrahlung. Selbst nach jahrelangem Einsatz im Freien sind sie resistent gegen Ausbleichen, Risse und Rostflecken. Mit ihrer \u00fcberlegenen Korrosions- und Wetterbest\u00e4ndigkeit sind Aluminium-Pflanzgef\u00e4\u00dfe die ideale Wahl f\u00fcr die Landschaftsgestaltung im Freien.<\/p><p>Aluminium ist umweltfreundlich und schadstofffrei; es muss bei normalem Gebrauch nicht regelm\u00e4\u00dfig ausgetauscht oder neu gestrichen werden und ist wartungsarm, was es f\u00fcr Innenr\u00e4ume geeignet macht. Die Pflanzgef\u00e4\u00dfe sind resistent gegen Feuchtigkeitsaufnahme und Rissbildung und lassen sich leicht reinigen und pflegen.<\/p><p>Wenn der \u00dcbertopf auf der Fensterbank steht, schafft das durchdringende Sonnenlicht in Verbindung mit den Gr\u00fcnpflanzen eine warme und einladende Atmosph\u00e4re und bringt lebendige Farben in Ihren Wohnraum.<\/p>\t\t\t\t\t\t\t\t<\/div>\n\t\t\t\t<\/div>\n\t\t\t\t\t<\/div>\n\t\t\t\t<\/div>\n\t\t<div class=\"elementor-element elementor-element-f6c185b e-flex e-con-boxed e-con e-parent\" data-id=\"f6c185b\" data-element_type=\"container\" data-e-type=\"container\">\n\t\t\t\t\t<div class=\"e-con-inner\">\n\t\t\t\t<div class=\"elementor-element elementor-element-5966070 elementor-widget elementor-widget-image\" data-id=\"5966070\" data-element_type=\"widget\" data-e-type=\"widget\" data-widget_type=\"image.default\">\n\t\t\t\t<div class=\"elementor-widget-container\">\n\t\t\t\t\t\t\t\t\t\t\t\t\t\t\t<img fetchpriority=\"high\" decoding=\"async\" width=\"800\" height=\"450\" src=\"https:\/\/www.metalgardenpot.com\/wp-content\/uploads\/2025\/12\/Aluminum-planter-pot.jpg\" class=\"attachment-large size-large wp-image-1262\" alt=\"Aluminum planter pot\" srcset=\"https:\/\/www.metalgardenpot.com\/wp-content\/uploads\/2025\/12\/Aluminum-planter-pot.jpg 900w, https:\/\/www.metalgardenpot.com\/wp-content\/uploads\/2025\/12\/Aluminum-planter-pot-300x169.jpg 300w, https:\/\/www.metalgardenpot.com\/wp-content\/uploads\/2025\/12\/Aluminum-planter-pot-768x432.jpg 768w, https:\/\/www.metalgardenpot.com\/wp-content\/uploads\/2025\/12\/Aluminum-planter-pot-18x10.jpg 18w, https:\/\/www.metalgardenpot.com\/wp-content\/uploads\/2025\/12\/Aluminum-planter-pot-700x394.jpg 700w\" sizes=\"(max-width: 800px) 100vw, 800px\" \/>\t\t\t\t\t\t\t\t\t\t\t\t\t\t\t<\/div>\n\t\t\t\t<\/div>\n\t\t\t\t<div class=\"elementor-element elementor-element-cafee06 elementor-widget elementor-widget-image\" data-id=\"cafee06\" data-element_type=\"widget\" data-e-type=\"widget\" data-widget_type=\"image.default\">\n\t\t\t\t<div class=\"elementor-widget-container\">\n\t\t\t\t\t\t\t\t\t\t\t\t\t\t\t<img decoding=\"async\" width=\"800\" height=\"450\" src=\"https:\/\/www.metalgardenpot.com\/wp-content\/uploads\/2025\/12\/Aluminum-planters.jpg\" class=\"attachment-large size-large wp-image-1261\" alt=\"Aluminum planters\" srcset=\"https:\/\/www.metalgardenpot.com\/wp-content\/uploads\/2025\/12\/Aluminum-planters.jpg 900w, https:\/\/www.metalgardenpot.com\/wp-content\/uploads\/2025\/12\/Aluminum-planters-300x169.jpg 300w, https:\/\/www.metalgardenpot.com\/wp-content\/uploads\/2025\/12\/Aluminum-planters-768x432.jpg 768w, https:\/\/www.metalgardenpot.com\/wp-content\/uploads\/2025\/12\/Aluminum-planters-18x10.jpg 18w, https:\/\/www.metalgardenpot.com\/wp-content\/uploads\/2025\/12\/Aluminum-planters-700x394.jpg 700w\" sizes=\"(max-width: 800px) 100vw, 800px\" \/>\t\t\t\t\t\t\t\t\t\t\t\t\t\t\t<\/div>\n\t\t\t\t<\/div>\n\t\t\t\t\t<\/div>\n\t\t\t\t<\/div>\n\t\t<div class=\"elementor-element elementor-element-f5887b3 e-flex e-con-boxed e-con e-parent\" data-id=\"f5887b3\" data-element_type=\"container\" data-e-type=\"container\">\n\t\t\t\t\t<div class=\"e-con-inner\">\n\t\t\t\t<div class=\"elementor-element elementor-element-7a10ab1 elementor-widget elementor-widget-heading\" data-id=\"7a10ab1\" data-element_type=\"widget\" data-e-type=\"widget\" data-widget_type=\"heading.default\">\n\t\t\t\t<div class=\"elementor-widget-container\">\n\t\t\t\t\t<h2 class=\"elementor-heading-title elementor-size-default\">Custom Aluminium Pflanzgef\u00e4\u00dfe<\/h2>\t\t\t\t<\/div>\n\t\t\t\t<\/div>\n\t\t\t\t<div class=\"elementor-element elementor-element-09b70a7 elementor-widget elementor-widget-text-editor\" data-id=\"09b70a7\" data-element_type=\"widget\" data-e-type=\"widget\" data-widget_type=\"text-editor.default\">\n\t\t\t\t<div class=\"elementor-widget-container\">\n\t\t\t\t\t\t\t\t\t<p>Unterst\u00fctzt umfassende Anpassungen von Abmessungen und Formen bis hin zu Farben, wobei die Produktion auf Kundenzeichnungen basiert; bietet Entw\u00e4sserungsl\u00f6cher an, um den unterschiedlichen Anforderungen des Pflanzenanbaus gerecht zu werden.<\/p><p>Verschiedene Gr\u00f6\u00dfen und Ausf\u00fchrungen: Die H\u00f6he der Pflanzgef\u00e4\u00dfe ist von 30 cm bis 100 cm einstellbar, der Durchmesser kann individuell angepasst werden; die Oberfl\u00e4chen sind pulverbeschichtet oder eloxiert und in modernen Farben wie Schwarz, Silber und Mattwei\u00df erh\u00e4ltlich usw.<\/p>\t\t\t\t\t\t\t\t<\/div>\n\t\t\t\t<\/div>\n\t\t\t\t\t<\/div>\n\t\t\t\t<\/div>\n\t\t<div class=\"elementor-element elementor-element-98d2cc8 e-flex e-con-boxed e-con e-parent\" data-id=\"98d2cc8\" data-element_type=\"container\" data-e-type=\"container\">\n\t\t\t\t\t<div class=\"e-con-inner\">\n\t\t\t\t<div class=\"elementor-element elementor-element-04ad07e elementor-widget elementor-widget-image\" data-id=\"04ad07e\" data-element_type=\"widget\" data-e-type=\"widget\" data-widget_type=\"image.default\">\n\t\t\t\t<div class=\"elementor-widget-container\">\n\t\t\t\t\t\t\t\t\t\t\t\t\t\t\t<img decoding=\"async\" width=\"800\" height=\"450\" src=\"https:\/\/www.metalgardenpot.com\/wp-content\/uploads\/2025\/12\/Aluminum-planter-pots.jpg\" class=\"attachment-large size-large wp-image-1263\" alt=\"Aluminum planters\" srcset=\"https:\/\/www.metalgardenpot.com\/wp-content\/uploads\/2025\/12\/Aluminum-planter-pots.jpg 900w, https:\/\/www.metalgardenpot.com\/wp-content\/uploads\/2025\/12\/Aluminum-planter-pots-300x169.jpg 300w, https:\/\/www.metalgardenpot.com\/wp-content\/uploads\/2025\/12\/Aluminum-planter-pots-768x432.jpg 768w, https:\/\/www.metalgardenpot.com\/wp-content\/uploads\/2025\/12\/Aluminum-planter-pots-18x10.jpg 18w, https:\/\/www.metalgardenpot.com\/wp-content\/uploads\/2025\/12\/Aluminum-planter-pots-700x394.jpg 700w\" sizes=\"(max-width: 800px) 100vw, 800px\" \/>\t\t\t\t\t\t\t\t\t\t\t\t\t\t\t<\/div>\n\t\t\t\t<\/div>\n\t\t\t\t<div class=\"elementor-element elementor-element-8d76e46 elementor-widget elementor-widget-image\" data-id=\"8d76e46\" data-element_type=\"widget\" data-e-type=\"widget\" data-widget_type=\"image.default\">\n\t\t\t\t<div class=\"elementor-widget-container\">\n\t\t\t\t\t\t\t\t\t\t\t\t\t\t\t<img loading=\"lazy\" decoding=\"async\" width=\"800\" height=\"450\" src=\"https:\/\/www.metalgardenpot.com\/wp-content\/uploads\/2025\/12\/Aluminum-Planters-Pots.jpg\" class=\"attachment-large size-large wp-image-1268\" alt=\"Aluminum Planters Pots\" srcset=\"https:\/\/www.metalgardenpot.com\/wp-content\/uploads\/2025\/12\/Aluminum-Planters-Pots.jpg 900w, https:\/\/www.metalgardenpot.com\/wp-content\/uploads\/2025\/12\/Aluminum-Planters-Pots-300x169.jpg 300w, https:\/\/www.metalgardenpot.com\/wp-content\/uploads\/2025\/12\/Aluminum-Planters-Pots-768x432.jpg 768w, https:\/\/www.metalgardenpot.com\/wp-content\/uploads\/2025\/12\/Aluminum-Planters-Pots-18x10.jpg 18w, https:\/\/www.metalgardenpot.com\/wp-content\/uploads\/2025\/12\/Aluminum-Planters-Pots-700x394.jpg 700w\" sizes=\"(max-width: 800px) 100vw, 800px\" \/>\t\t\t\t\t\t\t\t\t\t\t\t\t\t\t<\/div>\n\t\t\t\t<\/div>\n\t\t\t\t<div class=\"elementor-element elementor-element-472bf98 elementor-widget elementor-widget-image\" data-id=\"472bf98\" data-element_type=\"widget\" data-e-type=\"widget\" data-widget_type=\"image.default\">\n\t\t\t\t<div class=\"elementor-widget-container\">\n\t\t\t\t\t\t\t\t\t\t\t\t\t\t\t<img loading=\"lazy\" decoding=\"async\" width=\"800\" height=\"450\" src=\"https:\/\/www.metalgardenpot.com\/wp-content\/uploads\/2025\/12\/Planters-Pots.jpg\" class=\"attachment-large size-large wp-image-1269\" alt=\"Planters Pots\" srcset=\"https:\/\/www.metalgardenpot.com\/wp-content\/uploads\/2025\/12\/Planters-Pots.jpg 900w, https:\/\/www.metalgardenpot.com\/wp-content\/uploads\/2025\/12\/Planters-Pots-300x169.jpg 300w, https:\/\/www.metalgardenpot.com\/wp-content\/uploads\/2025\/12\/Planters-Pots-768x432.jpg 768w, https:\/\/www.metalgardenpot.com\/wp-content\/uploads\/2025\/12\/Planters-Pots-18x10.jpg 18w, https:\/\/www.metalgardenpot.com\/wp-content\/uploads\/2025\/12\/Planters-Pots-700x394.jpg 700w\" sizes=\"(max-width: 800px) 100vw, 800px\" \/>\t\t\t\t\t\t\t\t\t\t\t\t\t\t\t<\/div>\n\t\t\t\t<\/div>\n\t\t\t\t\t<\/div>\n\t\t\t\t<\/div>\n\t\t<div class=\"elementor-element elementor-element-41968ad e-flex e-con-boxed e-con e-parent\" data-id=\"41968ad\" data-element_type=\"container\" data-e-type=\"container\">\n\t\t\t\t\t<div class=\"e-con-inner\">\n\t\t\t\t<div class=\"elementor-element elementor-element-be0effa elementor-widget elementor-widget-heading\" data-id=\"be0effa\" data-element_type=\"widget\" data-e-type=\"widget\" data-widget_type=\"heading.default\">\n\t\t\t\t<div class=\"elementor-widget-container\">\n\t\t\t\t\t<h2 class=\"elementor-heading-title elementor-size-default\">Wie man einen Blumentopf ausw\u00e4hlt<\/h2>\t\t\t\t<\/div>\n\t\t\t\t<\/div>\n\t\t\t\t<div class=\"elementor-element elementor-element-625815a elementor-widget elementor-widget-text-editor\" data-id=\"625815a\" data-element_type=\"widget\" data-e-type=\"widget\" data-widget_type=\"text-editor.default\">\n\t\t\t\t<div class=\"elementor-widget-container\">\n\t\t\t\t\t\t\t\t\t<table class=\"table\" style=\"width: 100%;\" border=\"1\" cellspacing=\"1\" cellpadding=\"1\"><thead><tr><th>Merkmal<\/th><th>Aluminium<\/th><th><a href=\"https:\/\/www.metalgardenpot.com\/de\/stainless-steel-planter-box\/\">Rostfreier Stahl<\/a><\/th><th><a href=\"https:\/\/www.metalgardenpot.com\/de\/corten-steel-outdoor-planters\/\">Cortenstahl<\/a><\/th><\/tr><\/thead><tbody><tr><td>Gewicht<\/td><td>Leichtgewicht<\/td><td>Schwer<\/td><td>Mittleres Gewicht<\/td><\/tr><tr><td>Dauerhaftigkeit<\/td><td>25+ Jahre, Anti-Verformungsbeschichtung<\/td><td>50+ Jahre, kratzempfindlich<\/td><td>30+ Jahre, rostige Oberfl\u00e4che<\/td><\/tr><tr><td>Erscheinungsbild<\/td><td>Matte\/gl\u00e4nzende Oberfl\u00e4che, modernes Design<\/td><td>Spiegelnde Oberfl\u00e4che, aber anf\u00e4llig f\u00fcr Fingerabdr\u00fccke<\/td><td>Rostige Textur, Vintage-Stil<\/td><\/tr><tr><td>Instandhaltungskosten<\/td><td>Niedrig (rostfrei, 50% j\u00e4hrliche Einsparungen)<\/td><td>Mittel (muss poliert werden)<\/td><td>Gering (Rostkontrolle erforderlich)<\/td><\/tr><\/tbody><\/table>\t\t\t\t\t\t\t\t<\/div>\n\t\t\t\t<\/div>\n\t\t\t\t\t<\/div>\n\t\t\t\t<\/div>\n\t\t\t\t<\/div>","protected":false},"excerpt":{"rendered":"<p>Der Aluminium-Pflanzk\u00fcbel ist langlebig und widerstandsf\u00e4hig gegen Witterungseinfl\u00fcsse wie Regen, Schnee oder intensive Sonneneinstrahlung und eignet sich sowohl f\u00fcr den Innen- als auch f\u00fcr den Au\u00dfenbereich.<\/p>\n<p>Form:Trog, Rechteck, Quadrat, W\u00fcrfel, individuell<\/p>\n<p>Gr\u00f6\u00dfe:100*30*55cm, 60*35*60cm, 100*30*60cm, kundenspezifisch<\/p>\n<p>Merkmal:Innen, Au\u00dfen, Platz, Garten, Terrasse, Gewerbe, etc<\/p>","protected":false},"featured_media":1262,"comment_status":"closed","ping_status":"closed","template":"","meta":[],"product_brand":[34],"product_cat":[24],"product_tag":[],"class_list":{"0":"post-1264","1":"product","2":"type-product","3":"status-publish","4":"has-post-thumbnail","6":"product_brand-hnjbl","7":"product_cat-aluminum-planters","9":"first","10":"instock","11":"shipping-taxable","12":"product-type-simple"},"_links":{"self":[{"href":"https:\/\/www.metalgardenpot.com\/de\/wp-json\/wp\/v2\/product\/1264","targetHints":{"allow":["GET"]}}],"collection":[{"href":"https:\/\/www.metalgardenpot.com\/de\/wp-json\/wp\/v2\/product"}],"about":[{"href":"https:\/\/www.metalgardenpot.com\/de\/wp-json\/wp\/v2\/types\/product"}],"replies":[{"embeddable":true,"href":"https:\/\/www.metalgardenpot.com\/de\/wp-json\/wp\/v2\/comments?post=1264"}],"version-history":[{"count":8,"href":"https:\/\/www.metalgardenpot.com\/de\/wp-json\/wp\/v2\/product\/1264\/revisions"}],"predecessor-version":[{"id":1274,"href":"https:\/\/www.metalgardenpot.com\/de\/wp-json\/wp\/v2\/product\/1264\/revisions\/1274"}],"wp:featuredmedia":[{"embeddable":true,"href":"https:\/\/www.metalgardenpot.com\/de\/wp-json\/wp\/v2\/media\/1262"}],"wp:attachment":[{"href":"https:\/\/www.metalgardenpot.com\/de\/wp-json\/wp\/v2\/media?parent=1264"}],"wp:term":[{"taxonomy":"product_brand","embeddable":true,"href":"https:\/\/www.metalgardenpot.com\/de\/wp-json\/wp\/v2\/product_brand?post=1264"},{"taxonomy":"product_cat","embeddable":true,"href":"https:\/\/www.metalgardenpot.com\/de\/wp-json\/wp\/v2\/product_cat?post=1264"},{"taxonomy":"product_tag","embeddable":true,"href":"https:\/\/www.metalgardenpot.com\/de\/wp-json\/wp\/v2\/product_tag?post=1264"}],"curies":[{"name":"wp","href":"https:\/\/api.w.org\/{rel}","templated":true}]}}