{"id":1279,"date":"2025-12-10T16:29:11","date_gmt":"2025-12-10T08:29:11","guid":{"rendered":"https:\/\/www.metalgardenpot.com\/?post_type=product&#038;p=1279"},"modified":"2025-12-10T16:29:11","modified_gmt":"2025-12-10T08:29:11","slug":"aluminum-planters-outdoor","status":"publish","type":"product","link":"https:\/\/www.metalgardenpot.com\/de\/aluminum-planters-outdoor\/","title":{"rendered":"Aluminium-Pflanzgef\u00e4\u00dfe f\u00fcr den Au\u00dfenbereich"},"content":{"rendered":"<div data-elementor-type=\"product-post\" data-elementor-id=\"1279\" class=\"elementor elementor-1279\" data-elementor-post-type=\"product\">\n\t\t\t\t<div class=\"elementor-element elementor-element-c45b256 e-flex e-con-boxed e-con e-parent\" data-id=\"c45b256\" data-element_type=\"container\" data-e-type=\"container\">\n\t\t\t\t\t<div class=\"e-con-inner\">\n\t\t\t\t<div class=\"elementor-element elementor-element-8f7fb28 elementor-widget elementor-widget-text-editor\" data-id=\"8f7fb28\" data-element_type=\"widget\" data-e-type=\"widget\" data-widget_type=\"text-editor.default\">\n\t\t\t\t<div class=\"elementor-widget-container\">\n\t\t\t\t\t\t\t\t\t<p>Aluminium-Pflanzgef\u00e4\u00dfe f\u00fcr den Au\u00dfenbereich werden aus einer hochreinen Aluminiumlegierung hergestellt und durch Biegen und Schwei\u00dfen zu stabilen K\u00e4sten geformt. Die Oberfl\u00e4chen der Pflanzgef\u00e4\u00dfe werden eloxiert oder pulverbeschichtet, um eine dichte Schutzschicht zu erzeugen, die UV-Strahlen und Feuchtigkeitskorrosion vollst\u00e4ndig abh\u00e4lt. Im Gegensatz zur Rostpatina von verwittertem Stahl oder Edelstahl k\u00f6nnen Aluminium-Pflanzgef\u00e4\u00dfe f\u00fcr den Au\u00dfenbereich problemlos \u00fcber 25 Jahre halten, w\u00e4hrend das Gewicht weniger als ein Drittel betr\u00e4gt, wodurch sie leichter zu transportieren sind.<\/p><p>Aluminium-Pflanzgef\u00e4\u00dfe sind rost-, oxidations- und UV-best\u00e4ndig und damit ideal f\u00fcr den langfristigen Einsatz im Freien mit einer Lebensdauer von 10-20 Jahren. Dar\u00fcber hinaus bietet es eine au\u00dfergew\u00f6hnliche Festigkeit und H\u00e4rte, eine hohe Sto\u00dffestigkeit und Tragf\u00e4higkeit, die auch gro\u00dfe Pflanzen ohne Verformung tragen k\u00f6nnen.<\/p>\t\t\t\t\t\t\t\t<\/div>\n\t\t\t\t<\/div>\n\t\t\t\t\t<\/div>\n\t\t\t\t<\/div>\n\t\t<div class=\"elementor-element elementor-element-374bbdf e-flex e-con-boxed e-con e-parent\" data-id=\"374bbdf\" data-element_type=\"container\" data-e-type=\"container\">\n\t\t\t\t\t<div class=\"e-con-inner\">\n\t\t\t\t<div class=\"elementor-element elementor-element-5c2d201 elementor-widget elementor-widget-heading\" data-id=\"5c2d201\" data-element_type=\"widget\" data-e-type=\"widget\" data-widget_type=\"heading.default\">\n\t\t\t\t<div class=\"elementor-widget-container\">\n\t\t\t\t\t<h2 class=\"elementor-heading-title elementor-size-default\">Kundenspezifische Aluminium-Pflanzgef\u00e4\u00dfe f\u00fcr den Au\u00dfenbereich, Aluminium-Pflanzgef\u00e4\u00df<\/h2>\t\t\t\t<\/div>\n\t\t\t\t<\/div>\n\t\t\t\t<div class=\"elementor-element elementor-element-0765ec8 elementor-widget elementor-widget-text-editor\" data-id=\"0765ec8\" data-element_type=\"widget\" data-e-type=\"widget\" data-widget_type=\"text-editor.default\">\n\t\t\t\t<div class=\"elementor-widget-container\">\n\t\t\t\t\t\t\t\t\t<p>Erm\u00f6glicht die Anpassung an verschiedene Formen und Gr\u00f6\u00dfen und fertigt Aluminium-Pflanzgef\u00e4\u00dfe in rechteckiger, quadratischer, zylindrischer, konischer und anderer Form gem\u00e4\u00df den Entwurfszeichnungen. Erh\u00e4ltlich in den Farben Schwarz, Zinn, Wildlederbronze, Metallic-Silber, Wei\u00df gl\u00e4nzend, Metallic-Grau, Wei\u00df und Rostimitat.<\/p><table><tbody><tr><td>H\u00f6he<\/td><td>200 - 400 mm<\/td><td>500 - 700 mm<\/td><td>800 -2000 mm<\/td><\/tr><tr><td>Gr\u00f6\u00dfe, Breite<\/td><td>300 - 500 mm<\/td><td>600 - 900 mm<\/td><td>1000 - 1500 mm<\/td><\/tr><tr><td>Dicke<\/td><td>1 - 3 mm<\/td><td>1 - 3 mm<\/td><td>2 - 4 mm<\/td><\/tr><\/tbody><\/table><p>Die R\u00e4nder der Pflanzgef\u00e4\u00dfe k\u00f6nnen zur Verst\u00e4rkung gebogen werden, wobei das nahtlose Design die Stabilit\u00e4t erh\u00f6ht. Hochwertige Schwei\u00dfn\u00e4hte und Versiegelungen sorgen f\u00fcr Wasserdichtigkeit, erg\u00e4nzt durch optionale Entw\u00e4sserungsl\u00f6cher, die eine ges\u00fcndere Wachstumsumgebung f\u00fcr Pflanzen schaffen und Staun\u00e4sse verhindern.<\/p>\t\t\t\t\t\t\t\t<\/div>\n\t\t\t\t<\/div>\n\t\t\t\t\t<\/div>\n\t\t\t\t<\/div>\n\t\t<div class=\"elementor-element elementor-element-2c44cbc e-flex e-con-boxed e-con e-parent\" data-id=\"2c44cbc\" data-element_type=\"container\" data-e-type=\"container\">\n\t\t\t\t\t<div class=\"e-con-inner\">\n\t\t\t\t<div class=\"elementor-element elementor-element-3b297c2 elementor-widget elementor-widget-image\" data-id=\"3b297c2\" data-element_type=\"widget\" data-e-type=\"widget\" data-widget_type=\"image.default\">\n\t\t\t\t<div class=\"elementor-widget-container\">\n\t\t\t\t\t\t\t\t\t\t\t\t\t\t\t<img fetchpriority=\"high\" decoding=\"async\" width=\"900\" height=\"506\" src=\"https:\/\/www.metalgardenpot.com\/wp-content\/uploads\/2025\/12\/Aluminum-Planters-Outdoor.jpg\" class=\"attachment-full size-full wp-image-1275\" alt=\"Aluminum Planters Outdoor\" srcset=\"https:\/\/www.metalgardenpot.com\/wp-content\/uploads\/2025\/12\/Aluminum-Planters-Outdoor.jpg 900w, https:\/\/www.metalgardenpot.com\/wp-content\/uploads\/2025\/12\/Aluminum-Planters-Outdoor-300x169.jpg 300w, https:\/\/www.metalgardenpot.com\/wp-content\/uploads\/2025\/12\/Aluminum-Planters-Outdoor-768x432.jpg 768w, https:\/\/www.metalgardenpot.com\/wp-content\/uploads\/2025\/12\/Aluminum-Planters-Outdoor-18x10.jpg 18w, https:\/\/www.metalgardenpot.com\/wp-content\/uploads\/2025\/12\/Aluminum-Planters-Outdoor-700x394.jpg 700w\" sizes=\"(max-width: 900px) 100vw, 900px\" \/>\t\t\t\t\t\t\t\t\t\t\t\t\t\t\t<\/div>\n\t\t\t\t<\/div>\n\t\t\t\t<div class=\"elementor-element elementor-element-30a6d41 elementor-widget elementor-widget-image\" data-id=\"30a6d41\" data-element_type=\"widget\" data-e-type=\"widget\" data-widget_type=\"image.default\">\n\t\t\t\t<div class=\"elementor-widget-container\">\n\t\t\t\t\t\t\t\t\t\t\t\t\t\t\t<img decoding=\"async\" width=\"900\" height=\"506\" src=\"https:\/\/www.metalgardenpot.com\/wp-content\/uploads\/2025\/12\/aluminum-planter.jpg\" class=\"attachment-full size-full wp-image-1276\" alt=\"aluminum planter\" srcset=\"https:\/\/www.metalgardenpot.com\/wp-content\/uploads\/2025\/12\/aluminum-planter.jpg 900w, https:\/\/www.metalgardenpot.com\/wp-content\/uploads\/2025\/12\/aluminum-planter-300x169.jpg 300w, https:\/\/www.metalgardenpot.com\/wp-content\/uploads\/2025\/12\/aluminum-planter-768x432.jpg 768w, https:\/\/www.metalgardenpot.com\/wp-content\/uploads\/2025\/12\/aluminum-planter-18x10.jpg 18w, https:\/\/www.metalgardenpot.com\/wp-content\/uploads\/2025\/12\/aluminum-planter-700x394.jpg 700w\" sizes=\"(max-width: 900px) 100vw, 900px\" \/>\t\t\t\t\t\t\t\t\t\t\t\t\t\t\t<\/div>\n\t\t\t\t<\/div>\n\t\t\t\t<div class=\"elementor-element elementor-element-4373d16 elementor-widget elementor-widget-image\" data-id=\"4373d16\" data-element_type=\"widget\" data-e-type=\"widget\" data-widget_type=\"image.default\">\n\t\t\t\t<div class=\"elementor-widget-container\">\n\t\t\t\t\t\t\t\t\t\t\t\t\t\t\t<img decoding=\"async\" width=\"900\" height=\"506\" src=\"https:\/\/www.metalgardenpot.com\/wp-content\/uploads\/2025\/12\/Planters-Pots.jpg\" class=\"attachment-full size-full wp-image-1269\" alt=\"Planters Pots\" srcset=\"https:\/\/www.metalgardenpot.com\/wp-content\/uploads\/2025\/12\/Planters-Pots.jpg 900w, https:\/\/www.metalgardenpot.com\/wp-content\/uploads\/2025\/12\/Planters-Pots-300x169.jpg 300w, https:\/\/www.metalgardenpot.com\/wp-content\/uploads\/2025\/12\/Planters-Pots-768x432.jpg 768w, https:\/\/www.metalgardenpot.com\/wp-content\/uploads\/2025\/12\/Planters-Pots-18x10.jpg 18w, https:\/\/www.metalgardenpot.com\/wp-content\/uploads\/2025\/12\/Planters-Pots-700x394.jpg 700w\" sizes=\"(max-width: 900px) 100vw, 900px\" \/>\t\t\t\t\t\t\t\t\t\t\t\t\t\t\t<\/div>\n\t\t\t\t<\/div>\n\t\t\t\t\t<\/div>\n\t\t\t\t<\/div>\n\t\t<div class=\"elementor-element elementor-element-44c5cab e-flex e-con-boxed e-con e-parent\" data-id=\"44c5cab\" data-element_type=\"container\" data-e-type=\"container\">\n\t\t\t\t\t<div class=\"e-con-inner\">\n\t\t\t\t<div class=\"elementor-element elementor-element-1bac7e9 elementor-widget elementor-widget-heading\" data-id=\"1bac7e9\" data-element_type=\"widget\" data-e-type=\"widget\" data-widget_type=\"heading.default\">\n\t\t\t\t<div class=\"elementor-widget-container\">\n\t\t\t\t\t<h2 class=\"elementor-heading-title elementor-size-default\">Leichte Aluminium-Pflanzgef\u00e4\u00dfe. Leicht zu tragen\n<\/h2>\t\t\t\t<\/div>\n\t\t\t\t<\/div>\n\t\t\t\t<div class=\"elementor-element elementor-element-6fd2f06 elementor-widget elementor-widget-text-editor\" data-id=\"6fd2f06\" data-element_type=\"widget\" data-e-type=\"widget\" data-widget_type=\"text-editor.default\">\n\t\t\t\t<div class=\"elementor-widget-container\">\n\t\t\t\t\t\t\t\t\t<p>Aluminium hat ein sehr gutes Verh\u00e4ltnis von Festigkeit zu Gewicht, mit einer Dichte von nur etwa 1\/3 von Stahl. Sein Gewicht ist weitaus geringer als das traditioneller Pflanzgef\u00e4\u00dfe aus Stahl oder Holz: 30% Gewichtsreduzierung bei gleicher Festigkeit. Es ist bequem zu handhaben, so dass \u00e4ltere Menschen und Frauen es leicht mit einer Hand umstellen k\u00f6nnen.<\/p><p>Im Vergleich zu Stahl rostet Aluminium nicht und erfordert keine Rostschutzbehandlung;<br \/>Im Vergleich zu Beton und Stein ist Aluminium leicht und vibrationsbest\u00e4ndig, was die Installation und Anpassung erleichtert;<br \/>Im Vergleich zu Pflanzgef\u00e4\u00dfen aus Glasfaser oder Holz sind Pflanzgef\u00e4\u00dfe aus Aluminium robuster und sto\u00dffester, leichter zu pflegen und bieten eine l\u00e4ngere strukturelle Lebensdauer.<\/p>\t\t\t\t\t\t\t\t<\/div>\n\t\t\t\t<\/div>\n\t\t\t\t\t<\/div>\n\t\t\t\t<\/div>\n\t\t\t\t<\/div>","protected":false},"excerpt":{"rendered":"<p>Aluminiumwerkstoffe sind von Natur aus rost- und oxidationsbest\u00e4ndig und behalten ihr Aussehen \u00fcber Jahre hinweg in rauen Umgebungen. Mit ihrer ausgezeichneten Festigkeit und H\u00e4rte bieten Aluminium-Pflanzgef\u00e4\u00dfe im Freien eine hervorragende Sto\u00dffestigkeit und Tragf\u00e4higkeit und k\u00f6nnen das Gewicht gro\u00dfer Pflanzen ohne Verformung tragen.<\/p>\n<p>&nbsp;<\/p>\n<p>&nbsp;<\/p>","protected":false},"featured_media":1275,"comment_status":"closed","ping_status":"closed","template":"","meta":[],"product_brand":[34],"product_cat":[24],"product_tag":[],"class_list":{"0":"post-1279","1":"product","2":"type-product","3":"status-publish","4":"has-post-thumbnail","6":"product_brand-hnjbl","7":"product_cat-aluminum-planters","9":"first","10":"instock","11":"shipping-taxable","12":"product-type-simple"},"_links":{"self":[{"href":"https:\/\/www.metalgardenpot.com\/de\/wp-json\/wp\/v2\/product\/1279","targetHints":{"allow":["GET"]}}],"collection":[{"href":"https:\/\/www.metalgardenpot.com\/de\/wp-json\/wp\/v2\/product"}],"about":[{"href":"https:\/\/www.metalgardenpot.com\/de\/wp-json\/wp\/v2\/types\/product"}],"replies":[{"embeddable":true,"href":"https:\/\/www.metalgardenpot.com\/de\/wp-json\/wp\/v2\/comments?post=1279"}],"version-history":[{"count":6,"href":"https:\/\/www.metalgardenpot.com\/de\/wp-json\/wp\/v2\/product\/1279\/revisions"}],"predecessor-version":[{"id":1286,"href":"https:\/\/www.metalgardenpot.com\/de\/wp-json\/wp\/v2\/product\/1279\/revisions\/1286"}],"wp:featuredmedia":[{"embeddable":true,"href":"https:\/\/www.metalgardenpot.com\/de\/wp-json\/wp\/v2\/media\/1275"}],"wp:attachment":[{"href":"https:\/\/www.metalgardenpot.com\/de\/wp-json\/wp\/v2\/media?parent=1279"}],"wp:term":[{"taxonomy":"product_brand","embeddable":true,"href":"https:\/\/www.metalgardenpot.com\/de\/wp-json\/wp\/v2\/product_brand?post=1279"},{"taxonomy":"product_cat","embeddable":true,"href":"https:\/\/www.metalgardenpot.com\/de\/wp-json\/wp\/v2\/product_cat?post=1279"},{"taxonomy":"product_tag","embeddable":true,"href":"https:\/\/www.metalgardenpot.com\/de\/wp-json\/wp\/v2\/product_tag?post=1279"}],"curies":[{"name":"wp","href":"https:\/\/api.w.org\/{rel}","templated":true}]}}