{"id":1310,"date":"2025-12-16T17:18:59","date_gmt":"2025-12-16T09:18:59","guid":{"rendered":"https:\/\/www.metalgardenpot.com\/?post_type=product&#038;p=1310"},"modified":"2026-02-28T17:16:34","modified_gmt":"2026-02-28T09:16:34","slug":"large-stainless-steel-planter-box","status":"publish","type":"product","link":"https:\/\/www.metalgardenpot.com\/de\/large-stainless-steel-planter-box\/","title":{"rendered":"Gro\u00dfer Pflanzk\u00fcbel aus Edelstahl"},"content":{"rendered":"<div data-elementor-type=\"product-post\" data-elementor-id=\"1310\" class=\"elementor elementor-1310\" data-elementor-post-type=\"product\">\n\t\t\t\t<div class=\"elementor-element elementor-element-7bda2ba e-flex e-con-boxed e-con e-parent\" data-id=\"7bda2ba\" data-element_type=\"container\" data-e-type=\"container\">\n\t\t\t\t\t<div class=\"e-con-inner\">\n\t\t\t\t<div class=\"elementor-element elementor-element-bf42679 elementor-widget elementor-widget-text-editor\" data-id=\"bf42679\" data-element_type=\"widget\" data-e-type=\"widget\" data-widget_type=\"text-editor.default\">\n\t\t\t\t<div class=\"elementor-widget-container\">\n\t\t\t\t\t\t\t\t\t<p>Wir bieten gro\u00dfe Pflanzgef\u00e4\u00dfe aus Edelstahl f\u00fcr Hoteleing\u00e4nge, kommerzielle Pl\u00e4tze, G\u00e4rten und Wohnh\u00e4user. Erh\u00e4ltlich in den Qualit\u00e4ten 304\/316 mit spiegelnder, geb\u00fcrsteter, satinierter oder pulverbeschichteter Oberfl\u00e4che, anpassbar in verschiedenen Gr\u00f6\u00dfen und Strukturen je nach Projektspezifikation. Alle gro\u00dfen Pflanzk\u00e4sten aus Edelstahl werden mit TIG-Pr\u00e4zisionsschwei\u00dfen, Entgraten, Schleifen und Passivierung behandelt.<\/p><p>Perfekt, um die freie Natur ins Haus zu holen. Das moderne Design f\u00fcgt sich m\u00fchelos in jedes Wohnambiente ein, und die ungiftigen Eigenschaften des Edelstahls erlauben die Aufstellung auf Balkonen, Fensterb\u00e4nken, in Wohnzimmern und vielem mehr. Die Pflanzk\u00e4sten sind ideal f\u00fcr die Anzucht von Sukkulenten, Gr\u00e4sern und kleinen Pflanzen und werten Ihren Innengarten auf.<\/p>\t\t\t\t\t\t\t\t<\/div>\n\t\t\t\t<\/div>\n\t\t\t\t\t<\/div>\n\t\t\t\t<\/div>\n\t\t<div class=\"elementor-element elementor-element-68091de e-flex e-con-boxed e-con e-parent\" data-id=\"68091de\" data-element_type=\"container\" data-e-type=\"container\">\n\t\t\t\t\t<div class=\"e-con-inner\">\n\t\t\t\t<div class=\"elementor-element elementor-element-e684fad elementor-widget elementor-widget-image\" data-id=\"e684fad\" data-element_type=\"widget\" data-e-type=\"widget\" data-widget_type=\"image.default\">\n\t\t\t\t<div class=\"elementor-widget-container\">\n\t\t\t\t\t\t\t\t\t\t\t\t\t\t\t<img fetchpriority=\"high\" decoding=\"async\" width=\"800\" height=\"450\" src=\"https:\/\/www.metalgardenpot.com\/wp-content\/uploads\/2025\/12\/large-stainless-steel-planters-outdoor.jpg\" class=\"attachment-large size-large wp-image-1308\" alt=\"stainless steel planter box\" srcset=\"https:\/\/www.metalgardenpot.com\/wp-content\/uploads\/2025\/12\/large-stainless-steel-planters-outdoor.jpg 900w, https:\/\/www.metalgardenpot.com\/wp-content\/uploads\/2025\/12\/large-stainless-steel-planters-outdoor-300x169.jpg 300w, https:\/\/www.metalgardenpot.com\/wp-content\/uploads\/2025\/12\/large-stainless-steel-planters-outdoor-768x432.jpg 768w, https:\/\/www.metalgardenpot.com\/wp-content\/uploads\/2025\/12\/large-stainless-steel-planters-outdoor-18x10.jpg 18w, https:\/\/www.metalgardenpot.com\/wp-content\/uploads\/2025\/12\/large-stainless-steel-planters-outdoor-700x394.jpg 700w\" sizes=\"(max-width: 800px) 100vw, 800px\" \/>\t\t\t\t\t\t\t\t\t\t\t\t\t\t\t<\/div>\n\t\t\t\t<\/div>\n\t\t\t\t<div class=\"elementor-element elementor-element-d0b7ea4 elementor-widget elementor-widget-image\" data-id=\"d0b7ea4\" data-element_type=\"widget\" data-e-type=\"widget\" data-widget_type=\"image.default\">\n\t\t\t\t<div class=\"elementor-widget-container\">\n\t\t\t\t\t\t\t\t\t\t\t\t\t\t\t<img decoding=\"async\" width=\"800\" height=\"450\" src=\"https:\/\/www.metalgardenpot.com\/wp-content\/uploads\/2025\/11\/stainless-steel-planter.webp\" class=\"attachment-large size-large wp-image-1256\" alt=\"stainless steel planter\" srcset=\"https:\/\/www.metalgardenpot.com\/wp-content\/uploads\/2025\/11\/stainless-steel-planter.webp 900w, https:\/\/www.metalgardenpot.com\/wp-content\/uploads\/2025\/11\/stainless-steel-planter-300x169.webp 300w, https:\/\/www.metalgardenpot.com\/wp-content\/uploads\/2025\/11\/stainless-steel-planter-768x432.webp 768w, https:\/\/www.metalgardenpot.com\/wp-content\/uploads\/2025\/11\/stainless-steel-planter-18x10.webp 18w, https:\/\/www.metalgardenpot.com\/wp-content\/uploads\/2025\/11\/stainless-steel-planter-700x394.webp 700w\" sizes=\"(max-width: 800px) 100vw, 800px\" \/>\t\t\t\t\t\t\t\t\t\t\t\t\t\t\t<\/div>\n\t\t\t\t<\/div>\n\t\t\t\t<div class=\"elementor-element elementor-element-33ed884 elementor-widget elementor-widget-image\" data-id=\"33ed884\" data-element_type=\"widget\" data-e-type=\"widget\" data-widget_type=\"image.default\">\n\t\t\t\t<div class=\"elementor-widget-container\">\n\t\t\t\t\t\t\t\t\t\t\t\t\t\t\t<img decoding=\"async\" width=\"800\" height=\"450\" src=\"https:\/\/www.metalgardenpot.com\/wp-content\/uploads\/2025\/11\/Stainless-Steel-Planter-Box.webp\" class=\"attachment-large size-large wp-image-1255\" alt=\"Stainless Steel Planter Box\" srcset=\"https:\/\/www.metalgardenpot.com\/wp-content\/uploads\/2025\/11\/Stainless-Steel-Planter-Box.webp 900w, https:\/\/www.metalgardenpot.com\/wp-content\/uploads\/2025\/11\/Stainless-Steel-Planter-Box-300x169.webp 300w, https:\/\/www.metalgardenpot.com\/wp-content\/uploads\/2025\/11\/Stainless-Steel-Planter-Box-768x432.webp 768w, https:\/\/www.metalgardenpot.com\/wp-content\/uploads\/2025\/11\/Stainless-Steel-Planter-Box-18x10.webp 18w, https:\/\/www.metalgardenpot.com\/wp-content\/uploads\/2025\/11\/Stainless-Steel-Planter-Box-700x394.webp 700w\" sizes=\"(max-width: 800px) 100vw, 800px\" \/>\t\t\t\t\t\t\t\t\t\t\t\t\t\t\t<\/div>\n\t\t\t\t<\/div>\n\t\t\t\t\t<\/div>\n\t\t\t\t<\/div>\n\t\t<div class=\"elementor-element elementor-element-3eda63b e-flex e-con-boxed e-con e-parent\" data-id=\"3eda63b\" data-element_type=\"container\" data-e-type=\"container\">\n\t\t\t\t\t<div class=\"e-con-inner\">\n\t\t\t\t<div class=\"elementor-element elementor-element-725bf10 elementor-widget elementor-widget-heading\" data-id=\"725bf10\" data-element_type=\"widget\" data-e-type=\"widget\" data-widget_type=\"heading.default\">\n\t\t\t\t<div class=\"elementor-widget-container\">\n\t\t\t\t\t<h2 class=\"elementor-heading-title elementor-size-default\">Gro\u00dfer Edelstahl-Pflanzkasten Spezifikation\n<\/h2>\t\t\t\t<\/div>\n\t\t\t\t<\/div>\n\t\t\t\t<div class=\"elementor-element elementor-element-0a0c8e1 elementor-widget elementor-widget-text-editor\" data-id=\"0a0c8e1\" data-element_type=\"widget\" data-e-type=\"widget\" data-widget_type=\"text-editor.default\">\n\t\t\t\t<div class=\"elementor-widget-container\">\n\t\t\t\t\t\t\t\t\t<table><tbody><tr><td>Material<\/td><td>Edelstahl: 304, 316, oder nach Bedarf<\/td><\/tr><tr><td>Methode der Herstellung<\/td><td>Laserschneiden Aush\u00f6hlen, Schneiden, Schwei\u00dfen, Handpolieren<\/td><\/tr><tr><td>Gr\u00f6\u00dfe<\/td><td>890*720*440mm<br \/>Verschiedene Gr\u00f6\u00dfen sind verf\u00fcgbar<\/td><\/tr><tr><td>Besonderes Merkmal<\/td><td>Entw\u00e4sserungsloch, lichtecht, rostbest\u00e4ndig, langlebig<\/td><\/tr><tr><td>Oberfl\u00e4che<\/td><td>Spiegel, Hairline, geb\u00fcrstet, PVD-Beschichtung, Ge\u00e4tzt, Sandgestrahlt, Gepr\u00e4gt<\/td><\/tr><tr><td>Muster<\/td><td>Kundenspezifisches Design verf\u00fcgbar<\/td><\/tr><tr><td>Anmeldung<\/td><td><p>Wohnkultur, Wohnzimmer, B\u00fcro, Hotel, Bar, etc.<\/p><p>Innen und au\u00dfen<\/p><\/td><\/tr><\/tbody><\/table>\t\t\t\t\t\t\t\t<\/div>\n\t\t\t\t<\/div>\n\t\t\t\t\t<\/div>\n\t\t\t\t<\/div>\n\t\t<div class=\"elementor-element elementor-element-e470627 e-flex e-con-boxed e-con e-parent\" data-id=\"e470627\" data-element_type=\"container\" data-e-type=\"container\">\n\t\t\t\t\t<div class=\"e-con-inner\">\n\t\t\t\t<div class=\"elementor-element elementor-element-036f386 elementor-widget elementor-widget-heading\" data-id=\"036f386\" data-element_type=\"widget\" data-e-type=\"widget\" data-widget_type=\"heading.default\">\n\t\t\t\t<div class=\"elementor-widget-container\">\n\t\t\t\t\t<h2 class=\"elementor-heading-title elementor-size-default\">Warum wir Edelstahl-Pflanzgef\u00e4\u00dfe w\u00e4hlen<\/h2>\t\t\t\t<\/div>\n\t\t\t\t<\/div>\n\t\t\t\t<div class=\"elementor-element elementor-element-da100c9 elementor-widget elementor-widget-text-editor\" data-id=\"da100c9\" data-element_type=\"widget\" data-e-type=\"widget\" data-widget_type=\"text-editor.default\">\n\t\t\t\t<div class=\"elementor-widget-container\">\n\t\t\t\t\t\t\t\t\t<p><b>Dauerhaftigkeit<\/b><\/p><p>Edelstahl bietet eine hervorragende mechanische Festigkeit, Schlagfestigkeit und Best\u00e4ndigkeit gegen Verformung und Rissbildung. Im Vergleich zu zerbrechlichen Keramik- und Kunststoffgef\u00e4\u00dfen, die unter Sonneneinstrahlung spr\u00f6de werden k\u00f6nnen, haben Pflanzgef\u00e4\u00dfe aus Edelstahl eine au\u00dfergew\u00f6hnlich lange Lebensdauer. Bei normalem Gebrauch und ordnungsgem\u00e4\u00dfer Wartung k\u00f6nnen sie jahrelang oder sogar \u00fcber ein Jahrzehnt halten.<\/p><p>Pflanzgef\u00e4\u00dfe aus Edelstahl sind bruchfest, feuchtigkeits- und feuerbest\u00e4ndig und k\u00f6nnen in verschiedene Formen gebracht werden.<\/p>\t\t\t\t\t\t\t\t<\/div>\n\t\t\t\t<\/div>\n\t\t\t\t<div class=\"elementor-element elementor-element-7018612 elementor-widget elementor-widget-text-editor\" data-id=\"7018612\" data-element_type=\"widget\" data-e-type=\"widget\" data-widget_type=\"text-editor.default\">\n\t\t\t\t<div class=\"elementor-widget-container\">\n\t\t\t\t\t\t\t\t\t<p><b>Leicht zu reinigen und zu pflegen<\/b><\/p><p>Die glatte, dichte Oberfl\u00e4che des Edelstahls widersteht der Aufnahme von Schmutz und Ger\u00fcchen und l\u00e4sst sich leicht reinigen.<\/p>\t\t\t\t\t\t\t\t<\/div>\n\t\t\t\t<\/div>\n\t\t\t\t<div class=\"elementor-element elementor-element-6af9df9 elementor-widget elementor-widget-text-editor\" data-id=\"6af9df9\" data-element_type=\"widget\" data-e-type=\"widget\" data-widget_type=\"text-editor.default\">\n\t\t\t\t<div class=\"elementor-widget-container\">\n\t\t\t\t\t\t\t\t\t<p><b>Hygienisch und umweltvertr\u00e4glich<\/b><\/p><p>Die porenfreie Oberfl\u00e4che von rostfreiem Stahl hemmt das Wachstum von Bakterien und sorgt so f\u00fcr hervorragende Hygiene. Selbst bei der Verwendung in Innenr\u00e4umen besteht f\u00fcr den Menschen kein Gesundheitsrisiko.<\/p>\t\t\t\t\t\t\t\t<\/div>\n\t\t\t\t<\/div>\n\t\t\t\t\t<\/div>\n\t\t\t\t<\/div>\n\t\t<div class=\"elementor-element elementor-element-24135dd e-flex e-con-boxed e-con e-parent\" data-id=\"24135dd\" data-element_type=\"container\" data-e-type=\"container\">\n\t\t\t\t\t<div class=\"e-con-inner\">\n\t\t\t\t<div class=\"elementor-element elementor-element-b6cc6cd elementor-widget elementor-widget-heading\" data-id=\"b6cc6cd\" data-element_type=\"widget\" data-e-type=\"widget\" data-widget_type=\"heading.default\">\n\t\t\t\t<div class=\"elementor-widget-container\">\n\t\t\t\t\t<h2 class=\"elementor-heading-title elementor-size-default\">Wie w\u00e4hlt man Edelstahl aus?<\/h2>\t\t\t\t<\/div>\n\t\t\t\t<\/div>\n\t\t\t\t<div class=\"elementor-element elementor-element-0d43153 elementor-widget elementor-widget-text-editor\" data-id=\"0d43153\" data-element_type=\"widget\" data-e-type=\"widget\" data-widget_type=\"text-editor.default\">\n\t\t\t\t<div class=\"elementor-widget-container\">\n\t\t\t\t\t\t\t\t\t<p>Durch die Wahl des richtigen Materials je nach Umgebungsbedingungen kann die Lebensdauer von Pflanzgef\u00e4\u00dfen aus Edelstahl maximiert und das Aussehen erhalten werden.<\/p>\n<p>Unter den zahlreichen Edelstahlsorten sind die am weitesten verbreiteten und am h\u00e4ufigsten verwendeten Sorten f\u00fcr die Herstellung von Pflanzgef\u00e4\u00dfen Edelstahl 304 und Edelstahl 316. Die Wahl zwischen Edelstahl 304 und 316 h\u00e4ngt in erster Linie von der endg\u00fcltigen Einsatzumgebung des Pflanzgef\u00e4\u00dfes ab.<\/p>\t\t\t\t\t\t\t\t<\/div>\n\t\t\t\t<\/div>\n\t\t\t\t<div class=\"elementor-element elementor-element-1ad99a4 elementor-widget elementor-widget-text-editor\" data-id=\"1ad99a4\" data-element_type=\"widget\" data-e-type=\"widget\" data-widget_type=\"text-editor.default\">\n\t\t\t\t<div class=\"elementor-widget-container\">\n\t\t\t\t\t\t\t\t\t<p><b>304 Edelstahl\u00a0<\/b><\/p><p>Edelstahl 304 bietet eine ausgezeichnete Korrosionsbest\u00e4ndigkeit, eine gute Verarbeitbarkeit und Schlagfestigkeit und ist in den meisten normalen Umgebungen (z. B. in Innenr\u00e4umen oder in st\u00e4dtischer Atmosph\u00e4re) korrosionsbest\u00e4ndig. F\u00fcr die meisten Anwendungen im Innen- und Au\u00dfenbereich, die nicht an der K\u00fcste liegen, ist Edelstahl 304 eine \u00e4u\u00dferst kosteng\u00fcnstige Wahl.<\/p>\t\t\t\t\t\t\t\t<\/div>\n\t\t\t\t<\/div>\n\t\t\t\t<div class=\"elementor-element elementor-element-66f7dfa elementor-widget elementor-widget-text-editor\" data-id=\"66f7dfa\" data-element_type=\"widget\" data-e-type=\"widget\" data-widget_type=\"text-editor.default\">\n\t\t\t\t<div class=\"elementor-widget-container\">\n\t\t\t\t\t\t\t\t\t<p><b>Edelstahl 316\u00a0<\/b><\/p><p>Im Vergleich zu Edelstahl 304 enth\u00e4lt Edelstahl 316 einen zus\u00e4tzlichen Gehalt von 2%-3% Molybd\u00e4n (Mo), was seine Best\u00e4ndigkeit gegen Lochfra\u00df und Spaltkorrosion deutlich erh\u00f6ht. Er ist besonders widerstandsf\u00e4hig gegen die Erosion durch Chloridionen (Cl-) und eignet sich daher f\u00fcr raue Umgebungen mit hohem Salzgehalt und hoher Luftfeuchtigkeit, wie z. B. in K\u00fcstenst\u00e4dten, Villen am Meer und in Bereichen, die Salznebel oder chlorhaltigen Chemikalien ausgesetzt sind.<\/p>\t\t\t\t\t\t\t\t<\/div>\n\t\t\t\t<\/div>\n\t\t\t\t\t<\/div>\n\t\t\t\t<\/div>\n\t\t\t\t<\/div>","protected":false},"excerpt":{"rendered":"<p>Wir bieten gro\u00dfe Pflanzgef\u00e4\u00dfe aus Edelstahl f\u00fcr Hoteleing\u00e4nge, kommerzielle Pl\u00e4tze, G\u00e4rten und Wohnh\u00e4user an, die je nach Projektspezifikation in verschiedenen Gr\u00f6\u00dfen und Strukturen angepasst werden k\u00f6nnen.<\/p>\n<p>Material: Rostfreier Stahl<\/p>\n<p>Form: Rechteckig<\/p>\n<p>Merkmal: Entw\u00e4sserungsbohrung<\/p>\n<p>Verwendung: Innen, Au\u00dfen<\/p>\n<p>&nbsp;<\/p>\n<p>&nbsp;<\/p>","protected":false},"featured_media":1308,"comment_status":"closed","ping_status":"closed","template":"","meta":[],"product_brand":[],"product_cat":[22],"product_tag":[],"class_list":{"0":"post-1310","1":"product","2":"type-product","3":"status-publish","4":"has-post-thumbnail","6":"product_cat-stainless-steel-planters","8":"first","9":"instock","10":"shipping-taxable","11":"product-type-simple"},"_links":{"self":[{"href":"https:\/\/www.metalgardenpot.com\/de\/wp-json\/wp\/v2\/product\/1310","targetHints":{"allow":["GET"]}}],"collection":[{"href":"https:\/\/www.metalgardenpot.com\/de\/wp-json\/wp\/v2\/product"}],"about":[{"href":"https:\/\/www.metalgardenpot.com\/de\/wp-json\/wp\/v2\/types\/product"}],"replies":[{"embeddable":true,"href":"https:\/\/www.metalgardenpot.com\/de\/wp-json\/wp\/v2\/comments?post=1310"}],"version-history":[{"count":4,"href":"https:\/\/www.metalgardenpot.com\/de\/wp-json\/wp\/v2\/product\/1310\/revisions"}],"predecessor-version":[{"id":1421,"href":"https:\/\/www.metalgardenpot.com\/de\/wp-json\/wp\/v2\/product\/1310\/revisions\/1421"}],"wp:featuredmedia":[{"embeddable":true,"href":"https:\/\/www.metalgardenpot.com\/de\/wp-json\/wp\/v2\/media\/1308"}],"wp:attachment":[{"href":"https:\/\/www.metalgardenpot.com\/de\/wp-json\/wp\/v2\/media?parent=1310"}],"wp:term":[{"taxonomy":"product_brand","embeddable":true,"href":"https:\/\/www.metalgardenpot.com\/de\/wp-json\/wp\/v2\/product_brand?post=1310"},{"taxonomy":"product_cat","embeddable":true,"href":"https:\/\/www.metalgardenpot.com\/de\/wp-json\/wp\/v2\/product_cat?post=1310"},{"taxonomy":"product_tag","embeddable":true,"href":"https:\/\/www.metalgardenpot.com\/de\/wp-json\/wp\/v2\/product_tag?post=1310"}],"curies":[{"name":"wp","href":"https:\/\/api.w.org\/{rel}","templated":true}]}}