{"id":1454,"date":"2026-04-07T17:14:12","date_gmt":"2026-04-07T09:14:12","guid":{"rendered":"https:\/\/www.metalgardenpot.com\/?post_type=product&#038;p=1454"},"modified":"2026-04-07T17:14:13","modified_gmt":"2026-04-07T09:14:13","slug":"corten-steel-flower-pot","status":"publish","type":"product","link":"https:\/\/www.metalgardenpot.com\/de\/corten-steel-flower-pot\/","title":{"rendered":"Blumentopf aus Cortenstahl"},"content":{"rendered":"<div data-elementor-type=\"product-post\" data-elementor-id=\"1454\" class=\"elementor elementor-1454\" data-elementor-post-type=\"product\">\n\t\t\t\t<div class=\"elementor-element elementor-element-6ba6f31 e-flex e-con-boxed e-con e-parent\" data-id=\"6ba6f31\" data-element_type=\"container\" data-e-type=\"container\">\n\t\t\t\t\t<div class=\"e-con-inner\">\n\t\t\t\t<div class=\"elementor-element elementor-element-09468d4 elementor-widget elementor-widget-text-editor\" data-id=\"09468d4\" data-element_type=\"widget\" data-e-type=\"widget\" data-widget_type=\"text-editor.default\">\n\t\t\t\t<div class=\"elementor-widget-container\">\n\t\t\t\t\t\t\t\t\t<p>Die meisten Pflanzgef\u00e4\u00dfe im Freien sehen im ersten Jahr gro\u00dfartig aus. Im dritten Jahr? -Rissig, verblasst und auf dem Weg in die M\u00fclltonne.<\/p><p>Blument\u00f6pfe aus Cortenstahl altern nicht - sie entwickeln sich weiter. Im Wandel der Jahreszeiten entwickelt jeder Topf seine eigene warme, rostfarbene Patina. Keiner sieht genau gleich aus. Keine Wartung erforderlich. Nur dauerhafte Sch\u00f6nheit, die mit Ihrem Garten w\u00e4chst.<\/p>\t\t\t\t\t\t\t\t<\/div>\n\t\t\t\t<\/div>\n\t\t\t\t\t<\/div>\n\t\t\t\t<\/div>\n\t\t<div class=\"elementor-element elementor-element-de11ce2 e-flex e-con-boxed e-con e-parent\" data-id=\"de11ce2\" data-element_type=\"container\" data-e-type=\"container\">\n\t\t\t\t\t<div class=\"e-con-inner\">\n\t\t\t\t<div class=\"elementor-element elementor-element-42e5902 elementor-widget elementor-widget-heading\" data-id=\"42e5902\" data-element_type=\"widget\" data-e-type=\"widget\" data-widget_type=\"heading.default\">\n\t\t\t\t<div class=\"elementor-widget-container\">\n\t\t\t\t\t<h2 class=\"elementor-heading-title elementor-size-default\">Was ist Cortenstahl - und warum rostet er mit Absicht?\n<\/h2>\t\t\t\t<\/div>\n\t\t\t\t<\/div>\n\t\t\t\t<div class=\"elementor-element elementor-element-b54c299 elementor-widget elementor-widget-text-editor\" data-id=\"b54c299\" data-element_type=\"widget\" data-e-type=\"widget\" data-widget_type=\"text-editor.default\">\n\t\t\t\t<div class=\"elementor-widget-container\">\n\t\t\t\t\t\t\t\t\t<p>Cortenstahl (auch wetterfester Stahl genannt) wurde urspr\u00fcnglich f\u00fcr Br\u00fccken und Eisenbahnwaggons entwickelt, die jahrzehntelang der Witterung ausgesetzt waren - ohne einen einzigen Anstrich.<\/p><p>Wenn Corten Regen und Luft ausgesetzt ist, bildet sich auf seiner Oberfl\u00e4che eine fest gebundene Oxidschicht. Diese Schicht bl\u00e4ttert nicht ab wie gew\u00f6hnlicher Rost - sie wird zu einem Schutzschild, der tiefere Korrosion verhindert.<\/p><p>Der Blumentopf wird mit der Zeit sogar noch st\u00e4rker und entwickelt dabei die warmen bernsteinfarbenen bis tiefbraunen T\u00f6ne, die ihn unverwechselbar sch\u00f6n machen.<\/p><ul><li>10-mal l\u00e4ngere Lebensdauer als Baustahl<\/li><li>3-4 mal l\u00e4nger als vorlackierter Stahl<\/li><li>Keine Lackierung, Versiegelung oder Rostbehandlung erforderlich<\/li><\/ul>\t\t\t\t\t\t\t\t<\/div>\n\t\t\t\t<\/div>\n\t\t\t\t\t<\/div>\n\t\t\t\t<\/div>\n\t\t<div class=\"elementor-element elementor-element-153cec7 e-flex e-con-boxed e-con e-parent\" data-id=\"153cec7\" data-element_type=\"container\" data-e-type=\"container\">\n\t\t\t\t\t<div class=\"e-con-inner\">\n\t\t\t\t<div class=\"elementor-element elementor-element-ee757b1 elementor-widget elementor-widget-image\" data-id=\"ee757b1\" data-element_type=\"widget\" data-e-type=\"widget\" data-widget_type=\"image.default\">\n\t\t\t\t<div class=\"elementor-widget-container\">\n\t\t\t\t\t\t\t\t\t\t\t\t<figure class=\"wp-caption\">\n\t\t\t\t\t\t\t\t\t\t<img decoding=\"async\" width=\"220\" height=\"220\" src=\"https:\/\/www.metalgardenpot.com\/wp-content\/uploads\/2025\/09\/planter.jpg\" class=\"attachment-large size-large wp-image-1199\" alt=\"Corten Steel Flower Pot\" srcset=\"https:\/\/www.metalgardenpot.com\/wp-content\/uploads\/2025\/09\/planter.jpg 220w, https:\/\/www.metalgardenpot.com\/wp-content\/uploads\/2025\/09\/planter-150x150.jpg 150w, https:\/\/www.metalgardenpot.com\/wp-content\/uploads\/2025\/09\/planter-12x12.jpg 12w, https:\/\/www.metalgardenpot.com\/wp-content\/uploads\/2025\/09\/planter-100x100.jpg 100w\" sizes=\"(max-width: 220px) 100vw, 220px\" \/>\t\t\t\t\t\t\t\t\t\t\t<figcaption class=\"widget-image-caption wp-caption-text\">Rohfarbe<\/figcaption>\n\t\t\t\t\t\t\t\t\t\t<\/figure>\n\t\t\t\t\t\t\t\t\t<\/div>\n\t\t\t\t<\/div>\n\t\t\t\t<div class=\"elementor-element elementor-element-f29b428 elementor-widget elementor-widget-image\" data-id=\"f29b428\" data-element_type=\"widget\" data-e-type=\"widget\" data-widget_type=\"image.default\">\n\t\t\t\t<div class=\"elementor-widget-container\">\n\t\t\t\t\t\t\t\t\t\t\t\t<figure class=\"wp-caption\">\n\t\t\t\t\t\t\t\t\t\t<img decoding=\"async\" width=\"220\" height=\"220\" src=\"https:\/\/www.metalgardenpot.com\/wp-content\/uploads\/2025\/09\/Rectangular-Planter.jpg\" class=\"attachment-large size-large wp-image-1200\" alt=\"corten flower pot\" srcset=\"https:\/\/www.metalgardenpot.com\/wp-content\/uploads\/2025\/09\/Rectangular-Planter.jpg 220w, https:\/\/www.metalgardenpot.com\/wp-content\/uploads\/2025\/09\/Rectangular-Planter-150x150.jpg 150w, https:\/\/www.metalgardenpot.com\/wp-content\/uploads\/2025\/09\/Rectangular-Planter-12x12.jpg 12w, https:\/\/www.metalgardenpot.com\/wp-content\/uploads\/2025\/09\/Rectangular-Planter-100x100.jpg 100w\" sizes=\"(max-width: 220px) 100vw, 220px\" \/>\t\t\t\t\t\t\t\t\t\t\t<figcaption class=\"widget-image-caption wp-caption-text\">Monat 1: Helles Stahlgrau<\/figcaption>\n\t\t\t\t\t\t\t\t\t\t<\/figure>\n\t\t\t\t\t\t\t\t\t<\/div>\n\t\t\t\t<\/div>\n\t\t\t\t<div class=\"elementor-element elementor-element-2875581 elementor-widget elementor-widget-image\" data-id=\"2875581\" data-element_type=\"widget\" data-e-type=\"widget\" data-widget_type=\"image.default\">\n\t\t\t\t<div class=\"elementor-widget-container\">\n\t\t\t\t\t\t\t\t\t\t\t\t<figure class=\"wp-caption\">\n\t\t\t\t\t\t\t\t\t\t<img decoding=\"async\" width=\"220\" height=\"220\" src=\"https:\/\/www.metalgardenpot.com\/wp-content\/uploads\/2025\/09\/corten-planter-pot.jpg\" class=\"attachment-large size-large wp-image-1201\" alt=\"corten planter pot\" srcset=\"https:\/\/www.metalgardenpot.com\/wp-content\/uploads\/2025\/09\/corten-planter-pot.jpg 220w, https:\/\/www.metalgardenpot.com\/wp-content\/uploads\/2025\/09\/corten-planter-pot-150x150.jpg 150w, https:\/\/www.metalgardenpot.com\/wp-content\/uploads\/2025\/09\/corten-planter-pot-12x12.jpg 12w, https:\/\/www.metalgardenpot.com\/wp-content\/uploads\/2025\/09\/corten-planter-pot-100x100.jpg 100w\" sizes=\"(max-width: 220px) 100vw, 220px\" \/>\t\t\t\t\t\t\t\t\t\t\t<figcaption class=\"widget-image-caption wp-caption-text\">Monat 3-6: Orange-braune T\u00f6ne entstehen  <\/figcaption>\n\t\t\t\t\t\t\t\t\t\t<\/figure>\n\t\t\t\t\t\t\t\t\t<\/div>\n\t\t\t\t<\/div>\n\t\t\t\t<div class=\"elementor-element elementor-element-48c9c0e elementor-widget elementor-widget-image\" data-id=\"48c9c0e\" data-element_type=\"widget\" data-e-type=\"widget\" data-widget_type=\"image.default\">\n\t\t\t\t<div class=\"elementor-widget-container\">\n\t\t\t\t\t\t\t\t\t\t\t\t<figure class=\"wp-caption\">\n\t\t\t\t\t\t\t\t\t\t<img loading=\"lazy\" decoding=\"async\" width=\"220\" height=\"220\" src=\"https:\/\/www.metalgardenpot.com\/wp-content\/uploads\/2025\/09\/planter-pot.jpg\" class=\"attachment-large size-large wp-image-1202\" alt=\"planter pot\" srcset=\"https:\/\/www.metalgardenpot.com\/wp-content\/uploads\/2025\/09\/planter-pot.jpg 220w, https:\/\/www.metalgardenpot.com\/wp-content\/uploads\/2025\/09\/planter-pot-150x150.jpg 150w, https:\/\/www.metalgardenpot.com\/wp-content\/uploads\/2025\/09\/planter-pot-12x12.jpg 12w, https:\/\/www.metalgardenpot.com\/wp-content\/uploads\/2025\/09\/planter-pot-100x100.jpg 100w\" sizes=\"(max-width: 220px) 100vw, 220px\" \/>\t\t\t\t\t\t\t\t\t\t\t<figcaption class=\"widget-image-caption wp-caption-text\">Monat 6-12: Reiche, tief bernsteinfarbene Patina  <\/figcaption>\n\t\t\t\t\t\t\t\t\t\t<\/figure>\n\t\t\t\t\t\t\t\t\t<\/div>\n\t\t\t\t<\/div>\n\t\t\t\t\t<\/div>\n\t\t\t\t<\/div>\n\t\t<div class=\"elementor-element elementor-element-b4018d4 e-flex e-con-boxed e-con e-parent\" data-id=\"b4018d4\" data-element_type=\"container\" data-e-type=\"container\">\n\t\t\t\t\t<div class=\"e-con-inner\">\n\t\t\t\t<div class=\"elementor-element elementor-element-6018d1f elementor-widget elementor-widget-heading\" data-id=\"6018d1f\" data-element_type=\"widget\" data-e-type=\"widget\" data-widget_type=\"heading.default\">\n\t\t\t\t<div class=\"elementor-widget-container\">\n\t\t\t\t\t<h2 class=\"elementor-heading-title elementor-size-default\">Warum HNJBL Corten Stahl Blumentopf w\u00e4hlen\n<\/h2>\t\t\t\t<\/div>\n\t\t\t\t<\/div>\n\t\t\t\t<div class=\"elementor-element elementor-element-c1595d7 elementor-widget elementor-widget-text-editor\" data-id=\"c1595d7\" data-element_type=\"widget\" data-e-type=\"widget\" data-widget_type=\"text-editor.default\">\n\t\t\t\t<div class=\"elementor-widget-container\">\n\t\t\t\t\t\t\t\t\t<p><strong>Rost- und verrottungsbest\u00e4ndig, auch nach zehn Jahren noch so haltbar wie eh und je<\/strong><\/p><p>Merkmal: Wetterfester Stahl mit selbstheilender Oxidschicht<\/p><p>Vorteil: Kein Durchrosten, kein Nachlackieren<\/p><p>Eine Anschaffung, die alle Plastik-\/Keramik-\/Ton-Pflanzgef\u00e4\u00dfe \u00fcberdauert, die Sie je besessen haben<\/p>\t\t\t\t\t\t\t\t<\/div>\n\t\t\t\t<\/div>\n\t\t\t\t<div class=\"elementor-element elementor-element-7a7c939 elementor-widget elementor-widget-text-editor\" data-id=\"7a7c939\" data-element_type=\"widget\" data-e-type=\"widget\" data-widget_type=\"text-editor.default\">\n\t\t\t\t<div class=\"elementor-widget-container\">\n\t\t\t\t\t\t\t\t\t<p><strong>Vielseitiger Stil, in Harmonie mit der Natur<\/strong><\/p><p>Besonderheit: Warme Rostpatina in bernsteinfarbenen, orangefarbenen und tiefbraunen T\u00f6nen<\/p><p>Vorteil: Erg\u00e4nzt Gr\u00fcnfl\u00e4chen, Stein, Holz und Beton gleicherma\u00dfen<\/p><p>Erh\u00f6ht jedes Gartenlandschaftsprojekt von \u201cnett\u201d zu \u201centworfen\u201d<\/p>\t\t\t\t\t\t\t\t<\/div>\n\t\t\t\t<\/div>\n\t\t\t\t<div class=\"elementor-element elementor-element-e00a4f8 elementor-widget elementor-widget-text-editor\" data-id=\"e00a4f8\" data-element_type=\"widget\" data-e-type=\"widget\" data-widget_type=\"text-editor.default\">\n\t\t\t\t<div class=\"elementor-widget-container\">\n\t\t\t\t\t\t\t\t\t<p><strong>Anpassbare Abmessungen zur Erf\u00fcllung der Projektanforderungen<\/strong><\/p><p>Besonderheit: Erh\u00e4ltlich in rechteckiger, runder, rinnenf\u00f6rmiger und eckiger Ausf\u00fchrung; individuelle Gr\u00f6\u00dfen f\u00fcr Gro\u00dfbestellungen erh\u00e4ltlich<\/p><p>Der Vorteil: Passt genau in den vorhandenen Raum, keine Umgehungen, keine L\u00fccken, keine unangenehmen Gr\u00f6\u00dfenprobleme<\/p>\t\t\t\t\t\t\t\t<\/div>\n\t\t\t\t<\/div>\n\t\t\t\t<div class=\"elementor-element elementor-element-52ba320 elementor-widget elementor-widget-text-editor\" data-id=\"52ba320\" data-element_type=\"widget\" data-e-type=\"widget\" data-widget_type=\"text-editor.default\">\n\t\t\t\t<div class=\"elementor-widget-container\">\n\t\t\t\t\t\t\t\t\t<p><strong>Vor der Auslieferung vorgerostet, mit einem sch\u00f6nen Erscheinungsbild<\/strong><\/p><p>Besonderheit: Option vorbewitterte Oberfl\u00e4che (beschleunigte Patina)<\/p><p>Vorteil: Die anf\u00e4ngliche 3-6-monatige Verwitterungsphase entf\u00e4llt, kein orangefarbener Rostauslauf auf Ihrer Terrasse<\/p>\t\t\t\t\t\t\t\t<\/div>\n\t\t\t\t<\/div>\n\t\t\t\t<div class=\"elementor-element elementor-element-2201c30 elementor-widget elementor-widget-text-editor\" data-id=\"2201c30\" data-element_type=\"widget\" data-e-type=\"widget\" data-widget_type=\"text-editor.default\">\n\t\t\t\t<div class=\"elementor-widget-container\">\n\t\t\t\t\t\t\t\t\t<p><strong>Vor der Auslieferung vorgerostet, mit einem sch\u00f6nen Erscheinungsbild<\/strong><\/p><p>Besonderheit: Option vorbewitterte Oberfl\u00e4che (beschleunigte Patina)<\/p><p>Vorteil: Die anf\u00e4ngliche 3-6-monatige Verwitterungsphase entf\u00e4llt, kein orangefarbener Rostauslauf auf Ihrer Terrasse<\/p>\t\t\t\t\t\t\t\t<\/div>\n\t\t\t\t<\/div>\n\t\t\t\t<div class=\"elementor-element elementor-element-a5f9bc8 elementor-widget elementor-widget-text-editor\" data-id=\"a5f9bc8\" data-element_type=\"widget\" data-e-type=\"widget\" data-widget_type=\"text-editor.default\">\n\t\t\t\t<div class=\"elementor-widget-container\">\n\t\t\t\t\t\t\t\t\t<p><strong>Robuste Konstruktion, Langlebigkeit<\/strong><\/p><p>Merkmal: 2-3 mm dicker Stahl, mit optionalen Entw\u00e4sserungsl\u00f6chern<\/p><p>Vorteil: H\u00e4lt Frost, Wind und voller Sonne stand, ohne sich zu verziehen<\/p><p>Die 2 mm dicken wetterfesten Stahlbleche sollen eine Lebensdauer von bis zu 35 Jahren haben, was die Lebensdauer von herk\u00f6mmlichen Stahl- oder Holzpflanzgef\u00e4\u00dfen bei weitem \u00fcbertrifft, und w\u00e4hrend der Lebensdauer ist fast keine zus\u00e4tzliche Wartung erforderlich.<\/p>\t\t\t\t\t\t\t\t<\/div>\n\t\t\t\t<\/div>\n\t\t\t\t\t<\/div>\n\t\t\t\t<\/div>\n\t\t<div class=\"elementor-element elementor-element-2664d17 e-flex e-con-boxed e-con e-parent\" data-id=\"2664d17\" data-element_type=\"container\" data-e-type=\"container\">\n\t\t\t\t\t<div class=\"e-con-inner\">\n\t\t\t\t<div class=\"elementor-element elementor-element-fb0448f elementor-widget elementor-widget-heading\" data-id=\"fb0448f\" data-element_type=\"widget\" data-e-type=\"widget\" data-widget_type=\"heading.default\">\n\t\t\t\t<div class=\"elementor-widget-container\">\n\t\t\t\t\t<h3 class=\"elementor-heading-title elementor-size-default\">Pflanzgef\u00e4\u00dfe aus Cortenstahl vs. Kunststoff vs. Verzinkt<\/h3>\t\t\t\t<\/div>\n\t\t\t\t<\/div>\n\t\t\t\t<div class=\"elementor-element elementor-element-5a1f662 elementor-widget elementor-widget-text-editor\" data-id=\"5a1f662\" data-element_type=\"widget\" data-e-type=\"widget\" data-widget_type=\"text-editor.default\">\n\t\t\t\t<div class=\"elementor-widget-container\">\n\t\t\t\t\t\t\t\t\t<table class=\"table\" border=\"1\"><tbody><tr><td>Merkmal<\/td><td><b>Corten Blumentopf<\/b><\/td><td>Kunststoff<\/td><td>Verzinkter Stahl<\/td><\/tr><tr><td>Lebenserwartung<\/td><td>20-50 Jahre<\/td><td>3-7 Jahre<\/td><td>10-15 Jahre<\/td><\/tr><tr><td>Wartung<\/td><td>Niedrig(Keine)<\/td><td>Nur Reinigung<\/td><td>Alle 3-5 Jahre neu streichen<\/td><\/tr><tr><td>Wetterbest\u00e4ndigkeit<\/td><td>Ausgezeichnet<\/td><td>Gut (UV verblasst)<\/td><td>Gut(Farbe)<\/td><\/tr><tr><td>\u00c4sthetik im Wandel der Zeit<\/td><td>Verbessert<\/td><td>Degradiert<\/td><td>Stabil<\/td><\/tr><tr><td>\u00d6ko-Fu\u00dfabdruck<\/td><td>Niedrig (keine Beschichtungen)<\/td><td>Hoch (Kunststoff)<\/td><td>Mittel<\/td><\/tr><\/tbody><\/table>\t\t\t\t\t\t\t\t<\/div>\n\t\t\t\t<\/div>\n\t\t\t\t<div class=\"elementor-element elementor-element-a3fc7e2 elementor-widget elementor-widget-text-editor\" data-id=\"a3fc7e2\" data-element_type=\"widget\" data-e-type=\"widget\" data-widget_type=\"text-editor.default\">\n\t\t\t\t<div class=\"elementor-widget-container\">\n\t\t\t\t\t\t\t\t\t<p>Ganz gleich, ob Sie einen privaten Garten, eine Hotelterrasse oder ein kommerzielles Landschaftsprojekt einrichten wollen - wir haben die Gr\u00f6\u00dfe, den Stil und die Menge, die Sie ben\u00f6tigen.<\/p><p>Muster ist zur Einsichtnahme verf\u00fcgbar<\/p><p>Kundenspezifische Gr\u00f6\u00dfen und lasergeschnittene Muster erh\u00e4ltlich (MOQ: 100 St\u00fcck)<\/p><p>Weltweiter Versand | Bulk-Preise verf\u00fcgbar<\/p>\t\t\t\t\t\t\t\t<\/div>\n\t\t\t\t<\/div>\n\t\t\t\t\t<\/div>\n\t\t\t\t<\/div>\n\t\t\t\t<\/div>","protected":false},"excerpt":{"rendered":"<p>Witterungsbest\u00e4ndiger Blumentopf aus Cortenstahl, der mit der Zeit eine reiche Rostpatina entwickelt - keine Farbe, kein Durchrosten.<\/p>\n<p>Kundenspezifische Gr\u00f6\u00dfen verf\u00fcgbar<\/p>\n<p>Erh\u00e4ltlich in rechteckiger, runder, quadratischer und Eckausf\u00fchrung<\/p>\n<p>Mit Entw\u00e4sserungsl\u00f6chern<\/p>","protected":false},"featured_media":1453,"comment_status":"closed","ping_status":"closed","template":"","meta":[],"product_brand":[],"product_cat":[21],"product_tag":[],"class_list":{"0":"post-1454","1":"product","2":"type-product","3":"status-publish","4":"has-post-thumbnail","6":"product_cat-corten-steel-planters","8":"first","9":"instock","10":"shipping-taxable","11":"product-type-simple"},"_links":{"self":[{"href":"https:\/\/www.metalgardenpot.com\/de\/wp-json\/wp\/v2\/product\/1454","targetHints":{"allow":["GET"]}}],"collection":[{"href":"https:\/\/www.metalgardenpot.com\/de\/wp-json\/wp\/v2\/product"}],"about":[{"href":"https:\/\/www.metalgardenpot.com\/de\/wp-json\/wp\/v2\/types\/product"}],"replies":[{"embeddable":true,"href":"https:\/\/www.metalgardenpot.com\/de\/wp-json\/wp\/v2\/comments?post=1454"}],"version-history":[{"count":2,"href":"https:\/\/www.metalgardenpot.com\/de\/wp-json\/wp\/v2\/product\/1454\/revisions"}],"predecessor-version":[{"id":1455,"href":"https:\/\/www.metalgardenpot.com\/de\/wp-json\/wp\/v2\/product\/1454\/revisions\/1455"}],"wp:featuredmedia":[{"embeddable":true,"href":"https:\/\/www.metalgardenpot.com\/de\/wp-json\/wp\/v2\/media\/1453"}],"wp:attachment":[{"href":"https:\/\/www.metalgardenpot.com\/de\/wp-json\/wp\/v2\/media?parent=1454"}],"wp:term":[{"taxonomy":"product_brand","embeddable":true,"href":"https:\/\/www.metalgardenpot.com\/de\/wp-json\/wp\/v2\/product_brand?post=1454"},{"taxonomy":"product_cat","embeddable":true,"href":"https:\/\/www.metalgardenpot.com\/de\/wp-json\/wp\/v2\/product_cat?post=1454"},{"taxonomy":"product_tag","embeddable":true,"href":"https:\/\/www.metalgardenpot.com\/de\/wp-json\/wp\/v2\/product_tag?post=1454"}],"curies":[{"name":"wp","href":"https:\/\/api.w.org\/{rel}","templated":true}]}}