{"id":1236,"date":"2025-11-06T17:05:57","date_gmt":"2025-11-06T09:05:57","guid":{"rendered":"https:\/\/www.metalgardenpot.com\/?post_type=product&#038;p=1236"},"modified":"2025-11-06T17:05:57","modified_gmt":"2025-11-06T09:05:57","slug":"corten-steel-planter-bowl","status":"publish","type":"product","link":"https:\/\/www.metalgardenpot.com\/es\/corten-steel-planter-bowl\/","title":{"rendered":"Jardinera de acero corten"},"content":{"rendered":"<div data-elementor-type=\"product-post\" data-elementor-id=\"1236\" class=\"elementor elementor-1236\" data-elementor-post-type=\"product\">\n\t\t\t\t<div class=\"elementor-element elementor-element-63c253e e-flex e-con-boxed e-con e-parent\" data-id=\"63c253e\" data-element_type=\"container\" data-e-type=\"container\">\n\t\t\t\t\t<div class=\"e-con-inner\">\n\t\t\t\t<div class=\"elementor-element elementor-element-4814bcf elementor-widget elementor-widget-text-editor\" data-id=\"4814bcf\" data-element_type=\"widget\" data-e-type=\"widget\" data-widget_type=\"text-editor.default\">\n\t\t\t\t<div class=\"elementor-widget-container\">\n\t\t\t\t\t\t\t\t\t<p>La jardinera de acero corten evoluciona en su jard\u00edn, desarrollando una c\u00e1lida p\u00e1tina marr\u00f3n anaranjada que combina la fuerza industrial con las curvas naturales: no es s\u00f3lo una jardinera, sino un elemento paisaj\u00edstico.<\/p><p>El acero corten tiene un aspecto oxidado caracter\u00edstico que forma de forma natural una capa protectora que no requiere mantenimiento adicional. Cuando se expone al aire, desarrolla gradualmente una p\u00e1tina de \u00f3xido que sirve de capa protectora, alargando su vida \u00fatil.<\/p>\t\t\t\t\t\t\t\t<\/div>\n\t\t\t\t<\/div>\n\t\t\t\t\t<\/div>\n\t\t\t\t<\/div>\n\t\t<div class=\"elementor-element elementor-element-5b640aa e-flex e-con-boxed e-con e-parent\" data-id=\"5b640aa\" data-element_type=\"container\" data-e-type=\"container\">\n\t\t\t\t\t<div class=\"e-con-inner\">\n\t\t\t\t<div class=\"elementor-element elementor-element-dd7e749 elementor-widget elementor-widget-image\" data-id=\"dd7e749\" data-element_type=\"widget\" data-e-type=\"widget\" data-widget_type=\"image.default\">\n\t\t\t\t<div class=\"elementor-widget-container\">\n\t\t\t\t\t\t\t\t\t\t\t\t\t\t\t<img fetchpriority=\"high\" decoding=\"async\" width=\"700\" height=\"700\" src=\"https:\/\/www.metalgardenpot.com\/wp-content\/uploads\/2025\/11\/corten-steel-planter.jpg\" class=\"attachment-large size-large wp-image-1239\" alt=\"corten steel planter\" srcset=\"https:\/\/www.metalgardenpot.com\/wp-content\/uploads\/2025\/11\/corten-steel-planter.jpg 700w, https:\/\/www.metalgardenpot.com\/wp-content\/uploads\/2025\/11\/corten-steel-planter-300x300.jpg 300w, https:\/\/www.metalgardenpot.com\/wp-content\/uploads\/2025\/11\/corten-steel-planter-150x150.jpg 150w, https:\/\/www.metalgardenpot.com\/wp-content\/uploads\/2025\/11\/corten-steel-planter-12x12.jpg 12w, https:\/\/www.metalgardenpot.com\/wp-content\/uploads\/2025\/11\/corten-steel-planter-100x100.jpg 100w\" sizes=\"(max-width: 700px) 100vw, 700px\" \/>\t\t\t\t\t\t\t\t\t\t\t\t\t\t\t<\/div>\n\t\t\t\t<\/div>\n\t\t\t\t<div class=\"elementor-element elementor-element-d8a5c84 elementor-widget elementor-widget-image\" data-id=\"d8a5c84\" data-element_type=\"widget\" data-e-type=\"widget\" data-widget_type=\"image.default\">\n\t\t\t\t<div class=\"elementor-widget-container\">\n\t\t\t\t\t\t\t\t\t\t\t\t\t\t\t<img decoding=\"async\" width=\"700\" height=\"700\" src=\"https:\/\/www.metalgardenpot.com\/wp-content\/uploads\/2025\/11\/planter-bowl.jpg\" class=\"attachment-large size-large wp-image-1240\" alt=\"planter bowl\" srcset=\"https:\/\/www.metalgardenpot.com\/wp-content\/uploads\/2025\/11\/planter-bowl.jpg 700w, https:\/\/www.metalgardenpot.com\/wp-content\/uploads\/2025\/11\/planter-bowl-300x300.jpg 300w, https:\/\/www.metalgardenpot.com\/wp-content\/uploads\/2025\/11\/planter-bowl-150x150.jpg 150w, https:\/\/www.metalgardenpot.com\/wp-content\/uploads\/2025\/11\/planter-bowl-12x12.jpg 12w, https:\/\/www.metalgardenpot.com\/wp-content\/uploads\/2025\/11\/planter-bowl-100x100.jpg 100w\" sizes=\"(max-width: 700px) 100vw, 700px\" \/>\t\t\t\t\t\t\t\t\t\t\t\t\t\t\t<\/div>\n\t\t\t\t<\/div>\n\t\t\t\t<div class=\"elementor-element elementor-element-c91ea84 elementor-widget elementor-widget-image\" data-id=\"c91ea84\" data-element_type=\"widget\" data-e-type=\"widget\" data-widget_type=\"image.default\">\n\t\t\t\t<div class=\"elementor-widget-container\">\n\t\t\t\t\t\t\t\t\t\t\t\t\t\t\t<img decoding=\"async\" width=\"700\" height=\"700\" src=\"https:\/\/www.metalgardenpot.com\/wp-content\/uploads\/2025\/11\/planter.jpg\" class=\"attachment-large size-large wp-image-1241\" alt=\"corten steel planter\" srcset=\"https:\/\/www.metalgardenpot.com\/wp-content\/uploads\/2025\/11\/planter.jpg 700w, https:\/\/www.metalgardenpot.com\/wp-content\/uploads\/2025\/11\/planter-300x300.jpg 300w, https:\/\/www.metalgardenpot.com\/wp-content\/uploads\/2025\/11\/planter-150x150.jpg 150w, https:\/\/www.metalgardenpot.com\/wp-content\/uploads\/2025\/11\/planter-12x12.jpg 12w, https:\/\/www.metalgardenpot.com\/wp-content\/uploads\/2025\/11\/planter-100x100.jpg 100w\" sizes=\"(max-width: 700px) 100vw, 700px\" \/>\t\t\t\t\t\t\t\t\t\t\t\t\t\t\t<\/div>\n\t\t\t\t<\/div>\n\t\t\t\t\t<\/div>\n\t\t\t\t<\/div>\n\t\t<div class=\"elementor-element elementor-element-fb814ce e-flex e-con-boxed e-con e-parent\" data-id=\"fb814ce\" data-element_type=\"container\" data-e-type=\"container\">\n\t\t\t\t\t<div class=\"e-con-inner\">\n\t\t\t\t<div class=\"elementor-element elementor-element-b32861c elementor-widget elementor-widget-heading\" data-id=\"b32861c\" data-element_type=\"widget\" data-e-type=\"widget\" data-widget_type=\"heading.default\">\n\t\t\t\t<div class=\"elementor-widget-container\">\n\t\t\t\t\t<h2 class=\"elementor-heading-title elementor-size-default\">Especificaci\u00f3n de la jardinera de acero corten<\/h2>\t\t\t\t<\/div>\n\t\t\t\t<\/div>\n\t\t\t\t<div class=\"elementor-element elementor-element-e8178d4 elementor-widget elementor-widget-text-editor\" data-id=\"e8178d4\" data-element_type=\"widget\" data-e-type=\"widget\" data-widget_type=\"text-editor.default\">\n\t\t\t\t<div class=\"elementor-widget-container\">\n\t\t\t\t\t\t\t\t\t<table><tbody><tr><td>Tipo de producto<\/td><td>Cuenco,Redondo<\/td><\/tr><tr><td>Material<\/td><td>Acero cort\u00e9n<\/td><\/tr><tr><td>Dimensi\u00f3n<\/td><td>\u03a6800mm, \u03a61000mm, \u03a61200mm; a medida<\/td><\/tr><tr><td>Espesor<\/td><td>3mm~5mm; a medida<\/td><\/tr><tr><td>Tratamiento de superficies<\/td><td>Preoxidado o natural, a medida<\/td><\/tr><tr><td>Color<\/td><td>Rojo \u00f3xido<\/td><\/tr><tr><td>Condiciones de entrega<\/td><td>Completamente montado<\/td><\/tr><tr><td>Proceso<\/td><td>Corte por l\u00e1ser - prensado - pulido - tratamiento de superficies - componentes ensamblados y embalaje<\/td><\/tr><\/tbody><\/table>\t\t\t\t\t\t\t\t<\/div>\n\t\t\t\t<\/div>\n\t\t\t\t\t<\/div>\n\t\t\t\t<\/div>\n\t\t<div class=\"elementor-element elementor-element-e8fb47c e-flex e-con-boxed e-con e-parent\" data-id=\"e8fb47c\" data-element_type=\"container\" data-e-type=\"container\">\n\t\t\t\t\t<div class=\"e-con-inner\">\n\t\t\t\t<div class=\"elementor-element elementor-element-644fe45 elementor-widget elementor-widget-image\" data-id=\"644fe45\" data-element_type=\"widget\" data-e-type=\"widget\" data-widget_type=\"image.default\">\n\t\t\t\t<div class=\"elementor-widget-container\">\n\t\t\t\t\t\t\t\t\t\t\t\t\t\t\t<img loading=\"lazy\" decoding=\"async\" width=\"750\" height=\"340\" src=\"https:\/\/www.metalgardenpot.com\/wp-content\/uploads\/2025\/11\/corten-planter-pot.jpg\" class=\"attachment-medium_large size-medium_large wp-image-1245\" alt=\"corten planter pot\" srcset=\"https:\/\/www.metalgardenpot.com\/wp-content\/uploads\/2025\/11\/corten-planter-pot.jpg 750w, https:\/\/www.metalgardenpot.com\/wp-content\/uploads\/2025\/11\/corten-planter-pot-300x136.jpg 300w, https:\/\/www.metalgardenpot.com\/wp-content\/uploads\/2025\/11\/corten-planter-pot-18x8.jpg 18w, https:\/\/www.metalgardenpot.com\/wp-content\/uploads\/2025\/11\/corten-planter-pot-700x317.jpg 700w\" sizes=\"(max-width: 750px) 100vw, 750px\" \/>\t\t\t\t\t\t\t\t\t\t\t\t\t\t\t<\/div>\n\t\t\t\t<\/div>\n\t\t\t\t\t<\/div>\n\t\t\t\t<\/div>\n\t\t<div class=\"elementor-element elementor-element-0895ea1 e-flex e-con-boxed e-con e-parent\" data-id=\"0895ea1\" data-element_type=\"container\" data-e-type=\"container\">\n\t\t\t\t\t<div class=\"e-con-inner\">\n\t\t<div class=\"elementor-element elementor-element-3aaffbf e-con-full e-flex e-con e-child\" data-id=\"3aaffbf\" data-element_type=\"container\" data-e-type=\"container\">\n\t\t\t\t<div class=\"elementor-element elementor-element-90ac0cc elementor-widget elementor-widget-image\" data-id=\"90ac0cc\" data-element_type=\"widget\" data-e-type=\"widget\" data-widget_type=\"image.default\">\n\t\t\t\t<div class=\"elementor-widget-container\">\n\t\t\t\t\t\t\t\t\t\t\t\t\t\t\t<img loading=\"lazy\" decoding=\"async\" width=\"700\" height=\"700\" src=\"https:\/\/www.metalgardenpot.com\/wp-content\/uploads\/2025\/06\/BOWL-SHAPE-PLANTER.jpg\" class=\"attachment-large size-large wp-image-463\" alt=\"Corten Steel Series Round Bowl Planter\" srcset=\"https:\/\/www.metalgardenpot.com\/wp-content\/uploads\/2025\/06\/BOWL-SHAPE-PLANTER.jpg 700w, https:\/\/www.metalgardenpot.com\/wp-content\/uploads\/2025\/06\/BOWL-SHAPE-PLANTER-300x300.jpg 300w, https:\/\/www.metalgardenpot.com\/wp-content\/uploads\/2025\/06\/BOWL-SHAPE-PLANTER-150x150.jpg 150w, https:\/\/www.metalgardenpot.com\/wp-content\/uploads\/2025\/06\/BOWL-SHAPE-PLANTER-12x12.jpg 12w, https:\/\/www.metalgardenpot.com\/wp-content\/uploads\/2025\/06\/BOWL-SHAPE-PLANTER-100x100.jpg 100w\" sizes=\"(max-width: 700px) 100vw, 700px\" \/>\t\t\t\t\t\t\t\t\t\t\t\t\t\t\t<\/div>\n\t\t\t\t<\/div>\n\t\t\t\t<\/div>\n\t\t<div class=\"elementor-element elementor-element-fb4db39 e-con-full e-flex e-con e-child\" data-id=\"fb4db39\" data-element_type=\"container\" data-e-type=\"container\">\n\t\t\t\t<div class=\"elementor-element elementor-element-87e2594 elementor-widget elementor-widget-heading\" data-id=\"87e2594\" data-element_type=\"widget\" data-e-type=\"widget\" data-widget_type=\"heading.default\">\n\t\t\t\t<div class=\"elementor-widget-container\">\n\t\t\t\t\t<h3 class=\"elementor-heading-title elementor-size-default\">Ventajas del acero corten<\/h3>\t\t\t\t<\/div>\n\t\t\t\t<\/div>\n\t\t\t\t<div class=\"elementor-element elementor-element-af72319 elementor-widget elementor-widget-text-editor\" data-id=\"af72319\" data-element_type=\"widget\" data-e-type=\"widget\" data-widget_type=\"text-editor.default\">\n\t\t\t\t<div class=\"elementor-widget-container\">\n\t\t\t\t\t\t\t\t\t<p>Las jardineras tradicionales de madera, pl\u00e1stico o acero est\u00e1ndar son propensas a pudrirse, decolorarse u oxidarse, requieren sustituciones o mantenimiento frecuentes y aumentan los costes del proyecto a largo plazo. En cambio, el acero corten no requiere revestimientos adicionales y puede formar una capa protectora estable contra el \u00f3xido, lo que reduce significativamente las necesidades y los gastos de mantenimiento.<\/p><p><br \/>El acero corten tiene una resistencia a la corrosi\u00f3n y una longevidad excepcionales. Sus placas de acero de 2 mm de grosor pueden durar m\u00e1s de 35 a\u00f1os, lo que supera con creces la vida \u00fatil de los materiales convencionales para jardineras.<\/p>\t\t\t\t\t\t\t\t<\/div>\n\t\t\t\t<\/div>\n\t\t\t\t<\/div>\n\t\t\t\t\t<\/div>\n\t\t\t\t<\/div>\n\t\t<div class=\"elementor-element elementor-element-4f8da70 e-flex e-con-boxed e-con e-parent\" data-id=\"4f8da70\" data-element_type=\"container\" data-e-type=\"container\">\n\t\t\t\t\t<div class=\"e-con-inner\">\n\t\t\t\t<div class=\"elementor-element elementor-element-b1f9094 elementor-widget elementor-widget-text-editor\" data-id=\"b1f9094\" data-element_type=\"widget\" data-e-type=\"widget\" data-widget_type=\"text-editor.default\">\n\t\t\t\t<div class=\"elementor-widget-container\">\n\t\t\t\t\t\t\t\t\t<p>Las jardineras de acero corten no requieren revestimientos antioxidantes adicionales ni pintura peri\u00f3dica. La capa de \u00f3xido superficial sirve tanto de decoraci\u00f3n como de pel\u00edcula protectora, por lo que pr\u00e1cticamente no necesita mantenimiento. En comparaci\u00f3n con las jardineras de madera o pl\u00e1stico, el acero corten es m\u00e1s duradero y respetuoso con el medio ambiente.<\/p><p>Sin lixiviaci\u00f3n de sustancias t\u00f3xicas, s\u00f3lo libera trazas de hierro beneficiosas para el crecimiento de las plantas, lo que elimina la preocupaci\u00f3n por la contaminaci\u00f3n del suelo o del sustrato durante su uso.<\/p>\t\t\t\t\t\t\t\t<\/div>\n\t\t\t\t<\/div>\n\t\t\t\t\t<\/div>\n\t\t\t\t<\/div>\n\t\t<div class=\"elementor-element elementor-element-b98fdcc e-flex e-con-boxed e-con e-parent\" data-id=\"b98fdcc\" data-element_type=\"container\" data-e-type=\"container\">\n\t\t\t\t\t<div class=\"e-con-inner\">\n\t\t\t\t<div class=\"elementor-element elementor-element-93cb578 elementor-widget elementor-widget-heading\" data-id=\"93cb578\" data-element_type=\"widget\" data-e-type=\"widget\" data-widget_type=\"heading.default\">\n\t\t\t\t<div class=\"elementor-widget-container\">\n\t\t\t\t\t<h3 class=\"elementor-heading-title elementor-size-default\">Servicio de personalizaci\u00f3n\n<\/h3>\t\t\t\t<\/div>\n\t\t\t\t<\/div>\n\t\t\t\t<div class=\"elementor-element elementor-element-8325d4e elementor-widget elementor-widget-text-editor\" data-id=\"8325d4e\" data-element_type=\"widget\" data-e-type=\"widget\" data-widget_type=\"text-editor.default\">\n\t\t\t\t<div class=\"elementor-widget-container\">\n\t\t\t\t\t\t\t\t\t<p>Podemos suministrar jardineras de decenas de cent\u00edmetros a varios metros de di\u00e1metro en funci\u00f3n de los requisitos del proyecto. Podemos dise\u00f1ar jardineras de m\u00faltiples formas (cuenco, cil\u00edndricas, cuadradas o rectangulares) para adaptarlas a las distintas dimensiones del espacio y a las necesidades de carga.<\/p>\t\t\t\t\t\t\t\t<\/div>\n\t\t\t\t<\/div>\n\t\t\t\t\t<\/div>\n\t\t\t\t<\/div>\n\t\t<div class=\"elementor-element elementor-element-2f9b4af e-flex e-con-boxed e-con e-parent\" data-id=\"2f9b4af\" data-element_type=\"container\" data-e-type=\"container\">\n\t\t\t\t\t<div class=\"e-con-inner\">\n\t\t\t\t<div class=\"elementor-element elementor-element-d3dedec elementor-widget elementor-widget-image\" data-id=\"d3dedec\" data-element_type=\"widget\" data-e-type=\"widget\" data-widget_type=\"image.default\">\n\t\t\t\t<div class=\"elementor-widget-container\">\n\t\t\t\t\t\t\t\t\t\t\t\t\t\t\t<img loading=\"lazy\" decoding=\"async\" width=\"700\" height=\"700\" src=\"https:\/\/www.metalgardenpot.com\/wp-content\/uploads\/2025\/06\/round-planters.jpg\" class=\"attachment-large size-large wp-image-458\" alt=\"round planters\" srcset=\"https:\/\/www.metalgardenpot.com\/wp-content\/uploads\/2025\/06\/round-planters.jpg 700w, https:\/\/www.metalgardenpot.com\/wp-content\/uploads\/2025\/06\/round-planters-300x300.jpg 300w, https:\/\/www.metalgardenpot.com\/wp-content\/uploads\/2025\/06\/round-planters-150x150.jpg 150w, https:\/\/www.metalgardenpot.com\/wp-content\/uploads\/2025\/06\/round-planters-12x12.jpg 12w, https:\/\/www.metalgardenpot.com\/wp-content\/uploads\/2025\/06\/round-planters-100x100.jpg 100w\" sizes=\"(max-width: 700px) 100vw, 700px\" \/>\t\t\t\t\t\t\t\t\t\t\t\t\t\t\t<\/div>\n\t\t\t\t<\/div>\n\t\t\t\t<div class=\"elementor-element elementor-element-1e3fb2a elementor-widget elementor-widget-image\" data-id=\"1e3fb2a\" data-element_type=\"widget\" data-e-type=\"widget\" data-widget_type=\"image.default\">\n\t\t\t\t<div class=\"elementor-widget-container\">\n\t\t\t\t\t\t\t\t\t\t\t\t\t\t\t<img loading=\"lazy\" decoding=\"async\" width=\"700\" height=\"700\" src=\"https:\/\/www.metalgardenpot.com\/wp-content\/uploads\/2025\/06\/Square-Planters-1.jpg\" class=\"attachment-large size-large wp-image-470\" alt=\"\" srcset=\"https:\/\/www.metalgardenpot.com\/wp-content\/uploads\/2025\/06\/Square-Planters-1.jpg 700w, https:\/\/www.metalgardenpot.com\/wp-content\/uploads\/2025\/06\/Square-Planters-1-300x300.jpg 300w, https:\/\/www.metalgardenpot.com\/wp-content\/uploads\/2025\/06\/Square-Planters-1-150x150.jpg 150w, https:\/\/www.metalgardenpot.com\/wp-content\/uploads\/2025\/06\/Square-Planters-1-12x12.jpg 12w, https:\/\/www.metalgardenpot.com\/wp-content\/uploads\/2025\/06\/Square-Planters-1-100x100.jpg 100w\" sizes=\"(max-width: 700px) 100vw, 700px\" \/>\t\t\t\t\t\t\t\t\t\t\t\t\t\t\t<\/div>\n\t\t\t\t<\/div>\n\t\t\t\t<div class=\"elementor-element elementor-element-8b190b4 elementor-widget elementor-widget-image\" data-id=\"8b190b4\" data-element_type=\"widget\" data-e-type=\"widget\" data-widget_type=\"image.default\">\n\t\t\t\t<div class=\"elementor-widget-container\">\n\t\t\t\t\t\t\t\t\t\t\t\t\t\t\t<img loading=\"lazy\" decoding=\"async\" width=\"700\" height=\"700\" src=\"https:\/\/www.metalgardenpot.com\/wp-content\/uploads\/2025\/06\/Tall-Tapered-Planters-2.jpg\" class=\"attachment-large size-large wp-image-475\" alt=\"corten steel planter\" srcset=\"https:\/\/www.metalgardenpot.com\/wp-content\/uploads\/2025\/06\/Tall-Tapered-Planters-2.jpg 700w, https:\/\/www.metalgardenpot.com\/wp-content\/uploads\/2025\/06\/Tall-Tapered-Planters-2-300x300.jpg 300w, https:\/\/www.metalgardenpot.com\/wp-content\/uploads\/2025\/06\/Tall-Tapered-Planters-2-150x150.jpg 150w, https:\/\/www.metalgardenpot.com\/wp-content\/uploads\/2025\/06\/Tall-Tapered-Planters-2-12x12.jpg 12w, https:\/\/www.metalgardenpot.com\/wp-content\/uploads\/2025\/06\/Tall-Tapered-Planters-2-100x100.jpg 100w\" sizes=\"(max-width: 700px) 100vw, 700px\" \/>\t\t\t\t\t\t\t\t\t\t\t\t\t\t\t<\/div>\n\t\t\t\t<\/div>\n\t\t\t\t<div class=\"elementor-element elementor-element-a027beb elementor-widget elementor-widget-image\" data-id=\"a027beb\" data-element_type=\"widget\" data-e-type=\"widget\" data-widget_type=\"image.default\">\n\t\t\t\t<div class=\"elementor-widget-container\">\n\t\t\t\t\t\t\t\t\t\t\t\t\t\t\t<img loading=\"lazy\" decoding=\"async\" width=\"750\" height=\"750\" src=\"https:\/\/www.metalgardenpot.com\/wp-content\/uploads\/2025\/06\/Rectangular-Planters.jpg\" class=\"attachment-large size-large wp-image-459\" alt=\"Corten Steel Rectangular Planter\" srcset=\"https:\/\/www.metalgardenpot.com\/wp-content\/uploads\/2025\/06\/Rectangular-Planters.jpg 750w, https:\/\/www.metalgardenpot.com\/wp-content\/uploads\/2025\/06\/Rectangular-Planters-300x300.jpg 300w, https:\/\/www.metalgardenpot.com\/wp-content\/uploads\/2025\/06\/Rectangular-Planters-150x150.jpg 150w, https:\/\/www.metalgardenpot.com\/wp-content\/uploads\/2025\/06\/Rectangular-Planters-12x12.jpg 12w, https:\/\/www.metalgardenpot.com\/wp-content\/uploads\/2025\/06\/Rectangular-Planters-700x700.jpg 700w, https:\/\/www.metalgardenpot.com\/wp-content\/uploads\/2025\/06\/Rectangular-Planters-100x100.jpg 100w\" sizes=\"(max-width: 750px) 100vw, 750px\" \/>\t\t\t\t\t\t\t\t\t\t\t\t\t\t\t<\/div>\n\t\t\t\t<\/div>\n\t\t\t\t\t<\/div>\n\t\t\t\t<\/div>\n\t\t<div class=\"elementor-element elementor-element-244c719 e-flex e-con-boxed e-con e-parent\" data-id=\"244c719\" data-element_type=\"container\" data-e-type=\"container\">\n\t\t\t\t\t<div class=\"e-con-inner\">\n\t\t\t\t<div class=\"elementor-element elementor-element-8bce7d9 elementor-widget elementor-widget-heading\" data-id=\"8bce7d9\" data-element_type=\"widget\" data-e-type=\"widget\" data-widget_type=\"heading.default\">\n\t\t\t\t<div class=\"elementor-widget-container\">\n\t\t\t\t\t<h3 class=\"elementor-heading-title elementor-size-default\">Aplicaci\u00f3n<\/h3>\t\t\t\t<\/div>\n\t\t\t\t<\/div>\n\t\t\t\t<div class=\"elementor-element elementor-element-27af851 elementor-widget elementor-widget-text-editor\" data-id=\"27af851\" data-element_type=\"widget\" data-e-type=\"widget\" data-widget_type=\"text-editor.default\">\n\t\t\t\t<div class=\"elementor-widget-container\">\n\t\t\t\t\t\t\t\t\t<p>Las jardineras Bowl se integran perfectamente en diversos espacios, como distritos comerciales, zonas verdes p\u00fablicas, paisajes y patios residenciales. Su dise\u00f1o de gran apertura favorece el crecimiento de las plantas y puede incorporar elementos de iluminaci\u00f3n o cortinas de agua.<\/p><p>Las jardineras de acero corten sirven de decoraci\u00f3n verde para plazas urbanas y esquinas de parques, al tiempo que realzan jardines, patios de hoteles o entradas de villas. Las jardineras grandes pueden plantar \u00e1rboles y arbustos ornamentales, o servir de base para parterres y fuentes.<\/p>\t\t\t\t\t\t\t\t<\/div>\n\t\t\t\t<\/div>\n\t\t\t\t\t<\/div>\n\t\t\t\t<\/div>\n\t\t\t\t<\/div>","protected":false},"excerpt":{"rendered":"<p>La jardinera de acero corten combina l\u00edneas sencillas y fluidas con una robusta est\u00e9tica industrial, integrando a la perfecci\u00f3n los estilos moderno y natural.<\/p>\n<ul>\n<li style=\"list-style-type: none;\">\n<ul>\n<li>Duradero y resistente<\/li>\n<li>Varios tama\u00f1os<\/li>\n<li>Grosor personalizado<\/li>\n<li>Tratamientos de superficie (preoxidado o p\u00e1tina natural)<\/li>\n<li>Orificios de drenaje opcionales<\/li>\n<\/ul>\n<\/li>\n<\/ul>","protected":false},"featured_media":1238,"comment_status":"closed","ping_status":"closed","template":"","meta":[],"product_brand":[34],"product_cat":[21],"product_tag":[],"class_list":{"0":"post-1236","1":"product","2":"type-product","3":"status-publish","4":"has-post-thumbnail","6":"product_brand-hnjbl","7":"product_cat-corten-steel-planters","9":"first","10":"instock","11":"shipping-taxable","12":"product-type-simple"},"_links":{"self":[{"href":"https:\/\/www.metalgardenpot.com\/es\/wp-json\/wp\/v2\/product\/1236","targetHints":{"allow":["GET"]}}],"collection":[{"href":"https:\/\/www.metalgardenpot.com\/es\/wp-json\/wp\/v2\/product"}],"about":[{"href":"https:\/\/www.metalgardenpot.com\/es\/wp-json\/wp\/v2\/types\/product"}],"replies":[{"embeddable":true,"href":"https:\/\/www.metalgardenpot.com\/es\/wp-json\/wp\/v2\/comments?post=1236"}],"version-history":[{"count":4,"href":"https:\/\/www.metalgardenpot.com\/es\/wp-json\/wp\/v2\/product\/1236\/revisions"}],"predecessor-version":[{"id":1248,"href":"https:\/\/www.metalgardenpot.com\/es\/wp-json\/wp\/v2\/product\/1236\/revisions\/1248"}],"wp:featuredmedia":[{"embeddable":true,"href":"https:\/\/www.metalgardenpot.com\/es\/wp-json\/wp\/v2\/media\/1238"}],"wp:attachment":[{"href":"https:\/\/www.metalgardenpot.com\/es\/wp-json\/wp\/v2\/media?parent=1236"}],"wp:term":[{"taxonomy":"product_brand","embeddable":true,"href":"https:\/\/www.metalgardenpot.com\/es\/wp-json\/wp\/v2\/product_brand?post=1236"},{"taxonomy":"product_cat","embeddable":true,"href":"https:\/\/www.metalgardenpot.com\/es\/wp-json\/wp\/v2\/product_cat?post=1236"},{"taxonomy":"product_tag","embeddable":true,"href":"https:\/\/www.metalgardenpot.com\/es\/wp-json\/wp\/v2\/product_tag?post=1236"}],"curies":[{"name":"wp","href":"https:\/\/api.w.org\/{rel}","templated":true}]}}