{"id":1293,"date":"2025-12-12T17:15:40","date_gmt":"2025-12-12T09:15:40","guid":{"rendered":"https:\/\/www.metalgardenpot.com\/?post_type=product&#038;p=1293"},"modified":"2025-12-12T17:15:40","modified_gmt":"2025-12-12T09:15:40","slug":"corten-steel-garden-edging","status":"publish","type":"product","link":"https:\/\/www.metalgardenpot.com\/es\/corten-steel-garden-edging\/","title":{"rendered":"Borde para jard\u00edn de acero cort\u00e9n"},"content":{"rendered":"<div data-elementor-type=\"product-post\" data-elementor-id=\"1293\" class=\"elementor elementor-1293\" data-elementor-post-type=\"product\">\n\t\t\t\t<div class=\"elementor-element elementor-element-d8618b9 e-flex e-con-boxed e-con e-parent\" data-id=\"d8618b9\" data-element_type=\"container\" data-e-type=\"container\">\n\t\t\t\t\t<div class=\"e-con-inner\">\n\t\t\t\t<div class=\"elementor-element elementor-element-b641ae8 elementor-widget elementor-widget-text-editor\" data-id=\"b641ae8\" data-element_type=\"widget\" data-e-type=\"widget\" data-widget_type=\"text-editor.default\">\n\t\t\t\t<div class=\"elementor-widget-container\">\n\t\t\t\t\t\t\t\t\t<p>Los bordes de jard\u00edn de acero corten, como divisores para definir espacios, delinear zonas de plantaci\u00f3n, guiar caminos, evitar la erosi\u00f3n del suelo y contener las malas hierbas, combinan a la perfecci\u00f3n con diversas gravas, c\u00e9spedes y baldosas de jard\u00edn para el dise\u00f1o hort\u00edcola y paisaj\u00edstico.<\/p><p>Definici\u00f3n del espacio: Delimita claramente zonas funcionales como c\u00e9sped, parterres, huertos, zonas de grava o paseos.<br \/>L\u00edmites para plantas: Sirve como barreras para camas elevadas o contenci\u00f3n de ra\u00edces para las plantas.<br \/>Retenci\u00f3n del suelo: Evita la erosi\u00f3n causada por la escorrent\u00eda del agua de lluvia o de riego.<br \/>Barrera de ra\u00edces: Bloquea f\u00edsicamente la invasi\u00f3n de ra\u00edces desde el c\u00e9sped u otras zonas hacia los parterres.<\/p>\t\t\t\t\t\t\t\t<\/div>\n\t\t\t\t<\/div>\n\t\t\t\t\t<\/div>\n\t\t\t\t<\/div>\n\t\t<div class=\"elementor-element elementor-element-2580bcb e-flex e-con-boxed e-con e-parent\" data-id=\"2580bcb\" data-element_type=\"container\" data-e-type=\"container\">\n\t\t\t\t\t<div class=\"e-con-inner\">\n\t\t\t\t<div class=\"elementor-element elementor-element-fcdb2cd elementor-widget elementor-widget-heading\" data-id=\"fcdb2cd\" data-element_type=\"widget\" data-e-type=\"widget\" data-widget_type=\"heading.default\">\n\t\t\t\t<div class=\"elementor-widget-container\">\n\t\t\t\t\t<h2 class=\"elementor-heading-title elementor-size-default\">Dise\u00f1o de bordes de acero corten\n<\/h2>\t\t\t\t<\/div>\n\t\t\t\t<\/div>\n\t\t\t\t<div class=\"elementor-element elementor-element-0daa0e3 elementor-widget elementor-widget-text-editor\" data-id=\"0daa0e3\" data-element_type=\"widget\" data-e-type=\"widget\" data-widget_type=\"text-editor.default\">\n\t\t\t\t<div class=\"elementor-widget-container\">\n\t\t\t\t\t\t\t\t\t<p>Cuando se exponen a la intemperie, los bordes de acero corten adquieren un aspecto de \u00f3xido estable. Esta capa protectora de \u00f3xido impide la corrosi\u00f3n posterior, por lo que es ideal para aplicaciones en exteriores. A diferencia de los metales pintados, autocura de forma natural los ara\u00f1azos.<\/p><div>El borde de acero corten est\u00e1 disponible en una gran variedad de dise\u00f1os y tama\u00f1os, lo que garantiza una opci\u00f3n adecuada para cada proyecto.<\/div>\t\t\t\t\t\t\t\t<\/div>\n\t\t\t\t<\/div>\n\t\t\t\t\t<\/div>\n\t\t\t\t<\/div>\n\t\t<div class=\"elementor-element elementor-element-b99ea99 e-flex e-con-boxed e-con e-parent\" data-id=\"b99ea99\" data-element_type=\"container\" data-e-type=\"container\">\n\t\t\t\t\t<div class=\"e-con-inner\">\n\t\t\t\t<div class=\"elementor-element elementor-element-24f0f00 elementor-widget elementor-widget-image\" data-id=\"24f0f00\" data-element_type=\"widget\" data-e-type=\"widget\" data-widget_type=\"image.default\">\n\t\t\t\t<div class=\"elementor-widget-container\">\n\t\t\t\t\t\t\t\t\t\t\t\t\t\t\t<img fetchpriority=\"high\" decoding=\"async\" width=\"750\" height=\"750\" src=\"https:\/\/www.metalgardenpot.com\/wp-content\/uploads\/2025\/12\/corten-steel-border-for-garden.jpg\" class=\"attachment-large size-large wp-image-1294\" alt=\"Corten Steel Garden Edging\" srcset=\"https:\/\/www.metalgardenpot.com\/wp-content\/uploads\/2025\/12\/corten-steel-border-for-garden.jpg 750w, https:\/\/www.metalgardenpot.com\/wp-content\/uploads\/2025\/12\/corten-steel-border-for-garden-300x300.jpg 300w, https:\/\/www.metalgardenpot.com\/wp-content\/uploads\/2025\/12\/corten-steel-border-for-garden-150x150.jpg 150w, https:\/\/www.metalgardenpot.com\/wp-content\/uploads\/2025\/12\/corten-steel-border-for-garden-12x12.jpg 12w, https:\/\/www.metalgardenpot.com\/wp-content\/uploads\/2025\/12\/corten-steel-border-for-garden-700x700.jpg 700w, https:\/\/www.metalgardenpot.com\/wp-content\/uploads\/2025\/12\/corten-steel-border-for-garden-100x100.jpg 100w\" sizes=\"(max-width: 750px) 100vw, 750px\" \/>\t\t\t\t\t\t\t\t\t\t\t\t\t\t\t<\/div>\n\t\t\t\t<\/div>\n\t\t\t\t<div class=\"elementor-element elementor-element-b79ce6e elementor-widget elementor-widget-image\" data-id=\"b79ce6e\" data-element_type=\"widget\" data-e-type=\"widget\" data-widget_type=\"image.default\">\n\t\t\t\t<div class=\"elementor-widget-container\">\n\t\t\t\t\t\t\t\t\t\t\t\t\t\t\t<img decoding=\"async\" width=\"750\" height=\"750\" src=\"https:\/\/www.metalgardenpot.com\/wp-content\/uploads\/2025\/12\/corten-steel-lawn-edge.jpg\" class=\"attachment-large size-large wp-image-1295\" alt=\"corten steel lawn edge\" srcset=\"https:\/\/www.metalgardenpot.com\/wp-content\/uploads\/2025\/12\/corten-steel-lawn-edge.jpg 750w, https:\/\/www.metalgardenpot.com\/wp-content\/uploads\/2025\/12\/corten-steel-lawn-edge-300x300.jpg 300w, https:\/\/www.metalgardenpot.com\/wp-content\/uploads\/2025\/12\/corten-steel-lawn-edge-150x150.jpg 150w, https:\/\/www.metalgardenpot.com\/wp-content\/uploads\/2025\/12\/corten-steel-lawn-edge-12x12.jpg 12w, https:\/\/www.metalgardenpot.com\/wp-content\/uploads\/2025\/12\/corten-steel-lawn-edge-700x700.jpg 700w, https:\/\/www.metalgardenpot.com\/wp-content\/uploads\/2025\/12\/corten-steel-lawn-edge-100x100.jpg 100w\" sizes=\"(max-width: 750px) 100vw, 750px\" \/>\t\t\t\t\t\t\t\t\t\t\t\t\t\t\t<\/div>\n\t\t\t\t<\/div>\n\t\t\t\t<div class=\"elementor-element elementor-element-6167c67 elementor-widget elementor-widget-image\" data-id=\"6167c67\" data-element_type=\"widget\" data-e-type=\"widget\" data-widget_type=\"image.default\">\n\t\t\t\t<div class=\"elementor-widget-container\">\n\t\t\t\t\t\t\t\t\t\t\t\t\t\t\t<img decoding=\"async\" width=\"750\" height=\"750\" src=\"https:\/\/www.metalgardenpot.com\/wp-content\/uploads\/2025\/12\/corten-steel-edge.jpg\" class=\"attachment-large size-large wp-image-1296\" alt=\"corten steel edge\" srcset=\"https:\/\/www.metalgardenpot.com\/wp-content\/uploads\/2025\/12\/corten-steel-edge.jpg 750w, https:\/\/www.metalgardenpot.com\/wp-content\/uploads\/2025\/12\/corten-steel-edge-300x300.jpg 300w, https:\/\/www.metalgardenpot.com\/wp-content\/uploads\/2025\/12\/corten-steel-edge-150x150.jpg 150w, https:\/\/www.metalgardenpot.com\/wp-content\/uploads\/2025\/12\/corten-steel-edge-12x12.jpg 12w, https:\/\/www.metalgardenpot.com\/wp-content\/uploads\/2025\/12\/corten-steel-edge-700x700.jpg 700w, https:\/\/www.metalgardenpot.com\/wp-content\/uploads\/2025\/12\/corten-steel-edge-100x100.jpg 100w\" sizes=\"(max-width: 750px) 100vw, 750px\" \/>\t\t\t\t\t\t\t\t\t\t\t\t\t\t\t<\/div>\n\t\t\t\t<\/div>\n\t\t\t\t\t<\/div>\n\t\t\t\t<\/div>\n\t\t<div class=\"elementor-element elementor-element-b38b06b e-flex e-con-boxed e-con e-parent\" data-id=\"b38b06b\" data-element_type=\"container\" data-e-type=\"container\">\n\t\t\t\t\t<div class=\"e-con-inner\">\n\t\t<div class=\"elementor-element elementor-element-ff7bbf2 e-con-full e-flex e-con e-child\" data-id=\"ff7bbf2\" data-element_type=\"container\" data-e-type=\"container\">\n\t\t\t\t<div class=\"elementor-element elementor-element-5fd9f9b elementor-widget elementor-widget-image\" data-id=\"5fd9f9b\" data-element_type=\"widget\" data-e-type=\"widget\" data-widget_type=\"image.default\">\n\t\t\t\t<div class=\"elementor-widget-container\">\n\t\t\t\t\t\t\t\t\t\t\t\t\t\t\t<img loading=\"lazy\" decoding=\"async\" width=\"750\" height=\"562\" src=\"https:\/\/www.metalgardenpot.com\/wp-content\/uploads\/2025\/12\/Garden-Edge.jpg\" class=\"attachment-large size-large wp-image-1297\" alt=\"Garden Edge\" srcset=\"https:\/\/www.metalgardenpot.com\/wp-content\/uploads\/2025\/12\/Garden-Edge.jpg 750w, https:\/\/www.metalgardenpot.com\/wp-content\/uploads\/2025\/12\/Garden-Edge-300x225.jpg 300w, https:\/\/www.metalgardenpot.com\/wp-content\/uploads\/2025\/12\/Garden-Edge-16x12.jpg 16w, https:\/\/www.metalgardenpot.com\/wp-content\/uploads\/2025\/12\/Garden-Edge-700x525.jpg 700w\" sizes=\"(max-width: 750px) 100vw, 750px\" \/>\t\t\t\t\t\t\t\t\t\t\t\t\t\t\t<\/div>\n\t\t\t\t<\/div>\n\t\t\t\t<\/div>\n\t\t<div class=\"elementor-element elementor-element-490bfa0 e-con-full e-flex e-con e-child\" data-id=\"490bfa0\" data-element_type=\"container\" data-e-type=\"container\">\n\t\t\t\t<div class=\"elementor-element elementor-element-bdf2687 elementor-widget elementor-widget-heading\" data-id=\"bdf2687\" data-element_type=\"widget\" data-e-type=\"widget\" data-widget_type=\"heading.default\">\n\t\t\t\t<div class=\"elementor-widget-container\">\n\t\t\t\t\t<h3 class=\"elementor-heading-title elementor-size-default\">Especificaci\u00f3n de los bordes de acero corten<\/h3>\t\t\t\t<\/div>\n\t\t\t\t<\/div>\n\t\t\t\t<div class=\"elementor-element elementor-element-d342725 elementor-widget elementor-widget-text-editor\" data-id=\"d342725\" data-element_type=\"widget\" data-e-type=\"widget\" data-widget_type=\"text-editor.default\">\n\t\t\t\t<div class=\"elementor-widget-container\">\n\t\t\t\t\t\t\t\t\t<p>HNJBL ofrece diversas opciones de especificaciones para adaptarse a diferentes requisitos de dise\u00f1o, condiciones del suelo y presupuestos.<\/p><p>Disponible en:<\/p><p>Grosor: 1,5 mm<\/p><p>Tama\u00f1o:<\/p><p>1075mm * 195mm<\/p><p>1070mm * 150mm<\/p><p>Color: \u00f3xido, con recubrimiento en polvo<\/p>\t\t\t\t\t\t\t\t<\/div>\n\t\t\t\t<\/div>\n\t\t\t\t<\/div>\n\t\t\t\t\t<\/div>\n\t\t\t\t<\/div>\n\t\t<div class=\"elementor-element elementor-element-e62cecf e-flex e-con-boxed e-con e-parent\" data-id=\"e62cecf\" data-element_type=\"container\" data-e-type=\"container\">\n\t\t\t\t\t<div class=\"e-con-inner\">\n\t\t\t\t<div class=\"elementor-element elementor-element-a6628bc elementor-widget elementor-widget-image\" data-id=\"a6628bc\" data-element_type=\"widget\" data-e-type=\"widget\" data-widget_type=\"image.default\">\n\t\t\t\t<div class=\"elementor-widget-container\">\n\t\t\t\t\t\t\t\t\t\t\t\t\t\t\t<img loading=\"lazy\" decoding=\"async\" width=\"750\" height=\"244\" src=\"https:\/\/www.metalgardenpot.com\/wp-content\/uploads\/2025\/12\/lawn-edge.webp\" class=\"attachment-large size-large wp-image-1298\" alt=\"lawn edge\" srcset=\"https:\/\/www.metalgardenpot.com\/wp-content\/uploads\/2025\/12\/lawn-edge.webp 750w, https:\/\/www.metalgardenpot.com\/wp-content\/uploads\/2025\/12\/lawn-edge-300x98.webp 300w, https:\/\/www.metalgardenpot.com\/wp-content\/uploads\/2025\/12\/lawn-edge-18x6.webp 18w, https:\/\/www.metalgardenpot.com\/wp-content\/uploads\/2025\/12\/lawn-edge-700x228.webp 700w\" sizes=\"(max-width: 750px) 100vw, 750px\" \/>\t\t\t\t\t\t\t\t\t\t\t\t\t\t\t<\/div>\n\t\t\t\t<\/div>\n\t\t\t\t<div class=\"elementor-element elementor-element-10ff25a elementor-widget elementor-widget-image\" data-id=\"10ff25a\" data-element_type=\"widget\" data-e-type=\"widget\" data-widget_type=\"image.default\">\n\t\t\t\t<div class=\"elementor-widget-container\">\n\t\t\t\t\t\t\t\t\t\t\t\t\t\t\t<img loading=\"lazy\" decoding=\"async\" width=\"750\" height=\"244\" src=\"https:\/\/www.metalgardenpot.com\/wp-content\/uploads\/2025\/12\/metal-edge.png\" class=\"attachment-large size-large wp-image-1299\" alt=\"metal edge\" srcset=\"https:\/\/www.metalgardenpot.com\/wp-content\/uploads\/2025\/12\/metal-edge.png 750w, https:\/\/www.metalgardenpot.com\/wp-content\/uploads\/2025\/12\/metal-edge-300x98.png 300w, https:\/\/www.metalgardenpot.com\/wp-content\/uploads\/2025\/12\/metal-edge-18x6.png 18w, https:\/\/www.metalgardenpot.com\/wp-content\/uploads\/2025\/12\/metal-edge-700x228.png 700w\" sizes=\"(max-width: 750px) 100vw, 750px\" \/>\t\t\t\t\t\t\t\t\t\t\t\t\t\t\t<\/div>\n\t\t\t\t<\/div>\n\t\t\t\t\t<\/div>\n\t\t\t\t<\/div>\n\t\t<div class=\"elementor-element elementor-element-22d96f7 e-flex e-con-boxed e-con e-parent\" data-id=\"22d96f7\" data-element_type=\"container\" data-e-type=\"container\">\n\t\t\t\t\t<div class=\"e-con-inner\">\n\t\t\t\t<div class=\"elementor-element elementor-element-359f20c elementor-widget elementor-widget-heading\" data-id=\"359f20c\" data-element_type=\"widget\" data-e-type=\"widget\" data-widget_type=\"heading.default\">\n\t\t\t\t<div class=\"elementor-widget-container\">\n\t\t\t\t\t<h2 class=\"elementor-heading-title elementor-size-default\">Instalaci\u00f3n r\u00e1pida y sencilla<\/h2>\t\t\t\t<\/div>\n\t\t\t\t<\/div>\n\t\t\t\t<div class=\"elementor-element elementor-element-b871ad6 elementor-widget elementor-widget-text-editor\" data-id=\"b871ad6\" data-element_type=\"widget\" data-e-type=\"widget\" data-widget_type=\"text-editor.default\">\n\t\t\t\t<div class=\"elementor-widget-container\">\n\t\t\t\t\t\t\t\t\t<p>Los bordes de acero HNJBL disponen de un sistema de uni\u00f3n por pesta\u00f1as entrelazadas para conectar las secciones, lo que significa que su instalaci\u00f3n es extremadamente r\u00e1pida.<\/p><p>Cada borde se instala en menos de 1 minuto y se mantiene firmemente en su sitio. Las \u00fanicas herramientas que necesita son un bloque de madera y un mazo.<\/p>\t\t\t\t\t\t\t\t<\/div>\n\t\t\t\t<\/div>\n\t\t\t\t\t<\/div>\n\t\t\t\t<\/div>\n\t\t<div class=\"elementor-element elementor-element-d7aa0a1 e-flex e-con-boxed e-con e-parent\" data-id=\"d7aa0a1\" data-element_type=\"container\" data-e-type=\"container\">\n\t\t\t\t\t<div class=\"e-con-inner\">\n\t\t\t\t<div class=\"elementor-element elementor-element-180165a elementor-widget elementor-widget-image\" data-id=\"180165a\" data-element_type=\"widget\" data-e-type=\"widget\" data-widget_type=\"image.default\">\n\t\t\t\t<div class=\"elementor-widget-container\">\n\t\t\t\t\t\t\t\t\t\t\t\t\t\t\t<img loading=\"lazy\" decoding=\"async\" width=\"750\" height=\"750\" src=\"https:\/\/www.metalgardenpot.com\/wp-content\/uploads\/2025\/12\/corten-edge-border.jpg\" class=\"attachment-large size-large wp-image-1303\" alt=\"corten edge border\" srcset=\"https:\/\/www.metalgardenpot.com\/wp-content\/uploads\/2025\/12\/corten-edge-border.jpg 750w, https:\/\/www.metalgardenpot.com\/wp-content\/uploads\/2025\/12\/corten-edge-border-300x300.jpg 300w, https:\/\/www.metalgardenpot.com\/wp-content\/uploads\/2025\/12\/corten-edge-border-150x150.jpg 150w, https:\/\/www.metalgardenpot.com\/wp-content\/uploads\/2025\/12\/corten-edge-border-12x12.jpg 12w, https:\/\/www.metalgardenpot.com\/wp-content\/uploads\/2025\/12\/corten-edge-border-700x700.jpg 700w, https:\/\/www.metalgardenpot.com\/wp-content\/uploads\/2025\/12\/corten-edge-border-100x100.jpg 100w\" sizes=\"(max-width: 750px) 100vw, 750px\" \/>\t\t\t\t\t\t\t\t\t\t\t\t\t\t\t<\/div>\n\t\t\t\t<\/div>\n\t\t\t\t<div class=\"elementor-element elementor-element-1fb3881 elementor-widget elementor-widget-image\" data-id=\"1fb3881\" data-element_type=\"widget\" data-e-type=\"widget\" data-widget_type=\"image.default\">\n\t\t\t\t<div class=\"elementor-widget-container\">\n\t\t\t\t\t\t\t\t\t\t\t\t\t\t\t<img loading=\"lazy\" decoding=\"async\" width=\"750\" height=\"750\" src=\"https:\/\/www.metalgardenpot.com\/wp-content\/uploads\/2025\/12\/edging-border.jpg\" class=\"attachment-large size-large wp-image-1304\" alt=\"corten steel edge\" srcset=\"https:\/\/www.metalgardenpot.com\/wp-content\/uploads\/2025\/12\/edging-border.jpg 750w, https:\/\/www.metalgardenpot.com\/wp-content\/uploads\/2025\/12\/edging-border-300x300.jpg 300w, https:\/\/www.metalgardenpot.com\/wp-content\/uploads\/2025\/12\/edging-border-150x150.jpg 150w, https:\/\/www.metalgardenpot.com\/wp-content\/uploads\/2025\/12\/edging-border-12x12.jpg 12w, https:\/\/www.metalgardenpot.com\/wp-content\/uploads\/2025\/12\/edging-border-700x700.jpg 700w, https:\/\/www.metalgardenpot.com\/wp-content\/uploads\/2025\/12\/edging-border-100x100.jpg 100w\" sizes=\"(max-width: 750px) 100vw, 750px\" \/>\t\t\t\t\t\t\t\t\t\t\t\t\t\t\t<\/div>\n\t\t\t\t<\/div>\n\t\t\t\t<div class=\"elementor-element elementor-element-03b55a1 elementor-widget elementor-widget-image\" data-id=\"03b55a1\" data-element_type=\"widget\" data-e-type=\"widget\" data-widget_type=\"image.default\">\n\t\t\t\t<div class=\"elementor-widget-container\">\n\t\t\t\t\t\t\t\t\t\t\t\t\t\t\t<img loading=\"lazy\" decoding=\"async\" width=\"750\" height=\"750\" src=\"https:\/\/www.metalgardenpot.com\/wp-content\/uploads\/2025\/12\/Retaining-Plates-1.jpg\" class=\"attachment-large size-large wp-image-1305\" alt=\"\" srcset=\"https:\/\/www.metalgardenpot.com\/wp-content\/uploads\/2025\/12\/Retaining-Plates-1.jpg 750w, https:\/\/www.metalgardenpot.com\/wp-content\/uploads\/2025\/12\/Retaining-Plates-1-300x300.jpg 300w, https:\/\/www.metalgardenpot.com\/wp-content\/uploads\/2025\/12\/Retaining-Plates-1-150x150.jpg 150w, https:\/\/www.metalgardenpot.com\/wp-content\/uploads\/2025\/12\/Retaining-Plates-1-12x12.jpg 12w, https:\/\/www.metalgardenpot.com\/wp-content\/uploads\/2025\/12\/Retaining-Plates-1-700x700.jpg 700w, https:\/\/www.metalgardenpot.com\/wp-content\/uploads\/2025\/12\/Retaining-Plates-1-100x100.jpg 100w\" sizes=\"(max-width: 750px) 100vw, 750px\" \/>\t\t\t\t\t\t\t\t\t\t\t\t\t\t\t<\/div>\n\t\t\t\t<\/div>\n\t\t\t\t<div class=\"elementor-element elementor-element-dd7925a elementor-widget elementor-widget-image\" data-id=\"dd7925a\" data-element_type=\"widget\" data-e-type=\"widget\" data-widget_type=\"image.default\">\n\t\t\t\t<div class=\"elementor-widget-container\">\n\t\t\t\t\t\t\t\t\t\t\t\t\t\t\t<img loading=\"lazy\" decoding=\"async\" width=\"750\" height=\"750\" src=\"https:\/\/www.metalgardenpot.com\/wp-content\/uploads\/2025\/12\/Steel-Lipped-Edging.jpg\" class=\"attachment-large size-large wp-image-1306\" alt=\"Retaining Plates\" srcset=\"https:\/\/www.metalgardenpot.com\/wp-content\/uploads\/2025\/12\/Steel-Lipped-Edging.jpg 750w, https:\/\/www.metalgardenpot.com\/wp-content\/uploads\/2025\/12\/Steel-Lipped-Edging-300x300.jpg 300w, https:\/\/www.metalgardenpot.com\/wp-content\/uploads\/2025\/12\/Steel-Lipped-Edging-150x150.jpg 150w, https:\/\/www.metalgardenpot.com\/wp-content\/uploads\/2025\/12\/Steel-Lipped-Edging-12x12.jpg 12w, https:\/\/www.metalgardenpot.com\/wp-content\/uploads\/2025\/12\/Steel-Lipped-Edging-700x700.jpg 700w, https:\/\/www.metalgardenpot.com\/wp-content\/uploads\/2025\/12\/Steel-Lipped-Edging-100x100.jpg 100w\" sizes=\"(max-width: 750px) 100vw, 750px\" \/>\t\t\t\t\t\t\t\t\t\t\t\t\t\t\t<\/div>\n\t\t\t\t<\/div>\n\t\t\t\t\t<\/div>\n\t\t\t\t<\/div>\n\t\t<div class=\"elementor-element elementor-element-706ca5f e-flex e-con-boxed e-con e-parent\" data-id=\"706ca5f\" data-element_type=\"container\" data-e-type=\"container\">\n\t\t\t\t\t<div class=\"e-con-inner\">\n\t\t\t\t<div class=\"elementor-element elementor-element-ca1b52a elementor-widget elementor-widget-heading\" data-id=\"ca1b52a\" data-element_type=\"widget\" data-e-type=\"widget\" data-widget_type=\"heading.default\">\n\t\t\t\t<div class=\"elementor-widget-container\">\n\t\t\t\t\t<h2 class=\"elementor-heading-title elementor-size-default\">Por qu\u00e9 elegir HNJBL Corten Edging<\/h2>\t\t\t\t<\/div>\n\t\t\t\t<\/div>\n\t\t\t\t<div class=\"elementor-element elementor-element-69552cc elementor-widget elementor-widget-text-editor\" data-id=\"69552cc\" data-element_type=\"widget\" data-e-type=\"widget\" data-widget_type=\"text-editor.default\">\n\t\t\t\t<div class=\"elementor-widget-container\">\n\t\t\t\t\t\t\t\t\t<p>Durabilidad excepcional: Soporta condiciones clim\u00e1ticas extremas sin agrietarse ni decolorarse. Su vida \u00fatil puede alcanzar los 40-50 a\u00f1os, lo que reduce los costes de sustituci\u00f3n en 80% en comparaci\u00f3n con la madera.<\/p>\t\t\t\t\t\t\t\t<\/div>\n\t\t\t\t<\/div>\n\t\t\t\t<div class=\"elementor-element elementor-element-675d3d8 elementor-widget elementor-widget-text-editor\" data-id=\"675d3d8\" data-element_type=\"widget\" data-e-type=\"widget\" data-widget_type=\"text-editor.default\">\n\t\t\t\t<div class=\"elementor-widget-container\">\n\t\t\t\t\t\t\t\t\t<p>Est\u00e9tica: Desarrolla una rica p\u00e1tina marr\u00f3n rojiza en 6-12 meses, mezcl\u00e1ndose a la perfecci\u00f3n con el entorno natural para crear ambientes r\u00fasticos y modernos. No requiere pintura adicional.<\/p>\t\t\t\t\t\t\t\t<\/div>\n\t\t\t\t<\/div>\n\t\t\t\t<div class=\"elementor-element elementor-element-d6a1a02 elementor-widget elementor-widget-text-editor\" data-id=\"d6a1a02\" data-element_type=\"widget\" data-e-type=\"widget\" data-widget_type=\"text-editor.default\">\n\t\t\t\t<div class=\"elementor-widget-container\">\n\t\t\t\t\t\t\t\t\t<p>F\u00e1cil instalaci\u00f3n: El dise\u00f1o de enclavamiento puede permitir a los dise\u00f1adores completar peque\u00f1os proyectos en una hora.\u00a0<\/p>\t\t\t\t\t\t\t\t<\/div>\n\t\t\t\t<\/div>\n\t\t\t\t<div class=\"elementor-element elementor-element-de45756 elementor-widget elementor-widget-text-editor\" data-id=\"de45756\" data-element_type=\"widget\" data-e-type=\"widget\" data-widget_type=\"text-editor.default\">\n\t\t\t\t<div class=\"elementor-widget-container\">\n\t\t\t\t\t\t\t\t\t<p>F\u00e1cil instalaci\u00f3n: El dise\u00f1o de enclavamiento puede permitir a los dise\u00f1adores completar peque\u00f1os proyectos en una hora.\u00a0<\/p>\t\t\t\t\t\t\t\t<\/div>\n\t\t\t\t<\/div>\n\t\t\t\t\t<\/div>\n\t\t\t\t<\/div>\n\t\t\t\t<\/div>","protected":false},"excerpt":{"rendered":"<p>Los bordes de jard\u00edn de acero corten se utilizan con frecuencia como bordes de jard\u00edn y paisajismo, evitando que la tierra y la grava se desborden y realzando la belleza del dise\u00f1o del jard\u00edn.<\/p>\n<p>Forma: recta, curva o como se desee<\/p>\n<p>Acero de alta calidad de 1,5 mm de grosor<\/p>\n<p>Larga vida \u00fatil<\/p>\n<p>F\u00e1cil de instalar<\/p>\n<p>Respetuoso con el medio ambiente<\/p>","protected":false},"featured_media":1288,"comment_status":"closed","ping_status":"closed","template":"","meta":[],"product_brand":[34],"product_cat":[23],"product_tag":[],"class_list":{"0":"post-1293","1":"product","2":"type-product","3":"status-publish","4":"has-post-thumbnail","6":"product_brand-hnjbl","7":"product_cat-metal-edging","9":"first","10":"instock","11":"shipping-taxable","12":"product-type-simple"},"_links":{"self":[{"href":"https:\/\/www.metalgardenpot.com\/es\/wp-json\/wp\/v2\/product\/1293","targetHints":{"allow":["GET"]}}],"collection":[{"href":"https:\/\/www.metalgardenpot.com\/es\/wp-json\/wp\/v2\/product"}],"about":[{"href":"https:\/\/www.metalgardenpot.com\/es\/wp-json\/wp\/v2\/types\/product"}],"replies":[{"embeddable":true,"href":"https:\/\/www.metalgardenpot.com\/es\/wp-json\/wp\/v2\/comments?post=1293"}],"version-history":[{"count":4,"href":"https:\/\/www.metalgardenpot.com\/es\/wp-json\/wp\/v2\/product\/1293\/revisions"}],"predecessor-version":[{"id":1307,"href":"https:\/\/www.metalgardenpot.com\/es\/wp-json\/wp\/v2\/product\/1293\/revisions\/1307"}],"wp:featuredmedia":[{"embeddable":true,"href":"https:\/\/www.metalgardenpot.com\/es\/wp-json\/wp\/v2\/media\/1288"}],"wp:attachment":[{"href":"https:\/\/www.metalgardenpot.com\/es\/wp-json\/wp\/v2\/media?parent=1293"}],"wp:term":[{"taxonomy":"product_brand","embeddable":true,"href":"https:\/\/www.metalgardenpot.com\/es\/wp-json\/wp\/v2\/product_brand?post=1293"},{"taxonomy":"product_cat","embeddable":true,"href":"https:\/\/www.metalgardenpot.com\/es\/wp-json\/wp\/v2\/product_cat?post=1293"},{"taxonomy":"product_tag","embeddable":true,"href":"https:\/\/www.metalgardenpot.com\/es\/wp-json\/wp\/v2\/product_tag?post=1293"}],"curies":[{"name":"wp","href":"https:\/\/api.w.org\/{rel}","templated":true}]}}