{"id":1383,"date":"2026-01-27T17:17:08","date_gmt":"2026-01-27T09:17:08","guid":{"rendered":"https:\/\/www.metalgardenpot.com\/?post_type=product&#038;p=1383"},"modified":"2026-01-27T17:17:10","modified_gmt":"2026-01-27T09:17:10","slug":"corten-steel-round-planter-boxes","status":"publish","type":"product","link":"https:\/\/www.metalgardenpot.com\/es\/corten-steel-round-planter-boxes\/","title":{"rendered":"Jardineras redondas de acero corten"},"content":{"rendered":"<div data-elementor-type=\"product-post\" data-elementor-id=\"1383\" class=\"elementor elementor-1383\" data-elementor-post-type=\"product\">\n\t\t\t\t<div class=\"elementor-element elementor-element-f813f29 e-flex e-con-boxed e-con e-parent\" data-id=\"f813f29\" data-element_type=\"container\" data-e-type=\"container\">\n\t\t\t\t\t<div class=\"e-con-inner\">\n\t\t\t\t<div class=\"elementor-element elementor-element-d7ce52f elementor-widget elementor-widget-text-editor\" data-id=\"d7ce52f\" data-element_type=\"widget\" data-e-type=\"widget\" data-widget_type=\"text-editor.default\">\n\t\t\t\t<div class=\"elementor-widget-container\">\n\t\t\t\t\t\t\t\t\t<p>Las jardineras redondas de acero corten dan cabida a una gran variedad de flores y plantas, adecuadas para diversos espacios interiores y exteriores, como salones, patios, jardines, entradas, balcones, calles urbanas y zonas junto a piscinas. <\/p><p>Con d\u00e9cadas de experiencia en el sector de la horticultura, HNJBL ofrece varios tipos de jardineras redondas de acero corten. Adem\u00e1s de las formas redondas est\u00e1ndar, personalizamos formas redondas c\u00f3nicas y el\u00edpticas o creamos piezas de arte escult\u00f3ricas cortando y ensamblando bases circulares, con espesores est\u00e1ndar de 1,5-3 mm y alturas que oscilan entre 40 y 100 cm. Las dimensiones pueden personalizarse totalmente para satisfacer los requisitos espec\u00edficos de cada proyecto.<\/p>\t\t\t\t\t\t\t\t<\/div>\n\t\t\t\t<\/div>\n\t\t\t\t\t<\/div>\n\t\t\t\t<\/div>\n\t\t<div class=\"elementor-element elementor-element-21edb8d e-flex e-con-boxed e-con e-parent\" data-id=\"21edb8d\" data-element_type=\"container\" data-e-type=\"container\">\n\t\t\t\t\t<div class=\"e-con-inner\">\n\t\t\t\t<div class=\"elementor-element elementor-element-991f60a elementor-widget elementor-widget-image\" data-id=\"991f60a\" data-element_type=\"widget\" data-e-type=\"widget\" data-widget_type=\"image.default\">\n\t\t\t\t<div class=\"elementor-widget-container\">\n\t\t\t\t\t\t\t\t\t\t\t\t\t\t\t<img fetchpriority=\"high\" decoding=\"async\" width=\"700\" height=\"700\" src=\"https:\/\/www.metalgardenpot.com\/wp-content\/uploads\/2026\/01\/round-planter-700x700.jpg\" class=\"attachment-woocommerce_single size-woocommerce_single wp-image-1381\" alt=\"Corten Steel Round Planter Boxes\" srcset=\"https:\/\/www.metalgardenpot.com\/wp-content\/uploads\/2026\/01\/round-planter-700x700.jpg 700w, https:\/\/www.metalgardenpot.com\/wp-content\/uploads\/2026\/01\/round-planter-300x300.jpg 300w, https:\/\/www.metalgardenpot.com\/wp-content\/uploads\/2026\/01\/round-planter-150x150.jpg 150w, https:\/\/www.metalgardenpot.com\/wp-content\/uploads\/2026\/01\/round-planter-12x12.jpg 12w, https:\/\/www.metalgardenpot.com\/wp-content\/uploads\/2026\/01\/round-planter-100x100.jpg 100w, https:\/\/www.metalgardenpot.com\/wp-content\/uploads\/2026\/01\/round-planter.jpg 750w\" sizes=\"(max-width: 700px) 100vw, 700px\" \/>\t\t\t\t\t\t\t\t\t\t\t\t\t\t\t<\/div>\n\t\t\t\t<\/div>\n\t\t\t\t<div class=\"elementor-element elementor-element-cd0ed31 elementor-widget elementor-widget-image\" data-id=\"cd0ed31\" data-element_type=\"widget\" data-e-type=\"widget\" data-widget_type=\"image.default\">\n\t\t\t\t<div class=\"elementor-widget-container\">\n\t\t\t\t\t\t\t\t\t\t\t\t\t\t\t<img decoding=\"async\" width=\"700\" height=\"700\" src=\"https:\/\/www.metalgardenpot.com\/wp-content\/uploads\/2026\/01\/round-tapered-planter-700x700.jpg\" class=\"attachment-woocommerce_single size-woocommerce_single wp-image-1382\" alt=\"round tapered planter\" srcset=\"https:\/\/www.metalgardenpot.com\/wp-content\/uploads\/2026\/01\/round-tapered-planter-700x700.jpg 700w, https:\/\/www.metalgardenpot.com\/wp-content\/uploads\/2026\/01\/round-tapered-planter-300x300.jpg 300w, https:\/\/www.metalgardenpot.com\/wp-content\/uploads\/2026\/01\/round-tapered-planter-150x150.jpg 150w, https:\/\/www.metalgardenpot.com\/wp-content\/uploads\/2026\/01\/round-tapered-planter-12x12.jpg 12w, https:\/\/www.metalgardenpot.com\/wp-content\/uploads\/2026\/01\/round-tapered-planter-100x100.jpg 100w, https:\/\/www.metalgardenpot.com\/wp-content\/uploads\/2026\/01\/round-tapered-planter.jpg 750w\" sizes=\"(max-width: 700px) 100vw, 700px\" \/>\t\t\t\t\t\t\t\t\t\t\t\t\t\t\t<\/div>\n\t\t\t\t<\/div>\n\t\t\t\t\t<\/div>\n\t\t\t\t<\/div>\n\t\t<div class=\"elementor-element elementor-element-bbc198a e-flex e-con-boxed e-con e-parent\" data-id=\"bbc198a\" data-element_type=\"container\" data-e-type=\"container\">\n\t\t\t\t\t<div class=\"e-con-inner\">\n\t\t\t\t<div class=\"elementor-element elementor-element-7b4a52a elementor-widget elementor-widget-heading\" data-id=\"7b4a52a\" data-element_type=\"widget\" data-e-type=\"widget\" data-widget_type=\"heading.default\">\n\t\t\t\t<div class=\"elementor-widget-container\">\n\t\t\t\t\t<h2 class=\"elementor-heading-title elementor-size-default\">Jardineras redondas de acero corten Caracter\u00edsticas<\/h2>\t\t\t\t<\/div>\n\t\t\t\t<\/div>\n\t\t\t\t<div class=\"elementor-element elementor-element-0c4ccc2 elementor-widget elementor-widget-text-editor\" data-id=\"0c4ccc2\" data-element_type=\"widget\" data-e-type=\"widget\" data-widget_type=\"text-editor.default\">\n\t\t\t\t<div class=\"elementor-widget-container\">\n\t\t\t\t\t\t\t\t\t<ul><li>Totalmente montado y soldado<\/li><li>Orificios de drenaje disponibles<\/li><li>Grosor: 1,5 - 3 mm<\/li><li>Di\u00e1metro: 40 - 100 cm, o personalizado<\/li><li>Altura: 40 -100 cm, o personalizada<\/li><li>Disponible con o sin base elevadora<\/li><li>Acabado del borde superior<\/li><li>Con el tiempo, en la superficie del acero envejecido se forma una p\u00e1tina protectora estable, uniforme y pr\u00e1cticamente estable de color marr\u00f3n oscuro o marr\u00f3n viol\u00e1ceo.<\/li><\/ul>\t\t\t\t\t\t\t\t<\/div>\n\t\t\t\t<\/div>\n\t\t\t\t\t<\/div>\n\t\t\t\t<\/div>\n\t\t<div class=\"elementor-element elementor-element-d7d49bd e-flex e-con-boxed e-con e-parent\" data-id=\"d7d49bd\" data-element_type=\"container\" data-e-type=\"container\">\n\t\t\t\t\t<div class=\"e-con-inner\">\n\t\t\t\t<div class=\"elementor-element elementor-element-f6d1045 elementor-widget elementor-widget-heading\" data-id=\"f6d1045\" data-element_type=\"widget\" data-e-type=\"widget\" data-widget_type=\"heading.default\">\n\t\t\t\t<div class=\"elementor-widget-container\">\n\t\t\t\t\t<h2 class=\"elementor-heading-title elementor-size-default\">Capacidades de personalizaci\u00f3n de las jardineras redondas de acero corten\n<\/h2>\t\t\t\t<\/div>\n\t\t\t\t<\/div>\n\t\t\t\t<div class=\"elementor-element elementor-element-dde199f elementor-widget elementor-widget-text-editor\" data-id=\"dde199f\" data-element_type=\"widget\" data-e-type=\"widget\" data-widget_type=\"text-editor.default\">\n\t\t\t\t<div class=\"elementor-widget-container\">\n\t\t\t\t\t\t\t\t\t<p>Como proveedor l\u00edder de jardineras de acero corten, HNJBL cuenta con un equipo de dise\u00f1o profesional; los clientes s\u00f3lo tienen que proporcionar los par\u00e1metros requeridos, como el di\u00e1metro, la altura y el grosor. Nuestro equipo de ingenier\u00eda garantiza la flexibilidad en las dimensiones y los tratamientos superficiales al tiempo que completa los pedidos con ciclos de producci\u00f3n r\u00e1pidos.<\/p>\t\t\t\t\t\t\t\t<\/div>\n\t\t\t\t<\/div>\n\t\t\t\t<div class=\"elementor-element elementor-element-c5be2dc elementor-widget elementor-widget-text-editor\" data-id=\"c5be2dc\" data-element_type=\"widget\" data-e-type=\"widget\" data-widget_type=\"text-editor.default\">\n\t\t\t\t<div class=\"elementor-widget-container\">\n\t\t\t\t\t\t\t\t\t<p><strong>Dimensiones y grosor<\/strong><\/p><p>Personalizable a cualquier di\u00e1metro y altura seg\u00fan los requisitos del proyecto, con m\u00faltiples opciones de grosor de chapa de acero para adaptarse a diversos espacios paisaj\u00edsticos y demandas de carga.<\/p>\t\t\t\t\t\t\t\t<\/div>\n\t\t\t\t<\/div>\n\t\t\t\t<div class=\"elementor-element elementor-element-2e1f09a elementor-widget elementor-widget-text-editor\" data-id=\"2e1f09a\" data-element_type=\"widget\" data-e-type=\"widget\" data-widget_type=\"text-editor.default\">\n\t\t\t\t<div class=\"elementor-widget-container\">\n\t\t\t\t\t\t\t\t\t<p><strong>Drenaje y Raied Pies\/Base<\/strong><\/p><p>Los orificios de drenaje inferiores pueden reservarse, y se incluyen pies\/base elevados para garantizar un drenaje sin obstrucciones y una colocaci\u00f3n nivelada, promoviendo el crecimiento saludable de las plantas.<\/p>\t\t\t\t\t\t\t\t<\/div>\n\t\t\t\t<\/div>\n\t\t\t\t<div class=\"elementor-element elementor-element-99f734e elementor-widget elementor-widget-text-editor\" data-id=\"99f734e\" data-element_type=\"widget\" data-e-type=\"widget\" data-widget_type=\"text-editor.default\">\n\t\t\t\t<div class=\"elementor-widget-container\">\n\t\t\t\t\t\t\t\t\t<p><strong>Integraci\u00f3n funcional<\/strong><\/p><p>Dise\u00f1ados como unidades de tipo jardinera-cercado o banco, con bordes reforzados a lo largo del borde exterior. Este dise\u00f1o de doble uso combina la funcionalidad de la plantaci\u00f3n con la capacidad de asiento, proporcionando una utilidad a\u00f1adida para complejos comerciales y entornos similares.<\/p>\t\t\t\t\t\t\t\t<\/div>\n\t\t\t\t<\/div>\n\t\t\t\t<div class=\"elementor-element elementor-element-fa581a8 elementor-widget elementor-widget-text-editor\" data-id=\"fa581a8\" data-element_type=\"widget\" data-e-type=\"widget\" data-widget_type=\"text-editor.default\">\n\t\t\t\t<div class=\"elementor-widget-container\">\n\t\t\t\t\t\t\t\t\t<p><strong>Acabado superficial<\/strong><\/p><p>Las jardineras de acero corten est\u00e1n disponibles con tratamiento antidesgaste previo y revestimiento sellador transparente antes de la producci\u00f3n. Evita que el \u00f3xido se filtre y protege las superficies duras adyacentes de las manchas.<\/p>\t\t\t\t\t\t\t\t<\/div>\n\t\t\t\t<\/div>\n\t\t\t\t\t<\/div>\n\t\t\t\t<\/div>\n\t\t<div class=\"elementor-element elementor-element-d53e7d4 e-flex e-con-boxed e-con e-parent\" data-id=\"d53e7d4\" data-element_type=\"container\" data-e-type=\"container\">\n\t\t\t\t\t<div class=\"e-con-inner\">\n\t\t\t\t<div class=\"elementor-element elementor-element-f919904 elementor-widget elementor-widget-image\" data-id=\"f919904\" data-element_type=\"widget\" data-e-type=\"widget\" data-widget_type=\"image.default\">\n\t\t\t\t<div class=\"elementor-widget-container\">\n\t\t\t\t\t\t\t\t\t\t\t\t\t\t\t<img decoding=\"async\" src=\"https:\/\/www.metalgardenpot.com\/wp-content\/uploads\/elementor\/thumbs\/modern-outdoor-corten-steel-planters-2-r8xh3gj7bytzg4z6eextvbjw9bhgah08tdq73v9e6g.jpg\" title=\"jardineras modernas de acero corten para exteriores 2\" alt=\"corten steel planters round\" loading=\"lazy\" \/>\t\t\t\t\t\t\t\t\t\t\t\t\t\t\t<\/div>\n\t\t\t\t<\/div>\n\t\t\t\t<div class=\"elementor-element elementor-element-21839de elementor-widget elementor-widget-image\" data-id=\"21839de\" data-element_type=\"widget\" data-e-type=\"widget\" data-widget_type=\"image.default\">\n\t\t\t\t<div class=\"elementor-widget-container\">\n\t\t\t\t\t\t\t\t\t\t\t\t\t\t\t<img decoding=\"async\" width=\"564\" height=\"564\" src=\"https:\/\/www.metalgardenpot.com\/wp-content\/uploads\/2026\/01\/corten-steel-metal-planter.jpg\" class=\"attachment-full size-full wp-image-1384\" alt=\"corten steel planter\" srcset=\"https:\/\/www.metalgardenpot.com\/wp-content\/uploads\/2026\/01\/corten-steel-metal-planter.jpg 564w, https:\/\/www.metalgardenpot.com\/wp-content\/uploads\/2026\/01\/corten-steel-metal-planter-300x300.jpg 300w, https:\/\/www.metalgardenpot.com\/wp-content\/uploads\/2026\/01\/corten-steel-metal-planter-150x150.jpg 150w, https:\/\/www.metalgardenpot.com\/wp-content\/uploads\/2026\/01\/corten-steel-metal-planter-12x12.jpg 12w, https:\/\/www.metalgardenpot.com\/wp-content\/uploads\/2026\/01\/corten-steel-metal-planter-100x100.jpg 100w, https:\/\/www.metalgardenpot.com\/wp-content\/uploads\/2026\/01\/elementor\/thumbs\/corten-steel-metal-planter-150x150.jpg 700w\" sizes=\"(max-width: 564px) 100vw, 564px\" \/>\t\t\t\t\t\t\t\t\t\t\t\t\t\t\t<\/div>\n\t\t\t\t<\/div>\n\t\t\t\t\t<\/div>\n\t\t\t\t<\/div>\n\t\t<div class=\"elementor-element elementor-element-98d1015 e-flex e-con-boxed e-con e-parent\" data-id=\"98d1015\" data-element_type=\"container\" data-e-type=\"container\">\n\t\t\t\t\t<div class=\"e-con-inner\">\n\t\t\t\t<div class=\"elementor-element elementor-element-42ad7e1 elementor-widget elementor-widget-heading\" data-id=\"42ad7e1\" data-element_type=\"widget\" data-e-type=\"widget\" data-widget_type=\"heading.default\">\n\t\t\t\t<div class=\"elementor-widget-container\">\n\t\t\t\t\t<h3 class=\"elementor-heading-title elementor-size-default\">C\u00f3mo evitar que las macetas manchen el suelo\uff1f\n<\/h3>\t\t\t\t<\/div>\n\t\t\t\t<\/div>\n\t\t\t\t<div class=\"elementor-element elementor-element-9ee871f elementor-widget elementor-widget-text-editor\" data-id=\"9ee871f\" data-element_type=\"widget\" data-e-type=\"widget\" data-widget_type=\"text-editor.default\">\n\t\t\t\t<div class=\"elementor-widget-container\">\n\t\t\t\t\t\t\t\t\t<ol><li>Aislamiento f\u00edsico: Coloque las jardineras sobre materiales resistentes a las manchas, como grava oscura, una franja de grava o bandejas.<\/li><li>Pies elevados\/Base: Aseg\u00farate de que las macetas tienen pies elevados en la base, para que el agua oxidada se escurra por debajo de la maceta en lugar de acumularse en el punto en que el borde de la maceta se encuentra con el suelo.<\/li><li>Tratamiento previo: Las macetas que han sido sometidas a un tratamiento previo a la intemperie pueden reducir significativamente la escorrent\u00eda inicial de agua oxidada.<\/li><\/ol>\t\t\t\t\t\t\t\t<\/div>\n\t\t\t\t<\/div>\n\t\t\t\t\t<\/div>\n\t\t\t\t<\/div>\n\t\t\t\t<\/div>","protected":false},"excerpt":{"rendered":"<p>Las jardineras redondas de acero corten son adecuadas para el cultivo de diversas flores y plantas, ideales tanto para uso residencial como comercial, y est\u00e1n disponibles en varios tama\u00f1os para satisfacer sus necesidades.<\/p>\n<p>Forma: Redonda, Redonda c\u00f3nica, El\u00edptica<\/p>\n<p>Drenaje: Opcional<\/p>\n<p>Grosor: 1,5 - 3 mm<\/p>\n<p>Altura: 40 -100 cm<\/p>\n<p>Tama\u00f1o personalizable<\/p>","protected":false},"featured_media":1380,"comment_status":"closed","ping_status":"closed","template":"","meta":[],"product_brand":[],"product_cat":[21],"product_tag":[],"class_list":{"0":"post-1383","1":"product","2":"type-product","3":"status-publish","4":"has-post-thumbnail","6":"product_cat-corten-steel-planters","8":"first","9":"instock","10":"shipping-taxable","11":"product-type-simple"},"_links":{"self":[{"href":"https:\/\/www.metalgardenpot.com\/es\/wp-json\/wp\/v2\/product\/1383","targetHints":{"allow":["GET"]}}],"collection":[{"href":"https:\/\/www.metalgardenpot.com\/es\/wp-json\/wp\/v2\/product"}],"about":[{"href":"https:\/\/www.metalgardenpot.com\/es\/wp-json\/wp\/v2\/types\/product"}],"replies":[{"embeddable":true,"href":"https:\/\/www.metalgardenpot.com\/es\/wp-json\/wp\/v2\/comments?post=1383"}],"version-history":[{"count":1,"href":"https:\/\/www.metalgardenpot.com\/es\/wp-json\/wp\/v2\/product\/1383\/revisions"}],"predecessor-version":[{"id":1385,"href":"https:\/\/www.metalgardenpot.com\/es\/wp-json\/wp\/v2\/product\/1383\/revisions\/1385"}],"wp:featuredmedia":[{"embeddable":true,"href":"https:\/\/www.metalgardenpot.com\/es\/wp-json\/wp\/v2\/media\/1380"}],"wp:attachment":[{"href":"https:\/\/www.metalgardenpot.com\/es\/wp-json\/wp\/v2\/media?parent=1383"}],"wp:term":[{"taxonomy":"product_brand","embeddable":true,"href":"https:\/\/www.metalgardenpot.com\/es\/wp-json\/wp\/v2\/product_brand?post=1383"},{"taxonomy":"product_cat","embeddable":true,"href":"https:\/\/www.metalgardenpot.com\/es\/wp-json\/wp\/v2\/product_cat?post=1383"},{"taxonomy":"product_tag","embeddable":true,"href":"https:\/\/www.metalgardenpot.com\/es\/wp-json\/wp\/v2\/product_tag?post=1383"}],"curies":[{"name":"wp","href":"https:\/\/api.w.org\/{rel}","templated":true}]}}