{"id":1454,"date":"2026-04-07T17:14:12","date_gmt":"2026-04-07T09:14:12","guid":{"rendered":"https:\/\/www.metalgardenpot.com\/?post_type=product&#038;p=1454"},"modified":"2026-04-07T17:14:13","modified_gmt":"2026-04-07T09:14:13","slug":"corten-steel-flower-pot","status":"publish","type":"product","link":"https:\/\/www.metalgardenpot.com\/es\/corten-steel-flower-pot\/","title":{"rendered":"Maceta de acero corten"},"content":{"rendered":"<div data-elementor-type=\"product-post\" data-elementor-id=\"1454\" class=\"elementor elementor-1454\" data-elementor-post-type=\"product\">\n\t\t\t\t<div class=\"elementor-element elementor-element-6ba6f31 e-flex e-con-boxed e-con e-parent\" data-id=\"6ba6f31\" data-element_type=\"container\" data-e-type=\"container\">\n\t\t\t\t\t<div class=\"e-con-inner\">\n\t\t\t\t<div class=\"elementor-element elementor-element-09468d4 elementor-widget elementor-widget-text-editor\" data-id=\"09468d4\" data-element_type=\"widget\" data-e-type=\"widget\" data-widget_type=\"text-editor.default\">\n\t\t\t\t<div class=\"elementor-widget-container\">\n\t\t\t\t\t\t\t\t\t<p>La mayor\u00eda de las macetas de exterior tienen un aspecto estupendo el primer a\u00f1o. \u00bfY al tercer a\u00f1o? -Agrietadas, descoloridas y destinadas a la basura.<\/p><p>Las macetas de acero corten no envejecen, sino que evolucionan. A medida que cambian las estaciones, cada maceta desarrolla su propia p\u00e1tina de tonos c\u00e1lidos y oxidados. No hay dos exactamente iguales. No necesitan mantenimiento. S\u00f3lo una belleza duradera que crece con su jard\u00edn.<\/p>\t\t\t\t\t\t\t\t<\/div>\n\t\t\t\t<\/div>\n\t\t\t\t\t<\/div>\n\t\t\t\t<\/div>\n\t\t<div class=\"elementor-element elementor-element-de11ce2 e-flex e-con-boxed e-con e-parent\" data-id=\"de11ce2\" data-element_type=\"container\" data-e-type=\"container\">\n\t\t\t\t\t<div class=\"e-con-inner\">\n\t\t\t\t<div class=\"elementor-element elementor-element-42e5902 elementor-widget elementor-widget-heading\" data-id=\"42e5902\" data-element_type=\"widget\" data-e-type=\"widget\" data-widget_type=\"heading.default\">\n\t\t\t\t<div class=\"elementor-widget-container\">\n\t\t\t\t\t<h2 class=\"elementor-heading-title elementor-size-default\">\u00bfQu\u00e9 es el acero corten y por qu\u00e9 se oxida a prop\u00f3sito?\n<\/h2>\t\t\t\t<\/div>\n\t\t\t\t<\/div>\n\t\t\t\t<div class=\"elementor-element elementor-element-b54c299 elementor-widget elementor-widget-text-editor\" data-id=\"b54c299\" data-element_type=\"widget\" data-e-type=\"widget\" data-widget_type=\"text-editor.default\">\n\t\t\t\t<div class=\"elementor-widget-container\">\n\t\t\t\t\t\t\t\t\t<p>El acero corten (tambi\u00e9n llamado acero resistente a la intemperie) se dise\u00f1\u00f3 originalmente para puentes y vagones de ferrocarril que deb\u00edan resistir d\u00e9cadas de exposici\u00f3n a la intemperie, sin una sola capa de pintura.<\/p><p>Cuando se expone a la lluvia y al aire, el Corten forma una capa de \u00f3xido fuertemente adherida a su superficie. Esta capa no se desprende como el \u00f3xido normal, sino que se convierte en un escudo que impide una corrosi\u00f3n m\u00e1s profunda.<\/p><p>De hecho, la maceta se fortalece con el tiempo, al tiempo que desarrolla los c\u00e1lidos tonos entre \u00e1mbar y marr\u00f3n oscuro que la hacen inconfundiblemente bella.<\/p><ul><li>10 veces la vida \u00fatil del acero dulce<\/li><li>3-4 veces m\u00e1s largo que el acero prepintado<\/li><li>No es necesario pintar, sellar ni tratar el \u00f3xido<\/li><\/ul>\t\t\t\t\t\t\t\t<\/div>\n\t\t\t\t<\/div>\n\t\t\t\t\t<\/div>\n\t\t\t\t<\/div>\n\t\t<div class=\"elementor-element elementor-element-153cec7 e-flex e-con-boxed e-con e-parent\" data-id=\"153cec7\" data-element_type=\"container\" data-e-type=\"container\">\n\t\t\t\t\t<div class=\"e-con-inner\">\n\t\t\t\t<div class=\"elementor-element elementor-element-ee757b1 elementor-widget elementor-widget-image\" data-id=\"ee757b1\" data-element_type=\"widget\" data-e-type=\"widget\" data-widget_type=\"image.default\">\n\t\t\t\t<div class=\"elementor-widget-container\">\n\t\t\t\t\t\t\t\t\t\t\t\t<figure class=\"wp-caption\">\n\t\t\t\t\t\t\t\t\t\t<img decoding=\"async\" width=\"220\" height=\"220\" src=\"https:\/\/www.metalgardenpot.com\/wp-content\/uploads\/2025\/09\/planter.jpg\" class=\"attachment-large size-large wp-image-1199\" alt=\"Corten Steel Flower Pot\" srcset=\"https:\/\/www.metalgardenpot.com\/wp-content\/uploads\/2025\/09\/planter.jpg 220w, https:\/\/www.metalgardenpot.com\/wp-content\/uploads\/2025\/09\/planter-150x150.jpg 150w, https:\/\/www.metalgardenpot.com\/wp-content\/uploads\/2025\/09\/planter-12x12.jpg 12w, https:\/\/www.metalgardenpot.com\/wp-content\/uploads\/2025\/09\/planter-100x100.jpg 100w\" sizes=\"(max-width: 220px) 100vw, 220px\" \/>\t\t\t\t\t\t\t\t\t\t\t<figcaption class=\"widget-image-caption wp-caption-text\">Color crudo<\/figcaption>\n\t\t\t\t\t\t\t\t\t\t<\/figure>\n\t\t\t\t\t\t\t\t\t<\/div>\n\t\t\t\t<\/div>\n\t\t\t\t<div class=\"elementor-element elementor-element-f29b428 elementor-widget elementor-widget-image\" data-id=\"f29b428\" data-element_type=\"widget\" data-e-type=\"widget\" data-widget_type=\"image.default\">\n\t\t\t\t<div class=\"elementor-widget-container\">\n\t\t\t\t\t\t\t\t\t\t\t\t<figure class=\"wp-caption\">\n\t\t\t\t\t\t\t\t\t\t<img decoding=\"async\" width=\"220\" height=\"220\" src=\"https:\/\/www.metalgardenpot.com\/wp-content\/uploads\/2025\/09\/Rectangular-Planter.jpg\" class=\"attachment-large size-large wp-image-1200\" alt=\"corten flower pot\" srcset=\"https:\/\/www.metalgardenpot.com\/wp-content\/uploads\/2025\/09\/Rectangular-Planter.jpg 220w, https:\/\/www.metalgardenpot.com\/wp-content\/uploads\/2025\/09\/Rectangular-Planter-150x150.jpg 150w, https:\/\/www.metalgardenpot.com\/wp-content\/uploads\/2025\/09\/Rectangular-Planter-12x12.jpg 12w, https:\/\/www.metalgardenpot.com\/wp-content\/uploads\/2025\/09\/Rectangular-Planter-100x100.jpg 100w\" sizes=\"(max-width: 220px) 100vw, 220px\" \/>\t\t\t\t\t\t\t\t\t\t\t<figcaption class=\"widget-image-caption wp-caption-text\">Mes 1: Gris acero brillante<\/figcaption>\n\t\t\t\t\t\t\t\t\t\t<\/figure>\n\t\t\t\t\t\t\t\t\t<\/div>\n\t\t\t\t<\/div>\n\t\t\t\t<div class=\"elementor-element elementor-element-2875581 elementor-widget elementor-widget-image\" data-id=\"2875581\" data-element_type=\"widget\" data-e-type=\"widget\" data-widget_type=\"image.default\">\n\t\t\t\t<div class=\"elementor-widget-container\">\n\t\t\t\t\t\t\t\t\t\t\t\t<figure class=\"wp-caption\">\n\t\t\t\t\t\t\t\t\t\t<img decoding=\"async\" width=\"220\" height=\"220\" src=\"https:\/\/www.metalgardenpot.com\/wp-content\/uploads\/2025\/09\/corten-planter-pot.jpg\" class=\"attachment-large size-large wp-image-1201\" alt=\"corten planter pot\" srcset=\"https:\/\/www.metalgardenpot.com\/wp-content\/uploads\/2025\/09\/corten-planter-pot.jpg 220w, https:\/\/www.metalgardenpot.com\/wp-content\/uploads\/2025\/09\/corten-planter-pot-150x150.jpg 150w, https:\/\/www.metalgardenpot.com\/wp-content\/uploads\/2025\/09\/corten-planter-pot-12x12.jpg 12w, https:\/\/www.metalgardenpot.com\/wp-content\/uploads\/2025\/09\/corten-planter-pot-100x100.jpg 100w\" sizes=\"(max-width: 220px) 100vw, 220px\" \/>\t\t\t\t\t\t\t\t\t\t\t<figcaption class=\"widget-image-caption wp-caption-text\">Mes 3-6: Aparici\u00f3n de tonos naranja-marr\u00f3n  <\/figcaption>\n\t\t\t\t\t\t\t\t\t\t<\/figure>\n\t\t\t\t\t\t\t\t\t<\/div>\n\t\t\t\t<\/div>\n\t\t\t\t<div class=\"elementor-element elementor-element-48c9c0e elementor-widget elementor-widget-image\" data-id=\"48c9c0e\" data-element_type=\"widget\" data-e-type=\"widget\" data-widget_type=\"image.default\">\n\t\t\t\t<div class=\"elementor-widget-container\">\n\t\t\t\t\t\t\t\t\t\t\t\t<figure class=\"wp-caption\">\n\t\t\t\t\t\t\t\t\t\t<img loading=\"lazy\" decoding=\"async\" width=\"220\" height=\"220\" src=\"https:\/\/www.metalgardenpot.com\/wp-content\/uploads\/2025\/09\/planter-pot.jpg\" class=\"attachment-large size-large wp-image-1202\" alt=\"planter pot\" srcset=\"https:\/\/www.metalgardenpot.com\/wp-content\/uploads\/2025\/09\/planter-pot.jpg 220w, https:\/\/www.metalgardenpot.com\/wp-content\/uploads\/2025\/09\/planter-pot-150x150.jpg 150w, https:\/\/www.metalgardenpot.com\/wp-content\/uploads\/2025\/09\/planter-pot-12x12.jpg 12w, https:\/\/www.metalgardenpot.com\/wp-content\/uploads\/2025\/09\/planter-pot-100x100.jpg 100w\" sizes=\"(max-width: 220px) 100vw, 220px\" \/>\t\t\t\t\t\t\t\t\t\t\t<figcaption class=\"widget-image-caption wp-caption-text\">Mes 6-12: P\u00e1tina \u00e1mbar rica y profunda  <\/figcaption>\n\t\t\t\t\t\t\t\t\t\t<\/figure>\n\t\t\t\t\t\t\t\t\t<\/div>\n\t\t\t\t<\/div>\n\t\t\t\t\t<\/div>\n\t\t\t\t<\/div>\n\t\t<div class=\"elementor-element elementor-element-b4018d4 e-flex e-con-boxed e-con e-parent\" data-id=\"b4018d4\" data-element_type=\"container\" data-e-type=\"container\">\n\t\t\t\t\t<div class=\"e-con-inner\">\n\t\t\t\t<div class=\"elementor-element elementor-element-6018d1f elementor-widget elementor-widget-heading\" data-id=\"6018d1f\" data-element_type=\"widget\" data-e-type=\"widget\" data-widget_type=\"heading.default\">\n\t\t\t\t<div class=\"elementor-widget-container\">\n\t\t\t\t\t<h2 class=\"elementor-heading-title elementor-size-default\">Por qu\u00e9 elegir la maceta de acero corten HNJBL\n<\/h2>\t\t\t\t<\/div>\n\t\t\t\t<\/div>\n\t\t\t\t<div class=\"elementor-element elementor-element-c1595d7 elementor-widget elementor-widget-text-editor\" data-id=\"c1595d7\" data-element_type=\"widget\" data-e-type=\"widget\" data-widget_type=\"text-editor.default\">\n\t\t\t\t<div class=\"elementor-widget-container\">\n\t\t\t\t\t\t\t\t\t<p><strong>A prueba de \u00f3xido y putrefacci\u00f3n, tan duradero como siempre despu\u00e9s de diez a\u00f1os<\/strong><\/p><p>Caracter\u00edstica: Acero resistente a la intemperie con capa de \u00f3xido autorregenerativa<\/p><p>Ventaja: No se oxida ni se vuelve a pintar.<\/p><p>Una compra que durar\u00e1 m\u00e1s que todas las macetas de pl\u00e1stico, cer\u00e1mica o arcilla que haya tenido.<\/p>\t\t\t\t\t\t\t\t<\/div>\n\t\t\t\t<\/div>\n\t\t\t\t<div class=\"elementor-element elementor-element-7a7c939 elementor-widget elementor-widget-text-editor\" data-id=\"7a7c939\" data-element_type=\"widget\" data-e-type=\"widget\" data-widget_type=\"text-editor.default\">\n\t\t\t\t<div class=\"elementor-widget-container\">\n\t\t\t\t\t\t\t\t\t<p><strong>Estilo vers\u00e1til, en armon\u00eda con la naturaleza<\/strong><\/p><p>Caracter\u00edsticas: C\u00e1lida p\u00e1tina de \u00f3xido en tonos \u00e1mbar, naranja y marr\u00f3n oscuro<\/p><p>Beneficio: Complementa por igual la vegetaci\u00f3n, la piedra, la madera y el hormig\u00f3n.<\/p><p>Eleva cualquier proyecto paisaj\u00edstico de \u201cbonito\u201d a \u201cdise\u00f1ado\u201d.\u201d<\/p>\t\t\t\t\t\t\t\t<\/div>\n\t\t\t\t<\/div>\n\t\t\t\t<div class=\"elementor-element elementor-element-e00a4f8 elementor-widget elementor-widget-text-editor\" data-id=\"e00a4f8\" data-element_type=\"widget\" data-e-type=\"widget\" data-widget_type=\"text-editor.default\">\n\t\t\t\t<div class=\"elementor-widget-container\">\n\t\t\t\t\t\t\t\t\t<p><strong>Dimensiones personalizables para cumplir los requisitos del proyecto<\/strong><\/p><p>Caracter\u00edsticas: Disponibles en forma rectangular, redonda, en artesa y en esquina; tama\u00f1os personalizados para pedidos al por mayor<\/p><p>Ventaja: Se adapta exactamente al espacio disponible, sin complicaciones, sin huecos, sin problemas de tama\u00f1o.<\/p>\t\t\t\t\t\t\t\t<\/div>\n\t\t\t\t<\/div>\n\t\t\t\t<div class=\"elementor-element elementor-element-52ba320 elementor-widget elementor-widget-text-editor\" data-id=\"52ba320\" data-element_type=\"widget\" data-e-type=\"widget\" data-widget_type=\"text-editor.default\">\n\t\t\t\t<div class=\"elementor-widget-container\">\n\t\t\t\t\t\t\t\t\t<p><strong>Preoxidado antes de la entrega, con un bello aspecto<\/strong><\/p><p>Caracter\u00edstica: Opci\u00f3n de superficie predesgastada (p\u00e1tina acelerada)<\/p><p>Ventaja: Evita la fase inicial de envejecimiento de 3 a 6 meses, no hay escurrimientos de \u00f3xido anaranjado en su patio.<\/p>\t\t\t\t\t\t\t\t<\/div>\n\t\t\t\t<\/div>\n\t\t\t\t<div class=\"elementor-element elementor-element-2201c30 elementor-widget elementor-widget-text-editor\" data-id=\"2201c30\" data-element_type=\"widget\" data-e-type=\"widget\" data-widget_type=\"text-editor.default\">\n\t\t\t\t<div class=\"elementor-widget-container\">\n\t\t\t\t\t\t\t\t\t<p><strong>Preoxidado antes de la entrega, con un bello aspecto<\/strong><\/p><p>Caracter\u00edstica: Opci\u00f3n de superficie predesgastada (p\u00e1tina acelerada)<\/p><p>Ventaja: Evita la fase inicial de envejecimiento de 3 a 6 meses, no hay escurrimientos de \u00f3xido anaranjado en su patio.<\/p>\t\t\t\t\t\t\t\t<\/div>\n\t\t\t\t<\/div>\n\t\t\t\t<div class=\"elementor-element elementor-element-a5f9bc8 elementor-widget elementor-widget-text-editor\" data-id=\"a5f9bc8\" data-element_type=\"widget\" data-e-type=\"widget\" data-widget_type=\"text-editor.default\">\n\t\t\t\t<div class=\"elementor-widget-container\">\n\t\t\t\t\t\t\t\t\t<p><strong>Construcci\u00f3n robusta, durabilidad prolongada<\/strong><\/p><p>Caracter\u00edsticas: acero de 2-3 mm de grosor, con orificios de drenaje opcionales<\/p><p>Ventaja: Soporta heladas, viento y pleno sol sin deformarse.<\/p><p>Se espera que las planchas de acero de 2 mm de grosor tengan una vida \u00fatil de hasta 35 a\u00f1os, muy superior a la de las jardineras de acero o madera normales, y casi no requieren mantenimiento adicional durante su vida \u00fatil.<\/p>\t\t\t\t\t\t\t\t<\/div>\n\t\t\t\t<\/div>\n\t\t\t\t\t<\/div>\n\t\t\t\t<\/div>\n\t\t<div class=\"elementor-element elementor-element-2664d17 e-flex e-con-boxed e-con e-parent\" data-id=\"2664d17\" data-element_type=\"container\" data-e-type=\"container\">\n\t\t\t\t\t<div class=\"e-con-inner\">\n\t\t\t\t<div class=\"elementor-element elementor-element-fb0448f elementor-widget elementor-widget-heading\" data-id=\"fb0448f\" data-element_type=\"widget\" data-e-type=\"widget\" data-widget_type=\"heading.default\">\n\t\t\t\t<div class=\"elementor-widget-container\">\n\t\t\t\t\t<h3 class=\"elementor-heading-title elementor-size-default\">Jardinera de acero corten vs pl\u00e1stico vs galvanizado<\/h3>\t\t\t\t<\/div>\n\t\t\t\t<\/div>\n\t\t\t\t<div class=\"elementor-element elementor-element-5a1f662 elementor-widget elementor-widget-text-editor\" data-id=\"5a1f662\" data-element_type=\"widget\" data-e-type=\"widget\" data-widget_type=\"text-editor.default\">\n\t\t\t\t<div class=\"elementor-widget-container\">\n\t\t\t\t\t\t\t\t\t<table class=\"table\" border=\"1\"><tbody><tr><td>Caracter\u00edstica<\/td><td><b>Maceta de corten<\/b><\/td><td>Pl\u00e1stico<\/td><td>Acero galvanizado<\/td><\/tr><tr><td>Vida \u00fatil<\/td><td>20-50 a\u00f1os<\/td><td>3-7 a\u00f1os<\/td><td>10-15 a\u00f1os<\/td><\/tr><tr><td>Mantenimiento<\/td><td>Bajo(Ninguno)<\/td><td>S\u00f3lo limpieza<\/td><td>Repintado cada 3-5 a\u00f1os<\/td><\/tr><tr><td>Resistencia a la intemperie<\/td><td>Excelente<\/td><td>Bueno (decoloraci\u00f3n UV)<\/td><td>Bueno(pintura)<\/td><\/tr><tr><td>Est\u00e9tica a lo largo del tiempo<\/td><td>Mejora<\/td><td>Degrada<\/td><td>Estable<\/td><\/tr><tr><td>Huella ecol\u00f3gica<\/td><td>Bajo (sin revestimientos)<\/td><td>Alta (pl\u00e1stico)<\/td><td>Medio<\/td><\/tr><\/tbody><\/table>\t\t\t\t\t\t\t\t<\/div>\n\t\t\t\t<\/div>\n\t\t\t\t<div class=\"elementor-element elementor-element-a3fc7e2 elementor-widget elementor-widget-text-editor\" data-id=\"a3fc7e2\" data-element_type=\"widget\" data-e-type=\"widget\" data-widget_type=\"text-editor.default\">\n\t\t\t\t<div class=\"elementor-widget-container\">\n\t\t\t\t\t\t\t\t\t<p>Tanto si est\u00e1 amueblando un jard\u00edn privado, la terraza de un hotel o un proyecto paisaj\u00edstico comercial, tenemos el tama\u00f1o, el estilo y la cantidad que necesita.<\/p><p>Muestra disponible para inspecci\u00f3n<\/p><p>Tama\u00f1os personalizados y patrones cortados a l\u00e1ser disponibles (MOQ: 100 unidades)<\/p><p>Env\u00edo a todo el mundo | Precios por volumen<\/p>\t\t\t\t\t\t\t\t<\/div>\n\t\t\t\t<\/div>\n\t\t\t\t\t<\/div>\n\t\t\t\t<\/div>\n\t\t\t\t<\/div>","protected":false},"excerpt":{"rendered":"<p>Macetero de acero corten resistente a la intemperie que desarrolla una rica p\u00e1tina de \u00f3xido con el tiempo: cero pintura, cero \u00f3xido.<\/p>\n<p>Tama\u00f1os personalizados disponibles<\/p>\n<p>Disponible en estilos rectangular, redondo, cuadrado y de esquina<\/p>\n<p>Con orificios de drenaje<\/p>","protected":false},"featured_media":1453,"comment_status":"closed","ping_status":"closed","template":"","meta":[],"product_brand":[],"product_cat":[21],"product_tag":[],"class_list":{"0":"post-1454","1":"product","2":"type-product","3":"status-publish","4":"has-post-thumbnail","6":"product_cat-corten-steel-planters","8":"first","9":"instock","10":"shipping-taxable","11":"product-type-simple"},"_links":{"self":[{"href":"https:\/\/www.metalgardenpot.com\/es\/wp-json\/wp\/v2\/product\/1454","targetHints":{"allow":["GET"]}}],"collection":[{"href":"https:\/\/www.metalgardenpot.com\/es\/wp-json\/wp\/v2\/product"}],"about":[{"href":"https:\/\/www.metalgardenpot.com\/es\/wp-json\/wp\/v2\/types\/product"}],"replies":[{"embeddable":true,"href":"https:\/\/www.metalgardenpot.com\/es\/wp-json\/wp\/v2\/comments?post=1454"}],"version-history":[{"count":2,"href":"https:\/\/www.metalgardenpot.com\/es\/wp-json\/wp\/v2\/product\/1454\/revisions"}],"predecessor-version":[{"id":1455,"href":"https:\/\/www.metalgardenpot.com\/es\/wp-json\/wp\/v2\/product\/1454\/revisions\/1455"}],"wp:featuredmedia":[{"embeddable":true,"href":"https:\/\/www.metalgardenpot.com\/es\/wp-json\/wp\/v2\/media\/1453"}],"wp:attachment":[{"href":"https:\/\/www.metalgardenpot.com\/es\/wp-json\/wp\/v2\/media?parent=1454"}],"wp:term":[{"taxonomy":"product_brand","embeddable":true,"href":"https:\/\/www.metalgardenpot.com\/es\/wp-json\/wp\/v2\/product_brand?post=1454"},{"taxonomy":"product_cat","embeddable":true,"href":"https:\/\/www.metalgardenpot.com\/es\/wp-json\/wp\/v2\/product_cat?post=1454"},{"taxonomy":"product_tag","embeddable":true,"href":"https:\/\/www.metalgardenpot.com\/es\/wp-json\/wp\/v2\/product_tag?post=1454"}],"curies":[{"name":"wp","href":"https:\/\/api.w.org\/{rel}","templated":true}]}}