{"id":1264,"date":"2025-12-05T15:55:07","date_gmt":"2025-12-05T07:55:07","guid":{"rendered":"https:\/\/www.metalgardenpot.com\/?post_type=product&#038;p=1264"},"modified":"2025-12-05T15:59:48","modified_gmt":"2025-12-05T07:59:48","slug":"aluminum-planter-pot","status":"publish","type":"product","link":"https:\/\/www.metalgardenpot.com\/fr\/aluminum-planter-pot\/","title":{"rendered":"Pot de fleurs en aluminium"},"content":{"rendered":"<div data-elementor-type=\"product-post\" data-elementor-id=\"1264\" class=\"elementor elementor-1264\" data-elementor-post-type=\"product\">\n\t\t\t\t<div class=\"elementor-element elementor-element-b56c2dc e-flex e-con-boxed e-con e-parent\" data-id=\"b56c2dc\" data-element_type=\"container\" data-e-type=\"container\">\n\t\t\t\t\t<div class=\"e-con-inner\">\n\t\t\t\t<div class=\"elementor-element elementor-element-ccbc422 elementor-widget elementor-widget-text-editor\" data-id=\"ccbc422\" data-element_type=\"widget\" data-e-type=\"widget\" data-widget_type=\"text-editor.default\">\n\t\t\t\t<div class=\"elementor-widget-container\">\n\t\t\t\t\t\t\t\t\t<p>Les jardini\u00e8res en aluminium sont ultra-l\u00e9g\u00e8res et respectueuses de l'environnement, ont un aspect moderne et minimaliste et des propri\u00e9t\u00e9s physiques exceptionnelles, ce qui en fait une alternative importante aux jardini\u00e8res traditionnelles en c\u00e9ramique, en plastique et en bois. Largement utilis\u00e9es dans la d\u00e9coration int\u00e9rieure, les jardins, les patios et les projets d'am\u00e9nagement paysager, les jardini\u00e8res en aluminium r\u00e9pondent \u00e0 diverses exigences gr\u00e2ce \u00e0 leur design distinctif et \u00e0 leur fonctionnalit\u00e9.<\/p><p>Chaque jardini\u00e8re en aluminium est soud\u00e9e sans soudure avec des bords lisses et polis ; le rev\u00eatement de surface est appliqu\u00e9 uniform\u00e9ment pour garantir la durabilit\u00e9 et l'esth\u00e9tique.<\/p>\t\t\t\t\t\t\t\t<\/div>\n\t\t\t\t<\/div>\n\t\t\t\t\t<\/div>\n\t\t\t\t<\/div>\n\t\t<div class=\"elementor-element elementor-element-8cc0a92 e-flex e-con-boxed e-con e-parent\" data-id=\"8cc0a92\" data-element_type=\"container\" data-e-type=\"container\">\n\t\t\t\t\t<div class=\"e-con-inner\">\n\t\t\t\t<div class=\"elementor-element elementor-element-dfc0bc4 elementor-widget elementor-widget-heading\" data-id=\"dfc0bc4\" data-element_type=\"widget\" data-e-type=\"widget\" data-widget_type=\"heading.default\">\n\t\t\t\t<div class=\"elementor-widget-container\">\n\t\t\t\t\t<h2 class=\"elementor-heading-title elementor-size-default\">Jardini\u00e8res durables en aluminium<\/h2>\t\t\t\t<\/div>\n\t\t\t\t<\/div>\n\t\t\t\t<div class=\"elementor-element elementor-element-a949942 elementor-widget elementor-widget-text-editor\" data-id=\"a949942\" data-element_type=\"widget\" data-e-type=\"widget\" data-widget_type=\"text-editor.default\">\n\t\t\t\t<div class=\"elementor-widget-container\">\n\t\t\t\t\t\t\t\t\t<p>Les jardini\u00e8res en aluminium sont fabriqu\u00e9es \u00e0 partir d'un alliage d'aluminium tr\u00e8s r\u00e9sistant, alliant l\u00e9g\u00e8ret\u00e9 et durabilit\u00e9 exceptionnelle. Anodis\u00e9s ou recouverts d'une peinture en poudre professionnelle pour l'ext\u00e9rieur, ils peuvent r\u00e9sister \u00e0 la pluie, \u00e0 la neige, \u00e0 la brise marine et \u00e0 une exposition intense aux UV. M\u00eame apr\u00e8s des ann\u00e9es d'utilisation en ext\u00e9rieur, ils r\u00e9sistent \u00e0 la d\u00e9coloration, aux fissures et aux taches de rouille. Gr\u00e2ce \u00e0 leur r\u00e9sistance sup\u00e9rieure \u00e0 la corrosion et aux intemp\u00e9ries, les pots en aluminium sont le choix id\u00e9al pour l'am\u00e9nagement ext\u00e9rieur.<\/p><p>L'aluminium est respectueux de l'environnement et non polluant ; il n'a jamais besoin d'\u00eatre remplac\u00e9 ou repeint dans le cadre d'une utilisation normale, et son faible niveau d'entretien en fait un mat\u00e9riau adapt\u00e9 aux applications int\u00e9rieures. Les jardini\u00e8res r\u00e9sistent \u00e0 l'absorption d'humidit\u00e9 et aux fissures, ce qui facilite le nettoyage et l'entretien.<\/p><p>Lorsque le pot est plac\u00e9 sur le rebord de la fen\u00eatre, la lumi\u00e8re du soleil filtrant \u00e0 travers cr\u00e9e une ambiance chaleureuse et invitante lorsqu'elle est m\u00e9lang\u00e9e avec des plantes vertes, ajoutant une couleur vibrante \u00e0 votre espace de vie.<\/p>\t\t\t\t\t\t\t\t<\/div>\n\t\t\t\t<\/div>\n\t\t\t\t\t<\/div>\n\t\t\t\t<\/div>\n\t\t<div class=\"elementor-element elementor-element-f6c185b e-flex e-con-boxed e-con e-parent\" data-id=\"f6c185b\" data-element_type=\"container\" data-e-type=\"container\">\n\t\t\t\t\t<div class=\"e-con-inner\">\n\t\t\t\t<div class=\"elementor-element elementor-element-5966070 elementor-widget elementor-widget-image\" data-id=\"5966070\" data-element_type=\"widget\" data-e-type=\"widget\" data-widget_type=\"image.default\">\n\t\t\t\t<div class=\"elementor-widget-container\">\n\t\t\t\t\t\t\t\t\t\t\t\t\t\t\t<img fetchpriority=\"high\" decoding=\"async\" width=\"800\" height=\"450\" src=\"https:\/\/www.metalgardenpot.com\/wp-content\/uploads\/2025\/12\/Aluminum-planter-pot.jpg\" class=\"attachment-large size-large wp-image-1262\" alt=\"Aluminum planter pot\" srcset=\"https:\/\/www.metalgardenpot.com\/wp-content\/uploads\/2025\/12\/Aluminum-planter-pot.jpg 900w, https:\/\/www.metalgardenpot.com\/wp-content\/uploads\/2025\/12\/Aluminum-planter-pot-300x169.jpg 300w, https:\/\/www.metalgardenpot.com\/wp-content\/uploads\/2025\/12\/Aluminum-planter-pot-768x432.jpg 768w, https:\/\/www.metalgardenpot.com\/wp-content\/uploads\/2025\/12\/Aluminum-planter-pot-18x10.jpg 18w, https:\/\/www.metalgardenpot.com\/wp-content\/uploads\/2025\/12\/Aluminum-planter-pot-700x394.jpg 700w\" sizes=\"(max-width: 800px) 100vw, 800px\" \/>\t\t\t\t\t\t\t\t\t\t\t\t\t\t\t<\/div>\n\t\t\t\t<\/div>\n\t\t\t\t<div class=\"elementor-element elementor-element-cafee06 elementor-widget elementor-widget-image\" data-id=\"cafee06\" data-element_type=\"widget\" data-e-type=\"widget\" data-widget_type=\"image.default\">\n\t\t\t\t<div class=\"elementor-widget-container\">\n\t\t\t\t\t\t\t\t\t\t\t\t\t\t\t<img decoding=\"async\" width=\"800\" height=\"450\" src=\"https:\/\/www.metalgardenpot.com\/wp-content\/uploads\/2025\/12\/Aluminum-planters.jpg\" class=\"attachment-large size-large wp-image-1261\" alt=\"Aluminum planters\" srcset=\"https:\/\/www.metalgardenpot.com\/wp-content\/uploads\/2025\/12\/Aluminum-planters.jpg 900w, https:\/\/www.metalgardenpot.com\/wp-content\/uploads\/2025\/12\/Aluminum-planters-300x169.jpg 300w, https:\/\/www.metalgardenpot.com\/wp-content\/uploads\/2025\/12\/Aluminum-planters-768x432.jpg 768w, https:\/\/www.metalgardenpot.com\/wp-content\/uploads\/2025\/12\/Aluminum-planters-18x10.jpg 18w, https:\/\/www.metalgardenpot.com\/wp-content\/uploads\/2025\/12\/Aluminum-planters-700x394.jpg 700w\" sizes=\"(max-width: 800px) 100vw, 800px\" \/>\t\t\t\t\t\t\t\t\t\t\t\t\t\t\t<\/div>\n\t\t\t\t<\/div>\n\t\t\t\t\t<\/div>\n\t\t\t\t<\/div>\n\t\t<div class=\"elementor-element elementor-element-f5887b3 e-flex e-con-boxed e-con e-parent\" data-id=\"f5887b3\" data-element_type=\"container\" data-e-type=\"container\">\n\t\t\t\t\t<div class=\"e-con-inner\">\n\t\t\t\t<div class=\"elementor-element elementor-element-7a10ab1 elementor-widget elementor-widget-heading\" data-id=\"7a10ab1\" data-element_type=\"widget\" data-e-type=\"widget\" data-widget_type=\"heading.default\">\n\t\t\t\t<div class=\"elementor-widget-container\">\n\t\t\t\t\t<h2 class=\"elementor-heading-title elementor-size-default\">Pots de jardinage en aluminium sur mesure<\/h2>\t\t\t\t<\/div>\n\t\t\t\t<\/div>\n\t\t\t\t<div class=\"elementor-element elementor-element-09b70a7 elementor-widget elementor-widget-text-editor\" data-id=\"09b70a7\" data-element_type=\"widget\" data-e-type=\"widget\" data-widget_type=\"text-editor.default\">\n\t\t\t\t<div class=\"elementor-widget-container\">\n\t\t\t\t\t\t\t\t\t<p>Permet une personnalisation compl\u00e8te, depuis les dimensions et les formes jusqu'aux couleurs, avec une production bas\u00e9e sur les dessins du client ; offre des conceptions de trous de drainage pour r\u00e9pondre aux divers besoins de culture des plantes.<\/p><p>Plusieurs tailles et finitions : Hauteur des pots r\u00e9glable de 30 cm \u00e0 100 cm, avec des diam\u00e8tres personnalisables ; surfaces disponibles avec rev\u00eatement en poudre ou finitions anodis\u00e9es dans des palettes de couleurs modernes, y compris noir, argent et blanc mat, etc.<\/p>\t\t\t\t\t\t\t\t<\/div>\n\t\t\t\t<\/div>\n\t\t\t\t\t<\/div>\n\t\t\t\t<\/div>\n\t\t<div class=\"elementor-element elementor-element-98d2cc8 e-flex e-con-boxed e-con e-parent\" data-id=\"98d2cc8\" data-element_type=\"container\" data-e-type=\"container\">\n\t\t\t\t\t<div class=\"e-con-inner\">\n\t\t\t\t<div class=\"elementor-element elementor-element-04ad07e elementor-widget elementor-widget-image\" data-id=\"04ad07e\" data-element_type=\"widget\" data-e-type=\"widget\" data-widget_type=\"image.default\">\n\t\t\t\t<div class=\"elementor-widget-container\">\n\t\t\t\t\t\t\t\t\t\t\t\t\t\t\t<img decoding=\"async\" width=\"800\" height=\"450\" src=\"https:\/\/www.metalgardenpot.com\/wp-content\/uploads\/2025\/12\/Aluminum-planter-pots.jpg\" class=\"attachment-large size-large wp-image-1263\" alt=\"Aluminum planters\" srcset=\"https:\/\/www.metalgardenpot.com\/wp-content\/uploads\/2025\/12\/Aluminum-planter-pots.jpg 900w, https:\/\/www.metalgardenpot.com\/wp-content\/uploads\/2025\/12\/Aluminum-planter-pots-300x169.jpg 300w, https:\/\/www.metalgardenpot.com\/wp-content\/uploads\/2025\/12\/Aluminum-planter-pots-768x432.jpg 768w, https:\/\/www.metalgardenpot.com\/wp-content\/uploads\/2025\/12\/Aluminum-planter-pots-18x10.jpg 18w, https:\/\/www.metalgardenpot.com\/wp-content\/uploads\/2025\/12\/Aluminum-planter-pots-700x394.jpg 700w\" sizes=\"(max-width: 800px) 100vw, 800px\" \/>\t\t\t\t\t\t\t\t\t\t\t\t\t\t\t<\/div>\n\t\t\t\t<\/div>\n\t\t\t\t<div class=\"elementor-element elementor-element-8d76e46 elementor-widget elementor-widget-image\" data-id=\"8d76e46\" data-element_type=\"widget\" data-e-type=\"widget\" data-widget_type=\"image.default\">\n\t\t\t\t<div class=\"elementor-widget-container\">\n\t\t\t\t\t\t\t\t\t\t\t\t\t\t\t<img loading=\"lazy\" decoding=\"async\" width=\"800\" height=\"450\" src=\"https:\/\/www.metalgardenpot.com\/wp-content\/uploads\/2025\/12\/Aluminum-Planters-Pots.jpg\" class=\"attachment-large size-large wp-image-1268\" alt=\"Aluminum Planters Pots\" srcset=\"https:\/\/www.metalgardenpot.com\/wp-content\/uploads\/2025\/12\/Aluminum-Planters-Pots.jpg 900w, https:\/\/www.metalgardenpot.com\/wp-content\/uploads\/2025\/12\/Aluminum-Planters-Pots-300x169.jpg 300w, https:\/\/www.metalgardenpot.com\/wp-content\/uploads\/2025\/12\/Aluminum-Planters-Pots-768x432.jpg 768w, https:\/\/www.metalgardenpot.com\/wp-content\/uploads\/2025\/12\/Aluminum-Planters-Pots-18x10.jpg 18w, https:\/\/www.metalgardenpot.com\/wp-content\/uploads\/2025\/12\/Aluminum-Planters-Pots-700x394.jpg 700w\" sizes=\"(max-width: 800px) 100vw, 800px\" \/>\t\t\t\t\t\t\t\t\t\t\t\t\t\t\t<\/div>\n\t\t\t\t<\/div>\n\t\t\t\t<div class=\"elementor-element elementor-element-472bf98 elementor-widget elementor-widget-image\" data-id=\"472bf98\" data-element_type=\"widget\" data-e-type=\"widget\" data-widget_type=\"image.default\">\n\t\t\t\t<div class=\"elementor-widget-container\">\n\t\t\t\t\t\t\t\t\t\t\t\t\t\t\t<img loading=\"lazy\" decoding=\"async\" width=\"800\" height=\"450\" src=\"https:\/\/www.metalgardenpot.com\/wp-content\/uploads\/2025\/12\/Planters-Pots.jpg\" class=\"attachment-large size-large wp-image-1269\" alt=\"Planters Pots\" srcset=\"https:\/\/www.metalgardenpot.com\/wp-content\/uploads\/2025\/12\/Planters-Pots.jpg 900w, https:\/\/www.metalgardenpot.com\/wp-content\/uploads\/2025\/12\/Planters-Pots-300x169.jpg 300w, https:\/\/www.metalgardenpot.com\/wp-content\/uploads\/2025\/12\/Planters-Pots-768x432.jpg 768w, https:\/\/www.metalgardenpot.com\/wp-content\/uploads\/2025\/12\/Planters-Pots-18x10.jpg 18w, https:\/\/www.metalgardenpot.com\/wp-content\/uploads\/2025\/12\/Planters-Pots-700x394.jpg 700w\" sizes=\"(max-width: 800px) 100vw, 800px\" \/>\t\t\t\t\t\t\t\t\t\t\t\t\t\t\t<\/div>\n\t\t\t\t<\/div>\n\t\t\t\t\t<\/div>\n\t\t\t\t<\/div>\n\t\t<div class=\"elementor-element elementor-element-41968ad e-flex e-con-boxed e-con e-parent\" data-id=\"41968ad\" data-element_type=\"container\" data-e-type=\"container\">\n\t\t\t\t\t<div class=\"e-con-inner\">\n\t\t\t\t<div class=\"elementor-element elementor-element-be0effa elementor-widget elementor-widget-heading\" data-id=\"be0effa\" data-element_type=\"widget\" data-e-type=\"widget\" data-widget_type=\"heading.default\">\n\t\t\t\t<div class=\"elementor-widget-container\">\n\t\t\t\t\t<h2 class=\"elementor-heading-title elementor-size-default\">Comment choisir un pot de fleurs<\/h2>\t\t\t\t<\/div>\n\t\t\t\t<\/div>\n\t\t\t\t<div class=\"elementor-element elementor-element-625815a elementor-widget elementor-widget-text-editor\" data-id=\"625815a\" data-element_type=\"widget\" data-e-type=\"widget\" data-widget_type=\"text-editor.default\">\n\t\t\t\t<div class=\"elementor-widget-container\">\n\t\t\t\t\t\t\t\t\t<table class=\"table\" style=\"width: 100%;\" border=\"1\" cellspacing=\"1\" cellpadding=\"1\"><thead><tr><th>Fonctionnalit\u00e9<\/th><th>Aluminium<\/th><th><a href=\"https:\/\/www.metalgardenpot.com\/fr\/stainless-steel-planter-box\/\">Acier inoxydable<\/a><\/th><th><a href=\"https:\/\/www.metalgardenpot.com\/fr\/corten-steel-outdoor-planters\/\">Acier Corten<\/a><\/th><\/tr><\/thead><tbody><tr><td>Poids<\/td><td>L\u00e9ger<\/td><td>Lourd<\/td><td>Poids moyen<\/td><\/tr><tr><td>Durabilit\u00e9<\/td><td>25+ ans, rev\u00eatement anti-d\u00e9formation<\/td><td>50+ ans, sujet aux rayures<\/td><td>30+ ans, surface rouill\u00e9e<\/td><\/tr><tr><td>Apparence<\/td><td>Finition mate\/brillante, design moderne<\/td><td>Finition miroir, mais sujette aux empreintes digitales<\/td><td>Texture rouille, style vintage<\/td><\/tr><tr><td>Co\u00fbts de maintenance<\/td><td>Faible (sans rouille, \u00e9conomies annuelles de 50%)<\/td><td>Moyen (n\u00e9cessite un polissage)<\/td><td>Faible (contr\u00f4le de la rouille n\u00e9cessaire)<\/td><\/tr><\/tbody><\/table>\t\t\t\t\t\t\t\t<\/div>\n\t\t\t\t<\/div>\n\t\t\t\t\t<\/div>\n\t\t\t\t<\/div>\n\t\t\t\t<\/div>","protected":false},"excerpt":{"rendered":"<p>La jardini\u00e8re en aluminium est durable et r\u00e9sistante aux dommages caus\u00e9s par les conditions m\u00e9t\u00e9orologiques telles que la pluie, la neige ou la lumi\u00e8re intense du soleil.<\/p>\n<p>Forme : auge, rectangle, carr\u00e9, cubes, personnalis\u00e9e<\/p>\n<p>Taille : 100*30*55cm, 60*35*60cm, 100*30*60cm, sur mesure<\/p>\n<p>Caract\u00e9ristiques : int\u00e9rieur, ext\u00e9rieur, carr\u00e9, jardin, patio, commercial, etc.<\/p>","protected":false},"featured_media":1262,"comment_status":"closed","ping_status":"closed","template":"","meta":[],"product_brand":[34],"product_cat":[24],"product_tag":[],"class_list":{"0":"post-1264","1":"product","2":"type-product","3":"status-publish","4":"has-post-thumbnail","6":"product_brand-hnjbl","7":"product_cat-aluminum-planters","9":"first","10":"instock","11":"shipping-taxable","12":"product-type-simple"},"_links":{"self":[{"href":"https:\/\/www.metalgardenpot.com\/fr\/wp-json\/wp\/v2\/product\/1264","targetHints":{"allow":["GET"]}}],"collection":[{"href":"https:\/\/www.metalgardenpot.com\/fr\/wp-json\/wp\/v2\/product"}],"about":[{"href":"https:\/\/www.metalgardenpot.com\/fr\/wp-json\/wp\/v2\/types\/product"}],"replies":[{"embeddable":true,"href":"https:\/\/www.metalgardenpot.com\/fr\/wp-json\/wp\/v2\/comments?post=1264"}],"version-history":[{"count":8,"href":"https:\/\/www.metalgardenpot.com\/fr\/wp-json\/wp\/v2\/product\/1264\/revisions"}],"predecessor-version":[{"id":1274,"href":"https:\/\/www.metalgardenpot.com\/fr\/wp-json\/wp\/v2\/product\/1264\/revisions\/1274"}],"wp:featuredmedia":[{"embeddable":true,"href":"https:\/\/www.metalgardenpot.com\/fr\/wp-json\/wp\/v2\/media\/1262"}],"wp:attachment":[{"href":"https:\/\/www.metalgardenpot.com\/fr\/wp-json\/wp\/v2\/media?parent=1264"}],"wp:term":[{"taxonomy":"product_brand","embeddable":true,"href":"https:\/\/www.metalgardenpot.com\/fr\/wp-json\/wp\/v2\/product_brand?post=1264"},{"taxonomy":"product_cat","embeddable":true,"href":"https:\/\/www.metalgardenpot.com\/fr\/wp-json\/wp\/v2\/product_cat?post=1264"},{"taxonomy":"product_tag","embeddable":true,"href":"https:\/\/www.metalgardenpot.com\/fr\/wp-json\/wp\/v2\/product_tag?post=1264"}],"curies":[{"name":"wp","href":"https:\/\/api.w.org\/{rel}","templated":true}]}}