{"id":1279,"date":"2025-12-10T16:29:11","date_gmt":"2025-12-10T08:29:11","guid":{"rendered":"https:\/\/www.metalgardenpot.com\/?post_type=product&#038;p=1279"},"modified":"2025-12-10T16:29:11","modified_gmt":"2025-12-10T08:29:11","slug":"aluminum-planters-outdoor","status":"publish","type":"product","link":"https:\/\/www.metalgardenpot.com\/fr\/aluminum-planters-outdoor\/","title":{"rendered":"Jardini\u00e8res en aluminium pour l'ext\u00e9rieur"},"content":{"rendered":"<div data-elementor-type=\"product-post\" data-elementor-id=\"1279\" class=\"elementor elementor-1279\" data-elementor-post-type=\"product\">\n\t\t\t\t<div class=\"elementor-element elementor-element-c45b256 e-flex e-con-boxed e-con e-parent\" data-id=\"c45b256\" data-element_type=\"container\" data-e-type=\"container\">\n\t\t\t\t\t<div class=\"e-con-inner\">\n\t\t\t\t<div class=\"elementor-element elementor-element-8f7fb28 elementor-widget elementor-widget-text-editor\" data-id=\"8f7fb28\" data-element_type=\"widget\" data-e-type=\"widget\" data-widget_type=\"text-editor.default\">\n\t\t\t\t<div class=\"elementor-widget-container\">\n\t\t\t\t\t\t\t\t\t<p>Les jardini\u00e8res d'ext\u00e9rieur en aluminium sont fabriqu\u00e9es \u00e0 partir d'un alliage d'aluminium de haute puret\u00e9, form\u00e9 en bo\u00eetes robustes par pliage et soudage. Les surfaces des jardini\u00e8res sont anodis\u00e9es ou recouvertes d'un rev\u00eatement en poudre pour cr\u00e9er une couche protectrice dense qui bloque compl\u00e8tement les rayons UV et la corrosion due \u00e0 l'humidit\u00e9. Les jardini\u00e8res d'ext\u00e9rieur en aluminium peuvent facilement durer plus de 25 ans dans des environnements ext\u00e9rieurs, tandis que leur poids est inf\u00e9rieur \u00e0 un tiers, ce qui les rend plus faciles \u00e0 d\u00e9placer.<\/p><p>Le bac \u00e0 plantes en aluminium r\u00e9siste \u00e0 la rouille, \u00e0 l'oxydation et aux UV, ce qui le rend id\u00e9al pour une utilisation ext\u00e9rieure \u00e0 long terme, avec une dur\u00e9e de vie de 10 \u00e0 20 ans. Il offre \u00e9galement une solidit\u00e9 et une duret\u00e9 exceptionnelles, une grande r\u00e9sistance aux chocs et une grande capacit\u00e9 de charge, ce qui lui permet de supporter facilement de grandes plantes sans d\u00e9formation.<\/p>\t\t\t\t\t\t\t\t<\/div>\n\t\t\t\t<\/div>\n\t\t\t\t\t<\/div>\n\t\t\t\t<\/div>\n\t\t<div class=\"elementor-element elementor-element-374bbdf e-flex e-con-boxed e-con e-parent\" data-id=\"374bbdf\" data-element_type=\"container\" data-e-type=\"container\">\n\t\t\t\t\t<div class=\"e-con-inner\">\n\t\t\t\t<div class=\"elementor-element elementor-element-5c2d201 elementor-widget elementor-widget-heading\" data-id=\"5c2d201\" data-element_type=\"widget\" data-e-type=\"widget\" data-widget_type=\"heading.default\">\n\t\t\t\t<div class=\"elementor-widget-container\">\n\t\t\t\t\t<h2 class=\"elementor-heading-title elementor-size-default\">Jardini\u00e8res d'ext\u00e9rieur en aluminium personnalis\u00e9es,Pot de fleurs en aluminium<\/h2>\t\t\t\t<\/div>\n\t\t\t\t<\/div>\n\t\t\t\t<div class=\"elementor-element elementor-element-0765ec8 elementor-widget elementor-widget-text-editor\" data-id=\"0765ec8\" data-element_type=\"widget\" data-e-type=\"widget\" data-widget_type=\"text-editor.default\">\n\t\t\t\t<div class=\"elementor-widget-container\">\n\t\t\t\t\t\t\t\t\t<p>Les jardini\u00e8res en aluminium peuvent \u00eatre personnalis\u00e9es en fonction de formes et de dimensions vari\u00e9es. Elles peuvent \u00eatre rectangulaires, carr\u00e9es, cylindriques, coniques ou autres, selon les plans de conception. La hauteur et l'\u00e9paisseur des parois peuvent \u00eatre personnalis\u00e9es pour r\u00e9pondre \u00e0 diverses exigences en mati\u00e8re d'am\u00e9nagement paysager.Disponible en noir, \u00e9tain, bronze daim, argent m\u00e9tallis\u00e9, blanc brillant, gris m\u00e9tallis\u00e9, blanc et fausse rouille.<\/p><table><tbody><tr><td>Hauteur<\/td><td>200 - 400 mm<\/td><td>500 - 700 mm<\/td><td>800 -2000 mm<\/td><\/tr><tr><td>Taille, largeur<\/td><td>300 - 500 mm<\/td><td>600 - 900 mm<\/td><td>1000 - 1500 mm<\/td><\/tr><tr><td>\u00c9paisseur<\/td><td>1 - 3 mm<\/td><td>1 - 3 mm<\/td><td>2 - 4 mm<\/td><\/tr><\/tbody><\/table><p>Les bords de la jardini\u00e8re peuvent \u00eatre pli\u00e9s pour \u00eatre renforc\u00e9s, avec une conception sans soudure qui am\u00e9liore la rigidit\u00e9. Des soudures et des joints de qualit\u00e9 sup\u00e9rieure garantissent l'\u00e9tanch\u00e9it\u00e9, compl\u00e9t\u00e9s par des trous de drainage en option pour cr\u00e9er un environnement de croissance plus sain pour les plantes et \u00e9viter l'engorgement.<\/p>\t\t\t\t\t\t\t\t<\/div>\n\t\t\t\t<\/div>\n\t\t\t\t\t<\/div>\n\t\t\t\t<\/div>\n\t\t<div class=\"elementor-element elementor-element-2c44cbc e-flex e-con-boxed e-con e-parent\" data-id=\"2c44cbc\" data-element_type=\"container\" data-e-type=\"container\">\n\t\t\t\t\t<div class=\"e-con-inner\">\n\t\t\t\t<div class=\"elementor-element elementor-element-3b297c2 elementor-widget elementor-widget-image\" data-id=\"3b297c2\" data-element_type=\"widget\" data-e-type=\"widget\" data-widget_type=\"image.default\">\n\t\t\t\t<div class=\"elementor-widget-container\">\n\t\t\t\t\t\t\t\t\t\t\t\t\t\t\t<img fetchpriority=\"high\" decoding=\"async\" width=\"900\" height=\"506\" src=\"https:\/\/www.metalgardenpot.com\/wp-content\/uploads\/2025\/12\/Aluminum-Planters-Outdoor.jpg\" class=\"attachment-full size-full wp-image-1275\" alt=\"Aluminum Planters Outdoor\" srcset=\"https:\/\/www.metalgardenpot.com\/wp-content\/uploads\/2025\/12\/Aluminum-Planters-Outdoor.jpg 900w, https:\/\/www.metalgardenpot.com\/wp-content\/uploads\/2025\/12\/Aluminum-Planters-Outdoor-300x169.jpg 300w, https:\/\/www.metalgardenpot.com\/wp-content\/uploads\/2025\/12\/Aluminum-Planters-Outdoor-768x432.jpg 768w, https:\/\/www.metalgardenpot.com\/wp-content\/uploads\/2025\/12\/Aluminum-Planters-Outdoor-18x10.jpg 18w, https:\/\/www.metalgardenpot.com\/wp-content\/uploads\/2025\/12\/Aluminum-Planters-Outdoor-700x394.jpg 700w\" sizes=\"(max-width: 900px) 100vw, 900px\" \/>\t\t\t\t\t\t\t\t\t\t\t\t\t\t\t<\/div>\n\t\t\t\t<\/div>\n\t\t\t\t<div class=\"elementor-element elementor-element-30a6d41 elementor-widget elementor-widget-image\" data-id=\"30a6d41\" data-element_type=\"widget\" data-e-type=\"widget\" data-widget_type=\"image.default\">\n\t\t\t\t<div class=\"elementor-widget-container\">\n\t\t\t\t\t\t\t\t\t\t\t\t\t\t\t<img decoding=\"async\" width=\"900\" height=\"506\" src=\"https:\/\/www.metalgardenpot.com\/wp-content\/uploads\/2025\/12\/aluminum-planter.jpg\" class=\"attachment-full size-full wp-image-1276\" alt=\"aluminum planter\" srcset=\"https:\/\/www.metalgardenpot.com\/wp-content\/uploads\/2025\/12\/aluminum-planter.jpg 900w, https:\/\/www.metalgardenpot.com\/wp-content\/uploads\/2025\/12\/aluminum-planter-300x169.jpg 300w, https:\/\/www.metalgardenpot.com\/wp-content\/uploads\/2025\/12\/aluminum-planter-768x432.jpg 768w, https:\/\/www.metalgardenpot.com\/wp-content\/uploads\/2025\/12\/aluminum-planter-18x10.jpg 18w, https:\/\/www.metalgardenpot.com\/wp-content\/uploads\/2025\/12\/aluminum-planter-700x394.jpg 700w\" sizes=\"(max-width: 900px) 100vw, 900px\" \/>\t\t\t\t\t\t\t\t\t\t\t\t\t\t\t<\/div>\n\t\t\t\t<\/div>\n\t\t\t\t<div class=\"elementor-element elementor-element-4373d16 elementor-widget elementor-widget-image\" data-id=\"4373d16\" data-element_type=\"widget\" data-e-type=\"widget\" data-widget_type=\"image.default\">\n\t\t\t\t<div class=\"elementor-widget-container\">\n\t\t\t\t\t\t\t\t\t\t\t\t\t\t\t<img decoding=\"async\" width=\"900\" height=\"506\" src=\"https:\/\/www.metalgardenpot.com\/wp-content\/uploads\/2025\/12\/Planters-Pots.jpg\" class=\"attachment-full size-full wp-image-1269\" alt=\"Planters Pots\" srcset=\"https:\/\/www.metalgardenpot.com\/wp-content\/uploads\/2025\/12\/Planters-Pots.jpg 900w, https:\/\/www.metalgardenpot.com\/wp-content\/uploads\/2025\/12\/Planters-Pots-300x169.jpg 300w, https:\/\/www.metalgardenpot.com\/wp-content\/uploads\/2025\/12\/Planters-Pots-768x432.jpg 768w, https:\/\/www.metalgardenpot.com\/wp-content\/uploads\/2025\/12\/Planters-Pots-18x10.jpg 18w, https:\/\/www.metalgardenpot.com\/wp-content\/uploads\/2025\/12\/Planters-Pots-700x394.jpg 700w\" sizes=\"(max-width: 900px) 100vw, 900px\" \/>\t\t\t\t\t\t\t\t\t\t\t\t\t\t\t<\/div>\n\t\t\t\t<\/div>\n\t\t\t\t\t<\/div>\n\t\t\t\t<\/div>\n\t\t<div class=\"elementor-element elementor-element-44c5cab e-flex e-con-boxed e-con e-parent\" data-id=\"44c5cab\" data-element_type=\"container\" data-e-type=\"container\">\n\t\t\t\t\t<div class=\"e-con-inner\">\n\t\t\t\t<div class=\"elementor-element elementor-element-1bac7e9 elementor-widget elementor-widget-heading\" data-id=\"1bac7e9\" data-element_type=\"widget\" data-e-type=\"widget\" data-widget_type=\"heading.default\">\n\t\t\t\t<div class=\"elementor-widget-container\">\n\t\t\t\t\t<h2 class=\"elementor-heading-title elementor-size-default\">Jardini\u00e8res l\u00e9g\u00e8res en aluminium. Facile \u00e0 transporter\n<\/h2>\t\t\t\t<\/div>\n\t\t\t\t<\/div>\n\t\t\t\t<div class=\"elementor-element elementor-element-6fd2f06 elementor-widget elementor-widget-text-editor\" data-id=\"6fd2f06\" data-element_type=\"widget\" data-e-type=\"widget\" data-widget_type=\"text-editor.default\">\n\t\t\t\t<div class=\"elementor-widget-container\">\n\t\t\t\t\t\t\t\t\t<p>L'aluminium pr\u00e9sente un rapport r\u00e9sistance\/poids \u00e9lev\u00e9, sa densit\u00e9 ne repr\u00e9sentant qu'environ un tiers de celle de l'acier. Son poids est bien inf\u00e9rieur \u00e0 celui des jardini\u00e8res traditionnelles en acier ou en bois, avec une r\u00e9duction de poids de 30% \u00e0 r\u00e9sistance \u00e9quivalente. Il est facile \u00e0 manipuler, ce qui permet aux personnes \u00e2g\u00e9es et aux femmes de le repositionner facilement d'une seule main.<\/p><p>Par rapport \u00e0 l'acier, l'aluminium ne rouille jamais et ne n\u00e9cessite aucun traitement antirouille ;<br \/>Par rapport au b\u00e9ton et \u00e0 la pierre, l'aluminium est l\u00e9ger et r\u00e9sistant aux vibrations, ce qui rend l'installation et les ajustements plus pratiques ;<br \/>Par rapport aux jardini\u00e8res en fibre de verre ou en bois, les jardini\u00e8res en aluminium sont plus robustes et plus r\u00e9sistantes aux chocs, plus faciles \u00e0 entretenir et offrent une dur\u00e9e de vie structurelle plus longue.<\/p>\t\t\t\t\t\t\t\t<\/div>\n\t\t\t\t<\/div>\n\t\t\t\t\t<\/div>\n\t\t\t\t<\/div>\n\t\t\t\t<\/div>","protected":false},"excerpt":{"rendered":"<p>Les mat\u00e9riaux en aluminium sont naturellement r\u00e9sistants \u00e0 la rouille et \u00e0 l'oxydation, et conservent leur aspect pendant des ann\u00e9es dans des environnements difficiles. D'une solidit\u00e9 et d'une duret\u00e9 excellentes, les jardini\u00e8res d'ext\u00e9rieur en aluminium offrent une r\u00e9sistance aux chocs et une capacit\u00e9 de charge exceptionnelles, supportant facilement le poids de grandes plantes sans se d\u00e9former.<\/p>\n<p>&nbsp;<\/p>\n<p>&nbsp;<\/p>","protected":false},"featured_media":1275,"comment_status":"closed","ping_status":"closed","template":"","meta":[],"product_brand":[34],"product_cat":[24],"product_tag":[],"class_list":{"0":"post-1279","1":"product","2":"type-product","3":"status-publish","4":"has-post-thumbnail","6":"product_brand-hnjbl","7":"product_cat-aluminum-planters","9":"first","10":"instock","11":"shipping-taxable","12":"product-type-simple"},"_links":{"self":[{"href":"https:\/\/www.metalgardenpot.com\/fr\/wp-json\/wp\/v2\/product\/1279","targetHints":{"allow":["GET"]}}],"collection":[{"href":"https:\/\/www.metalgardenpot.com\/fr\/wp-json\/wp\/v2\/product"}],"about":[{"href":"https:\/\/www.metalgardenpot.com\/fr\/wp-json\/wp\/v2\/types\/product"}],"replies":[{"embeddable":true,"href":"https:\/\/www.metalgardenpot.com\/fr\/wp-json\/wp\/v2\/comments?post=1279"}],"version-history":[{"count":6,"href":"https:\/\/www.metalgardenpot.com\/fr\/wp-json\/wp\/v2\/product\/1279\/revisions"}],"predecessor-version":[{"id":1286,"href":"https:\/\/www.metalgardenpot.com\/fr\/wp-json\/wp\/v2\/product\/1279\/revisions\/1286"}],"wp:featuredmedia":[{"embeddable":true,"href":"https:\/\/www.metalgardenpot.com\/fr\/wp-json\/wp\/v2\/media\/1275"}],"wp:attachment":[{"href":"https:\/\/www.metalgardenpot.com\/fr\/wp-json\/wp\/v2\/media?parent=1279"}],"wp:term":[{"taxonomy":"product_brand","embeddable":true,"href":"https:\/\/www.metalgardenpot.com\/fr\/wp-json\/wp\/v2\/product_brand?post=1279"},{"taxonomy":"product_cat","embeddable":true,"href":"https:\/\/www.metalgardenpot.com\/fr\/wp-json\/wp\/v2\/product_cat?post=1279"},{"taxonomy":"product_tag","embeddable":true,"href":"https:\/\/www.metalgardenpot.com\/fr\/wp-json\/wp\/v2\/product_tag?post=1279"}],"curies":[{"name":"wp","href":"https:\/\/api.w.org\/{rel}","templated":true}]}}