{"id":1310,"date":"2025-12-16T17:18:59","date_gmt":"2025-12-16T09:18:59","guid":{"rendered":"https:\/\/www.metalgardenpot.com\/?post_type=product&#038;p=1310"},"modified":"2026-02-28T17:16:34","modified_gmt":"2026-02-28T09:16:34","slug":"large-stainless-steel-planter-box","status":"publish","type":"product","link":"https:\/\/www.metalgardenpot.com\/fr\/large-stainless-steel-planter-box\/","title":{"rendered":"Grande jardini\u00e8re en acier inoxydable"},"content":{"rendered":"<div data-elementor-type=\"product-post\" data-elementor-id=\"1310\" class=\"elementor elementor-1310\" data-elementor-post-type=\"product\">\n\t\t\t\t<div class=\"elementor-element elementor-element-7bda2ba e-flex e-con-boxed e-con e-parent\" data-id=\"7bda2ba\" data-element_type=\"container\" data-e-type=\"container\">\n\t\t\t\t\t<div class=\"e-con-inner\">\n\t\t\t\t<div class=\"elementor-element elementor-element-bf42679 elementor-widget elementor-widget-text-editor\" data-id=\"bf42679\" data-element_type=\"widget\" data-e-type=\"widget\" data-widget_type=\"text-editor.default\">\n\t\t\t\t<div class=\"elementor-widget-container\">\n\t\t\t\t\t\t\t\t\t<p>Nous proposons de grandes jardini\u00e8res en acier inoxydable pour les entr\u00e9es d'h\u00f4tels, les places commerciales, les jardins et les r\u00e9sidences. Disponibles en 304\/316 avec des finitions miroir, bross\u00e9es, satin\u00e9es ou avec un rev\u00eatement en poudre, elles peuvent \u00eatre personnalis\u00e9es dans diff\u00e9rentes tailles et structures selon les sp\u00e9cifications du projet. Toutes les grandes jardini\u00e8res en acier inoxydable sont soumises \u00e0 un soudage TIG de pr\u00e9cision, \u00e0 un \u00e9bavurage, \u00e0 un meulage et \u00e0 un traitement de passivation.<\/p><p>Parfait pour faire entrer l'ext\u00e9rieur \u00e0 l'int\u00e9rieur. Le design moderne s'int\u00e8gre facilement \u00e0 tout d\u00e9cor, tandis que les propri\u00e9t\u00e9s non toxiques de l'acier inoxydable permettent de les placer sur les balcons, les rebords de fen\u00eatre, les salons et bien plus encore. Id\u00e9ales pour faire pousser des plantes grasses, des herbes et de petites plantes, les jardini\u00e8res am\u00e9liorent votre jardin d'int\u00e9rieur.<\/p>\t\t\t\t\t\t\t\t<\/div>\n\t\t\t\t<\/div>\n\t\t\t\t\t<\/div>\n\t\t\t\t<\/div>\n\t\t<div class=\"elementor-element elementor-element-68091de e-flex e-con-boxed e-con e-parent\" data-id=\"68091de\" data-element_type=\"container\" data-e-type=\"container\">\n\t\t\t\t\t<div class=\"e-con-inner\">\n\t\t\t\t<div class=\"elementor-element elementor-element-e684fad elementor-widget elementor-widget-image\" data-id=\"e684fad\" data-element_type=\"widget\" data-e-type=\"widget\" data-widget_type=\"image.default\">\n\t\t\t\t<div class=\"elementor-widget-container\">\n\t\t\t\t\t\t\t\t\t\t\t\t\t\t\t<img fetchpriority=\"high\" decoding=\"async\" width=\"800\" height=\"450\" src=\"https:\/\/www.metalgardenpot.com\/wp-content\/uploads\/2025\/12\/large-stainless-steel-planters-outdoor.jpg\" class=\"attachment-large size-large wp-image-1308\" alt=\"stainless steel planter box\" srcset=\"https:\/\/www.metalgardenpot.com\/wp-content\/uploads\/2025\/12\/large-stainless-steel-planters-outdoor.jpg 900w, https:\/\/www.metalgardenpot.com\/wp-content\/uploads\/2025\/12\/large-stainless-steel-planters-outdoor-300x169.jpg 300w, https:\/\/www.metalgardenpot.com\/wp-content\/uploads\/2025\/12\/large-stainless-steel-planters-outdoor-768x432.jpg 768w, https:\/\/www.metalgardenpot.com\/wp-content\/uploads\/2025\/12\/large-stainless-steel-planters-outdoor-18x10.jpg 18w, https:\/\/www.metalgardenpot.com\/wp-content\/uploads\/2025\/12\/large-stainless-steel-planters-outdoor-700x394.jpg 700w\" sizes=\"(max-width: 800px) 100vw, 800px\" \/>\t\t\t\t\t\t\t\t\t\t\t\t\t\t\t<\/div>\n\t\t\t\t<\/div>\n\t\t\t\t<div class=\"elementor-element elementor-element-d0b7ea4 elementor-widget elementor-widget-image\" data-id=\"d0b7ea4\" data-element_type=\"widget\" data-e-type=\"widget\" data-widget_type=\"image.default\">\n\t\t\t\t<div class=\"elementor-widget-container\">\n\t\t\t\t\t\t\t\t\t\t\t\t\t\t\t<img decoding=\"async\" width=\"800\" height=\"450\" src=\"https:\/\/www.metalgardenpot.com\/wp-content\/uploads\/2025\/11\/stainless-steel-planter.webp\" class=\"attachment-large size-large wp-image-1256\" alt=\"stainless steel planter\" srcset=\"https:\/\/www.metalgardenpot.com\/wp-content\/uploads\/2025\/11\/stainless-steel-planter.webp 900w, https:\/\/www.metalgardenpot.com\/wp-content\/uploads\/2025\/11\/stainless-steel-planter-300x169.webp 300w, https:\/\/www.metalgardenpot.com\/wp-content\/uploads\/2025\/11\/stainless-steel-planter-768x432.webp 768w, https:\/\/www.metalgardenpot.com\/wp-content\/uploads\/2025\/11\/stainless-steel-planter-18x10.webp 18w, https:\/\/www.metalgardenpot.com\/wp-content\/uploads\/2025\/11\/stainless-steel-planter-700x394.webp 700w\" sizes=\"(max-width: 800px) 100vw, 800px\" \/>\t\t\t\t\t\t\t\t\t\t\t\t\t\t\t<\/div>\n\t\t\t\t<\/div>\n\t\t\t\t<div class=\"elementor-element elementor-element-33ed884 elementor-widget elementor-widget-image\" data-id=\"33ed884\" data-element_type=\"widget\" data-e-type=\"widget\" data-widget_type=\"image.default\">\n\t\t\t\t<div class=\"elementor-widget-container\">\n\t\t\t\t\t\t\t\t\t\t\t\t\t\t\t<img decoding=\"async\" width=\"800\" height=\"450\" src=\"https:\/\/www.metalgardenpot.com\/wp-content\/uploads\/2025\/11\/Stainless-Steel-Planter-Box.webp\" class=\"attachment-large size-large wp-image-1255\" alt=\"Stainless Steel Planter Box\" srcset=\"https:\/\/www.metalgardenpot.com\/wp-content\/uploads\/2025\/11\/Stainless-Steel-Planter-Box.webp 900w, https:\/\/www.metalgardenpot.com\/wp-content\/uploads\/2025\/11\/Stainless-Steel-Planter-Box-300x169.webp 300w, https:\/\/www.metalgardenpot.com\/wp-content\/uploads\/2025\/11\/Stainless-Steel-Planter-Box-768x432.webp 768w, https:\/\/www.metalgardenpot.com\/wp-content\/uploads\/2025\/11\/Stainless-Steel-Planter-Box-18x10.webp 18w, https:\/\/www.metalgardenpot.com\/wp-content\/uploads\/2025\/11\/Stainless-Steel-Planter-Box-700x394.webp 700w\" sizes=\"(max-width: 800px) 100vw, 800px\" \/>\t\t\t\t\t\t\t\t\t\t\t\t\t\t\t<\/div>\n\t\t\t\t<\/div>\n\t\t\t\t\t<\/div>\n\t\t\t\t<\/div>\n\t\t<div class=\"elementor-element elementor-element-3eda63b e-flex e-con-boxed e-con e-parent\" data-id=\"3eda63b\" data-element_type=\"container\" data-e-type=\"container\">\n\t\t\t\t\t<div class=\"e-con-inner\">\n\t\t\t\t<div class=\"elementor-element elementor-element-725bf10 elementor-widget elementor-widget-heading\" data-id=\"725bf10\" data-element_type=\"widget\" data-e-type=\"widget\" data-widget_type=\"heading.default\">\n\t\t\t\t<div class=\"elementor-widget-container\">\n\t\t\t\t\t<h2 class=\"elementor-heading-title elementor-size-default\">Grand bac \u00e0 plantes en acier inoxydable Sp\u00e9cification\n<\/h2>\t\t\t\t<\/div>\n\t\t\t\t<\/div>\n\t\t\t\t<div class=\"elementor-element elementor-element-0a0c8e1 elementor-widget elementor-widget-text-editor\" data-id=\"0a0c8e1\" data-element_type=\"widget\" data-e-type=\"widget\" data-widget_type=\"text-editor.default\">\n\t\t\t\t<div class=\"elementor-widget-container\">\n\t\t\t\t\t\t\t\t\t<table><tbody><tr><td>Mat\u00e9riau<\/td><td>Acier inoxydable : 304, 316, ou selon les besoins<\/td><\/tr><tr><td>M\u00e9thode de fabrication<\/td><td>D\u00e9coupe laser, D\u00e9coupe, Soudage, Polissage \u00e0 la main<\/td><\/tr><tr><td>Taille<\/td><td>890*720*440mm<br \/>Diff\u00e9rentes tailles sont disponibles<\/td><\/tr><tr><td>Dossier sp\u00e9cial<\/td><td>Trou de drainage, r\u00e9sistant \u00e0 la d\u00e9coloration, r\u00e9sistant \u00e0 la rouille, durable<\/td><\/tr><tr><td>Finition de la surface<\/td><td>Miroir, bross\u00e9, rev\u00eatement PVD, grav\u00e9, sabl\u00e9, gaufr\u00e9<\/td><\/tr><tr><td>Mod\u00e8le<\/td><td>Conception personnalis\u00e9e disponible<\/td><\/tr><tr><td>Application<\/td><td><p>D\u00e9coration int\u00e9rieure, salon, bureau, h\u00f4tel, bar, etc.<\/p><p>Int\u00e9rieur et ext\u00e9rieur<\/p><\/td><\/tr><\/tbody><\/table>\t\t\t\t\t\t\t\t<\/div>\n\t\t\t\t<\/div>\n\t\t\t\t\t<\/div>\n\t\t\t\t<\/div>\n\t\t<div class=\"elementor-element elementor-element-e470627 e-flex e-con-boxed e-con e-parent\" data-id=\"e470627\" data-element_type=\"container\" data-e-type=\"container\">\n\t\t\t\t\t<div class=\"e-con-inner\">\n\t\t\t\t<div class=\"elementor-element elementor-element-036f386 elementor-widget elementor-widget-heading\" data-id=\"036f386\" data-element_type=\"widget\" data-e-type=\"widget\" data-widget_type=\"heading.default\">\n\t\t\t\t<div class=\"elementor-widget-container\">\n\t\t\t\t\t<h2 class=\"elementor-heading-title elementor-size-default\">Pourquoi choisir nos jardini\u00e8res en acier inoxydable<\/h2>\t\t\t\t<\/div>\n\t\t\t\t<\/div>\n\t\t\t\t<div class=\"elementor-element elementor-element-da100c9 elementor-widget elementor-widget-text-editor\" data-id=\"da100c9\" data-element_type=\"widget\" data-e-type=\"widget\" data-widget_type=\"text-editor.default\">\n\t\t\t\t<div class=\"elementor-widget-container\">\n\t\t\t\t\t\t\t\t\t<p><b>Durabilit\u00e9<\/b><\/p><p>L'acier inoxydable offre une excellente r\u00e9sistance m\u00e9canique, une r\u00e9sistance aux chocs, \u00e0 la d\u00e9formation et \u00e0 la fissuration. Par rapport aux jardini\u00e8res en c\u00e9ramique et aux pots en plastique fragiles qui peuvent devenir cassants sous l'effet du soleil, les jardini\u00e8res en acier inoxydable ont une dur\u00e9e de vie exceptionnellement longue. Avec une utilisation normale et un entretien ad\u00e9quat, ils peuvent durer des ann\u00e9es, voire plus d'une d\u00e9cennie.<\/p><p>Les jardini\u00e8res en acier inoxydable sont r\u00e9sistantes aux \u00e9clats, \u00e0 l'humidit\u00e9 et au feu, et peuvent prendre diff\u00e9rentes formes.<\/p>\t\t\t\t\t\t\t\t<\/div>\n\t\t\t\t<\/div>\n\t\t\t\t<div class=\"elementor-element elementor-element-7018612 elementor-widget elementor-widget-text-editor\" data-id=\"7018612\" data-element_type=\"widget\" data-e-type=\"widget\" data-widget_type=\"text-editor.default\">\n\t\t\t\t<div class=\"elementor-widget-container\">\n\t\t\t\t\t\t\t\t\t<p><b>Facile \u00e0 nettoyer et \u00e0 entretenir<\/b><\/p><p>La surface lisse et dense de l'acier inoxydable r\u00e9siste \u00e0 la salet\u00e9 et \u00e0 l'absorption des odeurs, ce qui facilite le nettoyage.<\/p>\t\t\t\t\t\t\t\t<\/div>\n\t\t\t\t<\/div>\n\t\t\t\t<div class=\"elementor-element elementor-element-6af9df9 elementor-widget elementor-widget-text-editor\" data-id=\"6af9df9\" data-element_type=\"widget\" data-e-type=\"widget\" data-widget_type=\"text-editor.default\">\n\t\t\t\t<div class=\"elementor-widget-container\">\n\t\t\t\t\t\t\t\t\t<p><b>Hygi\u00e9nique et \u00e9cologique<\/b><\/p><p>La surface non poreuse de l'acier inoxydable emp\u00eache la croissance bact\u00e9rienne, ce qui garantit une excellente hygi\u00e8ne. M\u00eame utilis\u00e9 \u00e0 l'int\u00e9rieur, il ne pr\u00e9sente aucun risque pour la sant\u00e9 humaine.<\/p>\t\t\t\t\t\t\t\t<\/div>\n\t\t\t\t<\/div>\n\t\t\t\t\t<\/div>\n\t\t\t\t<\/div>\n\t\t<div class=\"elementor-element elementor-element-24135dd e-flex e-con-boxed e-con e-parent\" data-id=\"24135dd\" data-element_type=\"container\" data-e-type=\"container\">\n\t\t\t\t\t<div class=\"e-con-inner\">\n\t\t\t\t<div class=\"elementor-element elementor-element-b6cc6cd elementor-widget elementor-widget-heading\" data-id=\"b6cc6cd\" data-element_type=\"widget\" data-e-type=\"widget\" data-widget_type=\"heading.default\">\n\t\t\t\t<div class=\"elementor-widget-container\">\n\t\t\t\t\t<h2 class=\"elementor-heading-title elementor-size-default\">Comment choisir le mat\u00e9riau de l'acier inoxydable<\/h2>\t\t\t\t<\/div>\n\t\t\t\t<\/div>\n\t\t\t\t<div class=\"elementor-element elementor-element-0d43153 elementor-widget elementor-widget-text-editor\" data-id=\"0d43153\" data-element_type=\"widget\" data-e-type=\"widget\" data-widget_type=\"text-editor.default\">\n\t\t\t\t<div class=\"elementor-widget-container\">\n\t\t\t\t\t\t\t\t\t<p>Le choix des mat\u00e9riaux appropri\u00e9s en fonction des conditions environnementales permet de maximiser la dur\u00e9e de vie des jardini\u00e8res en acier inoxydable et d'en pr\u00e9server l'aspect.<\/p>\n<p>Parmi la vaste gamme de qualit\u00e9s d'acier inoxydable, les qualit\u00e9s les plus courantes et les plus utilis\u00e9es pour la fabrication de bacs \u00e0 plantes sont l'acier inoxydable 304 et l'acier inoxydable 316.<\/p>\t\t\t\t\t\t\t\t<\/div>\n\t\t\t\t<\/div>\n\t\t\t\t<div class=\"elementor-element elementor-element-1ad99a4 elementor-widget elementor-widget-text-editor\" data-id=\"1ad99a4\" data-element_type=\"widget\" data-e-type=\"widget\" data-widget_type=\"text-editor.default\">\n\t\t\t\t<div class=\"elementor-widget-container\">\n\t\t\t\t\t\t\t\t\t<p><b>Acier inoxydable 304\u00a0<\/b><\/p><p>L'acier inoxydable 304 offre une excellente r\u00e9sistance \u00e0 la corrosion, une bonne maniabilit\u00e9 et une bonne r\u00e9sistance aux chocs. Il peut r\u00e9sister \u00e0 la corrosion dans la plupart des environnements normaux (tels que les int\u00e9rieurs ou les atmosph\u00e8res urbaines). Pour la majorit\u00e9 des applications int\u00e9rieures et ext\u00e9rieures non c\u00f4ti\u00e8res, l'acier inoxydable 304 est un choix extr\u00eamement rentable.<\/p>\t\t\t\t\t\t\t\t<\/div>\n\t\t\t\t<\/div>\n\t\t\t\t<div class=\"elementor-element elementor-element-66f7dfa elementor-widget elementor-widget-text-editor\" data-id=\"66f7dfa\" data-element_type=\"widget\" data-e-type=\"widget\" data-widget_type=\"text-editor.default\">\n\t\t\t\t<div class=\"elementor-widget-container\">\n\t\t\t\t\t\t\t\t\t<p><b>Acier inoxydable 316\u00a0<\/b><\/p><p>Par rapport \u00e0 l'acier inoxydable 304, l'acier inoxydable 316 contient 2%-3% de molybd\u00e8ne (Mo) suppl\u00e9mentaire, ce qui am\u00e9liore consid\u00e9rablement sa r\u00e9sistance \u00e0 la corrosion par piq\u00fbres et \u00e0 la corrosion caverneuse. Il excelle particuli\u00e8rement dans la r\u00e9sistance \u00e0 l'\u00e9rosion par les ions chlorure (Cl-), ce qui le rend adapt\u00e9 aux environnements difficiles \u00e0 forte salinit\u00e9 et humidit\u00e9, tels que les villes c\u00f4ti\u00e8res, les villas en bord de mer et les zones expos\u00e9es au brouillard salin ou aux produits chimiques contenant du chlore.<\/p>\t\t\t\t\t\t\t\t<\/div>\n\t\t\t\t<\/div>\n\t\t\t\t\t<\/div>\n\t\t\t\t<\/div>\n\t\t\t\t<\/div>","protected":false},"excerpt":{"rendered":"<p>Nous proposons de grandes jardini\u00e8res en acier inoxydable pour les entr\u00e9es d'h\u00f4tels, les places commerciales, les jardins et les r\u00e9sidences, personnalisables en diff\u00e9rentes tailles et structures selon les sp\u00e9cifications du projet.<\/p>\n<p>Mat\u00e9riau : Acier inoxydable<\/p>\n<p>Forme : Rectangulaire<\/p>\n<p>Caract\u00e9ristique : Trou de drainage<\/p>\n<p>Utilisation : int\u00e9rieur, ext\u00e9rieur<\/p>\n<p>&nbsp;<\/p>\n<p>&nbsp;<\/p>","protected":false},"featured_media":1308,"comment_status":"closed","ping_status":"closed","template":"","meta":[],"product_brand":[],"product_cat":[22],"product_tag":[],"class_list":{"0":"post-1310","1":"product","2":"type-product","3":"status-publish","4":"has-post-thumbnail","6":"product_cat-stainless-steel-planters","8":"first","9":"instock","10":"shipping-taxable","11":"product-type-simple"},"_links":{"self":[{"href":"https:\/\/www.metalgardenpot.com\/fr\/wp-json\/wp\/v2\/product\/1310","targetHints":{"allow":["GET"]}}],"collection":[{"href":"https:\/\/www.metalgardenpot.com\/fr\/wp-json\/wp\/v2\/product"}],"about":[{"href":"https:\/\/www.metalgardenpot.com\/fr\/wp-json\/wp\/v2\/types\/product"}],"replies":[{"embeddable":true,"href":"https:\/\/www.metalgardenpot.com\/fr\/wp-json\/wp\/v2\/comments?post=1310"}],"version-history":[{"count":4,"href":"https:\/\/www.metalgardenpot.com\/fr\/wp-json\/wp\/v2\/product\/1310\/revisions"}],"predecessor-version":[{"id":1421,"href":"https:\/\/www.metalgardenpot.com\/fr\/wp-json\/wp\/v2\/product\/1310\/revisions\/1421"}],"wp:featuredmedia":[{"embeddable":true,"href":"https:\/\/www.metalgardenpot.com\/fr\/wp-json\/wp\/v2\/media\/1308"}],"wp:attachment":[{"href":"https:\/\/www.metalgardenpot.com\/fr\/wp-json\/wp\/v2\/media?parent=1310"}],"wp:term":[{"taxonomy":"product_brand","embeddable":true,"href":"https:\/\/www.metalgardenpot.com\/fr\/wp-json\/wp\/v2\/product_brand?post=1310"},{"taxonomy":"product_cat","embeddable":true,"href":"https:\/\/www.metalgardenpot.com\/fr\/wp-json\/wp\/v2\/product_cat?post=1310"},{"taxonomy":"product_tag","embeddable":true,"href":"https:\/\/www.metalgardenpot.com\/fr\/wp-json\/wp\/v2\/product_tag?post=1310"}],"curies":[{"name":"wp","href":"https:\/\/api.w.org\/{rel}","templated":true}]}}