{"id":1383,"date":"2026-01-27T17:17:08","date_gmt":"2026-01-27T09:17:08","guid":{"rendered":"https:\/\/www.metalgardenpot.com\/?post_type=product&#038;p=1383"},"modified":"2026-01-27T17:17:10","modified_gmt":"2026-01-27T09:17:10","slug":"corten-steel-round-planter-boxes","status":"publish","type":"product","link":"https:\/\/www.metalgardenpot.com\/fr\/corten-steel-round-planter-boxes\/","title":{"rendered":"Jardini\u00e8res rondes en acier Corten"},"content":{"rendered":"<div data-elementor-type=\"product-post\" data-elementor-id=\"1383\" class=\"elementor elementor-1383\" data-elementor-post-type=\"product\">\n\t\t\t\t<div class=\"elementor-element elementor-element-f813f29 e-flex e-con-boxed e-con e-parent\" data-id=\"f813f29\" data-element_type=\"container\" data-e-type=\"container\">\n\t\t\t\t\t<div class=\"e-con-inner\">\n\t\t\t\t<div class=\"elementor-element elementor-element-d7ce52f elementor-widget elementor-widget-text-editor\" data-id=\"d7ce52f\" data-element_type=\"widget\" data-e-type=\"widget\" data-widget_type=\"text-editor.default\">\n\t\t\t\t<div class=\"elementor-widget-container\">\n\t\t\t\t\t\t\t\t\t<p>Les jardini\u00e8res rondes fabriqu\u00e9es en acier corten accueillent une grande vari\u00e9t\u00e9 de fleurs et de plantes. Elles conviennent \u00e0 divers espaces int\u00e9rieurs et ext\u00e9rieurs, notamment les salons, les cours, les jardins, les entr\u00e9es, les balcons, les rues de la ville et les bords de piscine. <\/p><p>Avec des d\u00e9cennies d'exp\u00e9rience dans l'industrie horticole, HNJBL propose diff\u00e9rents types de bacs \u00e0 plantes ronds en acier corten. Outre les formes rondes standard, nous personnalisons des formes rondes effil\u00e9es et elliptiques ou cr\u00e9ons des \u0153uvres d'art sculpturales en d\u00e9coupant et en assemblant des bases circulaires, avec des \u00e9paisseurs standard de 1,5 \u00e0 3 mm et des hauteurs allant de 40 \u00e0 100 cm. Les dimensions peuvent \u00eatre enti\u00e8rement personnalis\u00e9es pour r\u00e9pondre aux exigences sp\u00e9cifiques d'un projet.<\/p>\t\t\t\t\t\t\t\t<\/div>\n\t\t\t\t<\/div>\n\t\t\t\t\t<\/div>\n\t\t\t\t<\/div>\n\t\t<div class=\"elementor-element elementor-element-21edb8d e-flex e-con-boxed e-con e-parent\" data-id=\"21edb8d\" data-element_type=\"container\" data-e-type=\"container\">\n\t\t\t\t\t<div class=\"e-con-inner\">\n\t\t\t\t<div class=\"elementor-element elementor-element-991f60a elementor-widget elementor-widget-image\" data-id=\"991f60a\" data-element_type=\"widget\" data-e-type=\"widget\" data-widget_type=\"image.default\">\n\t\t\t\t<div class=\"elementor-widget-container\">\n\t\t\t\t\t\t\t\t\t\t\t\t\t\t\t<img fetchpriority=\"high\" decoding=\"async\" width=\"700\" height=\"700\" src=\"https:\/\/www.metalgardenpot.com\/wp-content\/uploads\/2026\/01\/round-planter-700x700.jpg\" class=\"attachment-woocommerce_single size-woocommerce_single wp-image-1381\" alt=\"Corten Steel Round Planter Boxes\" srcset=\"https:\/\/www.metalgardenpot.com\/wp-content\/uploads\/2026\/01\/round-planter-700x700.jpg 700w, https:\/\/www.metalgardenpot.com\/wp-content\/uploads\/2026\/01\/round-planter-300x300.jpg 300w, https:\/\/www.metalgardenpot.com\/wp-content\/uploads\/2026\/01\/round-planter-150x150.jpg 150w, https:\/\/www.metalgardenpot.com\/wp-content\/uploads\/2026\/01\/round-planter-12x12.jpg 12w, https:\/\/www.metalgardenpot.com\/wp-content\/uploads\/2026\/01\/round-planter-100x100.jpg 100w, https:\/\/www.metalgardenpot.com\/wp-content\/uploads\/2026\/01\/round-planter.jpg 750w\" sizes=\"(max-width: 700px) 100vw, 700px\" \/>\t\t\t\t\t\t\t\t\t\t\t\t\t\t\t<\/div>\n\t\t\t\t<\/div>\n\t\t\t\t<div class=\"elementor-element elementor-element-cd0ed31 elementor-widget elementor-widget-image\" data-id=\"cd0ed31\" data-element_type=\"widget\" data-e-type=\"widget\" data-widget_type=\"image.default\">\n\t\t\t\t<div class=\"elementor-widget-container\">\n\t\t\t\t\t\t\t\t\t\t\t\t\t\t\t<img decoding=\"async\" width=\"700\" height=\"700\" src=\"https:\/\/www.metalgardenpot.com\/wp-content\/uploads\/2026\/01\/round-tapered-planter-700x700.jpg\" class=\"attachment-woocommerce_single size-woocommerce_single wp-image-1382\" alt=\"round tapered planter\" srcset=\"https:\/\/www.metalgardenpot.com\/wp-content\/uploads\/2026\/01\/round-tapered-planter-700x700.jpg 700w, https:\/\/www.metalgardenpot.com\/wp-content\/uploads\/2026\/01\/round-tapered-planter-300x300.jpg 300w, https:\/\/www.metalgardenpot.com\/wp-content\/uploads\/2026\/01\/round-tapered-planter-150x150.jpg 150w, https:\/\/www.metalgardenpot.com\/wp-content\/uploads\/2026\/01\/round-tapered-planter-12x12.jpg 12w, https:\/\/www.metalgardenpot.com\/wp-content\/uploads\/2026\/01\/round-tapered-planter-100x100.jpg 100w, https:\/\/www.metalgardenpot.com\/wp-content\/uploads\/2026\/01\/round-tapered-planter.jpg 750w\" sizes=\"(max-width: 700px) 100vw, 700px\" \/>\t\t\t\t\t\t\t\t\t\t\t\t\t\t\t<\/div>\n\t\t\t\t<\/div>\n\t\t\t\t\t<\/div>\n\t\t\t\t<\/div>\n\t\t<div class=\"elementor-element elementor-element-bbc198a e-flex e-con-boxed e-con e-parent\" data-id=\"bbc198a\" data-element_type=\"container\" data-e-type=\"container\">\n\t\t\t\t\t<div class=\"e-con-inner\">\n\t\t\t\t<div class=\"elementor-element elementor-element-7b4a52a elementor-widget elementor-widget-heading\" data-id=\"7b4a52a\" data-element_type=\"widget\" data-e-type=\"widget\" data-widget_type=\"heading.default\">\n\t\t\t\t<div class=\"elementor-widget-container\">\n\t\t\t\t\t<h2 class=\"elementor-heading-title elementor-size-default\">Jardini\u00e8res rondes en acier Corten Caract\u00e9ristiques<\/h2>\t\t\t\t<\/div>\n\t\t\t\t<\/div>\n\t\t\t\t<div class=\"elementor-element elementor-element-0c4ccc2 elementor-widget elementor-widget-text-editor\" data-id=\"0c4ccc2\" data-element_type=\"widget\" data-e-type=\"widget\" data-widget_type=\"text-editor.default\">\n\t\t\t\t<div class=\"elementor-widget-container\">\n\t\t\t\t\t\t\t\t\t<ul><li>Enti\u00e8rement assembl\u00e9 et soud\u00e9<\/li><li>Trous de drainage disponibles<\/li><li>\u00c9paisseur : 1,5 - 3 mm<\/li><li>Diam\u00e8tre : 40 - 100 cm, ou personnalis\u00e9<\/li><li>Hauteur : 40 -100 cm, ou sur mesure<\/li><li>Disponible avec ou sans base \u00e9l\u00e9vatrice<\/li><li>Finition du bord sup\u00e9rieur\/de la l\u00e8vre<\/li><li>Au fil du temps, une patine protectrice stable, uniforme et pratiquement inalt\u00e9rable, de couleur brun fonc\u00e9 ou brun violac\u00e9, se forme \u00e0 la surface de l'acier soumis aux intemp\u00e9ries.<\/li><\/ul>\t\t\t\t\t\t\t\t<\/div>\n\t\t\t\t<\/div>\n\t\t\t\t\t<\/div>\n\t\t\t\t<\/div>\n\t\t<div class=\"elementor-element elementor-element-d7d49bd e-flex e-con-boxed e-con e-parent\" data-id=\"d7d49bd\" data-element_type=\"container\" data-e-type=\"container\">\n\t\t\t\t\t<div class=\"e-con-inner\">\n\t\t\t\t<div class=\"elementor-element elementor-element-f6d1045 elementor-widget elementor-widget-heading\" data-id=\"f6d1045\" data-element_type=\"widget\" data-e-type=\"widget\" data-widget_type=\"heading.default\">\n\t\t\t\t<div class=\"elementor-widget-container\">\n\t\t\t\t\t<h2 class=\"elementor-heading-title elementor-size-default\">Capacit\u00e9s de personnalisation des jardini\u00e8res rondes en acier Corten\n<\/h2>\t\t\t\t<\/div>\n\t\t\t\t<\/div>\n\t\t\t\t<div class=\"elementor-element elementor-element-dde199f elementor-widget elementor-widget-text-editor\" data-id=\"dde199f\" data-element_type=\"widget\" data-e-type=\"widget\" data-widget_type=\"text-editor.default\">\n\t\t\t\t<div class=\"elementor-widget-container\">\n\t\t\t\t\t\t\t\t\t<p>En tant que principal fournisseur de bacs \u00e0 fleurs en acier corten, HNJBL dispose d'une \u00e9quipe de conception professionnelle ; les clients n'ont qu'\u00e0 fournir les param\u00e8tres requis tels que le diam\u00e8tre, la hauteur et l'\u00e9paisseur. Notre \u00e9quipe d'ing\u00e9nieurs assure la flexibilit\u00e9 des dimensions et des traitements de surface tout en r\u00e9alisant les commandes avec des cycles de production rapides.<\/p>\t\t\t\t\t\t\t\t<\/div>\n\t\t\t\t<\/div>\n\t\t\t\t<div class=\"elementor-element elementor-element-c5be2dc elementor-widget elementor-widget-text-editor\" data-id=\"c5be2dc\" data-element_type=\"widget\" data-e-type=\"widget\" data-widget_type=\"text-editor.default\">\n\t\t\t\t<div class=\"elementor-widget-container\">\n\t\t\t\t\t\t\t\t\t<p><strong>Dimensions et \u00e9paisseur<\/strong><\/p><p>Il est possible de personnaliser le diam\u00e8tre et la hauteur en fonction des exigences du projet, avec plusieurs options d'\u00e9paisseur de t\u00f4le d'acier pour s'adapter aux diff\u00e9rents espaces paysagers et aux exigences de charge.<\/p>\t\t\t\t\t\t\t\t<\/div>\n\t\t\t\t<\/div>\n\t\t\t\t<div class=\"elementor-element elementor-element-2e1f09a elementor-widget elementor-widget-text-editor\" data-id=\"2e1f09a\" data-element_type=\"widget\" data-e-type=\"widget\" data-widget_type=\"text-editor.default\">\n\t\t\t\t<div class=\"elementor-widget-container\">\n\t\t\t\t\t\t\t\t\t<p><strong>Drainage et pieds de terre\/base<\/strong><\/p><p>Les trous de drainage du fond peuvent \u00eatre r\u00e9serv\u00e9s, et des pieds\/bases sur\u00e9lev\u00e9s sont inclus pour assurer un drainage sans obstruction et un placement de niveau, favorisant une croissance saine des plantes.<\/p>\t\t\t\t\t\t\t\t<\/div>\n\t\t\t\t<\/div>\n\t\t\t\t<div class=\"elementor-element elementor-element-99f734e elementor-widget elementor-widget-text-editor\" data-id=\"99f734e\" data-element_type=\"widget\" data-e-type=\"widget\" data-widget_type=\"text-editor.default\">\n\t\t\t\t<div class=\"elementor-widget-container\">\n\t\t\t\t\t\t\t\t\t<p><strong>Int\u00e9gration fonctionnelle<\/strong><\/p><p>Con\u00e7us sous forme de jardini\u00e8res, de cl\u00f4tures ou de bancs, ils sont dot\u00e9s de bords renforc\u00e9s le long de la bordure ext\u00e9rieure. Cette conception \u00e0 double usage associe la fonctionnalit\u00e9 de plantation \u00e0 la capacit\u00e9 d'accueil, offrant ainsi une utilit\u00e9 accrue pour les complexes commerciaux et autres lieux similaires.<\/p>\t\t\t\t\t\t\t\t<\/div>\n\t\t\t\t<\/div>\n\t\t\t\t<div class=\"elementor-element elementor-element-fa581a8 elementor-widget elementor-widget-text-editor\" data-id=\"fa581a8\" data-element_type=\"widget\" data-e-type=\"widget\" data-widget_type=\"text-editor.default\">\n\t\t\t\t<div class=\"elementor-widget-container\">\n\t\t\t\t\t\t\t\t\t<p><strong>Finition de la surface<\/strong><\/p><p>Les jardini\u00e8res en acier Corten sont disponibles avec un traitement pr\u00e9patin\u00e9 et un rev\u00eatement d'\u00e9tanch\u00e9it\u00e9 transparent avant la production. Ce traitement emp\u00eache la rouille de s'infiltrer et prot\u00e8ge les surfaces dures adjacentes contre les taches.<\/p>\t\t\t\t\t\t\t\t<\/div>\n\t\t\t\t<\/div>\n\t\t\t\t\t<\/div>\n\t\t\t\t<\/div>\n\t\t<div class=\"elementor-element elementor-element-d53e7d4 e-flex e-con-boxed e-con e-parent\" data-id=\"d53e7d4\" data-element_type=\"container\" data-e-type=\"container\">\n\t\t\t\t\t<div class=\"e-con-inner\">\n\t\t\t\t<div class=\"elementor-element elementor-element-f919904 elementor-widget elementor-widget-image\" data-id=\"f919904\" data-element_type=\"widget\" data-e-type=\"widget\" data-widget_type=\"image.default\">\n\t\t\t\t<div class=\"elementor-widget-container\">\n\t\t\t\t\t\t\t\t\t\t\t\t\t\t\t<img decoding=\"async\" src=\"https:\/\/www.metalgardenpot.com\/wp-content\/uploads\/elementor\/thumbs\/modern-outdoor-corten-steel-planters-2-r8xh3gj7bytzg4z6eextvbjw9bhgah08tdq73v9e6g.jpg\" title=\"jardini\u00e8res modernes en acier corten pour l&#039;ext\u00e9rieur 2\" alt=\"corten steel planters round\" loading=\"lazy\" \/>\t\t\t\t\t\t\t\t\t\t\t\t\t\t\t<\/div>\n\t\t\t\t<\/div>\n\t\t\t\t<div class=\"elementor-element elementor-element-21839de elementor-widget elementor-widget-image\" data-id=\"21839de\" data-element_type=\"widget\" data-e-type=\"widget\" data-widget_type=\"image.default\">\n\t\t\t\t<div class=\"elementor-widget-container\">\n\t\t\t\t\t\t\t\t\t\t\t\t\t\t\t<img decoding=\"async\" width=\"564\" height=\"564\" src=\"https:\/\/www.metalgardenpot.com\/wp-content\/uploads\/2026\/01\/corten-steel-metal-planter.jpg\" class=\"attachment-full size-full wp-image-1384\" alt=\"corten steel planter\" srcset=\"https:\/\/www.metalgardenpot.com\/wp-content\/uploads\/2026\/01\/corten-steel-metal-planter.jpg 564w, https:\/\/www.metalgardenpot.com\/wp-content\/uploads\/2026\/01\/corten-steel-metal-planter-300x300.jpg 300w, https:\/\/www.metalgardenpot.com\/wp-content\/uploads\/2026\/01\/corten-steel-metal-planter-150x150.jpg 150w, https:\/\/www.metalgardenpot.com\/wp-content\/uploads\/2026\/01\/corten-steel-metal-planter-12x12.jpg 12w, https:\/\/www.metalgardenpot.com\/wp-content\/uploads\/2026\/01\/corten-steel-metal-planter-100x100.jpg 100w, https:\/\/www.metalgardenpot.com\/wp-content\/uploads\/2026\/01\/elementor\/thumbs\/corten-steel-metal-planter-150x150.jpg 700w\" sizes=\"(max-width: 564px) 100vw, 564px\" \/>\t\t\t\t\t\t\t\t\t\t\t\t\t\t\t<\/div>\n\t\t\t\t<\/div>\n\t\t\t\t\t<\/div>\n\t\t\t\t<\/div>\n\t\t<div class=\"elementor-element elementor-element-98d1015 e-flex e-con-boxed e-con e-parent\" data-id=\"98d1015\" data-element_type=\"container\" data-e-type=\"container\">\n\t\t\t\t\t<div class=\"e-con-inner\">\n\t\t\t\t<div class=\"elementor-element elementor-element-42ad7e1 elementor-widget elementor-widget-heading\" data-id=\"42ad7e1\" data-element_type=\"widget\" data-e-type=\"widget\" data-widget_type=\"heading.default\">\n\t\t\t\t<div class=\"elementor-widget-container\">\n\t\t\t\t\t<h3 class=\"elementor-heading-title elementor-size-default\">Comment emp\u00eacher les pots de fleurs de tacher le sol\uff1f\n<\/h3>\t\t\t\t<\/div>\n\t\t\t\t<\/div>\n\t\t\t\t<div class=\"elementor-element elementor-element-9ee871f elementor-widget elementor-widget-text-editor\" data-id=\"9ee871f\" data-element_type=\"widget\" data-e-type=\"widget\" data-widget_type=\"text-editor.default\">\n\t\t\t\t<div class=\"elementor-widget-container\">\n\t\t\t\t\t\t\t\t\t<ol><li>Isolement physique : Placez les jardini\u00e8res sur des mat\u00e9riaux r\u00e9sistants aux taches, tels que du gravier fonc\u00e9, une bande de gravier ou des plateaux.<\/li><li>Pieds sur\u00e9lev\u00e9s\/base : Assurez-vous que les pots ont des pieds sur\u00e9lev\u00e9s \u00e0 la base, ce qui permet \u00e0 l'eau de rouille de s'\u00e9couler sous le pot plut\u00f4t que de s'accumuler \u00e0 l'endroit o\u00f9 le bord du pot rencontre le sol.<\/li><li>Pr\u00e9patin\u00e9 : Les pots de fleurs qui ont subi un traitement de pr\u00e9-m\u00e9t\u00e9orisation peuvent r\u00e9duire de mani\u00e8re significative le ruissellement initial de l'eau rouill\u00e9e.<\/li><\/ol>\t\t\t\t\t\t\t\t<\/div>\n\t\t\t\t<\/div>\n\t\t\t\t\t<\/div>\n\t\t\t\t<\/div>\n\t\t\t\t<\/div>","protected":false},"excerpt":{"rendered":"<p>Les bacs \u00e0 plantes ronds en acier Corten conviennent \u00e0 la culture de diverses fleurs et plantes. Ils sont id\u00e9aux pour un usage r\u00e9sidentiel et commercial et sont disponibles dans une gamme de tailles pour r\u00e9pondre \u00e0 vos besoins.<\/p>\n<p>Forme : Ronde, ronde effil\u00e9e, elliptique<\/p>\n<p>Drainage : En option<\/p>\n<p>\u00c9paisseur : 1,5 - 3 mm<\/p>\n<p>Hauteur : 40 -100 cm<\/p>\n<p>La taille peut \u00eatre personnalis\u00e9e<\/p>","protected":false},"featured_media":1380,"comment_status":"closed","ping_status":"closed","template":"","meta":[],"product_brand":[],"product_cat":[21],"product_tag":[],"class_list":{"0":"post-1383","1":"product","2":"type-product","3":"status-publish","4":"has-post-thumbnail","6":"product_cat-corten-steel-planters","8":"first","9":"instock","10":"shipping-taxable","11":"product-type-simple"},"_links":{"self":[{"href":"https:\/\/www.metalgardenpot.com\/fr\/wp-json\/wp\/v2\/product\/1383","targetHints":{"allow":["GET"]}}],"collection":[{"href":"https:\/\/www.metalgardenpot.com\/fr\/wp-json\/wp\/v2\/product"}],"about":[{"href":"https:\/\/www.metalgardenpot.com\/fr\/wp-json\/wp\/v2\/types\/product"}],"replies":[{"embeddable":true,"href":"https:\/\/www.metalgardenpot.com\/fr\/wp-json\/wp\/v2\/comments?post=1383"}],"version-history":[{"count":1,"href":"https:\/\/www.metalgardenpot.com\/fr\/wp-json\/wp\/v2\/product\/1383\/revisions"}],"predecessor-version":[{"id":1385,"href":"https:\/\/www.metalgardenpot.com\/fr\/wp-json\/wp\/v2\/product\/1383\/revisions\/1385"}],"wp:featuredmedia":[{"embeddable":true,"href":"https:\/\/www.metalgardenpot.com\/fr\/wp-json\/wp\/v2\/media\/1380"}],"wp:attachment":[{"href":"https:\/\/www.metalgardenpot.com\/fr\/wp-json\/wp\/v2\/media?parent=1383"}],"wp:term":[{"taxonomy":"product_brand","embeddable":true,"href":"https:\/\/www.metalgardenpot.com\/fr\/wp-json\/wp\/v2\/product_brand?post=1383"},{"taxonomy":"product_cat","embeddable":true,"href":"https:\/\/www.metalgardenpot.com\/fr\/wp-json\/wp\/v2\/product_cat?post=1383"},{"taxonomy":"product_tag","embeddable":true,"href":"https:\/\/www.metalgardenpot.com\/fr\/wp-json\/wp\/v2\/product_tag?post=1383"}],"curies":[{"name":"wp","href":"https:\/\/api.w.org\/{rel}","templated":true}]}}