{"id":1389,"date":"2026-01-30T17:05:29","date_gmt":"2026-01-30T09:05:29","guid":{"rendered":"https:\/\/www.metalgardenpot.com\/?post_type=product&#038;p=1389"},"modified":"2026-01-30T17:07:20","modified_gmt":"2026-01-30T09:07:20","slug":"corten-steel-square-planter","status":"publish","type":"product","link":"https:\/\/www.metalgardenpot.com\/fr\/corten-steel-square-planter\/","title":{"rendered":"Jardini\u00e8re carr\u00e9e en acier Corten"},"content":{"rendered":"<div data-elementor-type=\"product-post\" data-elementor-id=\"1389\" class=\"elementor elementor-1389\" data-elementor-post-type=\"product\">\n\t\t\t\t<div class=\"elementor-element elementor-element-4bc7f6a e-flex e-con-boxed e-con e-parent\" data-id=\"4bc7f6a\" data-element_type=\"container\" data-e-type=\"container\">\n\t\t\t\t\t<div class=\"e-con-inner\">\n\t\t\t\t<div class=\"elementor-element elementor-element-22e20f9 elementor-widget elementor-widget-heading\" data-id=\"22e20f9\" data-element_type=\"widget\" data-e-type=\"widget\" data-widget_type=\"heading.default\">\n\t\t\t\t<div class=\"elementor-widget-container\">\n\t\t\t\t\t<h2 class=\"elementor-heading-title elementor-size-default\">Pourquoi choisir les jardini\u00e8res carr\u00e9es en acier Corten \n<\/h2>\t\t\t\t<\/div>\n\t\t\t\t<\/div>\n\t\t\t\t<div class=\"elementor-element elementor-element-ea257a6 elementor-widget elementor-widget-text-editor\" data-id=\"ea257a6\" data-element_type=\"widget\" data-e-type=\"widget\" data-widget_type=\"text-editor.default\">\n\t\t\t\t<div class=\"elementor-widget-container\">\n\t\t\t\t\t\t\t\t\t<p>Les jardini\u00e8res carr\u00e9es en acier Corten \u00e0 patine rouille uniforme conviennent \u00e0 la culture de diverses fleurs et plantes. Lorsqu'elle est expos\u00e9e aux conditions atmosph\u00e9riques naturelles, la surface de l'acier r\u00e9agit \u00e0 l'air, \u00e0 l'eau de pluie et \u00e0 d'autres \u00e9l\u00e9ments pour former automatiquement une couche protectrice rouge rouille dense, stable et bien adh\u00e9rente, appel\u00e9e \u201cpatine\u201d. Il ne s'agit pas d'une corrosion par la rouille classique, mais plut\u00f4t d'un m\u00e9canisme d'oxydation contr\u00f4l\u00e9 et autoprotecteur.<\/p><p>Cette couche protectrice emp\u00eache efficacement l'humidit\u00e9 et l'oxyg\u00e8ne de p\u00e9n\u00e9trer davantage dans le substrat d'acier, ce qui ralentit consid\u00e9rablement la vitesse de corrosion. En cons\u00e9quence, l'acier atteint une dur\u00e9e de vie plusieurs fois sup\u00e9rieure \u00e0 celle de l'acier ordinaire sans n\u00e9cessiter de peinture ou de rev\u00eatement suppl\u00e9mentaire.<\/p>\t\t\t\t\t\t\t\t<\/div>\n\t\t\t\t<\/div>\n\t\t\t\t\t<\/div>\n\t\t\t\t<\/div>\n\t\t<div class=\"elementor-element elementor-element-d0f3dfc e-flex e-con-boxed e-con e-parent\" data-id=\"d0f3dfc\" data-element_type=\"container\" data-e-type=\"container\">\n\t\t\t\t\t<div class=\"e-con-inner\">\n\t\t\t\t<div class=\"elementor-element elementor-element-a792a1b elementor-widget elementor-widget-heading\" data-id=\"a792a1b\" data-element_type=\"widget\" data-e-type=\"widget\" data-widget_type=\"heading.default\">\n\t\t\t\t<div class=\"elementor-widget-container\">\n\t\t\t\t\t<h3 class=\"elementor-heading-title elementor-size-default\">Jardini\u00e8re carr\u00e9e en acier corten : pour l'int\u00e9rieur ou l'ext\u00e9rieur<\/h3>\t\t\t\t<\/div>\n\t\t\t\t<\/div>\n\t\t\t\t<div class=\"elementor-element elementor-element-364caaa elementor-widget elementor-widget-text-editor\" data-id=\"364caaa\" data-element_type=\"widget\" data-e-type=\"widget\" data-widget_type=\"text-editor.default\">\n\t\t\t\t<div class=\"elementor-widget-container\">\n\t\t\t\t\t\t\t\t\t<p>Les lignes g\u00e9om\u00e9triques des jardini\u00e8res carr\u00e9es s'alignent plus facilement sur les fa\u00e7ades des b\u00e2timents, les am\u00e9nagements paysagers et les syst\u00e8mes d'assise, facilitant les arrangements modulaires et les installations techniques, ce qui rend les jardini\u00e8res carr\u00e9es extr\u00eamement courantes dans les places commerciales, les campus de bureaux et les paysages de rue.<\/p><p>Taille standard : 40*40*40cm ; 60*60*60cm ; 80*80*80cm ;<\/p><p>\u00c9paisseur : 2-3mm<\/p><p>Personnalis\u00e9 dans de nombreuses tailles<\/p><p>Traitement de surface : Pr\u00e9-rouill\u00e9<\/p><p>Disponible avec ou sans trous de drainage<\/p>\t\t\t\t\t\t\t\t<\/div>\n\t\t\t\t<\/div>\n\t\t\t\t\t<\/div>\n\t\t\t\t<\/div>\n\t\t<div class=\"elementor-element elementor-element-a06277c e-flex e-con-boxed e-con e-parent\" data-id=\"a06277c\" data-element_type=\"container\" data-e-type=\"container\">\n\t\t\t\t\t<div class=\"e-con-inner\">\n\t\t\t\t<div class=\"elementor-element elementor-element-d22352c elementor-widget elementor-widget-image\" data-id=\"d22352c\" data-element_type=\"widget\" data-e-type=\"widget\" data-widget_type=\"image.default\">\n\t\t\t\t<div class=\"elementor-widget-container\">\n\t\t\t\t\t\t\t\t\t\t\t\t\t\t\t<img fetchpriority=\"high\" decoding=\"async\" width=\"800\" height=\"457\" src=\"https:\/\/www.metalgardenpot.com\/wp-content\/uploads\/2026\/01\/large-square-corten-steel-planter.jpg\" class=\"attachment-large size-large wp-image-1391\" alt=\"large square corten steel planter\" srcset=\"https:\/\/www.metalgardenpot.com\/wp-content\/uploads\/2026\/01\/large-square-corten-steel-planter.jpg 900w, https:\/\/www.metalgardenpot.com\/wp-content\/uploads\/2026\/01\/large-square-corten-steel-planter-300x171.jpg 300w, https:\/\/www.metalgardenpot.com\/wp-content\/uploads\/2026\/01\/large-square-corten-steel-planter-768x439.jpg 768w, https:\/\/www.metalgardenpot.com\/wp-content\/uploads\/2026\/01\/large-square-corten-steel-planter-18x10.jpg 18w, https:\/\/www.metalgardenpot.com\/wp-content\/uploads\/2026\/01\/large-square-corten-steel-planter-700x400.jpg 700w\" sizes=\"(max-width: 800px) 100vw, 800px\" \/>\t\t\t\t\t\t\t\t\t\t\t\t\t\t\t<\/div>\n\t\t\t\t<\/div>\n\t\t\t\t<div class=\"elementor-element elementor-element-5cbcce5 elementor-widget elementor-widget-image\" data-id=\"5cbcce5\" data-element_type=\"widget\" data-e-type=\"widget\" data-widget_type=\"image.default\">\n\t\t\t\t<div class=\"elementor-widget-container\">\n\t\t\t\t\t\t\t\t\t\t\t\t\t\t\t<img decoding=\"async\" width=\"800\" height=\"457\" src=\"https:\/\/www.metalgardenpot.com\/wp-content\/uploads\/2026\/01\/corten-planters.jpg\" class=\"attachment-large size-large wp-image-1387\" alt=\"corten planters\" srcset=\"https:\/\/www.metalgardenpot.com\/wp-content\/uploads\/2026\/01\/corten-planters.jpg 900w, https:\/\/www.metalgardenpot.com\/wp-content\/uploads\/2026\/01\/corten-planters-300x171.jpg 300w, https:\/\/www.metalgardenpot.com\/wp-content\/uploads\/2026\/01\/corten-planters-768x439.jpg 768w, https:\/\/www.metalgardenpot.com\/wp-content\/uploads\/2026\/01\/corten-planters-18x10.jpg 18w, https:\/\/www.metalgardenpot.com\/wp-content\/uploads\/2026\/01\/corten-planters-700x400.jpg 700w\" sizes=\"(max-width: 800px) 100vw, 800px\" \/>\t\t\t\t\t\t\t\t\t\t\t\t\t\t\t<\/div>\n\t\t\t\t<\/div>\n\t\t\t\t\t<\/div>\n\t\t\t\t<\/div>\n\t\t<div class=\"elementor-element elementor-element-73b6fcd e-flex e-con-boxed e-con e-parent\" data-id=\"73b6fcd\" data-element_type=\"container\" data-e-type=\"container\">\n\t\t\t\t\t<div class=\"e-con-inner\">\n\t\t\t\t<div class=\"elementor-element elementor-element-81abb60 elementor-widget elementor-widget-text-editor\" data-id=\"81abb60\" data-element_type=\"widget\" data-e-type=\"widget\" data-widget_type=\"text-editor.default\">\n\t\t\t\t<div class=\"elementor-widget-container\">\n\t\t\t\t\t\t\t\t\t<p>La couleur de l'acier est gris\u00e2tre \u00e0 l'arriv\u00e9e et prend une belle patine rouille au bout de 12 mois ; la rouille peut \u00e9galement \u00eatre pr\u00e9par\u00e9e avant l'exp\u00e9dition.<\/p>\t\t\t\t\t\t\t\t<\/div>\n\t\t\t\t<\/div>\n\t\t\t\t<div class=\"elementor-element elementor-element-5cbc448 elementor-widget elementor-widget-image\" data-id=\"5cbc448\" data-element_type=\"widget\" data-e-type=\"widget\" data-widget_type=\"image.default\">\n\t\t\t\t<div class=\"elementor-widget-container\">\n\t\t\t\t\t\t\t\t\t\t\t\t\t\t\t<img decoding=\"async\" width=\"768\" height=\"310\" src=\"https:\/\/www.metalgardenpot.com\/wp-content\/uploads\/2026\/01\/Corten-Steel-Square-Planter.webp\" class=\"attachment-large size-large wp-image-1390\" alt=\"Corten Steel Square Planter\" srcset=\"https:\/\/www.metalgardenpot.com\/wp-content\/uploads\/2026\/01\/Corten-Steel-Square-Planter.webp 768w, https:\/\/www.metalgardenpot.com\/wp-content\/uploads\/2026\/01\/Corten-Steel-Square-Planter-300x121.webp 300w, https:\/\/www.metalgardenpot.com\/wp-content\/uploads\/2026\/01\/Corten-Steel-Square-Planter-18x7.webp 18w, https:\/\/www.metalgardenpot.com\/wp-content\/uploads\/2026\/01\/Corten-Steel-Square-Planter-700x283.webp 700w\" sizes=\"(max-width: 768px) 100vw, 768px\" \/>\t\t\t\t\t\t\t\t\t\t\t\t\t\t\t<\/div>\n\t\t\t\t<\/div>\n\t\t\t\t\t<\/div>\n\t\t\t\t<\/div>\n\t\t<div class=\"elementor-element elementor-element-fd0c04d e-flex e-con-boxed e-con e-parent\" data-id=\"fd0c04d\" data-element_type=\"container\" data-e-type=\"container\">\n\t\t\t\t\t<div class=\"e-con-inner\">\n\t\t\t\t<div class=\"elementor-element elementor-element-c9022cb elementor-widget elementor-widget-image\" data-id=\"c9022cb\" data-element_type=\"widget\" data-e-type=\"widget\" data-widget_type=\"image.default\">\n\t\t\t\t<div class=\"elementor-widget-container\">\n\t\t\t\t\t\t\t\t\t\t\t\t<figure class=\"wp-caption\">\n\t\t\t\t\t\t\t\t\t\t<img loading=\"lazy\" decoding=\"async\" width=\"220\" height=\"220\" src=\"https:\/\/www.metalgardenpot.com\/wp-content\/uploads\/2025\/09\/planter.jpg\" class=\"attachment-large size-large wp-image-1199\" alt=\"Corten Steel Flower Pot\" srcset=\"https:\/\/www.metalgardenpot.com\/wp-content\/uploads\/2025\/09\/planter.jpg 220w, https:\/\/www.metalgardenpot.com\/wp-content\/uploads\/2025\/09\/planter-150x150.jpg 150w, https:\/\/www.metalgardenpot.com\/wp-content\/uploads\/2025\/09\/planter-12x12.jpg 12w, https:\/\/www.metalgardenpot.com\/wp-content\/uploads\/2025\/09\/planter-100x100.jpg 100w\" sizes=\"(max-width: 220px) 100vw, 220px\" \/>\t\t\t\t\t\t\t\t\t\t\t<figcaption class=\"widget-image-caption wp-caption-text\">\u00c0 la livraison<\/figcaption>\n\t\t\t\t\t\t\t\t\t\t<\/figure>\n\t\t\t\t\t\t\t\t\t<\/div>\n\t\t\t\t<\/div>\n\t\t\t\t<div class=\"elementor-element elementor-element-7f9881b elementor-widget elementor-widget-image\" data-id=\"7f9881b\" data-element_type=\"widget\" data-e-type=\"widget\" data-widget_type=\"image.default\">\n\t\t\t\t<div class=\"elementor-widget-container\">\n\t\t\t\t\t\t\t\t\t\t\t\t<figure class=\"wp-caption\">\n\t\t\t\t\t\t\t\t\t\t<img loading=\"lazy\" decoding=\"async\" width=\"220\" height=\"220\" src=\"https:\/\/www.metalgardenpot.com\/wp-content\/uploads\/2025\/09\/Rectangular-Planter.jpg\" class=\"attachment-large size-large wp-image-1200\" alt=\"corten flower pot\" srcset=\"https:\/\/www.metalgardenpot.com\/wp-content\/uploads\/2025\/09\/Rectangular-Planter.jpg 220w, https:\/\/www.metalgardenpot.com\/wp-content\/uploads\/2025\/09\/Rectangular-Planter-150x150.jpg 150w, https:\/\/www.metalgardenpot.com\/wp-content\/uploads\/2025\/09\/Rectangular-Planter-12x12.jpg 12w, https:\/\/www.metalgardenpot.com\/wp-content\/uploads\/2025\/09\/Rectangular-Planter-100x100.jpg 100w\" sizes=\"(max-width: 220px) 100vw, 220px\" \/>\t\t\t\t\t\t\t\t\t\t\t<figcaption class=\"widget-image-caption wp-caption-text\">1 mois<\/figcaption>\n\t\t\t\t\t\t\t\t\t\t<\/figure>\n\t\t\t\t\t\t\t\t\t<\/div>\n\t\t\t\t<\/div>\n\t\t\t\t<div class=\"elementor-element elementor-element-12b251b elementor-widget elementor-widget-image\" data-id=\"12b251b\" data-element_type=\"widget\" data-e-type=\"widget\" data-widget_type=\"image.default\">\n\t\t\t\t<div class=\"elementor-widget-container\">\n\t\t\t\t\t\t\t\t\t\t\t\t<figure class=\"wp-caption\">\n\t\t\t\t\t\t\t\t\t\t<img loading=\"lazy\" decoding=\"async\" width=\"220\" height=\"220\" src=\"https:\/\/www.metalgardenpot.com\/wp-content\/uploads\/2025\/09\/corten-planter-pot.jpg\" class=\"attachment-large size-large wp-image-1201\" alt=\"corten planter pot\" srcset=\"https:\/\/www.metalgardenpot.com\/wp-content\/uploads\/2025\/09\/corten-planter-pot.jpg 220w, https:\/\/www.metalgardenpot.com\/wp-content\/uploads\/2025\/09\/corten-planter-pot-150x150.jpg 150w, https:\/\/www.metalgardenpot.com\/wp-content\/uploads\/2025\/09\/corten-planter-pot-12x12.jpg 12w, https:\/\/www.metalgardenpot.com\/wp-content\/uploads\/2025\/09\/corten-planter-pot-100x100.jpg 100w\" sizes=\"(max-width: 220px) 100vw, 220px\" \/>\t\t\t\t\t\t\t\t\t\t\t<figcaption class=\"widget-image-caption wp-caption-text\">3-6 mois<\/figcaption>\n\t\t\t\t\t\t\t\t\t\t<\/figure>\n\t\t\t\t\t\t\t\t\t<\/div>\n\t\t\t\t<\/div>\n\t\t\t\t<div class=\"elementor-element elementor-element-298265b elementor-widget elementor-widget-image\" data-id=\"298265b\" data-element_type=\"widget\" data-e-type=\"widget\" data-widget_type=\"image.default\">\n\t\t\t\t<div class=\"elementor-widget-container\">\n\t\t\t\t\t\t\t\t\t\t\t\t<figure class=\"wp-caption\">\n\t\t\t\t\t\t\t\t\t\t<img loading=\"lazy\" decoding=\"async\" width=\"220\" height=\"220\" src=\"https:\/\/www.metalgardenpot.com\/wp-content\/uploads\/2025\/09\/planter-pot.jpg\" class=\"attachment-large size-large wp-image-1202\" alt=\"planter pot\" srcset=\"https:\/\/www.metalgardenpot.com\/wp-content\/uploads\/2025\/09\/planter-pot.jpg 220w, https:\/\/www.metalgardenpot.com\/wp-content\/uploads\/2025\/09\/planter-pot-150x150.jpg 150w, https:\/\/www.metalgardenpot.com\/wp-content\/uploads\/2025\/09\/planter-pot-12x12.jpg 12w, https:\/\/www.metalgardenpot.com\/wp-content\/uploads\/2025\/09\/planter-pot-100x100.jpg 100w\" sizes=\"(max-width: 220px) 100vw, 220px\" \/>\t\t\t\t\t\t\t\t\t\t\t<figcaption class=\"widget-image-caption wp-caption-text\">6-12 mois<\/figcaption>\n\t\t\t\t\t\t\t\t\t\t<\/figure>\n\t\t\t\t\t\t\t\t\t<\/div>\n\t\t\t\t<\/div>\n\t\t\t\t\t<\/div>\n\t\t\t\t<\/div>\n\t\t<div class=\"elementor-element elementor-element-5b5c474 e-flex e-con-boxed e-con e-parent\" data-id=\"5b5c474\" data-element_type=\"container\" data-e-type=\"container\">\n\t\t\t\t\t<div class=\"e-con-inner\">\n\t\t\t\t<div class=\"elementor-element elementor-element-e6c04aa elementor-widget elementor-widget-heading\" data-id=\"e6c04aa\" data-element_type=\"widget\" data-e-type=\"widget\" data-widget_type=\"heading.default\">\n\t\t\t\t<div class=\"elementor-widget-container\">\n\t\t\t\t\t<h4 class=\"elementor-heading-title elementor-size-default\">Avantages des jardini\u00e8res en corten<\/h4>\t\t\t\t<\/div>\n\t\t\t\t<\/div>\n\t\t\t\t<div class=\"elementor-element elementor-element-11646a6 elementor-widget elementor-widget-text-editor\" data-id=\"11646a6\" data-element_type=\"widget\" data-e-type=\"widget\" data-widget_type=\"text-editor.default\">\n\t\t\t\t<div class=\"elementor-widget-container\">\n\t\t\t\t\t\t\t\t\t<p><strong>R\u00e9sistance aux intemp\u00e9ries et longue dur\u00e9e de vie<\/strong><\/p><ul><li><strong>Autopassivation :<\/strong> Le film d'oxyde de surface reste stable pendant les cycles prolong\u00e9s de s\u00e9chage et d'humidification, ce qui minimise la corrosion du m\u00e9tal de base.<\/li><li><strong>Adaptabilit\u00e9 \u00e0 divers climats :<\/strong> Il conserve son int\u00e9grit\u00e9 structurelle dans les environnements urbains, c\u00f4tiers ou froids. Sa dur\u00e9e de vie d\u00e9passe largement celle de l'acier au carbone ordinaire dans la plupart des environnements ext\u00e9rieurs, souvent pendant des d\u00e9cennies.<\/li><\/ul>\t\t\t\t\t\t\t\t<\/div>\n\t\t\t\t<\/div>\n\t\t\t\t<div class=\"elementor-element elementor-element-17d4f5c elementor-widget elementor-widget-text-editor\" data-id=\"17d4f5c\" data-element_type=\"widget\" data-e-type=\"widget\" data-widget_type=\"text-editor.default\">\n\t\t\t\t<div class=\"elementor-widget-container\">\n\t\t\t\t\t\t\t\t\t<p><strong>Haute r\u00e9sistance et durabilit\u00e9<\/strong><\/p><p>L'excellente r\u00e9sistance et la durabilit\u00e9 permettent aux jardini\u00e8res carr\u00e9es de supporter la pression de grands volumes de terre et de r\u00e9sister \u00e0 des conditions ext\u00e9rieures difficiles telles que le gel, les vents violents et la corrosion par le sel. <\/p>\t\t\t\t\t\t\t\t<\/div>\n\t\t\t\t<\/div>\n\t\t\t\t<div class=\"elementor-element elementor-element-408970f elementor-widget elementor-widget-text-editor\" data-id=\"408970f\" data-element_type=\"widget\" data-e-type=\"widget\" data-widget_type=\"text-editor.default\">\n\t\t\t\t<div class=\"elementor-widget-container\">\n\t\t\t\t\t\t\t\t\t<p><strong>Peu d'entretien<\/strong><\/p><p>La couche protectrice sur les surfaces en acier corten se forme naturellement, ne n\u00e9cessitant aucune protection par un rev\u00eatement ext\u00e9rieur.La couche protectrice sur les surfaces en acier m\u00e9t\u00e9orique se forme naturellement, ne n\u00e9cessitant aucune protection par un rev\u00eatement ext\u00e9rieur. Cela signifie que pratiquement aucun entretien n'est n\u00e9cessaire pendant tout son cycle de vie, ce qui \u00e9limine les t\u00e2ches d'entretien complexes et les co\u00fbts de mat\u00e9riel et de main-d'\u0153uvre qui y sont associ\u00e9s.<\/p>\t\t\t\t\t\t\t\t<\/div>\n\t\t\t\t<\/div>\n\t\t\t\t\t<\/div>\n\t\t\t\t<\/div>\n\t\t<div class=\"elementor-element elementor-element-4eb56b1 e-flex e-con-boxed e-con e-parent\" data-id=\"4eb56b1\" data-element_type=\"container\" data-e-type=\"container\">\n\t\t\t\t\t<div class=\"e-con-inner\">\n\t\t\t\t<div class=\"elementor-element elementor-element-d9a044a elementor-widget elementor-widget-heading\" data-id=\"d9a044a\" data-element_type=\"widget\" data-e-type=\"widget\" data-widget_type=\"heading.default\">\n\t\t\t\t<div class=\"elementor-widget-container\">\n\t\t\t\t\t<h3 class=\"elementor-heading-title elementor-size-default\">FAQ<\/h3>\t\t\t\t<\/div>\n\t\t\t\t<\/div>\n\t\t\t\t<div class=\"elementor-element elementor-element-0cb118d elementor-widget elementor-widget-n-accordion\" data-id=\"0cb118d\" data-element_type=\"widget\" data-e-type=\"widget\" data-settings=\"{&quot;default_state&quot;:&quot;expanded&quot;,&quot;max_items_expended&quot;:&quot;one&quot;,&quot;n_accordion_animation_duration&quot;:{&quot;unit&quot;:&quot;ms&quot;,&quot;size&quot;:400,&quot;sizes&quot;:[]}}\" data-widget_type=\"nested-accordion.default\">\n\t\t\t\t<div class=\"elementor-widget-container\">\n\t\t\t\t\t\t\t<div class=\"e-n-accordion\" aria-label=\"Accord\u00e9on. Ouvrez les liens avec Entr\u00e9e ou Espace, fermez-les avec \u00c9chap et naviguez avec les touches fl\u00e9ch\u00e9es.\">\n\t\t\t\t\t\t<details id=\"e-n-accordion-item-1330\" class=\"e-n-accordion-item\" open>\n\t\t\t\t<summary class=\"e-n-accordion-item-title\" data-accordion-index=\"1\" tabindex=\"0\" aria-expanded=\"true\" aria-controls=\"e-n-accordion-item-1330\" >\n\t\t\t\t\t<span class='e-n-accordion-item-title-header'><p class=\"e-n-accordion-item-title-text\"> Quelles sont les pr\u00e9cautions \u00e0 prendre lors de l'utilisation de jardini\u00e8res en acier corten ? <\/p><\/span>\n\t\t\t\t\t\t\t<span class='e-n-accordion-item-title-icon'>\n\t\t\t<span class='e-opened' ><svg aria-hidden=\"true\" class=\"e-font-icon-svg e-fas-minus\" viewbox=\"0 0 448 512\" xmlns=\"http:\/\/www.w3.org\/2000\/svg\"><path d=\"M416 208H32c-17.67 0-32 14.33-32 32v32c0 17.67 14.33 32 32 32h384c17.67 0 32-14.33 32-32v-32c0-17.67-14.33-32-32-32z\"><\/path><\/svg><\/span>\n\t\t\t<span class='e-closed'><svg aria-hidden=\"true\" class=\"e-font-icon-svg e-fas-plus\" viewbox=\"0 0 448 512\" xmlns=\"http:\/\/www.w3.org\/2000\/svg\"><path d=\"M416 208H272V64c0-17.67-14.33-32-32-32h-32c-17.67 0-32 14.33-32 32v144H32c-17.67 0-32 14.33-32 32v32c0 17.67 14.33 32 32 32h144v144c0 17.67 14.33 32 32 32h32c17.67 0 32-14.33 32-32V304h144c17.67 0 32-14.33 32-32v-32c0-17.67-14.33-32-32-32z\"><\/path><\/svg><\/span>\n\t\t<\/span>\n\n\t\t\t\t\t\t<\/summary>\n\t\t\t\t<div role=\"region\" aria-labelledby=\"e-n-accordion-item-1330\" class=\"elementor-element elementor-element-fea0d66 e-con-full e-flex e-con e-child\" data-id=\"fea0d66\" data-element_type=\"container\" data-e-type=\"container\">\n\t\t\t\t<div class=\"elementor-element elementor-element-2436e1f elementor-widget elementor-widget-text-editor\" data-id=\"2436e1f\" data-element_type=\"widget\" data-e-type=\"widget\" data-widget_type=\"text-editor.default\">\n\t\t\t\t<div class=\"elementor-widget-container\">\n\t\t\t\t\t\t\t\t\t<p>Avant que la patine ne se d\u00e9veloppe compl\u00e8tement, l'acier soumis aux intemp\u00e9ries peut laisser \u00e9chapper des coulures de rouille qui risquent de tacher les surfaces. Nous avons recommand\u00e9 de placer les jardini\u00e8res dans des zones o\u00f9 les taches ne posent pas de probl\u00e8me ou d'utiliser un bac de r\u00e9cup\u00e9ration.<\/p>\t\t\t\t\t\t\t\t<\/div>\n\t\t\t\t<\/div>\n\t\t\t\t<\/div>\n\t\t\t\t\t<\/details>\n\t\t\t\t\t\t<details id=\"e-n-accordion-item-1331\" class=\"e-n-accordion-item\" >\n\t\t\t\t<summary class=\"e-n-accordion-item-title\" data-accordion-index=\"2\" tabindex=\"-1\" aria-expanded=\"false\" aria-controls=\"e-n-accordion-item-1331\" >\n\t\t\t\t\t<span class='e-n-accordion-item-title-header'><p class=\"e-n-accordion-item-title-text\"> Puis-je utiliser des jardini\u00e8res en acier corten carr\u00e9 \u00e0 l'int\u00e9rieur ? <\/p><\/span>\n\t\t\t\t\t\t\t<span class='e-n-accordion-item-title-icon'>\n\t\t\t<span class='e-opened' ><svg aria-hidden=\"true\" class=\"e-font-icon-svg e-fas-minus\" viewbox=\"0 0 448 512\" xmlns=\"http:\/\/www.w3.org\/2000\/svg\"><path d=\"M416 208H32c-17.67 0-32 14.33-32 32v32c0 17.67 14.33 32 32 32h384c17.67 0 32-14.33 32-32v-32c0-17.67-14.33-32-32-32z\"><\/path><\/svg><\/span>\n\t\t\t<span class='e-closed'><svg aria-hidden=\"true\" class=\"e-font-icon-svg e-fas-plus\" viewbox=\"0 0 448 512\" xmlns=\"http:\/\/www.w3.org\/2000\/svg\"><path d=\"M416 208H272V64c0-17.67-14.33-32-32-32h-32c-17.67 0-32 14.33-32 32v144H32c-17.67 0-32 14.33-32 32v32c0 17.67 14.33 32 32 32h144v144c0 17.67 14.33 32 32 32h32c17.67 0 32-14.33 32-32V304h144c17.67 0 32-14.33 32-32v-32c0-17.67-14.33-32-32-32z\"><\/path><\/svg><\/span>\n\t\t<\/span>\n\n\t\t\t\t\t\t<\/summary>\n\t\t\t\t<div role=\"region\" aria-labelledby=\"e-n-accordion-item-1331\" class=\"elementor-element elementor-element-0cad2fc e-con-full e-flex e-con e-child\" data-id=\"0cad2fc\" data-element_type=\"container\" data-e-type=\"container\">\n\t\t\t\t<div class=\"elementor-element elementor-element-b35b3d5 elementor-widget elementor-widget-text-editor\" data-id=\"b35b3d5\" data-element_type=\"widget\" data-e-type=\"widget\" data-widget_type=\"text-editor.default\">\n\t\t\t\t<div class=\"elementor-widget-container\">\n\t\t\t\t\t\t\t\t\t<p>En cas d'utilisation \u00e0 l'int\u00e9rieur, un bac de r\u00e9cup\u00e9ration doit \u00eatre plac\u00e9 sous la jardini\u00e8re afin d'\u00e9viter que le ruissellement de la rouille ne tache le sol.<\/p>\t\t\t\t\t\t\t\t<\/div>\n\t\t\t\t<\/div>\n\t\t\t\t<\/div>\n\t\t\t\t\t<\/details>\n\t\t\t\t\t\t<details id=\"e-n-accordion-item-1332\" class=\"e-n-accordion-item\" >\n\t\t\t\t<summary class=\"e-n-accordion-item-title\" data-accordion-index=\"3\" tabindex=\"-1\" aria-expanded=\"false\" aria-controls=\"e-n-accordion-item-1332\" >\n\t\t\t\t\t<span class='e-n-accordion-item-title-header'><p class=\"e-n-accordion-item-title-text\"> Les jardini\u00e8res en corten peuvent-elles provoquer un engorgement ? <\/p><\/span>\n\t\t\t\t\t\t\t<span class='e-n-accordion-item-title-icon'>\n\t\t\t<span class='e-opened' ><svg aria-hidden=\"true\" class=\"e-font-icon-svg e-fas-minus\" viewbox=\"0 0 448 512\" xmlns=\"http:\/\/www.w3.org\/2000\/svg\"><path d=\"M416 208H32c-17.67 0-32 14.33-32 32v32c0 17.67 14.33 32 32 32h384c17.67 0 32-14.33 32-32v-32c0-17.67-14.33-32-32-32z\"><\/path><\/svg><\/span>\n\t\t\t<span class='e-closed'><svg aria-hidden=\"true\" class=\"e-font-icon-svg e-fas-plus\" viewbox=\"0 0 448 512\" xmlns=\"http:\/\/www.w3.org\/2000\/svg\"><path d=\"M416 208H272V64c0-17.67-14.33-32-32-32h-32c-17.67 0-32 14.33-32 32v144H32c-17.67 0-32 14.33-32 32v32c0 17.67 14.33 32 32 32h144v144c0 17.67 14.33 32 32 32h32c17.67 0 32-14.33 32-32V304h144c17.67 0 32-14.33 32-32v-32c0-17.67-14.33-32-32-32z\"><\/path><\/svg><\/span>\n\t\t<\/span>\n\n\t\t\t\t\t\t<\/summary>\n\t\t\t\t<div role=\"region\" aria-labelledby=\"e-n-accordion-item-1332\" class=\"elementor-element elementor-element-4ec9348 e-con-full e-flex e-con e-child\" data-id=\"4ec9348\" data-element_type=\"container\" data-e-type=\"container\">\n\t\t\t\t<div class=\"elementor-element elementor-element-cb7d4c8 elementor-widget elementor-widget-text-editor\" data-id=\"cb7d4c8\" data-element_type=\"widget\" data-e-type=\"widget\" data-widget_type=\"text-editor.default\">\n\t\t\t\t<div class=\"elementor-widget-container\">\n\t\t\t\t\t\t\t\t\t<p>Lors de la fabrication des pots de fleurs, un ou plusieurs trous de drainage sont r\u00e9serv\u00e9s au fond afin d'\u00e9viter l'accumulation d'eau dans le sol, pr\u00e9judiciable aux plantes.<\/p>\t\t\t\t\t\t\t\t<\/div>\n\t\t\t\t<\/div>\n\t\t\t\t<\/div>\n\t\t\t\t\t<\/details>\n\t\t\t\t\t<\/div>\n\t\t\t\t\t\t<\/div>\n\t\t\t\t<\/div>\n\t\t\t\t\t<\/div>\n\t\t\t\t<\/div>\n\t\t\t\t<\/div>","protected":false},"excerpt":{"rendered":"<p>La jardini\u00e8re carr\u00e9e en acier corten \u00e0 la patine rouille uniforme convient \u00e0 la culture de diverses fleurs et plantes.<\/p>\n<p>Disponible avec ou sans trous de drainage<\/p>\n<p>Personnalis\u00e9 dans de nombreuses tailles<\/p>\n<p>Durabilit\u00e9, long\u00e9vit\u00e9 accrue et faibles besoins d'entretien.<\/p>","protected":false},"featured_media":1388,"comment_status":"closed","ping_status":"closed","template":"","meta":[],"product_brand":[34],"product_cat":[21],"product_tag":[],"class_list":{"0":"post-1389","1":"product","2":"type-product","3":"status-publish","4":"has-post-thumbnail","6":"product_brand-hnjbl","7":"product_cat-corten-steel-planters","9":"first","10":"instock","11":"shipping-taxable","12":"product-type-simple"},"_links":{"self":[{"href":"https:\/\/www.metalgardenpot.com\/fr\/wp-json\/wp\/v2\/product\/1389","targetHints":{"allow":["GET"]}}],"collection":[{"href":"https:\/\/www.metalgardenpot.com\/fr\/wp-json\/wp\/v2\/product"}],"about":[{"href":"https:\/\/www.metalgardenpot.com\/fr\/wp-json\/wp\/v2\/types\/product"}],"replies":[{"embeddable":true,"href":"https:\/\/www.metalgardenpot.com\/fr\/wp-json\/wp\/v2\/comments?post=1389"}],"version-history":[{"count":8,"href":"https:\/\/www.metalgardenpot.com\/fr\/wp-json\/wp\/v2\/product\/1389\/revisions"}],"predecessor-version":[{"id":1400,"href":"https:\/\/www.metalgardenpot.com\/fr\/wp-json\/wp\/v2\/product\/1389\/revisions\/1400"}],"wp:featuredmedia":[{"embeddable":true,"href":"https:\/\/www.metalgardenpot.com\/fr\/wp-json\/wp\/v2\/media\/1388"}],"wp:attachment":[{"href":"https:\/\/www.metalgardenpot.com\/fr\/wp-json\/wp\/v2\/media?parent=1389"}],"wp:term":[{"taxonomy":"product_brand","embeddable":true,"href":"https:\/\/www.metalgardenpot.com\/fr\/wp-json\/wp\/v2\/product_brand?post=1389"},{"taxonomy":"product_cat","embeddable":true,"href":"https:\/\/www.metalgardenpot.com\/fr\/wp-json\/wp\/v2\/product_cat?post=1389"},{"taxonomy":"product_tag","embeddable":true,"href":"https:\/\/www.metalgardenpot.com\/fr\/wp-json\/wp\/v2\/product_tag?post=1389"}],"curies":[{"name":"wp","href":"https:\/\/api.w.org\/{rel}","templated":true}]}}