{"id":1454,"date":"2026-04-07T17:14:12","date_gmt":"2026-04-07T09:14:12","guid":{"rendered":"https:\/\/www.metalgardenpot.com\/?post_type=product&#038;p=1454"},"modified":"2026-04-07T17:14:13","modified_gmt":"2026-04-07T09:14:13","slug":"corten-steel-flower-pot","status":"publish","type":"product","link":"https:\/\/www.metalgardenpot.com\/fr\/corten-steel-flower-pot\/","title":{"rendered":"Pot de fleurs en acier Corten"},"content":{"rendered":"<div data-elementor-type=\"product-post\" data-elementor-id=\"1454\" class=\"elementor elementor-1454\" data-elementor-post-type=\"product\">\n\t\t\t\t<div class=\"elementor-element elementor-element-6ba6f31 e-flex e-con-boxed e-con e-parent\" data-id=\"6ba6f31\" data-element_type=\"container\" data-e-type=\"container\">\n\t\t\t\t\t<div class=\"e-con-inner\">\n\t\t\t\t<div class=\"elementor-element elementor-element-09468d4 elementor-widget elementor-widget-text-editor\" data-id=\"09468d4\" data-element_type=\"widget\" data-e-type=\"widget\" data-widget_type=\"text-editor.default\">\n\t\t\t\t<div class=\"elementor-widget-container\">\n\t\t\t\t\t\t\t\t\t<p>La plupart des jardini\u00e8res d'ext\u00e9rieur ont fi\u00e8re allure la premi\u00e8re ann\u00e9e. La troisi\u00e8me ann\u00e9e ? -Elles sont fissur\u00e9es, d\u00e9color\u00e9es et vont \u00e0 la poubelle.<\/p><p>Les pots de fleurs en acier Corten ne vieillissent pas - ils \u00e9voluent. Au fil des saisons, chaque pot d\u00e9veloppe sa propre patine chaude aux tons de rouille. Il n'y en a pas deux qui se ressemblent. Aucun entretien n'est n\u00e9cessaire. Juste une beaut\u00e9 durable qui grandit avec votre jardin.<\/p>\t\t\t\t\t\t\t\t<\/div>\n\t\t\t\t<\/div>\n\t\t\t\t\t<\/div>\n\t\t\t\t<\/div>\n\t\t<div class=\"elementor-element elementor-element-de11ce2 e-flex e-con-boxed e-con e-parent\" data-id=\"de11ce2\" data-element_type=\"container\" data-e-type=\"container\">\n\t\t\t\t\t<div class=\"e-con-inner\">\n\t\t\t\t<div class=\"elementor-element elementor-element-42e5902 elementor-widget elementor-widget-heading\" data-id=\"42e5902\" data-element_type=\"widget\" data-e-type=\"widget\" data-widget_type=\"heading.default\">\n\t\t\t\t<div class=\"elementor-widget-container\">\n\t\t\t\t\t<h2 class=\"elementor-heading-title elementor-size-default\">Qu'est-ce que l'acier Corten - et pourquoi rouille-t-il volontairement ?\n<\/h2>\t\t\t\t<\/div>\n\t\t\t\t<\/div>\n\t\t\t\t<div class=\"elementor-element elementor-element-b54c299 elementor-widget elementor-widget-text-editor\" data-id=\"b54c299\" data-element_type=\"widget\" data-e-type=\"widget\" data-widget_type=\"text-editor.default\">\n\t\t\t\t<div class=\"elementor-widget-container\">\n\t\t\t\t\t\t\t\t\t<p>L'acier Corten (\u00e9galement appel\u00e9 acier r\u00e9sistant aux intemp\u00e9ries) a \u00e9t\u00e9 con\u00e7u \u00e0 l'origine pour les ponts et les wagons de chemin de fer qui devaient survivre \u00e0 des d\u00e9cennies d'exposition \u00e0 l'ext\u00e9rieur - sans une seule couche de peinture.<\/p><p>Lorsqu'il est expos\u00e9 \u00e0 la pluie et \u00e0 l'air, le Corten forme une couche d'oxyde \u00e9troitement li\u00e9e \u00e0 sa surface. Cette couche ne s'\u00e9caille pas comme la rouille ordinaire - elle devient un bouclier qui emp\u00eache une corrosion plus profonde.<\/p><p>Le pot de fleurs se renforce en effet avec le temps, tout en d\u00e9veloppant les tons chauds de l'ambre au marron fonc\u00e9 qui lui conf\u00e8rent une beaut\u00e9 incomparable.<\/p><ul><li>Dur\u00e9e de vie 10 fois sup\u00e9rieure \u00e0 celle de l'acier doux<\/li><li>3 \u00e0 4 fois plus long que l'acier pr\u00e9laqu\u00e9<\/li><li>Aucune peinture, aucun scellement, aucun traitement antirouille n'est n\u00e9cessaire<\/li><\/ul>\t\t\t\t\t\t\t\t<\/div>\n\t\t\t\t<\/div>\n\t\t\t\t\t<\/div>\n\t\t\t\t<\/div>\n\t\t<div class=\"elementor-element elementor-element-153cec7 e-flex e-con-boxed e-con e-parent\" data-id=\"153cec7\" data-element_type=\"container\" data-e-type=\"container\">\n\t\t\t\t\t<div class=\"e-con-inner\">\n\t\t\t\t<div class=\"elementor-element elementor-element-ee757b1 elementor-widget elementor-widget-image\" data-id=\"ee757b1\" data-element_type=\"widget\" data-e-type=\"widget\" data-widget_type=\"image.default\">\n\t\t\t\t<div class=\"elementor-widget-container\">\n\t\t\t\t\t\t\t\t\t\t\t\t<figure class=\"wp-caption\">\n\t\t\t\t\t\t\t\t\t\t<img decoding=\"async\" width=\"220\" height=\"220\" src=\"https:\/\/www.metalgardenpot.com\/wp-content\/uploads\/2025\/09\/planter.jpg\" class=\"attachment-large size-large wp-image-1199\" alt=\"Corten Steel Flower Pot\" srcset=\"https:\/\/www.metalgardenpot.com\/wp-content\/uploads\/2025\/09\/planter.jpg 220w, https:\/\/www.metalgardenpot.com\/wp-content\/uploads\/2025\/09\/planter-150x150.jpg 150w, https:\/\/www.metalgardenpot.com\/wp-content\/uploads\/2025\/09\/planter-12x12.jpg 12w, https:\/\/www.metalgardenpot.com\/wp-content\/uploads\/2025\/09\/planter-100x100.jpg 100w\" sizes=\"(max-width: 220px) 100vw, 220px\" \/>\t\t\t\t\t\t\t\t\t\t\t<figcaption class=\"widget-image-caption wp-caption-text\">Couleur brute<\/figcaption>\n\t\t\t\t\t\t\t\t\t\t<\/figure>\n\t\t\t\t\t\t\t\t\t<\/div>\n\t\t\t\t<\/div>\n\t\t\t\t<div class=\"elementor-element elementor-element-f29b428 elementor-widget elementor-widget-image\" data-id=\"f29b428\" data-element_type=\"widget\" data-e-type=\"widget\" data-widget_type=\"image.default\">\n\t\t\t\t<div class=\"elementor-widget-container\">\n\t\t\t\t\t\t\t\t\t\t\t\t<figure class=\"wp-caption\">\n\t\t\t\t\t\t\t\t\t\t<img decoding=\"async\" width=\"220\" height=\"220\" src=\"https:\/\/www.metalgardenpot.com\/wp-content\/uploads\/2025\/09\/Rectangular-Planter.jpg\" class=\"attachment-large size-large wp-image-1200\" alt=\"corten flower pot\" srcset=\"https:\/\/www.metalgardenpot.com\/wp-content\/uploads\/2025\/09\/Rectangular-Planter.jpg 220w, https:\/\/www.metalgardenpot.com\/wp-content\/uploads\/2025\/09\/Rectangular-Planter-150x150.jpg 150w, https:\/\/www.metalgardenpot.com\/wp-content\/uploads\/2025\/09\/Rectangular-Planter-12x12.jpg 12w, https:\/\/www.metalgardenpot.com\/wp-content\/uploads\/2025\/09\/Rectangular-Planter-100x100.jpg 100w\" sizes=\"(max-width: 220px) 100vw, 220px\" \/>\t\t\t\t\t\t\t\t\t\t\t<figcaption class=\"widget-image-caption wp-caption-text\">Mois 1 : Gris acier brillant<\/figcaption>\n\t\t\t\t\t\t\t\t\t\t<\/figure>\n\t\t\t\t\t\t\t\t\t<\/div>\n\t\t\t\t<\/div>\n\t\t\t\t<div class=\"elementor-element elementor-element-2875581 elementor-widget elementor-widget-image\" data-id=\"2875581\" data-element_type=\"widget\" data-e-type=\"widget\" data-widget_type=\"image.default\">\n\t\t\t\t<div class=\"elementor-widget-container\">\n\t\t\t\t\t\t\t\t\t\t\t\t<figure class=\"wp-caption\">\n\t\t\t\t\t\t\t\t\t\t<img decoding=\"async\" width=\"220\" height=\"220\" src=\"https:\/\/www.metalgardenpot.com\/wp-content\/uploads\/2025\/09\/corten-planter-pot.jpg\" class=\"attachment-large size-large wp-image-1201\" alt=\"corten planter pot\" srcset=\"https:\/\/www.metalgardenpot.com\/wp-content\/uploads\/2025\/09\/corten-planter-pot.jpg 220w, https:\/\/www.metalgardenpot.com\/wp-content\/uploads\/2025\/09\/corten-planter-pot-150x150.jpg 150w, https:\/\/www.metalgardenpot.com\/wp-content\/uploads\/2025\/09\/corten-planter-pot-12x12.jpg 12w, https:\/\/www.metalgardenpot.com\/wp-content\/uploads\/2025\/09\/corten-planter-pot-100x100.jpg 100w\" sizes=\"(max-width: 220px) 100vw, 220px\" \/>\t\t\t\t\t\t\t\t\t\t\t<figcaption class=\"widget-image-caption wp-caption-text\">Mois 3-6 : Apparition de tons orange-brun  <\/figcaption>\n\t\t\t\t\t\t\t\t\t\t<\/figure>\n\t\t\t\t\t\t\t\t\t<\/div>\n\t\t\t\t<\/div>\n\t\t\t\t<div class=\"elementor-element elementor-element-48c9c0e elementor-widget elementor-widget-image\" data-id=\"48c9c0e\" data-element_type=\"widget\" data-e-type=\"widget\" data-widget_type=\"image.default\">\n\t\t\t\t<div class=\"elementor-widget-container\">\n\t\t\t\t\t\t\t\t\t\t\t\t<figure class=\"wp-caption\">\n\t\t\t\t\t\t\t\t\t\t<img loading=\"lazy\" decoding=\"async\" width=\"220\" height=\"220\" src=\"https:\/\/www.metalgardenpot.com\/wp-content\/uploads\/2025\/09\/planter-pot.jpg\" class=\"attachment-large size-large wp-image-1202\" alt=\"planter pot\" srcset=\"https:\/\/www.metalgardenpot.com\/wp-content\/uploads\/2025\/09\/planter-pot.jpg 220w, https:\/\/www.metalgardenpot.com\/wp-content\/uploads\/2025\/09\/planter-pot-150x150.jpg 150w, https:\/\/www.metalgardenpot.com\/wp-content\/uploads\/2025\/09\/planter-pot-12x12.jpg 12w, https:\/\/www.metalgardenpot.com\/wp-content\/uploads\/2025\/09\/planter-pot-100x100.jpg 100w\" sizes=\"(max-width: 220px) 100vw, 220px\" \/>\t\t\t\t\t\t\t\t\t\t\t<figcaption class=\"widget-image-caption wp-caption-text\">Mois 6-12 : Patine ambr\u00e9e riche et profonde  <\/figcaption>\n\t\t\t\t\t\t\t\t\t\t<\/figure>\n\t\t\t\t\t\t\t\t\t<\/div>\n\t\t\t\t<\/div>\n\t\t\t\t\t<\/div>\n\t\t\t\t<\/div>\n\t\t<div class=\"elementor-element elementor-element-b4018d4 e-flex e-con-boxed e-con e-parent\" data-id=\"b4018d4\" data-element_type=\"container\" data-e-type=\"container\">\n\t\t\t\t\t<div class=\"e-con-inner\">\n\t\t\t\t<div class=\"elementor-element elementor-element-6018d1f elementor-widget elementor-widget-heading\" data-id=\"6018d1f\" data-element_type=\"widget\" data-e-type=\"widget\" data-widget_type=\"heading.default\">\n\t\t\t\t<div class=\"elementor-widget-container\">\n\t\t\t\t\t<h2 class=\"elementor-heading-title elementor-size-default\">Pourquoi choisir le pot de fleurs en acier corten de HNJBL ?\n<\/h2>\t\t\t\t<\/div>\n\t\t\t\t<\/div>\n\t\t\t\t<div class=\"elementor-element elementor-element-c1595d7 elementor-widget elementor-widget-text-editor\" data-id=\"c1595d7\" data-element_type=\"widget\" data-e-type=\"widget\" data-widget_type=\"text-editor.default\">\n\t\t\t\t<div class=\"elementor-widget-container\">\n\t\t\t\t\t\t\t\t\t<p><strong>Inoxydable et imputrescible, toujours aussi durable apr\u00e8s dix ans<\/strong><\/p><p>Caract\u00e9ristiques : Acier r\u00e9sistant aux intemp\u00e9ries avec couche d'oxyde auto-cicatrisante<\/p><p>Avantage : pas de rouille, pas de peinture \u00e0 refaire<\/p><p>Un achat qui durera plus longtemps que toutes les jardini\u00e8res en plastique, en c\u00e9ramique ou en argile que vous avez poss\u00e9d\u00e9es.<\/p>\t\t\t\t\t\t\t\t<\/div>\n\t\t\t\t<\/div>\n\t\t\t\t<div class=\"elementor-element elementor-element-7a7c939 elementor-widget elementor-widget-text-editor\" data-id=\"7a7c939\" data-element_type=\"widget\" data-e-type=\"widget\" data-widget_type=\"text-editor.default\">\n\t\t\t\t<div class=\"elementor-widget-container\">\n\t\t\t\t\t\t\t\t\t<p><strong>Un style polyvalent, en harmonie avec la nature<\/strong><\/p><p>Caract\u00e9ristiques : Patine rouille chaude dans les tons ambre, orange et marron fonc\u00e9<\/p><p>Avantage : s'harmonise \u00e9galement avec la verdure, la pierre, le bois et le b\u00e9ton.<\/p><p>Les projets d'am\u00e9nagement de jardin passent du stade de \u201cjoli\u201d \u00e0 celui de \u201ccon\u00e7u\u201d.\u201d<\/p>\t\t\t\t\t\t\t\t<\/div>\n\t\t\t\t<\/div>\n\t\t\t\t<div class=\"elementor-element elementor-element-e00a4f8 elementor-widget elementor-widget-text-editor\" data-id=\"e00a4f8\" data-element_type=\"widget\" data-e-type=\"widget\" data-widget_type=\"text-editor.default\">\n\t\t\t\t<div class=\"elementor-widget-container\">\n\t\t\t\t\t\t\t\t\t<p><strong>Dimensions personnalisables pour r\u00e9pondre aux exigences du projet<\/strong><\/p><p>Caract\u00e9ristiques : Disponible dans les styles rectangulaire, rond, en auge et en angle ; dimensions personnalis\u00e9es disponibles pour les commandes en vrac.<\/p><p>Avantages : S'adapte exactement \u00e0 l'espace dont vous disposez, sans solution de rechange, sans espace vide, sans probl\u00e8me de taille.<\/p>\t\t\t\t\t\t\t\t<\/div>\n\t\t\t\t<\/div>\n\t\t\t\t<div class=\"elementor-element elementor-element-52ba320 elementor-widget elementor-widget-text-editor\" data-id=\"52ba320\" data-element_type=\"widget\" data-e-type=\"widget\" data-widget_type=\"text-editor.default\">\n\t\t\t\t<div class=\"elementor-widget-container\">\n\t\t\t\t\t\t\t\t\t<p><strong>Pr\u00e9-rouill\u00e9 avant la livraison, d'une belle apparence<\/strong><\/p><p>Caract\u00e9ristique : Option de surface pr\u00e9patin\u00e9e (patine acc\u00e9l\u00e9r\u00e9e)<\/p><p>Avantage : pas de phase d'alt\u00e9ration initiale de 3 \u00e0 6 mois, pas de coulures de rouille orange sur votre terrasse.<\/p>\t\t\t\t\t\t\t\t<\/div>\n\t\t\t\t<\/div>\n\t\t\t\t<div class=\"elementor-element elementor-element-2201c30 elementor-widget elementor-widget-text-editor\" data-id=\"2201c30\" data-element_type=\"widget\" data-e-type=\"widget\" data-widget_type=\"text-editor.default\">\n\t\t\t\t<div class=\"elementor-widget-container\">\n\t\t\t\t\t\t\t\t\t<p><strong>Pr\u00e9-rouill\u00e9 avant la livraison, d'une belle apparence<\/strong><\/p><p>Caract\u00e9ristique : Option de surface pr\u00e9patin\u00e9e (patine acc\u00e9l\u00e9r\u00e9e)<\/p><p>Avantage : pas de phase d'alt\u00e9ration initiale de 3 \u00e0 6 mois, pas de coulures de rouille orange sur votre terrasse.<\/p>\t\t\t\t\t\t\t\t<\/div>\n\t\t\t\t<\/div>\n\t\t\t\t<div class=\"elementor-element elementor-element-a5f9bc8 elementor-widget elementor-widget-text-editor\" data-id=\"a5f9bc8\" data-element_type=\"widget\" data-e-type=\"widget\" data-widget_type=\"text-editor.default\">\n\t\t\t\t<div class=\"elementor-widget-container\">\n\t\t\t\t\t\t\t\t\t<p><strong>Construction robuste, durabilit\u00e9 \u00e0 long terme<\/strong><\/p><p>Caract\u00e9ristiques : acier de 2 \u00e0 3 mm d'\u00e9paisseur, avec trous de drainage en option<\/p><p>Avantage : R\u00e9siste au gel, au vent et au plein soleil sans se d\u00e9former.<\/p><p>Les t\u00f4les d'acier r\u00e9sistant aux intemp\u00e9ries, d'une \u00e9paisseur de 2 mm, devraient avoir une dur\u00e9e de vie allant jusqu'\u00e0 35 ans, ce qui d\u00e9passe de loin celle des jardini\u00e8res ordinaires en acier ou en bois, et pratiquement aucun entretien suppl\u00e9mentaire n'est n\u00e9cessaire pendant la dur\u00e9e de vie de la plante.<\/p>\t\t\t\t\t\t\t\t<\/div>\n\t\t\t\t<\/div>\n\t\t\t\t\t<\/div>\n\t\t\t\t<\/div>\n\t\t<div class=\"elementor-element elementor-element-2664d17 e-flex e-con-boxed e-con e-parent\" data-id=\"2664d17\" data-element_type=\"container\" data-e-type=\"container\">\n\t\t\t\t\t<div class=\"e-con-inner\">\n\t\t\t\t<div class=\"elementor-element elementor-element-fb0448f elementor-widget elementor-widget-heading\" data-id=\"fb0448f\" data-element_type=\"widget\" data-e-type=\"widget\" data-widget_type=\"heading.default\">\n\t\t\t\t<div class=\"elementor-widget-container\">\n\t\t\t\t\t<h3 class=\"elementor-heading-title elementor-size-default\">Jardini\u00e8re en acier Corten Vs plastique Vs galvanis\u00e9<\/h3>\t\t\t\t<\/div>\n\t\t\t\t<\/div>\n\t\t\t\t<div class=\"elementor-element elementor-element-5a1f662 elementor-widget elementor-widget-text-editor\" data-id=\"5a1f662\" data-element_type=\"widget\" data-e-type=\"widget\" data-widget_type=\"text-editor.default\">\n\t\t\t\t<div class=\"elementor-widget-container\">\n\t\t\t\t\t\t\t\t\t<table class=\"table\" border=\"1\"><tbody><tr><td>Fonctionnalit\u00e9<\/td><td><b>Pot de fleurs en corten<\/b><\/td><td>Plastique<\/td><td>Acier galvanis\u00e9<\/td><\/tr><tr><td>Dur\u00e9e de vie<\/td><td>20-50 ans<\/td><td>3-7 ans<\/td><td>10-15 ans<\/td><\/tr><tr><td>Maintenance<\/td><td>Faible (aucune)<\/td><td>Nettoyage uniquement<\/td><td>Peinture tous les 3 \u00e0 5 ans<\/td><\/tr><tr><td>R\u00e9sistance aux intemp\u00e9ries<\/td><td>Excellent<\/td><td>Bon (d\u00e9coloration due aux UV)<\/td><td>Bon (peinture)<\/td><\/tr><tr><td>L'esth\u00e9tique au fil du temps<\/td><td>Am\u00e9liore<\/td><td>D\u00e9gradations<\/td><td>Stable<\/td><\/tr><tr><td>Empreinte \u00e9cologique<\/td><td>Faible (pas de rev\u00eatement)<\/td><td>Haut (plastique)<\/td><td>Moyen<\/td><\/tr><\/tbody><\/table>\t\t\t\t\t\t\t\t<\/div>\n\t\t\t\t<\/div>\n\t\t\t\t<div class=\"elementor-element elementor-element-a3fc7e2 elementor-widget elementor-widget-text-editor\" data-id=\"a3fc7e2\" data-element_type=\"widget\" data-e-type=\"widget\" data-widget_type=\"text-editor.default\">\n\t\t\t\t<div class=\"elementor-widget-container\">\n\t\t\t\t\t\t\t\t\t<p>Qu'il s'agisse d'am\u00e9nager un jardin priv\u00e9, une terrasse d'h\u00f4tel ou un projet d'am\u00e9nagement paysager commercial, nous avons la taille, le style et la quantit\u00e9 qu'il vous faut.<\/p><p>Un \u00e9chantillon est disponible pour inspection<\/p><p>Dimensions personnalis\u00e9es et motifs d\u00e9coup\u00e9s au laser disponibles (MOQ : 100 unit\u00e9s)<\/p><p>Exp\u00e9dition dans le monde entier | Prix de gros disponibles<\/p>\t\t\t\t\t\t\t\t<\/div>\n\t\t\t\t<\/div>\n\t\t\t\t\t<\/div>\n\t\t\t\t<\/div>\n\t\t\t\t<\/div>","protected":false},"excerpt":{"rendered":"<p>Pot de fleurs en acier corten r\u00e9sistant aux intemp\u00e9ries et d\u00e9veloppant une riche patine de rouille au fil du temps - pas de peinture, pas de rouille.<\/p>\n<p>Tailles personnalis\u00e9es disponibles<\/p>\n<p>Disponible dans les styles rectangulaire, rond, carr\u00e9 et d'angle<\/p>\n<p>Avec trous de drainage<\/p>","protected":false},"featured_media":1453,"comment_status":"closed","ping_status":"closed","template":"","meta":[],"product_brand":[],"product_cat":[21],"product_tag":[],"class_list":{"0":"post-1454","1":"product","2":"type-product","3":"status-publish","4":"has-post-thumbnail","6":"product_cat-corten-steel-planters","8":"first","9":"instock","10":"shipping-taxable","11":"product-type-simple"},"_links":{"self":[{"href":"https:\/\/www.metalgardenpot.com\/fr\/wp-json\/wp\/v2\/product\/1454","targetHints":{"allow":["GET"]}}],"collection":[{"href":"https:\/\/www.metalgardenpot.com\/fr\/wp-json\/wp\/v2\/product"}],"about":[{"href":"https:\/\/www.metalgardenpot.com\/fr\/wp-json\/wp\/v2\/types\/product"}],"replies":[{"embeddable":true,"href":"https:\/\/www.metalgardenpot.com\/fr\/wp-json\/wp\/v2\/comments?post=1454"}],"version-history":[{"count":2,"href":"https:\/\/www.metalgardenpot.com\/fr\/wp-json\/wp\/v2\/product\/1454\/revisions"}],"predecessor-version":[{"id":1455,"href":"https:\/\/www.metalgardenpot.com\/fr\/wp-json\/wp\/v2\/product\/1454\/revisions\/1455"}],"wp:featuredmedia":[{"embeddable":true,"href":"https:\/\/www.metalgardenpot.com\/fr\/wp-json\/wp\/v2\/media\/1453"}],"wp:attachment":[{"href":"https:\/\/www.metalgardenpot.com\/fr\/wp-json\/wp\/v2\/media?parent=1454"}],"wp:term":[{"taxonomy":"product_brand","embeddable":true,"href":"https:\/\/www.metalgardenpot.com\/fr\/wp-json\/wp\/v2\/product_brand?post=1454"},{"taxonomy":"product_cat","embeddable":true,"href":"https:\/\/www.metalgardenpot.com\/fr\/wp-json\/wp\/v2\/product_cat?post=1454"},{"taxonomy":"product_tag","embeddable":true,"href":"https:\/\/www.metalgardenpot.com\/fr\/wp-json\/wp\/v2\/product_tag?post=1454"}],"curies":[{"name":"wp","href":"https:\/\/api.w.org\/{rel}","templated":true}]}}