{"id":1279,"date":"2025-12-10T16:29:11","date_gmt":"2025-12-10T08:29:11","guid":{"rendered":"https:\/\/www.metalgardenpot.com\/?post_type=product&#038;p=1279"},"modified":"2025-12-10T16:29:11","modified_gmt":"2025-12-10T08:29:11","slug":"aluminum-planters-outdoor","status":"publish","type":"product","link":"https:\/\/www.metalgardenpot.com\/it\/aluminum-planters-outdoor\/","title":{"rendered":"Fioriere in alluminio per esterni"},"content":{"rendered":"<div data-elementor-type=\"product-post\" data-elementor-id=\"1279\" class=\"elementor elementor-1279\" data-elementor-post-type=\"product\">\n\t\t\t\t<div class=\"elementor-element elementor-element-c45b256 e-flex e-con-boxed e-con e-parent\" data-id=\"c45b256\" data-element_type=\"container\" data-e-type=\"container\">\n\t\t\t\t\t<div class=\"e-con-inner\">\n\t\t\t\t<div class=\"elementor-element elementor-element-8f7fb28 elementor-widget elementor-widget-text-editor\" data-id=\"8f7fb28\" data-element_type=\"widget\" data-e-type=\"widget\" data-widget_type=\"text-editor.default\">\n\t\t\t\t<div class=\"elementor-widget-container\">\n\t\t\t\t\t\t\t\t\t<p>Le fioriere in alluminio per esterni sono realizzate in lega di alluminio di elevata purezza, formate in scatole robuste mediante piegatura e saldatura. Le superfici delle fioriere sono anodizzate o verniciate a polvere per creare un denso strato protettivo che blocca completamente i raggi UV e la corrosione dell'umidit\u00e0. Diversamente dalla patina di ruggine dell'acciaio o dell'acciaio inossidabile, le fioriere da esterno in alluminio possono durare pi\u00f9 di 25 anni in ambienti esterni, mentre il peso \u00e8 inferiore a un terzo, il che le rende pi\u00f9 facili da spostare.<\/p><p>La fioriera in alluminio resiste alla ruggine, all'ossidazione e ai danni causati dai raggi UV, ed \u00e8 quindi ideale per un uso esterno a lungo termine, con una durata di 10-20 anni. Inoltre, offre una forza e una durezza eccezionali, con grande resistenza agli urti e capacit\u00e0 di carico, sostenendo facilmente piante di grandi dimensioni senza deformazioni.<\/p>\t\t\t\t\t\t\t\t<\/div>\n\t\t\t\t<\/div>\n\t\t\t\t\t<\/div>\n\t\t\t\t<\/div>\n\t\t<div class=\"elementor-element elementor-element-374bbdf e-flex e-con-boxed e-con e-parent\" data-id=\"374bbdf\" data-element_type=\"container\" data-e-type=\"container\">\n\t\t\t\t\t<div class=\"e-con-inner\">\n\t\t\t\t<div class=\"elementor-element elementor-element-5c2d201 elementor-widget elementor-widget-heading\" data-id=\"5c2d201\" data-element_type=\"widget\" data-e-type=\"widget\" data-widget_type=\"heading.default\">\n\t\t\t\t<div class=\"elementor-widget-container\">\n\t\t\t\t\t<h2 class=\"elementor-heading-title elementor-size-default\">Fioriere di alluminio all'aperto su misura, vaso di alluminio della fioriera<\/h2>\t\t\t\t<\/div>\n\t\t\t\t<\/div>\n\t\t\t\t<div class=\"elementor-element elementor-element-0765ec8 elementor-widget elementor-widget-text-editor\" data-id=\"0765ec8\" data-element_type=\"widget\" data-e-type=\"widget\" data-widget_type=\"text-editor.default\">\n\t\t\t\t<div class=\"elementor-widget-container\">\n\t\t\t\t\t\t\t\t\t<p>Supporta la personalizzazione in varie forme e dimensioni, producendo fioriere in alluminio di forma rettangolare, quadrata, cilindrica, conica e altre forme secondo i disegni di progetto. L'altezza e lo spessore delle pareti possono essere personalizzati per soddisfare le diverse esigenze paesaggistiche.Disponibile nei colori nero, peltro, bronzo scamosciato, argento metallizzato, bianco lucido, grigio metallizzato, bianco e finta ruggine.<\/p><table><tbody><tr><td>Altezza<\/td><td>200 - 400 mm<\/td><td>500 - 700 mm<\/td><td>800-2000 mm<\/td><\/tr><tr><td>Dimensioni, larghezza<\/td><td>300 - 500 mm<\/td><td>600 - 900 mm<\/td><td>1000 - 1500 mm<\/td><\/tr><tr><td>Spessore<\/td><td>1 - 3 mm<\/td><td>1 - 3 mm<\/td><td>2 - 4 mm<\/td><\/tr><\/tbody><\/table><p>I bordi della fioriera possono essere piegati per rinforzarla, con un design senza giunture che ne aumenta la rigidit\u00e0. Le saldature e le sigillature di alta qualit\u00e0 assicurano l'integrit\u00e0 dell'acqua, completata da fori di drenaggio opzionali per creare un ambiente di crescita pi\u00f9 sano per le piante e prevenire i ristagni d'acqua.<\/p>\t\t\t\t\t\t\t\t<\/div>\n\t\t\t\t<\/div>\n\t\t\t\t\t<\/div>\n\t\t\t\t<\/div>\n\t\t<div class=\"elementor-element elementor-element-2c44cbc e-flex e-con-boxed e-con e-parent\" data-id=\"2c44cbc\" data-element_type=\"container\" data-e-type=\"container\">\n\t\t\t\t\t<div class=\"e-con-inner\">\n\t\t\t\t<div class=\"elementor-element elementor-element-3b297c2 elementor-widget elementor-widget-image\" data-id=\"3b297c2\" data-element_type=\"widget\" data-e-type=\"widget\" data-widget_type=\"image.default\">\n\t\t\t\t<div class=\"elementor-widget-container\">\n\t\t\t\t\t\t\t\t\t\t\t\t\t\t\t<img fetchpriority=\"high\" decoding=\"async\" width=\"900\" height=\"506\" src=\"https:\/\/www.metalgardenpot.com\/wp-content\/uploads\/2025\/12\/Aluminum-Planters-Outdoor.jpg\" class=\"attachment-full size-full wp-image-1275\" alt=\"Aluminum Planters Outdoor\" srcset=\"https:\/\/www.metalgardenpot.com\/wp-content\/uploads\/2025\/12\/Aluminum-Planters-Outdoor.jpg 900w, https:\/\/www.metalgardenpot.com\/wp-content\/uploads\/2025\/12\/Aluminum-Planters-Outdoor-300x169.jpg 300w, https:\/\/www.metalgardenpot.com\/wp-content\/uploads\/2025\/12\/Aluminum-Planters-Outdoor-768x432.jpg 768w, https:\/\/www.metalgardenpot.com\/wp-content\/uploads\/2025\/12\/Aluminum-Planters-Outdoor-18x10.jpg 18w, https:\/\/www.metalgardenpot.com\/wp-content\/uploads\/2025\/12\/Aluminum-Planters-Outdoor-700x394.jpg 700w\" sizes=\"(max-width: 900px) 100vw, 900px\" \/>\t\t\t\t\t\t\t\t\t\t\t\t\t\t\t<\/div>\n\t\t\t\t<\/div>\n\t\t\t\t<div class=\"elementor-element elementor-element-30a6d41 elementor-widget elementor-widget-image\" data-id=\"30a6d41\" data-element_type=\"widget\" data-e-type=\"widget\" data-widget_type=\"image.default\">\n\t\t\t\t<div class=\"elementor-widget-container\">\n\t\t\t\t\t\t\t\t\t\t\t\t\t\t\t<img decoding=\"async\" width=\"900\" height=\"506\" src=\"https:\/\/www.metalgardenpot.com\/wp-content\/uploads\/2025\/12\/aluminum-planter.jpg\" class=\"attachment-full size-full wp-image-1276\" alt=\"aluminum planter\" srcset=\"https:\/\/www.metalgardenpot.com\/wp-content\/uploads\/2025\/12\/aluminum-planter.jpg 900w, https:\/\/www.metalgardenpot.com\/wp-content\/uploads\/2025\/12\/aluminum-planter-300x169.jpg 300w, https:\/\/www.metalgardenpot.com\/wp-content\/uploads\/2025\/12\/aluminum-planter-768x432.jpg 768w, https:\/\/www.metalgardenpot.com\/wp-content\/uploads\/2025\/12\/aluminum-planter-18x10.jpg 18w, https:\/\/www.metalgardenpot.com\/wp-content\/uploads\/2025\/12\/aluminum-planter-700x394.jpg 700w\" sizes=\"(max-width: 900px) 100vw, 900px\" \/>\t\t\t\t\t\t\t\t\t\t\t\t\t\t\t<\/div>\n\t\t\t\t<\/div>\n\t\t\t\t<div class=\"elementor-element elementor-element-4373d16 elementor-widget elementor-widget-image\" data-id=\"4373d16\" data-element_type=\"widget\" data-e-type=\"widget\" data-widget_type=\"image.default\">\n\t\t\t\t<div class=\"elementor-widget-container\">\n\t\t\t\t\t\t\t\t\t\t\t\t\t\t\t<img decoding=\"async\" width=\"900\" height=\"506\" src=\"https:\/\/www.metalgardenpot.com\/wp-content\/uploads\/2025\/12\/Planters-Pots.jpg\" class=\"attachment-full size-full wp-image-1269\" alt=\"Planters Pots\" srcset=\"https:\/\/www.metalgardenpot.com\/wp-content\/uploads\/2025\/12\/Planters-Pots.jpg 900w, https:\/\/www.metalgardenpot.com\/wp-content\/uploads\/2025\/12\/Planters-Pots-300x169.jpg 300w, https:\/\/www.metalgardenpot.com\/wp-content\/uploads\/2025\/12\/Planters-Pots-768x432.jpg 768w, https:\/\/www.metalgardenpot.com\/wp-content\/uploads\/2025\/12\/Planters-Pots-18x10.jpg 18w, https:\/\/www.metalgardenpot.com\/wp-content\/uploads\/2025\/12\/Planters-Pots-700x394.jpg 700w\" sizes=\"(max-width: 900px) 100vw, 900px\" \/>\t\t\t\t\t\t\t\t\t\t\t\t\t\t\t<\/div>\n\t\t\t\t<\/div>\n\t\t\t\t\t<\/div>\n\t\t\t\t<\/div>\n\t\t<div class=\"elementor-element elementor-element-44c5cab e-flex e-con-boxed e-con e-parent\" data-id=\"44c5cab\" data-element_type=\"container\" data-e-type=\"container\">\n\t\t\t\t\t<div class=\"e-con-inner\">\n\t\t\t\t<div class=\"elementor-element elementor-element-1bac7e9 elementor-widget elementor-widget-heading\" data-id=\"1bac7e9\" data-element_type=\"widget\" data-e-type=\"widget\" data-widget_type=\"heading.default\">\n\t\t\t\t<div class=\"elementor-widget-container\">\n\t\t\t\t\t<h2 class=\"elementor-heading-title elementor-size-default\">Fioriere leggere in alluminio. Facili da trasportare\n<\/h2>\t\t\t\t<\/div>\n\t\t\t\t<\/div>\n\t\t\t\t<div class=\"elementor-element elementor-element-6fd2f06 elementor-widget elementor-widget-text-editor\" data-id=\"6fd2f06\" data-element_type=\"widget\" data-e-type=\"widget\" data-widget_type=\"text-editor.default\">\n\t\t\t\t<div class=\"elementor-widget-container\">\n\t\t\t\t\t\t\t\t\t<p>Il materiale in alluminio ha un elevato rapporto resistenza\/peso, con una densit\u00e0 pari a circa 1\/3 di quella dell'acciaio. Il suo peso \u00e8 di gran lunga inferiore a quello delle fioriere tradizionali in acciaio o in legno, con una riduzione del peso di 30% a parit\u00e0 di resistenza. \u00c8 comodo da maneggiare e consente alle persone anziane e alle donne di riposizionarlo facilmente con una sola mano.<\/p><p>Rispetto all'acciaio, l'alluminio non arrugginisce mai e non richiede alcun trattamento antiruggine;<br \/>Rispetto al cemento e alla pietra, l'alluminio \u00e8 leggero e resistente alle vibrazioni, rendendo pi\u00f9 agevole l'installazione e la regolazione;<br \/>Rispetto alle fioriere in vetroresina o in legno, quelle in alluminio sono pi\u00f9 robuste e resistenti agli urti, sono pi\u00f9 facili da mantenere e hanno una durata strutturale maggiore.<\/p>\t\t\t\t\t\t\t\t<\/div>\n\t\t\t\t<\/div>\n\t\t\t\t\t<\/div>\n\t\t\t\t<\/div>\n\t\t\t\t<\/div>","protected":false},"excerpt":{"rendered":"<p>I materiali in alluminio sono naturalmente resistenti alla ruggine e all'ossidazione e mantengono il loro aspetto per anni in ambienti difficili. Grazie all'eccellente resistenza e durezza, le fioriere in alluminio per esterni offrono un'eccezionale resistenza agli urti e capacit\u00e0 di carico, sopportando facilmente il peso di piante di grandi dimensioni senza deformarsi.<\/p>\n<p>&nbsp;<\/p>\n<p>&nbsp;<\/p>","protected":false},"featured_media":1275,"comment_status":"closed","ping_status":"closed","template":"","meta":[],"product_brand":[34],"product_cat":[24],"product_tag":[],"class_list":{"0":"post-1279","1":"product","2":"type-product","3":"status-publish","4":"has-post-thumbnail","6":"product_brand-hnjbl","7":"product_cat-aluminum-planters","9":"first","10":"instock","11":"shipping-taxable","12":"product-type-simple"},"_links":{"self":[{"href":"https:\/\/www.metalgardenpot.com\/it\/wp-json\/wp\/v2\/product\/1279","targetHints":{"allow":["GET"]}}],"collection":[{"href":"https:\/\/www.metalgardenpot.com\/it\/wp-json\/wp\/v2\/product"}],"about":[{"href":"https:\/\/www.metalgardenpot.com\/it\/wp-json\/wp\/v2\/types\/product"}],"replies":[{"embeddable":true,"href":"https:\/\/www.metalgardenpot.com\/it\/wp-json\/wp\/v2\/comments?post=1279"}],"version-history":[{"count":6,"href":"https:\/\/www.metalgardenpot.com\/it\/wp-json\/wp\/v2\/product\/1279\/revisions"}],"predecessor-version":[{"id":1286,"href":"https:\/\/www.metalgardenpot.com\/it\/wp-json\/wp\/v2\/product\/1279\/revisions\/1286"}],"wp:featuredmedia":[{"embeddable":true,"href":"https:\/\/www.metalgardenpot.com\/it\/wp-json\/wp\/v2\/media\/1275"}],"wp:attachment":[{"href":"https:\/\/www.metalgardenpot.com\/it\/wp-json\/wp\/v2\/media?parent=1279"}],"wp:term":[{"taxonomy":"product_brand","embeddable":true,"href":"https:\/\/www.metalgardenpot.com\/it\/wp-json\/wp\/v2\/product_brand?post=1279"},{"taxonomy":"product_cat","embeddable":true,"href":"https:\/\/www.metalgardenpot.com\/it\/wp-json\/wp\/v2\/product_cat?post=1279"},{"taxonomy":"product_tag","embeddable":true,"href":"https:\/\/www.metalgardenpot.com\/it\/wp-json\/wp\/v2\/product_tag?post=1279"}],"curies":[{"name":"wp","href":"https:\/\/api.w.org\/{rel}","templated":true}]}}