{"id":1383,"date":"2026-01-27T17:17:08","date_gmt":"2026-01-27T09:17:08","guid":{"rendered":"https:\/\/www.metalgardenpot.com\/?post_type=product&#038;p=1383"},"modified":"2026-01-27T17:17:10","modified_gmt":"2026-01-27T09:17:10","slug":"corten-steel-round-planter-boxes","status":"publish","type":"product","link":"https:\/\/www.metalgardenpot.com\/it\/corten-steel-round-planter-boxes\/","title":{"rendered":"Fioriere rotonde in acciaio corten"},"content":{"rendered":"<div data-elementor-type=\"product-post\" data-elementor-id=\"1383\" class=\"elementor elementor-1383\" data-elementor-post-type=\"product\">\n\t\t\t\t<div class=\"elementor-element elementor-element-f813f29 e-flex e-con-boxed e-con e-parent\" data-id=\"f813f29\" data-element_type=\"container\" data-e-type=\"container\">\n\t\t\t\t\t<div class=\"e-con-inner\">\n\t\t\t\t<div class=\"elementor-element elementor-element-d7ce52f elementor-widget elementor-widget-text-editor\" data-id=\"d7ce52f\" data-element_type=\"widget\" data-e-type=\"widget\" data-widget_type=\"text-editor.default\">\n\t\t\t\t<div class=\"elementor-widget-container\">\n\t\t\t\t\t\t\t\t\t<p>Le fioriere rotonde in acciaio corten ospitano una variet\u00e0 di fiori e piante, adatte a diversi spazi interni ed esterni, tra cui soggiorni, cortili, giardini, ingressi, balconi, strade cittadine e zone a bordo piscina. <\/p><p>Con decenni di esperienza nel settore dell'orticoltura, HNJBL offre vari tipi di cassette per fioriere rotonde in acciaio corten. Oltre alle forme rotonde standard, personalizziamo forme rotonde affusolate ed ellittiche o creiamo opere d'arte scultoree tagliando e assemblando basi circolari, con spessori standard di 1,5-3 mm e altezze comprese tra 40 e 100 cm. Le dimensioni possono essere completamente personalizzate per soddisfare le esigenze di progetti specifici.<\/p>\t\t\t\t\t\t\t\t<\/div>\n\t\t\t\t<\/div>\n\t\t\t\t\t<\/div>\n\t\t\t\t<\/div>\n\t\t<div class=\"elementor-element elementor-element-21edb8d e-flex e-con-boxed e-con e-parent\" data-id=\"21edb8d\" data-element_type=\"container\" data-e-type=\"container\">\n\t\t\t\t\t<div class=\"e-con-inner\">\n\t\t\t\t<div class=\"elementor-element elementor-element-991f60a elementor-widget elementor-widget-image\" data-id=\"991f60a\" data-element_type=\"widget\" data-e-type=\"widget\" data-widget_type=\"image.default\">\n\t\t\t\t<div class=\"elementor-widget-container\">\n\t\t\t\t\t\t\t\t\t\t\t\t\t\t\t<img fetchpriority=\"high\" decoding=\"async\" width=\"700\" height=\"700\" src=\"https:\/\/www.metalgardenpot.com\/wp-content\/uploads\/2026\/01\/round-planter-700x700.jpg\" class=\"attachment-woocommerce_single size-woocommerce_single wp-image-1381\" alt=\"Corten Steel Round Planter Boxes\" srcset=\"https:\/\/www.metalgardenpot.com\/wp-content\/uploads\/2026\/01\/round-planter-700x700.jpg 700w, https:\/\/www.metalgardenpot.com\/wp-content\/uploads\/2026\/01\/round-planter-300x300.jpg 300w, https:\/\/www.metalgardenpot.com\/wp-content\/uploads\/2026\/01\/round-planter-150x150.jpg 150w, https:\/\/www.metalgardenpot.com\/wp-content\/uploads\/2026\/01\/round-planter-12x12.jpg 12w, https:\/\/www.metalgardenpot.com\/wp-content\/uploads\/2026\/01\/round-planter-100x100.jpg 100w, https:\/\/www.metalgardenpot.com\/wp-content\/uploads\/2026\/01\/round-planter.jpg 750w\" sizes=\"(max-width: 700px) 100vw, 700px\" \/>\t\t\t\t\t\t\t\t\t\t\t\t\t\t\t<\/div>\n\t\t\t\t<\/div>\n\t\t\t\t<div class=\"elementor-element elementor-element-cd0ed31 elementor-widget elementor-widget-image\" data-id=\"cd0ed31\" data-element_type=\"widget\" data-e-type=\"widget\" data-widget_type=\"image.default\">\n\t\t\t\t<div class=\"elementor-widget-container\">\n\t\t\t\t\t\t\t\t\t\t\t\t\t\t\t<img decoding=\"async\" width=\"700\" height=\"700\" src=\"https:\/\/www.metalgardenpot.com\/wp-content\/uploads\/2026\/01\/round-tapered-planter-700x700.jpg\" class=\"attachment-woocommerce_single size-woocommerce_single wp-image-1382\" alt=\"round tapered planter\" srcset=\"https:\/\/www.metalgardenpot.com\/wp-content\/uploads\/2026\/01\/round-tapered-planter-700x700.jpg 700w, https:\/\/www.metalgardenpot.com\/wp-content\/uploads\/2026\/01\/round-tapered-planter-300x300.jpg 300w, https:\/\/www.metalgardenpot.com\/wp-content\/uploads\/2026\/01\/round-tapered-planter-150x150.jpg 150w, https:\/\/www.metalgardenpot.com\/wp-content\/uploads\/2026\/01\/round-tapered-planter-12x12.jpg 12w, https:\/\/www.metalgardenpot.com\/wp-content\/uploads\/2026\/01\/round-tapered-planter-100x100.jpg 100w, https:\/\/www.metalgardenpot.com\/wp-content\/uploads\/2026\/01\/round-tapered-planter.jpg 750w\" sizes=\"(max-width: 700px) 100vw, 700px\" \/>\t\t\t\t\t\t\t\t\t\t\t\t\t\t\t<\/div>\n\t\t\t\t<\/div>\n\t\t\t\t\t<\/div>\n\t\t\t\t<\/div>\n\t\t<div class=\"elementor-element elementor-element-bbc198a e-flex e-con-boxed e-con e-parent\" data-id=\"bbc198a\" data-element_type=\"container\" data-e-type=\"container\">\n\t\t\t\t\t<div class=\"e-con-inner\">\n\t\t\t\t<div class=\"elementor-element elementor-element-7b4a52a elementor-widget elementor-widget-heading\" data-id=\"7b4a52a\" data-element_type=\"widget\" data-e-type=\"widget\" data-widget_type=\"heading.default\">\n\t\t\t\t<div class=\"elementor-widget-container\">\n\t\t\t\t\t<h2 class=\"elementor-heading-title elementor-size-default\">Fioriere rotonde in acciaio corten Caratteristiche<\/h2>\t\t\t\t<\/div>\n\t\t\t\t<\/div>\n\t\t\t\t<div class=\"elementor-element elementor-element-0c4ccc2 elementor-widget elementor-widget-text-editor\" data-id=\"0c4ccc2\" data-element_type=\"widget\" data-e-type=\"widget\" data-widget_type=\"text-editor.default\">\n\t\t\t\t<div class=\"elementor-widget-container\">\n\t\t\t\t\t\t\t\t\t<ul><li>Completamente assemblato e saldato<\/li><li>Fori di drenaggio disponibili<\/li><li>Spessore: 1,5 - 3 mm<\/li><li>Diametro: 40 - 100 cm, o personalizzato<\/li><li>Altezza: 40 -100 cm, o personalizzata<\/li><li>Disponibile con o senza base di appoggio<\/li><li>Finitura del bordo superiore\/labbro<\/li><li>Nel corso del tempo, sulla superficie dell'acciaio esposto agli agenti atmosferici si forma una patina protettiva marrone scuro o marrone violaceo, uniforme e praticamente stabile.<\/li><\/ul>\t\t\t\t\t\t\t\t<\/div>\n\t\t\t\t<\/div>\n\t\t\t\t\t<\/div>\n\t\t\t\t<\/div>\n\t\t<div class=\"elementor-element elementor-element-d7d49bd e-flex e-con-boxed e-con e-parent\" data-id=\"d7d49bd\" data-element_type=\"container\" data-e-type=\"container\">\n\t\t\t\t\t<div class=\"e-con-inner\">\n\t\t\t\t<div class=\"elementor-element elementor-element-f6d1045 elementor-widget elementor-widget-heading\" data-id=\"f6d1045\" data-element_type=\"widget\" data-e-type=\"widget\" data-widget_type=\"heading.default\">\n\t\t\t\t<div class=\"elementor-widget-container\">\n\t\t\t\t\t<h2 class=\"elementor-heading-title elementor-size-default\">Capacit\u00e0 di personalizzazione della fioriera rotonda in acciaio corten\n<\/h2>\t\t\t\t<\/div>\n\t\t\t\t<\/div>\n\t\t\t\t<div class=\"elementor-element elementor-element-dde199f elementor-widget elementor-widget-text-editor\" data-id=\"dde199f\" data-element_type=\"widget\" data-e-type=\"widget\" data-widget_type=\"text-editor.default\">\n\t\t\t\t<div class=\"elementor-widget-container\">\n\t\t\t\t\t\t\t\t\t<p>In qualit\u00e0 di fornitore leader di fioriere in acciaio corten, HNJBL dispone di un team di progettazione professionale; i clienti devono solo fornire i parametri richiesti, come diametro, altezza e spessore. Il nostro team di ingegneri garantisce flessibilit\u00e0 nelle dimensioni e nei trattamenti superficiali, completando gli ordini con cicli di produzione rapidi.<\/p>\t\t\t\t\t\t\t\t<\/div>\n\t\t\t\t<\/div>\n\t\t\t\t<div class=\"elementor-element elementor-element-c5be2dc elementor-widget elementor-widget-text-editor\" data-id=\"c5be2dc\" data-element_type=\"widget\" data-e-type=\"widget\" data-widget_type=\"text-editor.default\">\n\t\t\t\t<div class=\"elementor-widget-container\">\n\t\t\t\t\t\t\t\t\t<p><strong>Dimensioni e spessore<\/strong><\/p><p>Personalizzabile su qualsiasi diametro e altezza in base ai requisiti del progetto, con diverse opzioni di spessore della piastra d'acciaio per adattarsi a spazi paesaggistici e requisiti di carico diversi.<\/p>\t\t\t\t\t\t\t\t<\/div>\n\t\t\t\t<\/div>\n\t\t\t\t<div class=\"elementor-element elementor-element-2e1f09a elementor-widget elementor-widget-text-editor\" data-id=\"2e1f09a\" data-element_type=\"widget\" data-e-type=\"widget\" data-widget_type=\"text-editor.default\">\n\t\t\t\t<div class=\"elementor-widget-container\">\n\t\t\t\t\t\t\t\t\t<p><strong>Drenaggio e Piedi Raied\/Base<\/strong><\/p><p>I fori di drenaggio inferiori possono essere riservati e i piedini\/la base rialzati sono inclusi per garantire un drenaggio senza ostacoli e un posizionamento in piano, favorendo la crescita sana delle piante.<\/p>\t\t\t\t\t\t\t\t<\/div>\n\t\t\t\t<\/div>\n\t\t\t\t<div class=\"elementor-element elementor-element-99f734e elementor-widget elementor-widget-text-editor\" data-id=\"99f734e\" data-element_type=\"widget\" data-e-type=\"widget\" data-widget_type=\"text-editor.default\">\n\t\t\t\t<div class=\"elementor-widget-container\">\n\t\t\t\t\t\t\t\t\t<p><strong>Integrazione funzionale<\/strong><\/p><p>Progettate come fioriere-recinto o come panchine, con bordi rinforzati lungo il bordo esterno. Questo design a doppia funzione combina la funzionalit\u00e0 di piantagione con la capacit\u00e0 di seduta, offrendo un'utilit\u00e0 aggiuntiva per complessi commerciali e ambienti simili.<\/p>\t\t\t\t\t\t\t\t<\/div>\n\t\t\t\t<\/div>\n\t\t\t\t<div class=\"elementor-element elementor-element-fa581a8 elementor-widget elementor-widget-text-editor\" data-id=\"fa581a8\" data-element_type=\"widget\" data-e-type=\"widget\" data-widget_type=\"text-editor.default\">\n\t\t\t\t<div class=\"elementor-widget-container\">\n\t\t\t\t\t\t\t\t\t<p><strong>Finitura superficiale<\/strong><\/p><p>Le fioriere in acciaio corten sono disponibili con un trattamento pre-tempestivo e un rivestimento sigillante trasparente prima della produzione. Impedisce la formazione di ruggine e protegge le superfici dure adiacenti dalle macchie.<\/p>\t\t\t\t\t\t\t\t<\/div>\n\t\t\t\t<\/div>\n\t\t\t\t\t<\/div>\n\t\t\t\t<\/div>\n\t\t<div class=\"elementor-element elementor-element-d53e7d4 e-flex e-con-boxed e-con e-parent\" data-id=\"d53e7d4\" data-element_type=\"container\" data-e-type=\"container\">\n\t\t\t\t\t<div class=\"e-con-inner\">\n\t\t\t\t<div class=\"elementor-element elementor-element-f919904 elementor-widget elementor-widget-image\" data-id=\"f919904\" data-element_type=\"widget\" data-e-type=\"widget\" data-widget_type=\"image.default\">\n\t\t\t\t<div class=\"elementor-widget-container\">\n\t\t\t\t\t\t\t\t\t\t\t\t\t\t\t<img decoding=\"async\" src=\"https:\/\/www.metalgardenpot.com\/wp-content\/uploads\/elementor\/thumbs\/modern-outdoor-corten-steel-planters-2-r8xh3gj7bytzg4z6eextvbjw9bhgah08tdq73v9e6g.jpg\" title=\"fioriere moderne da esterno in acciaio corten 2\" alt=\"corten steel planters round\" loading=\"lazy\" \/>\t\t\t\t\t\t\t\t\t\t\t\t\t\t\t<\/div>\n\t\t\t\t<\/div>\n\t\t\t\t<div class=\"elementor-element elementor-element-21839de elementor-widget elementor-widget-image\" data-id=\"21839de\" data-element_type=\"widget\" data-e-type=\"widget\" data-widget_type=\"image.default\">\n\t\t\t\t<div class=\"elementor-widget-container\">\n\t\t\t\t\t\t\t\t\t\t\t\t\t\t\t<img decoding=\"async\" width=\"564\" height=\"564\" src=\"https:\/\/www.metalgardenpot.com\/wp-content\/uploads\/2026\/01\/corten-steel-metal-planter.jpg\" class=\"attachment-full size-full wp-image-1384\" alt=\"corten steel planter\" srcset=\"https:\/\/www.metalgardenpot.com\/wp-content\/uploads\/2026\/01\/corten-steel-metal-planter.jpg 564w, https:\/\/www.metalgardenpot.com\/wp-content\/uploads\/2026\/01\/corten-steel-metal-planter-300x300.jpg 300w, https:\/\/www.metalgardenpot.com\/wp-content\/uploads\/2026\/01\/corten-steel-metal-planter-150x150.jpg 150w, https:\/\/www.metalgardenpot.com\/wp-content\/uploads\/2026\/01\/corten-steel-metal-planter-12x12.jpg 12w, https:\/\/www.metalgardenpot.com\/wp-content\/uploads\/2026\/01\/corten-steel-metal-planter-100x100.jpg 100w, https:\/\/www.metalgardenpot.com\/wp-content\/uploads\/2026\/01\/elementor\/thumbs\/corten-steel-metal-planter-150x150.jpg 700w\" sizes=\"(max-width: 564px) 100vw, 564px\" \/>\t\t\t\t\t\t\t\t\t\t\t\t\t\t\t<\/div>\n\t\t\t\t<\/div>\n\t\t\t\t\t<\/div>\n\t\t\t\t<\/div>\n\t\t<div class=\"elementor-element elementor-element-98d1015 e-flex e-con-boxed e-con e-parent\" data-id=\"98d1015\" data-element_type=\"container\" data-e-type=\"container\">\n\t\t\t\t\t<div class=\"e-con-inner\">\n\t\t\t\t<div class=\"elementor-element elementor-element-42ad7e1 elementor-widget elementor-widget-heading\" data-id=\"42ad7e1\" data-element_type=\"widget\" data-e-type=\"widget\" data-widget_type=\"heading.default\">\n\t\t\t\t<div class=\"elementor-widget-container\">\n\t\t\t\t\t<h3 class=\"elementor-heading-title elementor-size-default\">Come evitare che i vasi da fiori macchino il terreno\uff1f\n<\/h3>\t\t\t\t<\/div>\n\t\t\t\t<\/div>\n\t\t\t\t<div class=\"elementor-element elementor-element-9ee871f elementor-widget elementor-widget-text-editor\" data-id=\"9ee871f\" data-element_type=\"widget\" data-e-type=\"widget\" data-widget_type=\"text-editor.default\">\n\t\t\t\t<div class=\"elementor-widget-container\">\n\t\t\t\t\t\t\t\t\t<ol><li>Isolamento fisico: Posizionare le fioriere su materiali resistenti alle macchie, come ghiaia scura, una striscia di ghiaia o vassoi.<\/li><li>Piedi e base rialzati: Assicuratevi che i vasi abbiano dei piedini rialzati alla base, in modo da permettere all'acqua di ruggine di defluire sotto il vaso, invece di accumularsi nel punto in cui il bordo del vaso incontra il terreno.<\/li><li>Pre-tempra: I vasi che hanno subito un trattamento di pre-idratazione possono ridurre in modo significativo il deflusso iniziale dell'acqua di ruggine.<\/li><\/ol>\t\t\t\t\t\t\t\t<\/div>\n\t\t\t\t<\/div>\n\t\t\t\t\t<\/div>\n\t\t\t\t<\/div>\n\t\t\t\t<\/div>","protected":false},"excerpt":{"rendered":"<p>Le fioriere rotonde in acciaio corten sono adatte alla coltivazione di vari fiori e piante, ideali sia per uso residenziale che commerciale, e sono disponibili in diverse dimensioni per soddisfare le vostre esigenze.<\/p>\n<p>Forma: Rotondo, rotondo affusolato, ellittico<\/p>\n<p>Drenaggio: Opzionale<\/p>\n<p>Spessore: 1,5 - 3 mm<\/p>\n<p>Altezza: 40 -100 cm<\/p>\n<p>Le dimensioni possono essere personalizzate<\/p>","protected":false},"featured_media":1380,"comment_status":"closed","ping_status":"closed","template":"","meta":[],"product_brand":[],"product_cat":[21],"product_tag":[],"class_list":{"0":"post-1383","1":"product","2":"type-product","3":"status-publish","4":"has-post-thumbnail","6":"product_cat-corten-steel-planters","8":"first","9":"instock","10":"shipping-taxable","11":"product-type-simple"},"_links":{"self":[{"href":"https:\/\/www.metalgardenpot.com\/it\/wp-json\/wp\/v2\/product\/1383","targetHints":{"allow":["GET"]}}],"collection":[{"href":"https:\/\/www.metalgardenpot.com\/it\/wp-json\/wp\/v2\/product"}],"about":[{"href":"https:\/\/www.metalgardenpot.com\/it\/wp-json\/wp\/v2\/types\/product"}],"replies":[{"embeddable":true,"href":"https:\/\/www.metalgardenpot.com\/it\/wp-json\/wp\/v2\/comments?post=1383"}],"version-history":[{"count":1,"href":"https:\/\/www.metalgardenpot.com\/it\/wp-json\/wp\/v2\/product\/1383\/revisions"}],"predecessor-version":[{"id":1385,"href":"https:\/\/www.metalgardenpot.com\/it\/wp-json\/wp\/v2\/product\/1383\/revisions\/1385"}],"wp:featuredmedia":[{"embeddable":true,"href":"https:\/\/www.metalgardenpot.com\/it\/wp-json\/wp\/v2\/media\/1380"}],"wp:attachment":[{"href":"https:\/\/www.metalgardenpot.com\/it\/wp-json\/wp\/v2\/media?parent=1383"}],"wp:term":[{"taxonomy":"product_brand","embeddable":true,"href":"https:\/\/www.metalgardenpot.com\/it\/wp-json\/wp\/v2\/product_brand?post=1383"},{"taxonomy":"product_cat","embeddable":true,"href":"https:\/\/www.metalgardenpot.com\/it\/wp-json\/wp\/v2\/product_cat?post=1383"},{"taxonomy":"product_tag","embeddable":true,"href":"https:\/\/www.metalgardenpot.com\/it\/wp-json\/wp\/v2\/product_tag?post=1383"}],"curies":[{"name":"wp","href":"https:\/\/api.w.org\/{rel}","templated":true}]}}