{"id":159,"date":"2025-06-19T06:45:31","date_gmt":"2025-06-19T06:45:31","guid":{"rendered":"https:\/\/www.metalgardenpot.com\/?page_id=159"},"modified":"2025-12-22T14:46:23","modified_gmt":"2025-12-22T06:46:23","slug":"blog","status":"publish","type":"page","link":"https:\/\/www.metalgardenpot.com\/pt\/blog\/","title":{"rendered":"Blog"},"content":{"rendered":"<div data-elementor-type=\"wp-page\" data-elementor-id=\"159\" class=\"elementor elementor-159\" data-elementor-post-type=\"page\">\n\t\t\t\t<div class=\"elementor-element elementor-element-91e5180 e-flex e-con-boxed e-con e-parent\" data-id=\"91e5180\" data-element_type=\"container\" data-e-type=\"container\" data-settings=\"{&quot;background_background&quot;:&quot;classic&quot;,&quot;shape_divider_bottom&quot;:&quot;mountains&quot;}\">\n\t\t\t\t\t<div class=\"e-con-inner\">\n\t\t\t\t<div class=\"elementor-shape elementor-shape-bottom\" aria-hidden=\"true\" data-negative=\"false\">\n\t\t\t<svg xmlns=\"http:\/\/www.w3.org\/2000\/svg\" viewbox=\"0 0 1000 100\" preserveaspectratio=\"none\">\n\t<path class=\"elementor-shape-fill\" opacity=\"0.33\" d=\"M473,67.3c-203.9,88.3-263.1-34-320.3,0C66,119.1,0,59.7,0,59.7V0h1000v59.7 c0,0-62.1,26.1-94.9,29.3c-32.8,3.3-62.8-12.3-75.8-22.1C806,49.6,745.3,8.7,694.9,4.7S492.4,59,473,67.3z\"\/>\n\t<path class=\"elementor-shape-fill\" opacity=\"0.66\" d=\"M734,67.3c-45.5,0-77.2-23.2-129.1-39.1c-28.6-8.7-150.3-10.1-254,39.1 s-91.7-34.4-149.2,0C115.7,118.3,0,39.8,0,39.8V0h1000v36.5c0,0-28.2-18.5-92.1-18.5C810.2,18.1,775.7,67.3,734,67.3z\"\/>\n\t<path class=\"elementor-shape-fill\" d=\"M766.1,28.9c-200-57.5-266,65.5-395.1,19.5C242,1.8,242,5.4,184.8,20.6C128,35.8,132.3,44.9,89.9,52.5C28.6,63.7,0,0,0,0 h1000c0,0-9.9,40.9-83.6,48.1S829.6,47,766.1,28.9z\"\/>\n<\/svg>\t\t<\/div>\n\t\t\t\t<div class=\"elementor-element elementor-element-6721580 elementor-widget elementor-widget-heading\" data-id=\"6721580\" data-element_type=\"widget\" data-e-type=\"widget\" data-widget_type=\"heading.default\">\n\t\t\t\t<div class=\"elementor-widget-container\">\n\t\t\t\t\t<h1 class=\"elementor-heading-title elementor-size-default\">Blogue do plantador de metal para jardim HNJBL<\/h1>\t\t\t\t<\/div>\n\t\t\t\t<\/div>\n\t\t\t\t<div class=\"elementor-element elementor-element-2b53ecd elementor-widget elementor-widget-text-editor\" data-id=\"2b53ecd\" data-element_type=\"widget\" data-e-type=\"widget\" data-widget_type=\"text-editor.default\">\n\t\t\t\t<div class=\"elementor-widget-container\">\n\t\t\t\t\t\t\t\t\t<p>O nosso <strong>plantador<\/strong> os especialistas em design d\u00e3o vida aos seus espa\u00e7os exteriores - com beleza e sem esfor\u00e7o!<\/p><p>Aqui, descobrir\u00e1 tudo o que precisa de saber sobre <strong>Plantadores de metal HNJBL<\/strong>. Quer esteja \u00e0 procura de inspira\u00e7\u00e3o para layouts de jardins modernos, dicas para escolher o<strong> A\u00e7o Corten<\/strong> ou <strong>plantador de a\u00e7o inoxid\u00e1vel<\/strong>, ou aconselhamento especializado sobre personaliza\u00e7\u00e3o e instala\u00e7\u00e3o - estamos aqui para o ajudar a crescer com estilo.<\/p>\t\t\t\t\t\t\t\t<\/div>\n\t\t\t\t<\/div>\n\t\t\t\t\t<\/div>\n\t\t\t\t<\/div>\n\t\t<div class=\"elementor-element elementor-element-1874a81 e-flex e-con-boxed e-con e-parent\" data-id=\"1874a81\" data-element_type=\"container\" data-e-type=\"container\">\n\t\t\t\t\t<div class=\"e-con-inner\">\n\t\t\t\t<div class=\"elementor-element elementor-element-08bd79e elementor-grid-3 elementor-grid-tablet-2 elementor-grid-mobile-1 elementor-posts--thumbnail-top elementor-posts--show-avatar elementor-card-shadow-yes elementor-posts__hover-gradient elementor-widget elementor-widget-posts\" data-id=\"08bd79e\" data-element_type=\"widget\" data-e-type=\"widget\" data-settings=\"{&quot;pagination_type&quot;:&quot;numbers_and_prev_next&quot;,&quot;cards_columns&quot;:&quot;3&quot;,&quot;cards_columns_tablet&quot;:&quot;2&quot;,&quot;cards_columns_mobile&quot;:&quot;1&quot;,&quot;cards_row_gap&quot;:{&quot;unit&quot;:&quot;px&quot;,&quot;size&quot;:35,&quot;sizes&quot;:[]},&quot;cards_row_gap_tablet&quot;:{&quot;unit&quot;:&quot;px&quot;,&quot;size&quot;:&quot;&quot;,&quot;sizes&quot;:[]},&quot;cards_row_gap_mobile&quot;:{&quot;unit&quot;:&quot;px&quot;,&quot;size&quot;:&quot;&quot;,&quot;sizes&quot;:[]}}\" data-widget_type=\"posts.cards\">\n\t\t\t\t<div class=\"elementor-widget-container\">\n\t\t\t\t\t\t\t<div class=\"elementor-posts-container elementor-posts elementor-posts--skin-cards elementor-grid\" role=\"list\">\n\t\t\t\t<article class=\"elementor-post elementor-grid-item post-1441 post type-post status-publish format-standard hentry category-uncategorized\" role=\"listitem\">\n\t\t\t<div class=\"elementor-post__card\">\n\t\t\t\t<div class=\"elementor-post__text\">\n\t\t\t\t<h3 class=\"elementor-post__title\">\n\t\t\t<a href=\"https:\/\/www.metalgardenpot.com\/pt\/why-choose-stainless-steel-planters\/\" target=\"&quot;_blank&quot;\">\n\t\t\t\tPorqu\u00ea escolher plantadores de a\u00e7o inoxid\u00e1vel? Pr\u00f3s e contras\t\t\t<\/a>\n\t\t<\/h3>\n\t\t\t\t<div class=\"elementor-post__excerpt\">\n\t\t\t<p>Entre os v\u00e1rios metais, as jardineiras em a\u00e7o inoxid\u00e1vel s\u00e3o preferidas pelas suas vantagens \u00fanicas: forte resist\u00eancia \u00e0 corros\u00e3o e preven\u00e7\u00e3o da ferrugem a longo prazo, o que as torna particularmente adequadas para ambientes costeiros e de elevada humidade; constru\u00e7\u00e3o robusta e longa vida \u00fatil (at\u00e9 10-20 anos), ideal para aplica\u00e7\u00f5es que requerem rega frequente; e versatilidade nas formas e acabamentos de superf\u00edcie (polido, escovado, pintado, revestido, etc.) para satisfazer as exig\u00eancias est\u00e9ticas em diferentes situa\u00e7\u00f5es.<\/p>\n\t\t<\/div>\n\t\t\t\t\t<div class=\"elementor-post__read-more-wrapper\">\n\t\t\n\t\t<a class=\"elementor-post__read-more\" href=\"https:\/\/www.metalgardenpot.com\/pt\/why-choose-stainless-steel-planters\/\" aria-label=\"Read more about Why Choose Stainless Steel Planters? Pros and Cons\" tabindex=\"-1\" target=\"_blank\">\n\t\t\tLer mais \u00bb\t\t<\/a>\n\n\t\t\t\t\t<\/div>\n\t\t\t\t<\/div>\n\t\t\t\t\t<\/div>\n\t\t<\/article>\n\t\t\t\t<article class=\"elementor-post elementor-grid-item post-1401 post type-post status-publish format-standard hentry category-uncategorized\" role=\"listitem\">\n\t\t\t<div class=\"elementor-post__card\">\n\t\t\t\t<div class=\"elementor-post__text\">\n\t\t\t\t<h3 class=\"elementor-post__title\">\n\t\t\t<a href=\"https:\/\/www.metalgardenpot.com\/pt\/what-are-the-benefits-of-corten-steel-planters\/\" target=\"&quot;_blank&quot;\">\n\t\t\t\tQuais s\u00e3o as vantagens das jardineiras de a\u00e7o corten?\t\t\t<\/a>\n\t\t<\/h3>\n\t\t\t\t<div class=\"elementor-post__excerpt\">\n\t\t\t<p>Encontrar materiais dur\u00e1veis, fi\u00e1veis e esteticamente agrad\u00e1veis para plantadores de grandes dimens\u00f5es \u00e9 um desafio comum enfrentado por paisagistas e propriet\u00e1rios de projectos. Muitas solu\u00e7\u00f5es comuns debatem-se com<\/p>\n\t\t<\/div>\n\t\t\t\t\t<div class=\"elementor-post__read-more-wrapper\">\n\t\t\n\t\t<a class=\"elementor-post__read-more\" href=\"https:\/\/www.metalgardenpot.com\/pt\/what-are-the-benefits-of-corten-steel-planters\/\" aria-label=\"Read more about What Are the Benefits of Corten Steel Planters?\" tabindex=\"-1\" target=\"_blank\">\n\t\t\tLer mais \u00bb\t\t<\/a>\n\n\t\t\t\t\t<\/div>\n\t\t\t\t<\/div>\n\t\t\t\t\t<\/div>\n\t\t<\/article>\n\t\t\t\t<article class=\"elementor-post elementor-grid-item post-1313 post type-post status-publish format-standard hentry category-uncategorized\" role=\"listitem\">\n\t\t\t<div class=\"elementor-post__card\">\n\t\t\t\t<div class=\"elementor-post__text\">\n\t\t\t\t<h3 class=\"elementor-post__title\">\n\t\t\t<a href=\"https:\/\/www.metalgardenpot.com\/pt\/corten-vs-aluminum-planters-which-is-better\/\" target=\"&quot;_blank&quot;\">\n\t\t\t\tPlantadores em corten vs. alum\u00ednio: qual \u00e9 o melhor para uso externo?\t\t\t<\/a>\n\t\t<\/h3>\n\t\t\t\t<div class=\"elementor-post__excerpt\">\n\t\t\t<p>No design paisag\u00edstico e nos projectos de arquitetura, a sele\u00e7\u00e3o de materiais que combinem est\u00e9tica, durabilidade, rentabilidade e impacto ambiental tornou-se crucial. Muitos materiais comuns para vasos de plantas<\/p>\n\t\t<\/div>\n\t\t\t\t\t<div class=\"elementor-post__read-more-wrapper\">\n\t\t\n\t\t<a class=\"elementor-post__read-more\" href=\"https:\/\/www.metalgardenpot.com\/pt\/corten-vs-aluminum-planters-which-is-better\/\" aria-label=\"Read more about Corten vs Aluminum Planters: Which Is Better for Outdoor Use?\" tabindex=\"-1\" target=\"_blank\">\n\t\t\tLer mais \u00bb\t\t<\/a>\n\n\t\t\t\t\t<\/div>\n\t\t\t\t<\/div>\n\t\t\t\t\t<\/div>\n\t\t<\/article>\n\t\t\t\t<article class=\"elementor-post elementor-grid-item post-1212 post type-post status-publish format-standard hentry category-uncategorized\" role=\"listitem\">\n\t\t\t<div class=\"elementor-post__card\">\n\t\t\t\t<div class=\"elementor-post__text\">\n\t\t\t\t<h3 class=\"elementor-post__title\">\n\t\t\t<a href=\"https:\/\/www.metalgardenpot.com\/pt\/corten-steel-vs-common-steel-comparison-of-differences-in-garden-applications\/\" target=\"&quot;_blank&quot;\">\n\t\t\t\tA\u00e7o Corten vs. A\u00e7o comum: compara\u00e7\u00e3o das diferen\u00e7as nas aplica\u00e7\u00f5es em jardins\t\t\t<\/a>\n\t\t<\/h3>\n\t\t\t\t<div class=\"elementor-post__excerpt\">\n\t\t\t<p>Nos projectos de jardinagem, o a\u00e7o corten tornou-se o novo favorito dos arquitectos paisagistas e promotores modernos devido \u00e0 sua resist\u00eancia \u00fanica \u00e0 corros\u00e3o, aos requisitos de n\u00e3o manuten\u00e7\u00e3o e<\/p>\n\t\t<\/div>\n\t\t\t\t\t<div class=\"elementor-post__read-more-wrapper\">\n\t\t\n\t\t<a class=\"elementor-post__read-more\" href=\"https:\/\/www.metalgardenpot.com\/pt\/corten-steel-vs-common-steel-comparison-of-differences-in-garden-applications\/\" aria-label=\"Read more about Corten Steel vs.Common Steel:Comparison of Differences in Garden Applications\" tabindex=\"-1\" target=\"_blank\">\n\t\t\tLer mais \u00bb\t\t<\/a>\n\n\t\t\t\t\t<\/div>\n\t\t\t\t<\/div>\n\t\t\t\t\t<\/div>\n\t\t<\/article>\n\t\t\t\t<\/div>\n\t\t\n\t\t\t\t\t\t<\/div>\n\t\t\t\t<\/div>\n\t\t\t\t\t<\/div>\n\t\t\t\t<\/div>\n\t\t<div class=\"elementor-element elementor-element-8cbda61 e-flex e-con-boxed e-con e-parent\" data-id=\"8cbda61\" data-element_type=\"container\" data-e-type=\"container\">\n\t\t\t\t\t<div class=\"e-con-inner\">\n\t\t\t\t\t<\/div>\n\t\t\t\t<\/div>\n\t\t\t\t<\/div>","protected":false},"excerpt":{"rendered":"<p>HNJBL garden metal planter blog Our planter design experts bring life to your outdoor spaces\u2014beautifully and effortlessly! Here, you\u2019ll discover everything you need to know about HNJBL metal planters. Whether you&#8217;re seeking inspiration for modern garden layouts, tips on choosing the right Corten steel or stainless steel planter, or expert advice on customization and installation\u2014we\u2019re [&hellip;]<\/p>\n","protected":false},"author":1,"featured_media":0,"parent":0,"menu_order":0,"comment_status":"closed","ping_status":"closed","template":"","meta":{"footnotes":""},"class_list":["post-159","page","type-page","status-publish","hentry"],"_links":{"self":[{"href":"https:\/\/www.metalgardenpot.com\/pt\/wp-json\/wp\/v2\/pages\/159","targetHints":{"allow":["GET"]}}],"collection":[{"href":"https:\/\/www.metalgardenpot.com\/pt\/wp-json\/wp\/v2\/pages"}],"about":[{"href":"https:\/\/www.metalgardenpot.com\/pt\/wp-json\/wp\/v2\/types\/page"}],"author":[{"embeddable":true,"href":"https:\/\/www.metalgardenpot.com\/pt\/wp-json\/wp\/v2\/users\/1"}],"replies":[{"embeddable":true,"href":"https:\/\/www.metalgardenpot.com\/pt\/wp-json\/wp\/v2\/comments?post=159"}],"version-history":[{"count":9,"href":"https:\/\/www.metalgardenpot.com\/pt\/wp-json\/wp\/v2\/pages\/159\/revisions"}],"predecessor-version":[{"id":1327,"href":"https:\/\/www.metalgardenpot.com\/pt\/wp-json\/wp\/v2\/pages\/159\/revisions\/1327"}],"wp:attachment":[{"href":"https:\/\/www.metalgardenpot.com\/pt\/wp-json\/wp\/v2\/media?parent=159"}],"curies":[{"name":"wp","href":"https:\/\/api.w.org\/{rel}","templated":true}]}}