{"id":1251,"date":"2025-11-26T17:14:39","date_gmt":"2025-11-26T09:14:39","guid":{"rendered":"https:\/\/www.metalgardenpot.com\/?post_type=product&#038;p=1251"},"modified":"2025-11-26T17:14:39","modified_gmt":"2025-11-26T09:14:39","slug":"stainless-steel-planter-box","status":"publish","type":"product","link":"https:\/\/www.metalgardenpot.com\/pt\/stainless-steel-planter-box\/","title":{"rendered":"Caixa de jardinagem em a\u00e7o inoxid\u00e1vel"},"content":{"rendered":"<div data-elementor-type=\"product-post\" data-elementor-id=\"1251\" class=\"elementor elementor-1251\" data-elementor-post-type=\"product\">\n\t\t\t\t<div class=\"elementor-element elementor-element-d736487 e-flex e-con-boxed e-con e-parent\" data-id=\"d736487\" data-element_type=\"container\" data-e-type=\"container\">\n\t\t\t\t\t<div class=\"e-con-inner\">\n\t\t\t\t<div class=\"elementor-element elementor-element-426d64c elementor-widget elementor-widget-text-editor\" data-id=\"426d64c\" data-element_type=\"widget\" data-e-type=\"widget\" data-widget_type=\"text-editor.default\">\n\t\t\t\t<div class=\"elementor-widget-container\">\n\t\t\t\t\t\t\t\t\t<p>Como um recipiente para plantas, o vaso para plantas evoluiu de um simples recipiente de planta\u00e7\u00e3o para um elemento de design que combina praticidade com apelo decorativo. Entre os v\u00e1rios materiais utilizados para vasos de plantas, o a\u00e7o inoxid\u00e1vel tem vindo a ganhar gradualmente a prefer\u00eancia de designers e consumidores pela sua textura met\u00e1lica distinta, linhas concisas e propriedades f\u00edsicas excepcionais. As caixas para plantas em a\u00e7o inoxid\u00e1vel, com o seu acabamento espelhado e a sua excecional resist\u00eancia \u00e0 ferrugem, tornaram-se uma escolha popular para a jardinagem exterior.<\/p>\t\t\t\t\t\t\t\t<\/div>\n\t\t\t\t<\/div>\n\t\t\t\t<div class=\"elementor-element elementor-element-025afe1 elementor-widget elementor-widget-text-editor\" data-id=\"025afe1\" data-element_type=\"widget\" data-e-type=\"widget\" data-widget_type=\"text-editor.default\">\n\t\t\t\t<div class=\"elementor-widget-container\">\n\t\t\t\t\t\t\t\t\t<p>A caixa de jardinagem em a\u00e7o inoxid\u00e1vel \u00e9 fabricada em a\u00e7o inoxid\u00e1vel 304\/316 de alta qualidade, com excelente resist\u00eancia \u00e0 corros\u00e3o e \u00e0s intemp\u00e9ries, pode resistir \u00e0 ferrugem ou ao desvanecimento em ambientes costeiros, chuvosos e sob luz solar intensa, permitindo uma utiliza\u00e7\u00e3o a longo prazo no exterior sem substitui\u00e7\u00e3o ou manuten\u00e7\u00e3o frequentes. O material em a\u00e7o inoxid\u00e1vel \u00e9 robusto e est\u00e1vel, evitando fissuras ou deforma\u00e7\u00f5es mesmo quando carregado com grandes volumes de solo e plantas, ao contr\u00e1rio das caixas de pl\u00e1stico ou de madeira comuns.<\/p><p><span style=\"font-size: 1rem;\">Oferecemos solu\u00e7\u00f5es personalizadas: Acess\u00f3rios funcionais como orif\u00edcios de drenagem, tabuleiros de \u00e1gua e revestimentos podem ser adicionados conforme necess\u00e1rio para melhorar a drenagem e a reten\u00e7\u00e3o de humidade, proteger as ra\u00edzes das plantas e reduzir a manuten\u00e7\u00e3o cont\u00ednua.<\/span><\/p>\t\t\t\t\t\t\t\t<\/div>\n\t\t\t\t<\/div>\n\t\t\t\t\t<\/div>\n\t\t\t\t<\/div>\n\t\t<div class=\"elementor-element elementor-element-ad54344 e-flex e-con-boxed e-con e-parent\" data-id=\"ad54344\" data-element_type=\"container\" data-e-type=\"container\">\n\t\t\t\t\t<div class=\"e-con-inner\">\n\t\t\t\t<div class=\"elementor-element elementor-element-cf65f2f elementor-widget elementor-widget-image\" data-id=\"cf65f2f\" data-element_type=\"widget\" data-e-type=\"widget\" data-widget_type=\"image.default\">\n\t\t\t\t<div class=\"elementor-widget-container\">\n\t\t\t\t\t\t\t\t\t\t\t\t\t\t\t<img fetchpriority=\"high\" decoding=\"async\" width=\"800\" height=\"450\" src=\"https:\/\/www.metalgardenpot.com\/wp-content\/uploads\/2025\/06\/Custom_Stainless_Steel_Planters_Supplier-1-1024x576.jpg\" class=\"attachment-large size-large wp-image-284\" alt=\"Stainless Steel Planter Box\" srcset=\"https:\/\/www.metalgardenpot.com\/wp-content\/uploads\/2025\/06\/Custom_Stainless_Steel_Planters_Supplier-1-1024x576.jpg 1024w, https:\/\/www.metalgardenpot.com\/wp-content\/uploads\/2025\/06\/Custom_Stainless_Steel_Planters_Supplier-1-300x169.jpg 300w, https:\/\/www.metalgardenpot.com\/wp-content\/uploads\/2025\/06\/Custom_Stainless_Steel_Planters_Supplier-1-768x432.jpg 768w, https:\/\/www.metalgardenpot.com\/wp-content\/uploads\/2025\/06\/Custom_Stainless_Steel_Planters_Supplier-1-1536x864.jpg 1536w, https:\/\/www.metalgardenpot.com\/wp-content\/uploads\/2025\/06\/Custom_Stainless_Steel_Planters_Supplier-1-18x10.jpg 18w, https:\/\/www.metalgardenpot.com\/wp-content\/uploads\/2025\/06\/Custom_Stainless_Steel_Planters_Supplier-1-700x394.jpg 700w, https:\/\/www.metalgardenpot.com\/wp-content\/uploads\/2025\/06\/Custom_Stainless_Steel_Planters_Supplier-1.jpg 1664w\" sizes=\"(max-width: 800px) 100vw, 800px\" \/>\t\t\t\t\t\t\t\t\t\t\t\t\t\t\t<\/div>\n\t\t\t\t<\/div>\n\t\t\t\t<div class=\"elementor-element elementor-element-1d2614b elementor-widget elementor-widget-image\" data-id=\"1d2614b\" data-element_type=\"widget\" data-e-type=\"widget\" data-widget_type=\"image.default\">\n\t\t\t\t<div class=\"elementor-widget-container\">\n\t\t\t\t\t\t\t\t\t\t\t\t\t\t\t<img decoding=\"async\" width=\"800\" height=\"450\" src=\"https:\/\/www.metalgardenpot.com\/wp-content\/uploads\/2025\/06\/Custom_Stainless_Steel_Planters_Supplier-2-1024x576.jpg\" class=\"attachment-large size-large wp-image-285\" alt=\"stainless steel planter pot\" srcset=\"https:\/\/www.metalgardenpot.com\/wp-content\/uploads\/2025\/06\/Custom_Stainless_Steel_Planters_Supplier-2-1024x576.jpg 1024w, https:\/\/www.metalgardenpot.com\/wp-content\/uploads\/2025\/06\/Custom_Stainless_Steel_Planters_Supplier-2-300x169.jpg 300w, https:\/\/www.metalgardenpot.com\/wp-content\/uploads\/2025\/06\/Custom_Stainless_Steel_Planters_Supplier-2-768x432.jpg 768w, https:\/\/www.metalgardenpot.com\/wp-content\/uploads\/2025\/06\/Custom_Stainless_Steel_Planters_Supplier-2-1536x864.jpg 1536w, https:\/\/www.metalgardenpot.com\/wp-content\/uploads\/2025\/06\/Custom_Stainless_Steel_Planters_Supplier-2-18x10.jpg 18w, https:\/\/www.metalgardenpot.com\/wp-content\/uploads\/2025\/06\/Custom_Stainless_Steel_Planters_Supplier-2-700x394.jpg 700w, https:\/\/www.metalgardenpot.com\/wp-content\/uploads\/2025\/06\/Custom_Stainless_Steel_Planters_Supplier-2.jpg 1664w\" sizes=\"(max-width: 800px) 100vw, 800px\" \/>\t\t\t\t\t\t\t\t\t\t\t\t\t\t\t<\/div>\n\t\t\t\t<\/div>\n\t\t\t\t\t<\/div>\n\t\t\t\t<\/div>\n\t\t<div class=\"elementor-element elementor-element-9a1999f e-flex e-con-boxed e-con e-parent\" data-id=\"9a1999f\" data-element_type=\"container\" data-e-type=\"container\">\n\t\t\t\t\t<div class=\"e-con-inner\">\n\t\t\t\t<div class=\"elementor-element elementor-element-49000e9 elementor-widget elementor-widget-heading\" data-id=\"49000e9\" data-element_type=\"widget\" data-e-type=\"widget\" data-widget_type=\"heading.default\">\n\t\t\t\t<div class=\"elementor-widget-container\">\n\t\t\t\t\t<h2 class=\"elementor-heading-title elementor-size-default\">Sele\u00e7\u00e3o de materiais para caixas de jardinagem em a\u00e7o inoxid\u00e1vel<\/h2>\t\t\t\t<\/div>\n\t\t\t\t<\/div>\n\t\t\t\t<div class=\"elementor-element elementor-element-fb6bee2 elementor-widget elementor-widget-text-editor\" data-id=\"fb6bee2\" data-element_type=\"widget\" data-e-type=\"widget\" data-widget_type=\"text-editor.default\">\n\t\t\t\t<div class=\"elementor-widget-container\">\n\t\t\t\t\t\t\t\t\t<p>A\u00e7o inoxid\u00e1vel 304: O material mais utilizado para o fabrico de floreiras em a\u00e7o inoxid\u00e1vel. O a\u00e7o inoxid\u00e1vel 304 pertence \u00e0 fam\u00edlia dos a\u00e7os inoxid\u00e1veis austen\u00edticos, contendo cerca de 18% de cr\u00f3mio e 8% de n\u00edquel, e oferece uma excelente resist\u00eancia \u00e0 corros\u00e3o, permitindo-lhe suportar a corros\u00e3o provocada por subst\u00e2ncias \u00e1cidas e alcalinas comuns presentes na atmosfera, nas massas de \u00e1gua e no solo. Oferece tamb\u00e9m uma capacidade de trabalho e um acabamento de superf\u00edcie superiores, o que o torna altamente rent\u00e1vel.<\/p><p>A\u00e7o inoxid\u00e1vel 316: Em compara\u00e7\u00e3o com o a\u00e7o inoxid\u00e1vel 304, o a\u00e7o inoxid\u00e1vel 316 cont\u00e9m molibd\u00e9nio (Mo) adicional, aumentando significativamente a sua resist\u00eancia \u00e0 corros\u00e3o por cloretos. \u00c9 a escolha ideal para zonas costeiras, ambientes de piscina e aplica\u00e7\u00f5es exteriores onde a exposi\u00e7\u00e3o a subst\u00e2ncias que cont\u00eam sal, como agentes de degelo, embora de custo mais elevado.<\/p>\t\t\t\t\t\t\t\t<\/div>\n\t\t\t\t<\/div>\n\t\t\t\t\t<\/div>\n\t\t\t\t<\/div>\n\t\t<div class=\"elementor-element elementor-element-2677227 e-flex e-con-boxed e-con e-parent\" data-id=\"2677227\" data-element_type=\"container\" data-e-type=\"container\">\n\t\t\t\t\t<div class=\"e-con-inner\">\n\t\t\t\t<div class=\"elementor-element elementor-element-e6d3f69 elementor-widget elementor-widget-heading\" data-id=\"e6d3f69\" data-element_type=\"widget\" data-e-type=\"widget\" data-widget_type=\"heading.default\">\n\t\t\t\t<div class=\"elementor-widget-container\">\n\t\t\t\t\t<h2 class=\"elementor-heading-title elementor-size-default\">Tratamento de superf\u00edcie de plantador de a\u00e7o inoxid\u00e1vel<\/h2>\t\t\t\t<\/div>\n\t\t\t\t<\/div>\n\t\t\t\t<div class=\"elementor-element elementor-element-54cc7f2 elementor-widget elementor-widget-text-editor\" data-id=\"54cc7f2\" data-element_type=\"widget\" data-e-type=\"widget\" data-widget_type=\"text-editor.default\">\n\t\t\t\t<div class=\"elementor-widget-container\">\n\t\t\t\t\t\t\t\t\t<p>Caixas de jardinagem em a\u00e7o inoxid\u00e1vel com v\u00e1rios acabamentos de superf\u00edcie para se adaptarem a diversos estilos de paisagem, para aumentar ainda mais a durabilidade.\u00a0<\/p><table><tbody><tr><td><strong>Tratamento de superf\u00edcie<\/strong><\/td><td><strong>Carater\u00edsticas<\/strong><\/td><\/tr><tr><td><b>Acabamento polido\/espelhado<\/b><\/td><td>Obt\u00e9m-se uma superf\u00edcie lisa e altamente reflectora como um espelho, criando uma est\u00e9tica moderna e luxuosa.<\/td><\/tr><tr><td><b>Acabamento escovado\/acetinado<\/b><\/td><td>Brilho suave mate ou acetinado com uma textura refinada que esconde eficazmente pequenos riscos e impress\u00f5es digitais.<\/td><\/tr><tr><td><b>Revestimento em p\u00f3<\/b><\/td><td>Oferece op\u00e7\u00f5es de cores ricas, forte ader\u00eancia e excelente resist\u00eancia \u00e0s intemp\u00e9ries. Proporciona \u00e0s jardineiras de a\u00e7o inoxid\u00e1vel praticamente qualquer aspeto de cor, acrescentando uma camada extra de prote\u00e7\u00e3o.<\/td><\/tr><tr><td><b>Deposi\u00e7\u00e3o F\u00edsica de Vapor<\/b><\/td><td>Forma uma pel\u00edcula de metal ou cer\u00e2mica dura e resistente ao desgaste nas superf\u00edcies de a\u00e7o inoxid\u00e1vel. \u00c9 poss\u00edvel obter uma variedade de efeitos de cor, como o ouro tit\u00e2nio, o ouro rosa e o tit\u00e2nio preto, enriquecendo consideravelmente as op\u00e7\u00f5es de design, mantendo o brilho e a resist\u00eancia originais do a\u00e7o inoxid\u00e1vel.<\/td><\/tr><\/tbody><\/table>\t\t\t\t\t\t\t\t<\/div>\n\t\t\t\t<\/div>\n\t\t\t\t\t<\/div>\n\t\t\t\t<\/div>\n\t\t<div class=\"elementor-element elementor-element-570c449 e-flex e-con-boxed e-con e-parent\" data-id=\"570c449\" data-element_type=\"container\" data-e-type=\"container\">\n\t\t\t\t\t<div class=\"e-con-inner\">\n\t\t\t\t<div class=\"elementor-element elementor-element-74d6ecb elementor-widget elementor-widget-image\" data-id=\"74d6ecb\" data-element_type=\"widget\" data-e-type=\"widget\" data-widget_type=\"image.default\">\n\t\t\t\t<div class=\"elementor-widget-container\">\n\t\t\t\t\t\t\t\t\t\t\t\t\t\t\t<img decoding=\"async\" width=\"768\" height=\"768\" src=\"https:\/\/www.metalgardenpot.com\/wp-content\/uploads\/2025\/06\/Brushed_Stainless_Steel_Flower_Pot-768x768.jpg\" class=\"attachment-medium_large size-medium_large wp-image-382\" alt=\"stainless steel planter box\" srcset=\"https:\/\/www.metalgardenpot.com\/wp-content\/uploads\/2025\/06\/Brushed_Stainless_Steel_Flower_Pot-768x768.jpg 768w, https:\/\/www.metalgardenpot.com\/wp-content\/uploads\/2025\/06\/Brushed_Stainless_Steel_Flower_Pot-300x300.jpg 300w, https:\/\/www.metalgardenpot.com\/wp-content\/uploads\/2025\/06\/Brushed_Stainless_Steel_Flower_Pot-150x150.jpg 150w, https:\/\/www.metalgardenpot.com\/wp-content\/uploads\/2025\/06\/Brushed_Stainless_Steel_Flower_Pot-12x12.jpg 12w, https:\/\/www.metalgardenpot.com\/wp-content\/uploads\/2025\/06\/Brushed_Stainless_Steel_Flower_Pot-700x700.jpg 700w, https:\/\/www.metalgardenpot.com\/wp-content\/uploads\/2025\/06\/Brushed_Stainless_Steel_Flower_Pot-100x100.jpg 100w, https:\/\/www.metalgardenpot.com\/wp-content\/uploads\/2025\/06\/Brushed_Stainless_Steel_Flower_Pot.jpg 790w\" sizes=\"(max-width: 768px) 100vw, 768px\" \/>\t\t\t\t\t\t\t\t\t\t\t\t\t\t\t<\/div>\n\t\t\t\t<\/div>\n\t\t\t\t<div class=\"elementor-element elementor-element-c20ae3c elementor-widget elementor-widget-image\" data-id=\"c20ae3c\" data-element_type=\"widget\" data-e-type=\"widget\" data-widget_type=\"image.default\">\n\t\t\t\t<div class=\"elementor-widget-container\">\n\t\t\t\t\t\t\t\t\t\t\t\t\t\t\t<img loading=\"lazy\" decoding=\"async\" width=\"768\" height=\"768\" src=\"https:\/\/www.metalgardenpot.com\/wp-content\/uploads\/2025\/06\/Matte_Stainless_Steel_Flower_Pot-768x768.jpg\" class=\"attachment-medium_large size-medium_large wp-image-381\" alt=\"Stainless Steel Planter\" srcset=\"https:\/\/www.metalgardenpot.com\/wp-content\/uploads\/2025\/06\/Matte_Stainless_Steel_Flower_Pot-768x768.jpg 768w, https:\/\/www.metalgardenpot.com\/wp-content\/uploads\/2025\/06\/Matte_Stainless_Steel_Flower_Pot-300x300.jpg 300w, https:\/\/www.metalgardenpot.com\/wp-content\/uploads\/2025\/06\/Matte_Stainless_Steel_Flower_Pot-150x150.jpg 150w, https:\/\/www.metalgardenpot.com\/wp-content\/uploads\/2025\/06\/Matte_Stainless_Steel_Flower_Pot-12x12.jpg 12w, https:\/\/www.metalgardenpot.com\/wp-content\/uploads\/2025\/06\/Matte_Stainless_Steel_Flower_Pot-700x700.jpg 700w, https:\/\/www.metalgardenpot.com\/wp-content\/uploads\/2025\/06\/Matte_Stainless_Steel_Flower_Pot-100x100.jpg 100w, https:\/\/www.metalgardenpot.com\/wp-content\/uploads\/2025\/06\/Matte_Stainless_Steel_Flower_Pot.jpg 800w\" sizes=\"(max-width: 768px) 100vw, 768px\" \/>\t\t\t\t\t\t\t\t\t\t\t\t\t\t\t<\/div>\n\t\t\t\t<\/div>\n\t\t\t\t<div class=\"elementor-element elementor-element-c729e3b elementor-widget elementor-widget-image\" data-id=\"c729e3b\" data-element_type=\"widget\" data-e-type=\"widget\" data-widget_type=\"image.default\">\n\t\t\t\t<div class=\"elementor-widget-container\">\n\t\t\t\t\t\t\t\t\t\t\t\t\t\t\t<img loading=\"lazy\" decoding=\"async\" width=\"768\" height=\"768\" src=\"https:\/\/www.metalgardenpot.com\/wp-content\/uploads\/2025\/06\/Mirror_Stainless_Steel_Flower_Pot-768x768.jpg\" class=\"attachment-medium_large size-medium_large wp-image-383\" alt=\"Stainless Steel Planter Pots\" srcset=\"https:\/\/www.metalgardenpot.com\/wp-content\/uploads\/2025\/06\/Mirror_Stainless_Steel_Flower_Pot-768x768.jpg 768w, https:\/\/www.metalgardenpot.com\/wp-content\/uploads\/2025\/06\/Mirror_Stainless_Steel_Flower_Pot-300x300.jpg 300w, https:\/\/www.metalgardenpot.com\/wp-content\/uploads\/2025\/06\/Mirror_Stainless_Steel_Flower_Pot-1024x1024.jpg 1024w, https:\/\/www.metalgardenpot.com\/wp-content\/uploads\/2025\/06\/Mirror_Stainless_Steel_Flower_Pot-150x150.jpg 150w, https:\/\/www.metalgardenpot.com\/wp-content\/uploads\/2025\/06\/Mirror_Stainless_Steel_Flower_Pot-12x12.jpg 12w, https:\/\/www.metalgardenpot.com\/wp-content\/uploads\/2025\/06\/Mirror_Stainless_Steel_Flower_Pot-700x700.jpg 700w, https:\/\/www.metalgardenpot.com\/wp-content\/uploads\/2025\/06\/Mirror_Stainless_Steel_Flower_Pot-100x100.jpg 100w, https:\/\/www.metalgardenpot.com\/wp-content\/uploads\/2025\/06\/Mirror_Stainless_Steel_Flower_Pot.jpg 1328w\" sizes=\"(max-width: 768px) 100vw, 768px\" \/>\t\t\t\t\t\t\t\t\t\t\t\t\t\t\t<\/div>\n\t\t\t\t<\/div>\n\t\t\t\t\t<\/div>\n\t\t\t\t<\/div>\n\t\t<div class=\"elementor-element elementor-element-9a337c2 e-flex e-con-boxed e-con e-parent\" data-id=\"9a337c2\" data-element_type=\"container\" data-e-type=\"container\">\n\t\t\t\t\t<div class=\"e-con-inner\">\n\t\t\t\t<div class=\"elementor-element elementor-element-7ca9832 elementor-widget elementor-widget-heading\" data-id=\"7ca9832\" data-element_type=\"widget\" data-e-type=\"widget\" data-widget_type=\"heading.default\">\n\t\t\t\t<div class=\"elementor-widget-container\">\n\t\t\t\t\t<h2 class=\"elementor-heading-title elementor-size-default\">Porqu\u00ea escolher-nos para o vaso de jardinagem<\/h2>\t\t\t\t<\/div>\n\t\t\t\t<\/div>\n\t\t\t\t\t<\/div>\n\t\t\t\t<\/div>\n\t\t<div class=\"elementor-element elementor-element-b0f8e64 e-flex e-con-boxed e-con e-parent\" data-id=\"b0f8e64\" data-element_type=\"container\" data-e-type=\"container\">\n\t\t\t\t\t<div class=\"e-con-inner\">\n\t\t\t\t<div class=\"elementor-element elementor-element-b6b02d2 elementor-widget elementor-widget-heading\" data-id=\"b6b02d2\" data-element_type=\"widget\" data-e-type=\"widget\" data-widget_type=\"heading.default\">\n\t\t\t\t<div class=\"elementor-widget-container\">\n\t\t\t\t\t<h3 class=\"elementor-heading-title elementor-size-default\">Durabilidade Premium<\/h3>\t\t\t\t<\/div>\n\t\t\t\t<\/div>\n\t\t\t\t<div class=\"elementor-element elementor-element-eed947d elementor-widget elementor-widget-text-editor\" data-id=\"eed947d\" data-element_type=\"widget\" data-e-type=\"widget\" data-widget_type=\"text-editor.default\">\n\t\t\t\t<div class=\"elementor-widget-container\">\n\t\t\t\t\t\t\t\t\t<p>Fabricado em a\u00e7o inoxid\u00e1vel 304\/316, resistente \u00e0 corros\u00e3o, \u00e0 prova de ferrugem e constru\u00eddo para durar. Ao contr\u00e1rio dos materiais tradicionais, n\u00e3o pode rachar, expandir ou desvanecer-se devido \u00e0 exposi\u00e7\u00e3o aos raios UV ou a altera\u00e7\u00f5es de humidade, reduzindo significativamente a frequ\u00eancia de substitui\u00e7\u00e3o e manuten\u00e7\u00e3o.<\/p>\t\t\t\t\t\t\t\t<\/div>\n\t\t\t\t<\/div>\n\t\t\t\t\t<\/div>\n\t\t\t\t<\/div>\n\t\t<div class=\"elementor-element elementor-element-2ca0e50 e-flex e-con-boxed e-con e-parent\" data-id=\"2ca0e50\" data-element_type=\"container\" data-e-type=\"container\">\n\t\t\t\t\t<div class=\"e-con-inner\">\n\t\t\t\t<div class=\"elementor-element elementor-element-c760e86 elementor-widget elementor-widget-heading\" data-id=\"c760e86\" data-element_type=\"widget\" data-e-type=\"widget\" data-widget_type=\"heading.default\">\n\t\t\t\t<div class=\"elementor-widget-container\">\n\t\t\t\t\t<h3 class=\"elementor-heading-title elementor-size-default\">Flexibilidade Personaliza\u00e7\u00e3o<\/h3>\t\t\t\t<\/div>\n\t\t\t\t<\/div>\n\t\t\t\t<div class=\"elementor-element elementor-element-0b96ddc elementor-widget elementor-widget-text-editor\" data-id=\"0b96ddc\" data-element_type=\"widget\" data-e-type=\"widget\" data-widget_type=\"text-editor.default\">\n\t\t\t\t<div class=\"elementor-widget-container\">\n\t\t\t\t\t\t\t\t\t<p>O a\u00e7o inoxid\u00e1vel \u00e9 altamente male\u00e1vel e pode ser moldado em v\u00e1rias formas geom\u00e9tricas e dimens\u00f5es atrav\u00e9s de corte, soldadura e outras t\u00e9cnicas. Desde o design de drenagem aos acabamentos de superf\u00edcie, adapta-se a requisitos de design personalizados e \u00e0 medida. Quer se trate de esculturas paisag\u00edsticas de grandes dimens\u00f5es ou de floreiras de mesa compactas, demonstra uma atra\u00e7\u00e3o art\u00edstica \u00fanica.<\/p>\t\t\t\t\t\t\t\t<\/div>\n\t\t\t\t<\/div>\n\t\t\t\t\t<\/div>\n\t\t\t\t<\/div>\n\t\t<div class=\"elementor-element elementor-element-6cf35eb e-flex e-con-boxed e-con e-parent\" data-id=\"6cf35eb\" data-element_type=\"container\" data-e-type=\"container\">\n\t\t\t\t\t<div class=\"e-con-inner\">\n\t\t\t\t<div class=\"elementor-element elementor-element-ab94044 elementor-widget elementor-widget-heading\" data-id=\"ab94044\" data-element_type=\"widget\" data-e-type=\"widget\" data-widget_type=\"heading.default\">\n\t\t\t\t<div class=\"elementor-widget-container\">\n\t\t\t\t\t<h3 class=\"elementor-heading-title elementor-size-default\">Higi\u00e9nico e amigo do ambiente<\/h3>\t\t\t\t<\/div>\n\t\t\t\t<\/div>\n\t\t\t\t<div class=\"elementor-element elementor-element-f5799e6 elementor-widget elementor-widget-text-editor\" data-id=\"f5799e6\" data-element_type=\"widget\" data-e-type=\"widget\" data-widget_type=\"text-editor.default\">\n\t\t\t\t<div class=\"elementor-widget-container\">\n\t\t\t\t\t\t\t\t\t<p>O a\u00e7o inoxid\u00e1vel n\u00e3o \u00e9 t\u00f3xico e \u00e9 inofensivo, n\u00e3o havendo lixivia\u00e7\u00e3o de subst\u00e2ncias nocivas para o solo, garantindo a seguran\u00e7a para o crescimento das plantas. Para al\u00e9m disso, o a\u00e7o inoxid\u00e1vel \u00e9 100% recicl\u00e1vel. No final do seu ciclo de vida, pode ser reciclado e reutilizado, reduzindo o consumo de recursos naturais e alinhando-se com os princ\u00edpios do desenvolvimento sustent\u00e1vel.<\/p>\t\t\t\t\t\t\t\t<\/div>\n\t\t\t\t<\/div>\n\t\t\t\t\t<\/div>\n\t\t\t\t<\/div>\n\t\t\t\t<\/div>","protected":false},"excerpt":{"rendered":"<p>Material:Caixa para plantas em a\u00e7o inoxid\u00e1vel<br \/>\nSize:80*80*60cm, 150*55*55cm,etc<br \/>\nSuporta a personaliza\u00e7\u00e3o em v\u00e1rias especifica\u00e7\u00f5es e estilos<br \/>\nSeguro<br \/>\nRobusto<br \/>\nEst\u00e9tica<br \/>\nPr\u00e1tico<\/p>","protected":false},"featured_media":1255,"comment_status":"closed","ping_status":"closed","template":"","meta":[],"product_brand":[34],"product_cat":[22],"product_tag":[],"class_list":{"0":"post-1251","1":"product","2":"type-product","3":"status-publish","4":"has-post-thumbnail","6":"product_brand-hnjbl","7":"product_cat-stainless-steel-planters","9":"first","10":"instock","11":"shipping-taxable","12":"product-type-simple"},"_links":{"self":[{"href":"https:\/\/www.metalgardenpot.com\/pt\/wp-json\/wp\/v2\/product\/1251","targetHints":{"allow":["GET"]}}],"collection":[{"href":"https:\/\/www.metalgardenpot.com\/pt\/wp-json\/wp\/v2\/product"}],"about":[{"href":"https:\/\/www.metalgardenpot.com\/pt\/wp-json\/wp\/v2\/types\/product"}],"replies":[{"embeddable":true,"href":"https:\/\/www.metalgardenpot.com\/pt\/wp-json\/wp\/v2\/comments?post=1251"}],"version-history":[{"count":4,"href":"https:\/\/www.metalgardenpot.com\/pt\/wp-json\/wp\/v2\/product\/1251\/revisions"}],"predecessor-version":[{"id":1258,"href":"https:\/\/www.metalgardenpot.com\/pt\/wp-json\/wp\/v2\/product\/1251\/revisions\/1258"}],"wp:featuredmedia":[{"embeddable":true,"href":"https:\/\/www.metalgardenpot.com\/pt\/wp-json\/wp\/v2\/media\/1255"}],"wp:attachment":[{"href":"https:\/\/www.metalgardenpot.com\/pt\/wp-json\/wp\/v2\/media?parent=1251"}],"wp:term":[{"taxonomy":"product_brand","embeddable":true,"href":"https:\/\/www.metalgardenpot.com\/pt\/wp-json\/wp\/v2\/product_brand?post=1251"},{"taxonomy":"product_cat","embeddable":true,"href":"https:\/\/www.metalgardenpot.com\/pt\/wp-json\/wp\/v2\/product_cat?post=1251"},{"taxonomy":"product_tag","embeddable":true,"href":"https:\/\/www.metalgardenpot.com\/pt\/wp-json\/wp\/v2\/product_tag?post=1251"}],"curies":[{"name":"wp","href":"https:\/\/api.w.org\/{rel}","templated":true}]}}