{"id":1293,"date":"2025-12-12T17:15:40","date_gmt":"2025-12-12T09:15:40","guid":{"rendered":"https:\/\/www.metalgardenpot.com\/?post_type=product&#038;p=1293"},"modified":"2025-12-12T17:15:40","modified_gmt":"2025-12-12T09:15:40","slug":"corten-steel-garden-edging","status":"publish","type":"product","link":"https:\/\/www.metalgardenpot.com\/pt\/corten-steel-garden-edging\/","title":{"rendered":"Borda de jardim em a\u00e7o Corten"},"content":{"rendered":"<div data-elementor-type=\"product-post\" data-elementor-id=\"1293\" class=\"elementor elementor-1293\" data-elementor-post-type=\"product\">\n\t\t\t\t<div class=\"elementor-element elementor-element-d8618b9 e-flex e-con-boxed e-con e-parent\" data-id=\"d8618b9\" data-element_type=\"container\" data-e-type=\"container\">\n\t\t\t\t\t<div class=\"e-con-inner\">\n\t\t\t\t<div class=\"elementor-element elementor-element-b641ae8 elementor-widget elementor-widget-text-editor\" data-id=\"b641ae8\" data-element_type=\"widget\" data-e-type=\"widget\" data-widget_type=\"text-editor.default\">\n\t\t\t\t<div class=\"elementor-widget-container\">\n\t\t\t\t\t\t\t\t\t<p>Os rebordos de jardim em a\u00e7o corten, como divis\u00f3ria para definir espa\u00e7os, delinear \u00e1reas de planta\u00e7\u00e3o, orientar caminhos, evitar a eros\u00e3o do solo e conter ervas daninhas, combinam na perfei\u00e7\u00e3o com v\u00e1rios cascalhos, relvados e azulejos de jardim para design hort\u00edcola e paisag\u00edstico.<\/p><p>Defini\u00e7\u00e3o do espa\u00e7o: Delimita claramente as zonas funcionais, tais como relvados, canteiros de flores, hortas, zonas de gravilha ou passadi\u00e7os.<br \/>Limites das plantas: Serve como barreiras para canteiros elevados ou conten\u00e7\u00e3o de ra\u00edzes para plantas.<br \/>Reten\u00e7\u00e3o do solo: Evita a eros\u00e3o causada pelo escoamento da \u00e1gua da chuva ou pela irriga\u00e7\u00e3o.<br \/>Barreira de ra\u00edzes: Bloqueia fisicamente a invas\u00e3o de ra\u00edzes dos relvados ou de outras \u00e1reas para os canteiros de flores.<\/p>\t\t\t\t\t\t\t\t<\/div>\n\t\t\t\t<\/div>\n\t\t\t\t\t<\/div>\n\t\t\t\t<\/div>\n\t\t<div class=\"elementor-element elementor-element-2580bcb e-flex e-con-boxed e-con e-parent\" data-id=\"2580bcb\" data-element_type=\"container\" data-e-type=\"container\">\n\t\t\t\t\t<div class=\"e-con-inner\">\n\t\t\t\t<div class=\"elementor-element elementor-element-fcdb2cd elementor-widget elementor-widget-heading\" data-id=\"fcdb2cd\" data-element_type=\"widget\" data-e-type=\"widget\" data-widget_type=\"heading.default\">\n\t\t\t\t<div class=\"elementor-widget-container\">\n\t\t\t\t\t<h2 class=\"elementor-heading-title elementor-size-default\">Design de bordadura de jardim em a\u00e7o corten\n<\/h2>\t\t\t\t<\/div>\n\t\t\t\t<\/div>\n\t\t\t\t<div class=\"elementor-element elementor-element-0daa0e3 elementor-widget elementor-widget-text-editor\" data-id=\"0daa0e3\" data-element_type=\"widget\" data-e-type=\"widget\" data-widget_type=\"text-editor.default\">\n\t\t\t\t<div class=\"elementor-widget-container\">\n\t\t\t\t\t\t\t\t\t<p>Quando expostas aos elementos, as orlas de a\u00e7o corten desenvolvem um aspeto est\u00e1vel semelhante \u00e0 ferrugem. Esta camada protetora de ferrugem evita mais corros\u00e3o, tornando-a ideal para aplica\u00e7\u00f5es no exterior. Ao contr\u00e1rio dos metais pintados, os riscos s\u00e3o naturalmente auto-regenerados.<\/p><div>O rebordo de a\u00e7o corten est\u00e1 dispon\u00edvel numa variedade de modelos e tamanhos, garantindo uma op\u00e7\u00e3o adequada para cada projeto.<\/div>\t\t\t\t\t\t\t\t<\/div>\n\t\t\t\t<\/div>\n\t\t\t\t\t<\/div>\n\t\t\t\t<\/div>\n\t\t<div class=\"elementor-element elementor-element-b99ea99 e-flex e-con-boxed e-con e-parent\" data-id=\"b99ea99\" data-element_type=\"container\" data-e-type=\"container\">\n\t\t\t\t\t<div class=\"e-con-inner\">\n\t\t\t\t<div class=\"elementor-element elementor-element-24f0f00 elementor-widget elementor-widget-image\" data-id=\"24f0f00\" data-element_type=\"widget\" data-e-type=\"widget\" data-widget_type=\"image.default\">\n\t\t\t\t<div class=\"elementor-widget-container\">\n\t\t\t\t\t\t\t\t\t\t\t\t\t\t\t<img fetchpriority=\"high\" decoding=\"async\" width=\"750\" height=\"750\" src=\"https:\/\/www.metalgardenpot.com\/wp-content\/uploads\/2025\/12\/corten-steel-border-for-garden.jpg\" class=\"attachment-large size-large wp-image-1294\" alt=\"Corten Steel Garden Edging\" srcset=\"https:\/\/www.metalgardenpot.com\/wp-content\/uploads\/2025\/12\/corten-steel-border-for-garden.jpg 750w, https:\/\/www.metalgardenpot.com\/wp-content\/uploads\/2025\/12\/corten-steel-border-for-garden-300x300.jpg 300w, https:\/\/www.metalgardenpot.com\/wp-content\/uploads\/2025\/12\/corten-steel-border-for-garden-150x150.jpg 150w, https:\/\/www.metalgardenpot.com\/wp-content\/uploads\/2025\/12\/corten-steel-border-for-garden-12x12.jpg 12w, https:\/\/www.metalgardenpot.com\/wp-content\/uploads\/2025\/12\/corten-steel-border-for-garden-700x700.jpg 700w, https:\/\/www.metalgardenpot.com\/wp-content\/uploads\/2025\/12\/corten-steel-border-for-garden-100x100.jpg 100w\" sizes=\"(max-width: 750px) 100vw, 750px\" \/>\t\t\t\t\t\t\t\t\t\t\t\t\t\t\t<\/div>\n\t\t\t\t<\/div>\n\t\t\t\t<div class=\"elementor-element elementor-element-b79ce6e elementor-widget elementor-widget-image\" data-id=\"b79ce6e\" data-element_type=\"widget\" data-e-type=\"widget\" data-widget_type=\"image.default\">\n\t\t\t\t<div class=\"elementor-widget-container\">\n\t\t\t\t\t\t\t\t\t\t\t\t\t\t\t<img decoding=\"async\" width=\"750\" height=\"750\" src=\"https:\/\/www.metalgardenpot.com\/wp-content\/uploads\/2025\/12\/corten-steel-lawn-edge.jpg\" class=\"attachment-large size-large wp-image-1295\" alt=\"corten steel lawn edge\" srcset=\"https:\/\/www.metalgardenpot.com\/wp-content\/uploads\/2025\/12\/corten-steel-lawn-edge.jpg 750w, https:\/\/www.metalgardenpot.com\/wp-content\/uploads\/2025\/12\/corten-steel-lawn-edge-300x300.jpg 300w, https:\/\/www.metalgardenpot.com\/wp-content\/uploads\/2025\/12\/corten-steel-lawn-edge-150x150.jpg 150w, https:\/\/www.metalgardenpot.com\/wp-content\/uploads\/2025\/12\/corten-steel-lawn-edge-12x12.jpg 12w, https:\/\/www.metalgardenpot.com\/wp-content\/uploads\/2025\/12\/corten-steel-lawn-edge-700x700.jpg 700w, https:\/\/www.metalgardenpot.com\/wp-content\/uploads\/2025\/12\/corten-steel-lawn-edge-100x100.jpg 100w\" sizes=\"(max-width: 750px) 100vw, 750px\" \/>\t\t\t\t\t\t\t\t\t\t\t\t\t\t\t<\/div>\n\t\t\t\t<\/div>\n\t\t\t\t<div class=\"elementor-element elementor-element-6167c67 elementor-widget elementor-widget-image\" data-id=\"6167c67\" data-element_type=\"widget\" data-e-type=\"widget\" data-widget_type=\"image.default\">\n\t\t\t\t<div class=\"elementor-widget-container\">\n\t\t\t\t\t\t\t\t\t\t\t\t\t\t\t<img decoding=\"async\" width=\"750\" height=\"750\" src=\"https:\/\/www.metalgardenpot.com\/wp-content\/uploads\/2025\/12\/corten-steel-edge.jpg\" class=\"attachment-large size-large wp-image-1296\" alt=\"corten steel edge\" srcset=\"https:\/\/www.metalgardenpot.com\/wp-content\/uploads\/2025\/12\/corten-steel-edge.jpg 750w, https:\/\/www.metalgardenpot.com\/wp-content\/uploads\/2025\/12\/corten-steel-edge-300x300.jpg 300w, https:\/\/www.metalgardenpot.com\/wp-content\/uploads\/2025\/12\/corten-steel-edge-150x150.jpg 150w, https:\/\/www.metalgardenpot.com\/wp-content\/uploads\/2025\/12\/corten-steel-edge-12x12.jpg 12w, https:\/\/www.metalgardenpot.com\/wp-content\/uploads\/2025\/12\/corten-steel-edge-700x700.jpg 700w, https:\/\/www.metalgardenpot.com\/wp-content\/uploads\/2025\/12\/corten-steel-edge-100x100.jpg 100w\" sizes=\"(max-width: 750px) 100vw, 750px\" \/>\t\t\t\t\t\t\t\t\t\t\t\t\t\t\t<\/div>\n\t\t\t\t<\/div>\n\t\t\t\t\t<\/div>\n\t\t\t\t<\/div>\n\t\t<div class=\"elementor-element elementor-element-b38b06b e-flex e-con-boxed e-con e-parent\" data-id=\"b38b06b\" data-element_type=\"container\" data-e-type=\"container\">\n\t\t\t\t\t<div class=\"e-con-inner\">\n\t\t<div class=\"elementor-element elementor-element-ff7bbf2 e-con-full e-flex e-con e-child\" data-id=\"ff7bbf2\" data-element_type=\"container\" data-e-type=\"container\">\n\t\t\t\t<div class=\"elementor-element elementor-element-5fd9f9b elementor-widget elementor-widget-image\" data-id=\"5fd9f9b\" data-element_type=\"widget\" data-e-type=\"widget\" data-widget_type=\"image.default\">\n\t\t\t\t<div class=\"elementor-widget-container\">\n\t\t\t\t\t\t\t\t\t\t\t\t\t\t\t<img loading=\"lazy\" decoding=\"async\" width=\"750\" height=\"562\" src=\"https:\/\/www.metalgardenpot.com\/wp-content\/uploads\/2025\/12\/Garden-Edge.jpg\" class=\"attachment-large size-large wp-image-1297\" alt=\"Garden Edge\" srcset=\"https:\/\/www.metalgardenpot.com\/wp-content\/uploads\/2025\/12\/Garden-Edge.jpg 750w, https:\/\/www.metalgardenpot.com\/wp-content\/uploads\/2025\/12\/Garden-Edge-300x225.jpg 300w, https:\/\/www.metalgardenpot.com\/wp-content\/uploads\/2025\/12\/Garden-Edge-16x12.jpg 16w, https:\/\/www.metalgardenpot.com\/wp-content\/uploads\/2025\/12\/Garden-Edge-700x525.jpg 700w\" sizes=\"(max-width: 750px) 100vw, 750px\" \/>\t\t\t\t\t\t\t\t\t\t\t\t\t\t\t<\/div>\n\t\t\t\t<\/div>\n\t\t\t\t<\/div>\n\t\t<div class=\"elementor-element elementor-element-490bfa0 e-con-full e-flex e-con e-child\" data-id=\"490bfa0\" data-element_type=\"container\" data-e-type=\"container\">\n\t\t\t\t<div class=\"elementor-element elementor-element-bdf2687 elementor-widget elementor-widget-heading\" data-id=\"bdf2687\" data-element_type=\"widget\" data-e-type=\"widget\" data-widget_type=\"heading.default\">\n\t\t\t\t<div class=\"elementor-widget-container\">\n\t\t\t\t\t<h3 class=\"elementor-heading-title elementor-size-default\">Especifica\u00e7\u00e3o de arestas de a\u00e7o corten<\/h3>\t\t\t\t<\/div>\n\t\t\t\t<\/div>\n\t\t\t\t<div class=\"elementor-element elementor-element-d342725 elementor-widget elementor-widget-text-editor\" data-id=\"d342725\" data-element_type=\"widget\" data-e-type=\"widget\" data-widget_type=\"text-editor.default\">\n\t\t\t\t<div class=\"elementor-widget-container\">\n\t\t\t\t\t\t\t\t\t<p>A HNJBL oferece diversas op\u00e7\u00f5es de especifica\u00e7\u00e3o para atender a diferentes requisitos de design, condi\u00e7\u00f5es de solo e or\u00e7amentos.<\/p><p>Dispon\u00edvel em:<\/p><p>Espessura: 1,5 mm<\/p><p>Tamanho:<\/p><p>1075mm * 195mm<\/p><p>1070mm * 150mm<\/p><p>Cor: ferrugem, revestido a p\u00f3<\/p>\t\t\t\t\t\t\t\t<\/div>\n\t\t\t\t<\/div>\n\t\t\t\t<\/div>\n\t\t\t\t\t<\/div>\n\t\t\t\t<\/div>\n\t\t<div class=\"elementor-element elementor-element-e62cecf e-flex e-con-boxed e-con e-parent\" data-id=\"e62cecf\" data-element_type=\"container\" data-e-type=\"container\">\n\t\t\t\t\t<div class=\"e-con-inner\">\n\t\t\t\t<div class=\"elementor-element elementor-element-a6628bc elementor-widget elementor-widget-image\" data-id=\"a6628bc\" data-element_type=\"widget\" data-e-type=\"widget\" data-widget_type=\"image.default\">\n\t\t\t\t<div class=\"elementor-widget-container\">\n\t\t\t\t\t\t\t\t\t\t\t\t\t\t\t<img loading=\"lazy\" decoding=\"async\" width=\"750\" height=\"244\" src=\"https:\/\/www.metalgardenpot.com\/wp-content\/uploads\/2025\/12\/lawn-edge.webp\" class=\"attachment-large size-large wp-image-1298\" alt=\"lawn edge\" srcset=\"https:\/\/www.metalgardenpot.com\/wp-content\/uploads\/2025\/12\/lawn-edge.webp 750w, https:\/\/www.metalgardenpot.com\/wp-content\/uploads\/2025\/12\/lawn-edge-300x98.webp 300w, https:\/\/www.metalgardenpot.com\/wp-content\/uploads\/2025\/12\/lawn-edge-18x6.webp 18w, https:\/\/www.metalgardenpot.com\/wp-content\/uploads\/2025\/12\/lawn-edge-700x228.webp 700w\" sizes=\"(max-width: 750px) 100vw, 750px\" \/>\t\t\t\t\t\t\t\t\t\t\t\t\t\t\t<\/div>\n\t\t\t\t<\/div>\n\t\t\t\t<div class=\"elementor-element elementor-element-10ff25a elementor-widget elementor-widget-image\" data-id=\"10ff25a\" data-element_type=\"widget\" data-e-type=\"widget\" data-widget_type=\"image.default\">\n\t\t\t\t<div class=\"elementor-widget-container\">\n\t\t\t\t\t\t\t\t\t\t\t\t\t\t\t<img loading=\"lazy\" decoding=\"async\" width=\"750\" height=\"244\" src=\"https:\/\/www.metalgardenpot.com\/wp-content\/uploads\/2025\/12\/metal-edge.png\" class=\"attachment-large size-large wp-image-1299\" alt=\"metal edge\" srcset=\"https:\/\/www.metalgardenpot.com\/wp-content\/uploads\/2025\/12\/metal-edge.png 750w, https:\/\/www.metalgardenpot.com\/wp-content\/uploads\/2025\/12\/metal-edge-300x98.png 300w, https:\/\/www.metalgardenpot.com\/wp-content\/uploads\/2025\/12\/metal-edge-18x6.png 18w, https:\/\/www.metalgardenpot.com\/wp-content\/uploads\/2025\/12\/metal-edge-700x228.png 700w\" sizes=\"(max-width: 750px) 100vw, 750px\" \/>\t\t\t\t\t\t\t\t\t\t\t\t\t\t\t<\/div>\n\t\t\t\t<\/div>\n\t\t\t\t\t<\/div>\n\t\t\t\t<\/div>\n\t\t<div class=\"elementor-element elementor-element-22d96f7 e-flex e-con-boxed e-con e-parent\" data-id=\"22d96f7\" data-element_type=\"container\" data-e-type=\"container\">\n\t\t\t\t\t<div class=\"e-con-inner\">\n\t\t\t\t<div class=\"elementor-element elementor-element-359f20c elementor-widget elementor-widget-heading\" data-id=\"359f20c\" data-element_type=\"widget\" data-e-type=\"widget\" data-widget_type=\"heading.default\">\n\t\t\t\t<div class=\"elementor-widget-container\">\n\t\t\t\t\t<h2 class=\"elementor-heading-title elementor-size-default\">Instala\u00e7\u00e3o simples e r\u00e1pida<\/h2>\t\t\t\t<\/div>\n\t\t\t\t<\/div>\n\t\t\t\t<div class=\"elementor-element elementor-element-b871ad6 elementor-widget elementor-widget-text-editor\" data-id=\"b871ad6\" data-element_type=\"widget\" data-e-type=\"widget\" data-widget_type=\"text-editor.default\">\n\t\t\t\t<div class=\"elementor-widget-container\">\n\t\t\t\t\t\t\t\t\t<p>A orla de a\u00e7o HNJBL tem um sistema de jun\u00e7\u00e3o de abas interligadas para ligar as sec\u00e7\u00f5es, o que significa que \u00e9 extremamente r\u00e1pida de instalar.<\/p><p>Cada rebordo pode ser instalado em menos de 1 minuto e mant\u00e9m-se firmemente no lugar. \u00c9 incrivelmente f\u00e1cil de instalar e as \u00fanicas ferramentas necess\u00e1rias s\u00e3o um bloco de madeira e um martelo.<\/p>\t\t\t\t\t\t\t\t<\/div>\n\t\t\t\t<\/div>\n\t\t\t\t\t<\/div>\n\t\t\t\t<\/div>\n\t\t<div class=\"elementor-element elementor-element-d7aa0a1 e-flex e-con-boxed e-con e-parent\" data-id=\"d7aa0a1\" data-element_type=\"container\" data-e-type=\"container\">\n\t\t\t\t\t<div class=\"e-con-inner\">\n\t\t\t\t<div class=\"elementor-element elementor-element-180165a elementor-widget elementor-widget-image\" data-id=\"180165a\" data-element_type=\"widget\" data-e-type=\"widget\" data-widget_type=\"image.default\">\n\t\t\t\t<div class=\"elementor-widget-container\">\n\t\t\t\t\t\t\t\t\t\t\t\t\t\t\t<img loading=\"lazy\" decoding=\"async\" width=\"750\" height=\"750\" src=\"https:\/\/www.metalgardenpot.com\/wp-content\/uploads\/2025\/12\/corten-edge-border.jpg\" class=\"attachment-large size-large wp-image-1303\" alt=\"corten edge border\" srcset=\"https:\/\/www.metalgardenpot.com\/wp-content\/uploads\/2025\/12\/corten-edge-border.jpg 750w, https:\/\/www.metalgardenpot.com\/wp-content\/uploads\/2025\/12\/corten-edge-border-300x300.jpg 300w, https:\/\/www.metalgardenpot.com\/wp-content\/uploads\/2025\/12\/corten-edge-border-150x150.jpg 150w, https:\/\/www.metalgardenpot.com\/wp-content\/uploads\/2025\/12\/corten-edge-border-12x12.jpg 12w, https:\/\/www.metalgardenpot.com\/wp-content\/uploads\/2025\/12\/corten-edge-border-700x700.jpg 700w, https:\/\/www.metalgardenpot.com\/wp-content\/uploads\/2025\/12\/corten-edge-border-100x100.jpg 100w\" sizes=\"(max-width: 750px) 100vw, 750px\" \/>\t\t\t\t\t\t\t\t\t\t\t\t\t\t\t<\/div>\n\t\t\t\t<\/div>\n\t\t\t\t<div class=\"elementor-element elementor-element-1fb3881 elementor-widget elementor-widget-image\" data-id=\"1fb3881\" data-element_type=\"widget\" data-e-type=\"widget\" data-widget_type=\"image.default\">\n\t\t\t\t<div class=\"elementor-widget-container\">\n\t\t\t\t\t\t\t\t\t\t\t\t\t\t\t<img loading=\"lazy\" decoding=\"async\" width=\"750\" height=\"750\" src=\"https:\/\/www.metalgardenpot.com\/wp-content\/uploads\/2025\/12\/edging-border.jpg\" class=\"attachment-large size-large wp-image-1304\" alt=\"corten steel edge\" srcset=\"https:\/\/www.metalgardenpot.com\/wp-content\/uploads\/2025\/12\/edging-border.jpg 750w, https:\/\/www.metalgardenpot.com\/wp-content\/uploads\/2025\/12\/edging-border-300x300.jpg 300w, https:\/\/www.metalgardenpot.com\/wp-content\/uploads\/2025\/12\/edging-border-150x150.jpg 150w, https:\/\/www.metalgardenpot.com\/wp-content\/uploads\/2025\/12\/edging-border-12x12.jpg 12w, https:\/\/www.metalgardenpot.com\/wp-content\/uploads\/2025\/12\/edging-border-700x700.jpg 700w, https:\/\/www.metalgardenpot.com\/wp-content\/uploads\/2025\/12\/edging-border-100x100.jpg 100w\" sizes=\"(max-width: 750px) 100vw, 750px\" \/>\t\t\t\t\t\t\t\t\t\t\t\t\t\t\t<\/div>\n\t\t\t\t<\/div>\n\t\t\t\t<div class=\"elementor-element elementor-element-03b55a1 elementor-widget elementor-widget-image\" data-id=\"03b55a1\" data-element_type=\"widget\" data-e-type=\"widget\" data-widget_type=\"image.default\">\n\t\t\t\t<div class=\"elementor-widget-container\">\n\t\t\t\t\t\t\t\t\t\t\t\t\t\t\t<img loading=\"lazy\" decoding=\"async\" width=\"750\" height=\"750\" src=\"https:\/\/www.metalgardenpot.com\/wp-content\/uploads\/2025\/12\/Retaining-Plates-1.jpg\" class=\"attachment-large size-large wp-image-1305\" alt=\"\" srcset=\"https:\/\/www.metalgardenpot.com\/wp-content\/uploads\/2025\/12\/Retaining-Plates-1.jpg 750w, https:\/\/www.metalgardenpot.com\/wp-content\/uploads\/2025\/12\/Retaining-Plates-1-300x300.jpg 300w, https:\/\/www.metalgardenpot.com\/wp-content\/uploads\/2025\/12\/Retaining-Plates-1-150x150.jpg 150w, https:\/\/www.metalgardenpot.com\/wp-content\/uploads\/2025\/12\/Retaining-Plates-1-12x12.jpg 12w, https:\/\/www.metalgardenpot.com\/wp-content\/uploads\/2025\/12\/Retaining-Plates-1-700x700.jpg 700w, https:\/\/www.metalgardenpot.com\/wp-content\/uploads\/2025\/12\/Retaining-Plates-1-100x100.jpg 100w\" sizes=\"(max-width: 750px) 100vw, 750px\" \/>\t\t\t\t\t\t\t\t\t\t\t\t\t\t\t<\/div>\n\t\t\t\t<\/div>\n\t\t\t\t<div class=\"elementor-element elementor-element-dd7925a elementor-widget elementor-widget-image\" data-id=\"dd7925a\" data-element_type=\"widget\" data-e-type=\"widget\" data-widget_type=\"image.default\">\n\t\t\t\t<div class=\"elementor-widget-container\">\n\t\t\t\t\t\t\t\t\t\t\t\t\t\t\t<img loading=\"lazy\" decoding=\"async\" width=\"750\" height=\"750\" src=\"https:\/\/www.metalgardenpot.com\/wp-content\/uploads\/2025\/12\/Steel-Lipped-Edging.jpg\" class=\"attachment-large size-large wp-image-1306\" alt=\"Retaining Plates\" srcset=\"https:\/\/www.metalgardenpot.com\/wp-content\/uploads\/2025\/12\/Steel-Lipped-Edging.jpg 750w, https:\/\/www.metalgardenpot.com\/wp-content\/uploads\/2025\/12\/Steel-Lipped-Edging-300x300.jpg 300w, https:\/\/www.metalgardenpot.com\/wp-content\/uploads\/2025\/12\/Steel-Lipped-Edging-150x150.jpg 150w, https:\/\/www.metalgardenpot.com\/wp-content\/uploads\/2025\/12\/Steel-Lipped-Edging-12x12.jpg 12w, https:\/\/www.metalgardenpot.com\/wp-content\/uploads\/2025\/12\/Steel-Lipped-Edging-700x700.jpg 700w, https:\/\/www.metalgardenpot.com\/wp-content\/uploads\/2025\/12\/Steel-Lipped-Edging-100x100.jpg 100w\" sizes=\"(max-width: 750px) 100vw, 750px\" \/>\t\t\t\t\t\t\t\t\t\t\t\t\t\t\t<\/div>\n\t\t\t\t<\/div>\n\t\t\t\t\t<\/div>\n\t\t\t\t<\/div>\n\t\t<div class=\"elementor-element elementor-element-706ca5f e-flex e-con-boxed e-con e-parent\" data-id=\"706ca5f\" data-element_type=\"container\" data-e-type=\"container\">\n\t\t\t\t\t<div class=\"e-con-inner\">\n\t\t\t\t<div class=\"elementor-element elementor-element-ca1b52a elementor-widget elementor-widget-heading\" data-id=\"ca1b52a\" data-element_type=\"widget\" data-e-type=\"widget\" data-widget_type=\"heading.default\">\n\t\t\t\t<div class=\"elementor-widget-container\">\n\t\t\t\t\t<h2 class=\"elementor-heading-title elementor-size-default\">Porqu\u00ea escolher a borda de corten HNJBL<\/h2>\t\t\t\t<\/div>\n\t\t\t\t<\/div>\n\t\t\t\t<div class=\"elementor-element elementor-element-69552cc elementor-widget elementor-widget-text-editor\" data-id=\"69552cc\" data-element_type=\"widget\" data-e-type=\"widget\" data-widget_type=\"text-editor.default\">\n\t\t\t\t<div class=\"elementor-widget-container\">\n\t\t\t\t\t\t\t\t\t<p>Durabilidade excecional: Suporta condi\u00e7\u00f5es climat\u00e9ricas extremas sem rachar ou desvanecer - vida \u00fatil at\u00e9 40-50 anos, reduzindo os custos de substitui\u00e7\u00e3o em 80% em compara\u00e7\u00e3o com a madeira.<\/p>\t\t\t\t\t\t\t\t<\/div>\n\t\t\t\t<\/div>\n\t\t\t\t<div class=\"elementor-element elementor-element-675d3d8 elementor-widget elementor-widget-text-editor\" data-id=\"675d3d8\" data-element_type=\"widget\" data-e-type=\"widget\" data-widget_type=\"text-editor.default\">\n\t\t\t\t<div class=\"elementor-widget-container\">\n\t\t\t\t\t\t\t\t\t<p>Est\u00e9tica: Desenvolve uma rica p\u00e1tina castanha-avermelhada no espa\u00e7o de 6 a 12 meses, misturando-se perfeitamente com o ambiente natural para criar atmosferas r\u00fasticas e modernas. N\u00e3o necessita de pintura adicional!<\/p>\t\t\t\t\t\t\t\t<\/div>\n\t\t\t\t<\/div>\n\t\t\t\t<div class=\"elementor-element elementor-element-d6a1a02 elementor-widget elementor-widget-text-editor\" data-id=\"d6a1a02\" data-element_type=\"widget\" data-e-type=\"widget\" data-widget_type=\"text-editor.default\">\n\t\t\t\t<div class=\"elementor-widget-container\">\n\t\t\t\t\t\t\t\t\t<p>Instala\u00e7\u00e3o f\u00e1cil: O design interligado permite que os designers concluam pequenos projectos numa hora.\u00a0<\/p>\t\t\t\t\t\t\t\t<\/div>\n\t\t\t\t<\/div>\n\t\t\t\t<div class=\"elementor-element elementor-element-de45756 elementor-widget elementor-widget-text-editor\" data-id=\"de45756\" data-element_type=\"widget\" data-e-type=\"widget\" data-widget_type=\"text-editor.default\">\n\t\t\t\t<div class=\"elementor-widget-container\">\n\t\t\t\t\t\t\t\t\t<p>Instala\u00e7\u00e3o f\u00e1cil: O design interligado permite que os designers concluam pequenos projectos numa hora.\u00a0<\/p>\t\t\t\t\t\t\t\t<\/div>\n\t\t\t\t<\/div>\n\t\t\t\t\t<\/div>\n\t\t\t\t<\/div>\n\t\t\t\t<\/div>","protected":false},"excerpt":{"rendered":"<p>As bordaduras de jardim em a\u00e7o corten s\u00e3o frequentemente utilizadas como bordaduras de jardins e paisagens, evitando que o solo e a gravilha transbordem e real\u00e7ando a beleza do design do jardim.<\/p>\n<p>Forma: reta, curva ou conforme necess\u00e1rio<\/p>\n<p>A\u00e7o de alta qualidade com 1,5 mm de espessura<\/p>\n<p>Longa vida \u00fatil<\/p>\n<p>F\u00e1cil de instalar<\/p>\n<p>Amigo do ambiente<\/p>","protected":false},"featured_media":1288,"comment_status":"closed","ping_status":"closed","template":"","meta":[],"product_brand":[34],"product_cat":[23],"product_tag":[],"class_list":{"0":"post-1293","1":"product","2":"type-product","3":"status-publish","4":"has-post-thumbnail","6":"product_brand-hnjbl","7":"product_cat-metal-edging","9":"first","10":"instock","11":"shipping-taxable","12":"product-type-simple"},"_links":{"self":[{"href":"https:\/\/www.metalgardenpot.com\/pt\/wp-json\/wp\/v2\/product\/1293","targetHints":{"allow":["GET"]}}],"collection":[{"href":"https:\/\/www.metalgardenpot.com\/pt\/wp-json\/wp\/v2\/product"}],"about":[{"href":"https:\/\/www.metalgardenpot.com\/pt\/wp-json\/wp\/v2\/types\/product"}],"replies":[{"embeddable":true,"href":"https:\/\/www.metalgardenpot.com\/pt\/wp-json\/wp\/v2\/comments?post=1293"}],"version-history":[{"count":4,"href":"https:\/\/www.metalgardenpot.com\/pt\/wp-json\/wp\/v2\/product\/1293\/revisions"}],"predecessor-version":[{"id":1307,"href":"https:\/\/www.metalgardenpot.com\/pt\/wp-json\/wp\/v2\/product\/1293\/revisions\/1307"}],"wp:featuredmedia":[{"embeddable":true,"href":"https:\/\/www.metalgardenpot.com\/pt\/wp-json\/wp\/v2\/media\/1288"}],"wp:attachment":[{"href":"https:\/\/www.metalgardenpot.com\/pt\/wp-json\/wp\/v2\/media?parent=1293"}],"wp:term":[{"taxonomy":"product_brand","embeddable":true,"href":"https:\/\/www.metalgardenpot.com\/pt\/wp-json\/wp\/v2\/product_brand?post=1293"},{"taxonomy":"product_cat","embeddable":true,"href":"https:\/\/www.metalgardenpot.com\/pt\/wp-json\/wp\/v2\/product_cat?post=1293"},{"taxonomy":"product_tag","embeddable":true,"href":"https:\/\/www.metalgardenpot.com\/pt\/wp-json\/wp\/v2\/product_tag?post=1293"}],"curies":[{"name":"wp","href":"https:\/\/api.w.org\/{rel}","templated":true}]}}