{"id":1310,"date":"2025-12-16T17:18:59","date_gmt":"2025-12-16T09:18:59","guid":{"rendered":"https:\/\/www.metalgardenpot.com\/?post_type=product&#038;p=1310"},"modified":"2026-02-28T17:16:34","modified_gmt":"2026-02-28T09:16:34","slug":"large-stainless-steel-planter-box","status":"publish","type":"product","link":"https:\/\/www.metalgardenpot.com\/pt\/large-stainless-steel-planter-box\/","title":{"rendered":"Caixa grande para plantas em a\u00e7o inoxid\u00e1vel"},"content":{"rendered":"<div data-elementor-type=\"product-post\" data-elementor-id=\"1310\" class=\"elementor elementor-1310\" data-elementor-post-type=\"product\">\n\t\t\t\t<div class=\"elementor-element elementor-element-7bda2ba e-flex e-con-boxed e-con e-parent\" data-id=\"7bda2ba\" data-element_type=\"container\" data-e-type=\"container\">\n\t\t\t\t\t<div class=\"e-con-inner\">\n\t\t\t\t<div class=\"elementor-element elementor-element-bf42679 elementor-widget elementor-widget-text-editor\" data-id=\"bf42679\" data-element_type=\"widget\" data-e-type=\"widget\" data-widget_type=\"text-editor.default\">\n\t\t\t\t<div class=\"elementor-widget-container\">\n\t\t\t\t\t\t\t\t\t<p>Oferecemos grandes caixas de jardinagem em a\u00e7o inoxid\u00e1vel para entradas de hot\u00e9is, pra\u00e7as comerciais, jardins e resid\u00eancias. Dispon\u00edveis nos graus 304\/316 com acabamentos espelhados, escovados, acetinados ou revestidos a p\u00f3, personaliz\u00e1veis em v\u00e1rios tamanhos e estruturas de acordo com as especifica\u00e7\u00f5es do projeto. Todas as grandes caixas de jardinagem em a\u00e7o inoxid\u00e1vel s\u00e3o submetidas a soldadura TIG de precis\u00e3o, rebarba\u00e7\u00e3o, tritura\u00e7\u00e3o e tratamento de passiva\u00e7\u00e3o.<\/p><p>Perfeito para trazer o ar livre para dentro de casa. O design moderno complementa sem esfor\u00e7o qualquer decora\u00e7\u00e3o de casa, enquanto as propriedades n\u00e3o t\u00f3xicas do a\u00e7o inoxid\u00e1vel permitem a coloca\u00e7\u00e3o em varandas, parapeitos de janelas, salas de estar e muito mais. Ideais para o cultivo de suculentas, gram\u00edneas e pequenas plantas, as caixas para plantas melhoram o seu jardim interior.<\/p>\t\t\t\t\t\t\t\t<\/div>\n\t\t\t\t<\/div>\n\t\t\t\t\t<\/div>\n\t\t\t\t<\/div>\n\t\t<div class=\"elementor-element elementor-element-68091de e-flex e-con-boxed e-con e-parent\" data-id=\"68091de\" data-element_type=\"container\" data-e-type=\"container\">\n\t\t\t\t\t<div class=\"e-con-inner\">\n\t\t\t\t<div class=\"elementor-element elementor-element-e684fad elementor-widget elementor-widget-image\" data-id=\"e684fad\" data-element_type=\"widget\" data-e-type=\"widget\" data-widget_type=\"image.default\">\n\t\t\t\t<div class=\"elementor-widget-container\">\n\t\t\t\t\t\t\t\t\t\t\t\t\t\t\t<img fetchpriority=\"high\" decoding=\"async\" width=\"800\" height=\"450\" src=\"https:\/\/www.metalgardenpot.com\/wp-content\/uploads\/2025\/12\/large-stainless-steel-planters-outdoor.jpg\" class=\"attachment-large size-large wp-image-1308\" alt=\"stainless steel planter box\" srcset=\"https:\/\/www.metalgardenpot.com\/wp-content\/uploads\/2025\/12\/large-stainless-steel-planters-outdoor.jpg 900w, https:\/\/www.metalgardenpot.com\/wp-content\/uploads\/2025\/12\/large-stainless-steel-planters-outdoor-300x169.jpg 300w, https:\/\/www.metalgardenpot.com\/wp-content\/uploads\/2025\/12\/large-stainless-steel-planters-outdoor-768x432.jpg 768w, https:\/\/www.metalgardenpot.com\/wp-content\/uploads\/2025\/12\/large-stainless-steel-planters-outdoor-18x10.jpg 18w, https:\/\/www.metalgardenpot.com\/wp-content\/uploads\/2025\/12\/large-stainless-steel-planters-outdoor-700x394.jpg 700w\" sizes=\"(max-width: 800px) 100vw, 800px\" \/>\t\t\t\t\t\t\t\t\t\t\t\t\t\t\t<\/div>\n\t\t\t\t<\/div>\n\t\t\t\t<div class=\"elementor-element elementor-element-d0b7ea4 elementor-widget elementor-widget-image\" data-id=\"d0b7ea4\" data-element_type=\"widget\" data-e-type=\"widget\" data-widget_type=\"image.default\">\n\t\t\t\t<div class=\"elementor-widget-container\">\n\t\t\t\t\t\t\t\t\t\t\t\t\t\t\t<img decoding=\"async\" width=\"800\" height=\"450\" src=\"https:\/\/www.metalgardenpot.com\/wp-content\/uploads\/2025\/11\/stainless-steel-planter.webp\" class=\"attachment-large size-large wp-image-1256\" alt=\"stainless steel planter\" srcset=\"https:\/\/www.metalgardenpot.com\/wp-content\/uploads\/2025\/11\/stainless-steel-planter.webp 900w, https:\/\/www.metalgardenpot.com\/wp-content\/uploads\/2025\/11\/stainless-steel-planter-300x169.webp 300w, https:\/\/www.metalgardenpot.com\/wp-content\/uploads\/2025\/11\/stainless-steel-planter-768x432.webp 768w, https:\/\/www.metalgardenpot.com\/wp-content\/uploads\/2025\/11\/stainless-steel-planter-18x10.webp 18w, https:\/\/www.metalgardenpot.com\/wp-content\/uploads\/2025\/11\/stainless-steel-planter-700x394.webp 700w\" sizes=\"(max-width: 800px) 100vw, 800px\" \/>\t\t\t\t\t\t\t\t\t\t\t\t\t\t\t<\/div>\n\t\t\t\t<\/div>\n\t\t\t\t<div class=\"elementor-element elementor-element-33ed884 elementor-widget elementor-widget-image\" data-id=\"33ed884\" data-element_type=\"widget\" data-e-type=\"widget\" data-widget_type=\"image.default\">\n\t\t\t\t<div class=\"elementor-widget-container\">\n\t\t\t\t\t\t\t\t\t\t\t\t\t\t\t<img decoding=\"async\" width=\"800\" height=\"450\" src=\"https:\/\/www.metalgardenpot.com\/wp-content\/uploads\/2025\/11\/Stainless-Steel-Planter-Box.webp\" class=\"attachment-large size-large wp-image-1255\" alt=\"Stainless Steel Planter Box\" srcset=\"https:\/\/www.metalgardenpot.com\/wp-content\/uploads\/2025\/11\/Stainless-Steel-Planter-Box.webp 900w, https:\/\/www.metalgardenpot.com\/wp-content\/uploads\/2025\/11\/Stainless-Steel-Planter-Box-300x169.webp 300w, https:\/\/www.metalgardenpot.com\/wp-content\/uploads\/2025\/11\/Stainless-Steel-Planter-Box-768x432.webp 768w, https:\/\/www.metalgardenpot.com\/wp-content\/uploads\/2025\/11\/Stainless-Steel-Planter-Box-18x10.webp 18w, https:\/\/www.metalgardenpot.com\/wp-content\/uploads\/2025\/11\/Stainless-Steel-Planter-Box-700x394.webp 700w\" sizes=\"(max-width: 800px) 100vw, 800px\" \/>\t\t\t\t\t\t\t\t\t\t\t\t\t\t\t<\/div>\n\t\t\t\t<\/div>\n\t\t\t\t\t<\/div>\n\t\t\t\t<\/div>\n\t\t<div class=\"elementor-element elementor-element-3eda63b e-flex e-con-boxed e-con e-parent\" data-id=\"3eda63b\" data-element_type=\"container\" data-e-type=\"container\">\n\t\t\t\t\t<div class=\"e-con-inner\">\n\t\t\t\t<div class=\"elementor-element elementor-element-725bf10 elementor-widget elementor-widget-heading\" data-id=\"725bf10\" data-element_type=\"widget\" data-e-type=\"widget\" data-widget_type=\"heading.default\">\n\t\t\t\t<div class=\"elementor-widget-container\">\n\t\t\t\t\t<h2 class=\"elementor-heading-title elementor-size-default\">Caixa de jardinagem grande em a\u00e7o inoxid\u00e1vel Especifica\u00e7\u00f5es\n<\/h2>\t\t\t\t<\/div>\n\t\t\t\t<\/div>\n\t\t\t\t<div class=\"elementor-element elementor-element-0a0c8e1 elementor-widget elementor-widget-text-editor\" data-id=\"0a0c8e1\" data-element_type=\"widget\" data-e-type=\"widget\" data-widget_type=\"text-editor.default\">\n\t\t\t\t<div class=\"elementor-widget-container\">\n\t\t\t\t\t\t\t\t\t<table><tbody><tr><td>Material<\/td><td>A\u00e7o inoxid\u00e1vel: 304,316, ou conforme necess\u00e1rio<\/td><\/tr><tr><td>M\u00e9todo de fabrico<\/td><td>Corte a laser, corte, soldadura, polimento manual<\/td><\/tr><tr><td>Tamanho<\/td><td>890*720*440mm<br \/>Est\u00e3o dispon\u00edveis diferentes tamanhos<\/td><\/tr><tr><td>Destaque especial<\/td><td>Orif\u00edcio de drenagem, resistente ao desbotamento, resistente \u00e0 ferrugem, dur\u00e1vel<\/td><\/tr><tr><td>Acabamento da superf\u00edcie<\/td><td>Espelho, linha fina, escovado, revestimento PVD, gravado, jato de areia, gravado em relevo<\/td><\/tr><tr><td>Padr\u00e3o<\/td><td>Design personalizado dispon\u00edvel<\/td><\/tr><tr><td>Aplica\u00e7\u00e3o<\/td><td><p>Decora\u00e7\u00e3o de casa, sala de estar, escrit\u00f3rio, hotel, bar, etc.<\/p><p>Interior e exterior<\/p><\/td><\/tr><\/tbody><\/table>\t\t\t\t\t\t\t\t<\/div>\n\t\t\t\t<\/div>\n\t\t\t\t\t<\/div>\n\t\t\t\t<\/div>\n\t\t<div class=\"elementor-element elementor-element-e470627 e-flex e-con-boxed e-con e-parent\" data-id=\"e470627\" data-element_type=\"container\" data-e-type=\"container\">\n\t\t\t\t\t<div class=\"e-con-inner\">\n\t\t\t\t<div class=\"elementor-element elementor-element-036f386 elementor-widget elementor-widget-heading\" data-id=\"036f386\" data-element_type=\"widget\" data-e-type=\"widget\" data-widget_type=\"heading.default\">\n\t\t\t\t<div class=\"elementor-widget-container\">\n\t\t\t\t\t<h2 class=\"elementor-heading-title elementor-size-default\">Porqu\u00ea escolher a nossa jardineira de a\u00e7o inoxid\u00e1vel<\/h2>\t\t\t\t<\/div>\n\t\t\t\t<\/div>\n\t\t\t\t<div class=\"elementor-element elementor-element-da100c9 elementor-widget elementor-widget-text-editor\" data-id=\"da100c9\" data-element_type=\"widget\" data-e-type=\"widget\" data-widget_type=\"text-editor.default\">\n\t\t\t\t<div class=\"elementor-widget-container\">\n\t\t\t\t\t\t\t\t\t<p><b>Durabilidade<\/b><\/p><p>O a\u00e7o inoxid\u00e1vel oferece uma excelente resist\u00eancia mec\u00e2nica, resist\u00eancia ao impacto e resist\u00eancia \u00e0 deforma\u00e7\u00e3o e fissura\u00e7\u00e3o. Em compara\u00e7\u00e3o com as fr\u00e1geis jardineiras de cer\u00e2mica e os vasos de pl\u00e1stico que podem ficar quebradi\u00e7os sob a luz do sol, as jardineiras de a\u00e7o inoxid\u00e1vel t\u00eam uma vida \u00fatil excecionalmente longa. Com uma utiliza\u00e7\u00e3o normal e uma manuten\u00e7\u00e3o adequada, podem durar anos ou mesmo mais de uma d\u00e9cada.<\/p><p>As jardineiras em a\u00e7o inoxid\u00e1vel s\u00e3o resistentes a estilha\u00e7os, \u00e0 humidade e ao fogo, e podem ser moldadas em v\u00e1rias formas.<\/p>\t\t\t\t\t\t\t\t<\/div>\n\t\t\t\t<\/div>\n\t\t\t\t<div class=\"elementor-element elementor-element-7018612 elementor-widget elementor-widget-text-editor\" data-id=\"7018612\" data-element_type=\"widget\" data-e-type=\"widget\" data-widget_type=\"text-editor.default\">\n\t\t\t\t<div class=\"elementor-widget-container\">\n\t\t\t\t\t\t\t\t\t<p><b>F\u00e1cil de limpar e manter<\/b><\/p><p>A superf\u00edcie lisa e densa do a\u00e7o inoxid\u00e1vel resiste \u00e0 sujidade e \u00e0 absor\u00e7\u00e3o de odores, sendo f\u00e1cil de limpar.<\/p>\t\t\t\t\t\t\t\t<\/div>\n\t\t\t\t<\/div>\n\t\t\t\t<div class=\"elementor-element elementor-element-6af9df9 elementor-widget elementor-widget-text-editor\" data-id=\"6af9df9\" data-element_type=\"widget\" data-e-type=\"widget\" data-widget_type=\"text-editor.default\">\n\t\t\t\t<div class=\"elementor-widget-container\">\n\t\t\t\t\t\t\t\t\t<p><b>Higi\u00e9nico e amigo do ambiente<\/b><\/p><p>A superf\u00edcie n\u00e3o porosa do a\u00e7o inoxid\u00e1vel inibe o crescimento de bact\u00e9rias, garantindo uma excelente higiene. Mesmo utilizado em espa\u00e7os interiores, n\u00e3o apresenta riscos para a sa\u00fade humana.<\/p>\t\t\t\t\t\t\t\t<\/div>\n\t\t\t\t<\/div>\n\t\t\t\t\t<\/div>\n\t\t\t\t<\/div>\n\t\t<div class=\"elementor-element elementor-element-24135dd e-flex e-con-boxed e-con e-parent\" data-id=\"24135dd\" data-element_type=\"container\" data-e-type=\"container\">\n\t\t\t\t\t<div class=\"e-con-inner\">\n\t\t\t\t<div class=\"elementor-element elementor-element-b6cc6cd elementor-widget elementor-widget-heading\" data-id=\"b6cc6cd\" data-element_type=\"widget\" data-e-type=\"widget\" data-widget_type=\"heading.default\">\n\t\t\t\t<div class=\"elementor-widget-container\">\n\t\t\t\t\t<h2 class=\"elementor-heading-title elementor-size-default\">Como escolher o material de a\u00e7o inoxid\u00e1vel<\/h2>\t\t\t\t<\/div>\n\t\t\t\t<\/div>\n\t\t\t\t<div class=\"elementor-element elementor-element-0d43153 elementor-widget elementor-widget-text-editor\" data-id=\"0d43153\" data-element_type=\"widget\" data-e-type=\"widget\" data-widget_type=\"text-editor.default\">\n\t\t\t\t<div class=\"elementor-widget-container\">\n\t\t\t\t\t\t\t\t\t<p>A sele\u00e7\u00e3o dos materiais adequados com base nas condi\u00e7\u00f5es ambientais pode maximizar a vida \u00fatil das jardineiras em a\u00e7o inoxid\u00e1vel e preservar o seu aspeto.<\/p>\n<p>Entre a vasta gama de tipos de a\u00e7o inoxid\u00e1vel, os tipos mais prevalecentes e mais utilizados para o fabrico de caixas para plantas s\u00e3o o a\u00e7o inoxid\u00e1vel 304 e o a\u00e7o inoxid\u00e1vel 316. A escolha entre o a\u00e7o inoxid\u00e1vel 304 e 316 depende principalmente do ambiente de utiliza\u00e7\u00e3o final do vaso para plantas.<\/p>\t\t\t\t\t\t\t\t<\/div>\n\t\t\t\t<\/div>\n\t\t\t\t<div class=\"elementor-element elementor-element-1ad99a4 elementor-widget elementor-widget-text-editor\" data-id=\"1ad99a4\" data-element_type=\"widget\" data-e-type=\"widget\" data-widget_type=\"text-editor.default\">\n\t\t\t\t<div class=\"elementor-widget-container\">\n\t\t\t\t\t\t\t\t\t<p><b>A\u00e7o inoxid\u00e1vel 304\u00a0<\/b><\/p><p>O a\u00e7o inoxid\u00e1vel 304 oferece uma excelente resist\u00eancia \u00e0 corros\u00e3o, boa trabalhabilidade e resist\u00eancia ao impacto, podendo suportar a corros\u00e3o na maior parte dos ambientes normais (como interiores ou ambientes urbanos). Para a maioria das aplica\u00e7\u00f5es interiores e exteriores n\u00e3o costeiras, o a\u00e7o inoxid\u00e1vel 304 \u00e9 uma escolha extremamente econ\u00f3mica.<\/p>\t\t\t\t\t\t\t\t<\/div>\n\t\t\t\t<\/div>\n\t\t\t\t<div class=\"elementor-element elementor-element-66f7dfa elementor-widget elementor-widget-text-editor\" data-id=\"66f7dfa\" data-element_type=\"widget\" data-e-type=\"widget\" data-widget_type=\"text-editor.default\">\n\t\t\t\t<div class=\"elementor-widget-container\">\n\t\t\t\t\t\t\t\t\t<p><b>A\u00e7o inoxid\u00e1vel 316\u00a0<\/b><\/p><p>Em compara\u00e7\u00e3o com o a\u00e7o inoxid\u00e1vel 304, o a\u00e7o inoxid\u00e1vel 316 incorpora um teor adicional de molibd\u00e9nio (Mo) de 2%-3%, aumentando significativamente a sua resist\u00eancia \u00e0 corros\u00e3o por picadas e \u00e0 corros\u00e3o em fendas. \u00c9 particularmente excelente na resist\u00eancia \u00e0 eros\u00e3o por i\u00f5es cloreto (Cl-), tornando-o adequado para ambientes agressivos com elevada salinidade e humidade, tais como cidades costeiras, moradias \u00e0 beira-mar e \u00e1reas expostas a salpicos de sal ou a produtos qu\u00edmicos contendo cloro.<\/p>\t\t\t\t\t\t\t\t<\/div>\n\t\t\t\t<\/div>\n\t\t\t\t\t<\/div>\n\t\t\t\t<\/div>\n\t\t\t\t<\/div>","protected":false},"excerpt":{"rendered":"<p>Oferecemos grandes caixas de jardinagem em a\u00e7o inoxid\u00e1vel para entradas de hot\u00e9is, pra\u00e7as comerciais, jardins e resid\u00eancias, personaliz\u00e1veis em v\u00e1rios tamanhos e estruturas de acordo com as especifica\u00e7\u00f5es do projeto.<\/p>\n<p>Material: A\u00e7o inoxid\u00e1vel<\/p>\n<p>Forma: Retangular<\/p>\n<p>Carater\u00edstica: Orif\u00edcio de drenagem<\/p>\n<p>Utiliza\u00e7\u00e3o: interior, exterior<\/p>\n<p>&nbsp;<\/p>\n<p>&nbsp;<\/p>","protected":false},"featured_media":1308,"comment_status":"closed","ping_status":"closed","template":"","meta":[],"product_brand":[],"product_cat":[22],"product_tag":[],"class_list":{"0":"post-1310","1":"product","2":"type-product","3":"status-publish","4":"has-post-thumbnail","6":"product_cat-stainless-steel-planters","8":"first","9":"instock","10":"shipping-taxable","11":"product-type-simple"},"_links":{"self":[{"href":"https:\/\/www.metalgardenpot.com\/pt\/wp-json\/wp\/v2\/product\/1310","targetHints":{"allow":["GET"]}}],"collection":[{"href":"https:\/\/www.metalgardenpot.com\/pt\/wp-json\/wp\/v2\/product"}],"about":[{"href":"https:\/\/www.metalgardenpot.com\/pt\/wp-json\/wp\/v2\/types\/product"}],"replies":[{"embeddable":true,"href":"https:\/\/www.metalgardenpot.com\/pt\/wp-json\/wp\/v2\/comments?post=1310"}],"version-history":[{"count":4,"href":"https:\/\/www.metalgardenpot.com\/pt\/wp-json\/wp\/v2\/product\/1310\/revisions"}],"predecessor-version":[{"id":1421,"href":"https:\/\/www.metalgardenpot.com\/pt\/wp-json\/wp\/v2\/product\/1310\/revisions\/1421"}],"wp:featuredmedia":[{"embeddable":true,"href":"https:\/\/www.metalgardenpot.com\/pt\/wp-json\/wp\/v2\/media\/1308"}],"wp:attachment":[{"href":"https:\/\/www.metalgardenpot.com\/pt\/wp-json\/wp\/v2\/media?parent=1310"}],"wp:term":[{"taxonomy":"product_brand","embeddable":true,"href":"https:\/\/www.metalgardenpot.com\/pt\/wp-json\/wp\/v2\/product_brand?post=1310"},{"taxonomy":"product_cat","embeddable":true,"href":"https:\/\/www.metalgardenpot.com\/pt\/wp-json\/wp\/v2\/product_cat?post=1310"},{"taxonomy":"product_tag","embeddable":true,"href":"https:\/\/www.metalgardenpot.com\/pt\/wp-json\/wp\/v2\/product_tag?post=1310"}],"curies":[{"name":"wp","href":"https:\/\/api.w.org\/{rel}","templated":true}]}}