{"id":1454,"date":"2026-04-07T17:14:12","date_gmt":"2026-04-07T09:14:12","guid":{"rendered":"https:\/\/www.metalgardenpot.com\/?post_type=product&#038;p=1454"},"modified":"2026-04-07T17:14:13","modified_gmt":"2026-04-07T09:14:13","slug":"corten-steel-flower-pot","status":"publish","type":"product","link":"https:\/\/www.metalgardenpot.com\/pt\/corten-steel-flower-pot\/","title":{"rendered":"Vaso de flores em a\u00e7o corten"},"content":{"rendered":"<div data-elementor-type=\"product-post\" data-elementor-id=\"1454\" class=\"elementor elementor-1454\" data-elementor-post-type=\"product\">\n\t\t\t\t<div class=\"elementor-element elementor-element-6ba6f31 e-flex e-con-boxed e-con e-parent\" data-id=\"6ba6f31\" data-element_type=\"container\" data-e-type=\"container\">\n\t\t\t\t\t<div class=\"e-con-inner\">\n\t\t\t\t<div class=\"elementor-element elementor-element-09468d4 elementor-widget elementor-widget-text-editor\" data-id=\"09468d4\" data-element_type=\"widget\" data-e-type=\"widget\" data-widget_type=\"text-editor.default\">\n\t\t\t\t<div class=\"elementor-widget-container\">\n\t\t\t\t\t\t\t\t\t<p>A maioria das jardineiras de exterior tem um \u00f3timo aspeto no primeiro ano. No terceiro ano? -Rachados, desbotados e a caminho do caixote do lixo.<\/p><p>Os vasos de flores em a\u00e7o corten n\u00e3o envelhecem - evoluem. \u00c0 medida que as esta\u00e7\u00f5es do ano mudam, cada vaso desenvolve a sua pr\u00f3pria p\u00e1tina quente, em tom de ferrugem. N\u00e3o h\u00e1 dois exatamente iguais. N\u00e3o \u00e9 necess\u00e1ria manuten\u00e7\u00e3o. Apenas uma beleza duradoura que cresce com o seu jardim.<\/p>\t\t\t\t\t\t\t\t<\/div>\n\t\t\t\t<\/div>\n\t\t\t\t\t<\/div>\n\t\t\t\t<\/div>\n\t\t<div class=\"elementor-element elementor-element-de11ce2 e-flex e-con-boxed e-con e-parent\" data-id=\"de11ce2\" data-element_type=\"container\" data-e-type=\"container\">\n\t\t\t\t\t<div class=\"e-con-inner\">\n\t\t\t\t<div class=\"elementor-element elementor-element-42e5902 elementor-widget elementor-widget-heading\" data-id=\"42e5902\" data-element_type=\"widget\" data-e-type=\"widget\" data-widget_type=\"heading.default\">\n\t\t\t\t<div class=\"elementor-widget-container\">\n\t\t\t\t\t<h2 class=\"elementor-heading-title elementor-size-default\">O que \u00e9 o a\u00e7o corten - e porque \u00e9 que enferruja de prop\u00f3sito?\n<\/h2>\t\t\t\t<\/div>\n\t\t\t\t<\/div>\n\t\t\t\t<div class=\"elementor-element elementor-element-b54c299 elementor-widget elementor-widget-text-editor\" data-id=\"b54c299\" data-element_type=\"widget\" data-e-type=\"widget\" data-widget_type=\"text-editor.default\">\n\t\t\t\t<div class=\"elementor-widget-container\">\n\t\t\t\t\t\t\t\t\t<p>O a\u00e7o Corten (tamb\u00e9m designado por a\u00e7o para intemp\u00e9ries) foi originalmente concebido para pontes e vag\u00f5es ferrovi\u00e1rios que tinham de sobreviver a d\u00e9cadas de exposi\u00e7\u00e3o ao ar livre - sem uma \u00fanica camada de tinta.<\/p><p>Quando exposto \u00e0 chuva e ao ar, o Corten forma uma camada de \u00f3xido fortemente ligada \u00e0 sua superf\u00edcie. Esta camada n\u00e3o se descasca como a ferrugem comum - torna-se um escudo que impede a corros\u00e3o mais profunda.<\/p><p>O vaso de flores fica mais forte com o tempo, desenvolvendo os tons quentes de \u00e2mbar a castanho profundo que o tornam inconfundivelmente belo.<\/p><ul><li>10 vezes a dura\u00e7\u00e3o de vida do a\u00e7o macio<\/li><li>3-4 vezes mais tempo do que o a\u00e7o pr\u00e9-pintado<\/li><li>N\u00e3o \u00e9 necess\u00e1rio pintar, selar ou tratar a ferrugem<\/li><\/ul>\t\t\t\t\t\t\t\t<\/div>\n\t\t\t\t<\/div>\n\t\t\t\t\t<\/div>\n\t\t\t\t<\/div>\n\t\t<div class=\"elementor-element elementor-element-153cec7 e-flex e-con-boxed e-con e-parent\" data-id=\"153cec7\" data-element_type=\"container\" data-e-type=\"container\">\n\t\t\t\t\t<div class=\"e-con-inner\">\n\t\t\t\t<div class=\"elementor-element elementor-element-ee757b1 elementor-widget elementor-widget-image\" data-id=\"ee757b1\" data-element_type=\"widget\" data-e-type=\"widget\" data-widget_type=\"image.default\">\n\t\t\t\t<div class=\"elementor-widget-container\">\n\t\t\t\t\t\t\t\t\t\t\t\t<figure class=\"wp-caption\">\n\t\t\t\t\t\t\t\t\t\t<img decoding=\"async\" width=\"220\" height=\"220\" src=\"https:\/\/www.metalgardenpot.com\/wp-content\/uploads\/2025\/09\/planter.jpg\" class=\"attachment-large size-large wp-image-1199\" alt=\"Corten Steel Flower Pot\" srcset=\"https:\/\/www.metalgardenpot.com\/wp-content\/uploads\/2025\/09\/planter.jpg 220w, https:\/\/www.metalgardenpot.com\/wp-content\/uploads\/2025\/09\/planter-150x150.jpg 150w, https:\/\/www.metalgardenpot.com\/wp-content\/uploads\/2025\/09\/planter-12x12.jpg 12w, https:\/\/www.metalgardenpot.com\/wp-content\/uploads\/2025\/09\/planter-100x100.jpg 100w\" sizes=\"(max-width: 220px) 100vw, 220px\" \/>\t\t\t\t\t\t\t\t\t\t\t<figcaption class=\"widget-image-caption wp-caption-text\">Cor crua<\/figcaption>\n\t\t\t\t\t\t\t\t\t\t<\/figure>\n\t\t\t\t\t\t\t\t\t<\/div>\n\t\t\t\t<\/div>\n\t\t\t\t<div class=\"elementor-element elementor-element-f29b428 elementor-widget elementor-widget-image\" data-id=\"f29b428\" data-element_type=\"widget\" data-e-type=\"widget\" data-widget_type=\"image.default\">\n\t\t\t\t<div class=\"elementor-widget-container\">\n\t\t\t\t\t\t\t\t\t\t\t\t<figure class=\"wp-caption\">\n\t\t\t\t\t\t\t\t\t\t<img decoding=\"async\" width=\"220\" height=\"220\" src=\"https:\/\/www.metalgardenpot.com\/wp-content\/uploads\/2025\/09\/Rectangular-Planter.jpg\" class=\"attachment-large size-large wp-image-1200\" alt=\"corten flower pot\" srcset=\"https:\/\/www.metalgardenpot.com\/wp-content\/uploads\/2025\/09\/Rectangular-Planter.jpg 220w, https:\/\/www.metalgardenpot.com\/wp-content\/uploads\/2025\/09\/Rectangular-Planter-150x150.jpg 150w, https:\/\/www.metalgardenpot.com\/wp-content\/uploads\/2025\/09\/Rectangular-Planter-12x12.jpg 12w, https:\/\/www.metalgardenpot.com\/wp-content\/uploads\/2025\/09\/Rectangular-Planter-100x100.jpg 100w\" sizes=\"(max-width: 220px) 100vw, 220px\" \/>\t\t\t\t\t\t\t\t\t\t\t<figcaption class=\"widget-image-caption wp-caption-text\">M\u00eas 1: Cinzento a\u00e7o brilhante<\/figcaption>\n\t\t\t\t\t\t\t\t\t\t<\/figure>\n\t\t\t\t\t\t\t\t\t<\/div>\n\t\t\t\t<\/div>\n\t\t\t\t<div class=\"elementor-element elementor-element-2875581 elementor-widget elementor-widget-image\" data-id=\"2875581\" data-element_type=\"widget\" data-e-type=\"widget\" data-widget_type=\"image.default\">\n\t\t\t\t<div class=\"elementor-widget-container\">\n\t\t\t\t\t\t\t\t\t\t\t\t<figure class=\"wp-caption\">\n\t\t\t\t\t\t\t\t\t\t<img decoding=\"async\" width=\"220\" height=\"220\" src=\"https:\/\/www.metalgardenpot.com\/wp-content\/uploads\/2025\/09\/corten-planter-pot.jpg\" class=\"attachment-large size-large wp-image-1201\" alt=\"corten planter pot\" srcset=\"https:\/\/www.metalgardenpot.com\/wp-content\/uploads\/2025\/09\/corten-planter-pot.jpg 220w, https:\/\/www.metalgardenpot.com\/wp-content\/uploads\/2025\/09\/corten-planter-pot-150x150.jpg 150w, https:\/\/www.metalgardenpot.com\/wp-content\/uploads\/2025\/09\/corten-planter-pot-12x12.jpg 12w, https:\/\/www.metalgardenpot.com\/wp-content\/uploads\/2025\/09\/corten-planter-pot-100x100.jpg 100w\" sizes=\"(max-width: 220px) 100vw, 220px\" \/>\t\t\t\t\t\t\t\t\t\t\t<figcaption class=\"widget-image-caption wp-caption-text\">M\u00eas 3-6: Aparecimento de tons castanho-alaranjados  <\/figcaption>\n\t\t\t\t\t\t\t\t\t\t<\/figure>\n\t\t\t\t\t\t\t\t\t<\/div>\n\t\t\t\t<\/div>\n\t\t\t\t<div class=\"elementor-element elementor-element-48c9c0e elementor-widget elementor-widget-image\" data-id=\"48c9c0e\" data-element_type=\"widget\" data-e-type=\"widget\" data-widget_type=\"image.default\">\n\t\t\t\t<div class=\"elementor-widget-container\">\n\t\t\t\t\t\t\t\t\t\t\t\t<figure class=\"wp-caption\">\n\t\t\t\t\t\t\t\t\t\t<img loading=\"lazy\" decoding=\"async\" width=\"220\" height=\"220\" src=\"https:\/\/www.metalgardenpot.com\/wp-content\/uploads\/2025\/09\/planter-pot.jpg\" class=\"attachment-large size-large wp-image-1202\" alt=\"planter pot\" srcset=\"https:\/\/www.metalgardenpot.com\/wp-content\/uploads\/2025\/09\/planter-pot.jpg 220w, https:\/\/www.metalgardenpot.com\/wp-content\/uploads\/2025\/09\/planter-pot-150x150.jpg 150w, https:\/\/www.metalgardenpot.com\/wp-content\/uploads\/2025\/09\/planter-pot-12x12.jpg 12w, https:\/\/www.metalgardenpot.com\/wp-content\/uploads\/2025\/09\/planter-pot-100x100.jpg 100w\" sizes=\"(max-width: 220px) 100vw, 220px\" \/>\t\t\t\t\t\t\t\t\t\t\t<figcaption class=\"widget-image-caption wp-caption-text\">M\u00eas 6-12: P\u00e1tina \u00e2mbar rica e profunda  <\/figcaption>\n\t\t\t\t\t\t\t\t\t\t<\/figure>\n\t\t\t\t\t\t\t\t\t<\/div>\n\t\t\t\t<\/div>\n\t\t\t\t\t<\/div>\n\t\t\t\t<\/div>\n\t\t<div class=\"elementor-element elementor-element-b4018d4 e-flex e-con-boxed e-con e-parent\" data-id=\"b4018d4\" data-element_type=\"container\" data-e-type=\"container\">\n\t\t\t\t\t<div class=\"e-con-inner\">\n\t\t\t\t<div class=\"elementor-element elementor-element-6018d1f elementor-widget elementor-widget-heading\" data-id=\"6018d1f\" data-element_type=\"widget\" data-e-type=\"widget\" data-widget_type=\"heading.default\">\n\t\t\t\t<div class=\"elementor-widget-container\">\n\t\t\t\t\t<h2 class=\"elementor-heading-title elementor-size-default\">Porqu\u00ea escolher o vaso de flores em a\u00e7o corten HNJBL\n<\/h2>\t\t\t\t<\/div>\n\t\t\t\t<\/div>\n\t\t\t\t<div class=\"elementor-element elementor-element-c1595d7 elementor-widget elementor-widget-text-editor\" data-id=\"c1595d7\" data-element_type=\"widget\" data-e-type=\"widget\" data-widget_type=\"text-editor.default\">\n\t\t\t\t<div class=\"elementor-widget-container\">\n\t\t\t\t\t\t\t\t\t<p><strong>\u00c0 prova de ferrugem e podrid\u00e3o, t\u00e3o dur\u00e1vel como sempre ap\u00f3s dez anos<\/strong><\/p><p>Carater\u00edstica: A\u00e7o para intemp\u00e9ries com camada de \u00f3xido auto-regener\u00e1vel<\/p><p>Vantagem: N\u00e3o enferruja, n\u00e3o precisa de ser pintado<\/p><p>Uma compra que dura mais do que todos os plantadores de pl\u00e1stico\/cer\u00e2mica\/argila que j\u00e1 teve<\/p>\t\t\t\t\t\t\t\t<\/div>\n\t\t\t\t<\/div>\n\t\t\t\t<div class=\"elementor-element elementor-element-7a7c939 elementor-widget elementor-widget-text-editor\" data-id=\"7a7c939\" data-element_type=\"widget\" data-e-type=\"widget\" data-widget_type=\"text-editor.default\">\n\t\t\t\t<div class=\"elementor-widget-container\">\n\t\t\t\t\t\t\t\t\t<p><strong>Estilo vers\u00e1til, em harmonia com a natureza<\/strong><\/p><p>Carater\u00edsticas: P\u00e1tina de ferrugem quente em tons de \u00e2mbar, laranja e castanho profundo<\/p><p>Vantagem: Complementa igualmente a vegeta\u00e7\u00e3o, a pedra, a madeira e o bet\u00e3o<\/p><p>Eleva qualquer projeto paisag\u00edstico de jardim de \u201cagrad\u00e1vel\u201d para \u201cconcebido\u201d<\/p>\t\t\t\t\t\t\t\t<\/div>\n\t\t\t\t<\/div>\n\t\t\t\t<div class=\"elementor-element elementor-element-e00a4f8 elementor-widget elementor-widget-text-editor\" data-id=\"e00a4f8\" data-element_type=\"widget\" data-e-type=\"widget\" data-widget_type=\"text-editor.default\">\n\t\t\t\t<div class=\"elementor-widget-container\">\n\t\t\t\t\t\t\t\t\t<p><strong>Dimens\u00f5es personaliz\u00e1veis para satisfazer os requisitos do projeto<\/strong><\/p><p>Carater\u00edsticas: Dispon\u00edvel nos estilos retangular, redondo, de calha e de canto; tamanhos personalizados dispon\u00edveis para encomendas a granel<\/p><p>Vantagens: Adapta-se exatamente ao espa\u00e7o que tem, sem solu\u00e7\u00f5es alternativas, sem lacunas, sem problemas de dimensionamento inc\u00f3modos<\/p>\t\t\t\t\t\t\t\t<\/div>\n\t\t\t\t<\/div>\n\t\t\t\t<div class=\"elementor-element elementor-element-52ba320 elementor-widget elementor-widget-text-editor\" data-id=\"52ba320\" data-element_type=\"widget\" data-e-type=\"widget\" data-widget_type=\"text-editor.default\">\n\t\t\t\t<div class=\"elementor-widget-container\">\n\t\t\t\t\t\t\t\t\t<p><strong>Pr\u00e9-enferrujado antes da entrega, com um aspeto bonito<\/strong><\/p><p>Carater\u00edstica: Op\u00e7\u00e3o de superf\u00edcie pr\u00e9-desgastada (p\u00e1tina acelerada)<\/p><p>Vantagem: Evita a fase inicial de envelhecimento de 3 a 6 meses, n\u00e3o h\u00e1 res\u00edduos de ferrugem laranja no seu p\u00e1tio<\/p>\t\t\t\t\t\t\t\t<\/div>\n\t\t\t\t<\/div>\n\t\t\t\t<div class=\"elementor-element elementor-element-2201c30 elementor-widget elementor-widget-text-editor\" data-id=\"2201c30\" data-element_type=\"widget\" data-e-type=\"widget\" data-widget_type=\"text-editor.default\">\n\t\t\t\t<div class=\"elementor-widget-container\">\n\t\t\t\t\t\t\t\t\t<p><strong>Pr\u00e9-enferrujado antes da entrega, com um aspeto bonito<\/strong><\/p><p>Carater\u00edstica: Op\u00e7\u00e3o de superf\u00edcie pr\u00e9-desgastada (p\u00e1tina acelerada)<\/p><p>Vantagem: Evita a fase inicial de envelhecimento de 3 a 6 meses, n\u00e3o h\u00e1 res\u00edduos de ferrugem laranja no seu p\u00e1tio<\/p>\t\t\t\t\t\t\t\t<\/div>\n\t\t\t\t<\/div>\n\t\t\t\t<div class=\"elementor-element elementor-element-a5f9bc8 elementor-widget elementor-widget-text-editor\" data-id=\"a5f9bc8\" data-element_type=\"widget\" data-e-type=\"widget\" data-widget_type=\"text-editor.default\">\n\t\t\t\t<div class=\"elementor-widget-container\">\n\t\t\t\t\t\t\t\t\t<p><strong>Constru\u00e7\u00e3o robusta, durabilidade<\/strong><\/p><p>Carater\u00edsticas: a\u00e7o com 2-3 mm de espessura, com orif\u00edcios de drenagem opcionais<\/p><p>Vantagem: Resiste \u00e0 geada, ao vento e ao sol pleno sem deformar<\/p><p>Prev\u00ea-se que as chapas de a\u00e7o resistentes \u00e0s intemp\u00e9ries, com 2 mm de espessura, tenham uma vida \u00fatil de at\u00e9 35 anos, muito superior \u00e0 das jardineiras de a\u00e7o ou de madeira comuns, e quase n\u00e3o \u00e9 necess\u00e1ria qualquer manuten\u00e7\u00e3o adicional durante a vida \u00fatil.<\/p>\t\t\t\t\t\t\t\t<\/div>\n\t\t\t\t<\/div>\n\t\t\t\t\t<\/div>\n\t\t\t\t<\/div>\n\t\t<div class=\"elementor-element elementor-element-2664d17 e-flex e-con-boxed e-con e-parent\" data-id=\"2664d17\" data-element_type=\"container\" data-e-type=\"container\">\n\t\t\t\t\t<div class=\"e-con-inner\">\n\t\t\t\t<div class=\"elementor-element elementor-element-fb0448f elementor-widget elementor-widget-heading\" data-id=\"fb0448f\" data-element_type=\"widget\" data-e-type=\"widget\" data-widget_type=\"heading.default\">\n\t\t\t\t<div class=\"elementor-widget-container\">\n\t\t\t\t\t<h3 class=\"elementor-heading-title elementor-size-default\">Plantador de a\u00e7o corten Vs pl\u00e1stico Vs galvanizado<\/h3>\t\t\t\t<\/div>\n\t\t\t\t<\/div>\n\t\t\t\t<div class=\"elementor-element elementor-element-5a1f662 elementor-widget elementor-widget-text-editor\" data-id=\"5a1f662\" data-element_type=\"widget\" data-e-type=\"widget\" data-widget_type=\"text-editor.default\">\n\t\t\t\t<div class=\"elementor-widget-container\">\n\t\t\t\t\t\t\t\t\t<table class=\"table\" border=\"1\"><tbody><tr><td>Carater\u00edstica<\/td><td><b>Vaso de flores em corten<\/b><\/td><td>Pl\u00e1stico<\/td><td>A\u00e7o galvanizado<\/td><\/tr><tr><td>Tempo de vida<\/td><td>20-50 anos<\/td><td>3-7 anos<\/td><td>10-15 anos<\/td><\/tr><tr><td>Manuten\u00e7\u00e3o<\/td><td>Baixo(Nenhum)<\/td><td>Apenas limpeza<\/td><td>Repintar a cada 3-5 anos<\/td><\/tr><tr><td>Resist\u00eancia \u00e0s intemp\u00e9ries<\/td><td>Excelente<\/td><td>Bom (desvanece-se com os raios UV)<\/td><td>Bom (pintura)<\/td><\/tr><tr><td>Est\u00e9tica ao longo do tempo<\/td><td>Melhora<\/td><td>Degrada-se<\/td><td>Est\u00e1vel<\/td><\/tr><tr><td>Pegada ecol\u00f3gica<\/td><td>Baixo (sem revestimentos)<\/td><td>Alta (pl\u00e1stico)<\/td><td>M\u00e9dio<\/td><\/tr><\/tbody><\/table>\t\t\t\t\t\t\t\t<\/div>\n\t\t\t\t<\/div>\n\t\t\t\t<div class=\"elementor-element elementor-element-a3fc7e2 elementor-widget elementor-widget-text-editor\" data-id=\"a3fc7e2\" data-element_type=\"widget\" data-e-type=\"widget\" data-widget_type=\"text-editor.default\">\n\t\t\t\t<div class=\"elementor-widget-container\">\n\t\t\t\t\t\t\t\t\t<p>Quer se trate de mobilar um jardim privado, um terra\u00e7o de hotel ou um projeto paisag\u00edstico comercial - temos o tamanho, o estilo e a quantidade de que necessita.<\/p><p>A amostra est\u00e1 dispon\u00edvel para inspe\u00e7\u00e3o<\/p><p>Tamanhos personalizados e padr\u00f5es de corte a laser dispon\u00edveis (MOQ: 100 unidades)<\/p><p>Envio para todo o mundo | Pre\u00e7os a granel dispon\u00edveis<\/p>\t\t\t\t\t\t\t\t<\/div>\n\t\t\t\t<\/div>\n\t\t\t\t\t<\/div>\n\t\t\t\t<\/div>\n\t\t\t\t<\/div>","protected":false},"excerpt":{"rendered":"<p>Vaso de flores em a\u00e7o corten resistente \u00e0s intemp\u00e9ries que desenvolve uma p\u00e1tina rica em ferrugem ao longo do tempo - sem tinta, sem ferrugem.<\/p>\n<p>Tamanhos personalizados dispon\u00edveis<\/p>\n<p>Dispon\u00edvel nos estilos retangular, redondo, quadrado e de canto<\/p>\n<p>Com orif\u00edcios de drenagem<\/p>","protected":false},"featured_media":1453,"comment_status":"closed","ping_status":"closed","template":"","meta":[],"product_brand":[],"product_cat":[21],"product_tag":[],"class_list":{"0":"post-1454","1":"product","2":"type-product","3":"status-publish","4":"has-post-thumbnail","6":"product_cat-corten-steel-planters","8":"first","9":"instock","10":"shipping-taxable","11":"product-type-simple"},"_links":{"self":[{"href":"https:\/\/www.metalgardenpot.com\/pt\/wp-json\/wp\/v2\/product\/1454","targetHints":{"allow":["GET"]}}],"collection":[{"href":"https:\/\/www.metalgardenpot.com\/pt\/wp-json\/wp\/v2\/product"}],"about":[{"href":"https:\/\/www.metalgardenpot.com\/pt\/wp-json\/wp\/v2\/types\/product"}],"replies":[{"embeddable":true,"href":"https:\/\/www.metalgardenpot.com\/pt\/wp-json\/wp\/v2\/comments?post=1454"}],"version-history":[{"count":2,"href":"https:\/\/www.metalgardenpot.com\/pt\/wp-json\/wp\/v2\/product\/1454\/revisions"}],"predecessor-version":[{"id":1455,"href":"https:\/\/www.metalgardenpot.com\/pt\/wp-json\/wp\/v2\/product\/1454\/revisions\/1455"}],"wp:featuredmedia":[{"embeddable":true,"href":"https:\/\/www.metalgardenpot.com\/pt\/wp-json\/wp\/v2\/media\/1453"}],"wp:attachment":[{"href":"https:\/\/www.metalgardenpot.com\/pt\/wp-json\/wp\/v2\/media?parent=1454"}],"wp:term":[{"taxonomy":"product_brand","embeddable":true,"href":"https:\/\/www.metalgardenpot.com\/pt\/wp-json\/wp\/v2\/product_brand?post=1454"},{"taxonomy":"product_cat","embeddable":true,"href":"https:\/\/www.metalgardenpot.com\/pt\/wp-json\/wp\/v2\/product_cat?post=1454"},{"taxonomy":"product_tag","embeddable":true,"href":"https:\/\/www.metalgardenpot.com\/pt\/wp-json\/wp\/v2\/product_tag?post=1454"}],"curies":[{"name":"wp","href":"https:\/\/api.w.org\/{rel}","templated":true}]}}